{"id":4973,"date":"2015-12-07T11:27:39","date_gmt":"2015-12-07T10:27:39","guid":{"rendered":"http:\/\/www.andreclaude.fr\/web\/index.php\/produit\/chou-fleur-la-piece\/"},"modified":"2026-03-25T08:29:45","modified_gmt":"2026-03-25T07:29:45","slug":"chou-fleur-la-piece","status":"publish","type":"product","link":"http:\/\/www.passionfruits.fr\/index.php\/produit\/chou-fleur-la-piece\/","title":{"rendered":"Chou Fleur France Cat 1 la pi\u00e8ce"},"content":{"rendered":"","protected":false},"excerpt":{"rendered":"<p>Cru en vinaigrette ou\u00a0 cuit en gratin, un d\u00e9lice!!!\u00a0 Supporte tr\u00e8s bien la cong\u00e9lation.<\/p>\n","protected":false},"featured_media":5292,"comment_status":"closed","ping_status":"closed","template":"","meta":{"spay_email":"","jetpack_publicize_message":"","jetpack_is_tweetstorm":false},"jetpack_publicize_connections":[],"jetpack_sharing_enabled":true,"jetpack-related-posts":[{"id":4894,"url":"http:\/\/www.passionfruits.fr\/index.php\/produit\/endive-promo-le-kilo\/","url_meta":{"origin":4973,"position":0},"title":"Endive France   Cat 1 les 500 grs","date":"7 d\u00e9cembre 2015","format":false,"excerpt":"Crue ou cuite, un d\u00e9lice !!!!","rel":"","context":"Article similaire","img":{"alt_text":"","src":"https:\/\/i0.wp.com\/www.passionfruits.fr\/wp-content\/uploads\/2015\/12\/endive.jpg?fit=600%2C600&resize=350%2C200","width":350,"height":200},"classes":[]},{"id":5074,"url":"http:\/\/www.passionfruits.fr\/index.php\/produit\/brocoli-les-500-grs\/","url_meta":{"origin":4973,"position":1},"title":"Brocoli Espagne  Cat 1 les 500g","date":"7 d\u00e9cembre 2015","format":false,"excerpt":"Les brocolis se d\u00e9gustent aussi bien chauds (en l\u00e9gumes) que froids \u00e0 la vinaigrette (en entr\u00e9e, un d\u00e9lice!!!), mais toujours cuits. Essayez avec les enfants, on ne sait jamais !","rel":"","context":"Article similaire","img":{"alt_text":"","src":"https:\/\/i2.wp.com\/www.passionfruits.fr\/wp-content\/uploads\/2015\/12\/brocoli.jpg?fit=544%2C600&resize=350%2C200","width":350,"height":200},"classes":[]},{"id":5289,"url":"http:\/\/www.passionfruits.fr\/index.php\/produit\/betterave-crue-nouvelle-les-500-grs\/","url_meta":{"origin":4973,"position":2},"title":"Betterave crue France Cat 1 la pi\u00e8ce env 250g","date":"7 d\u00e9cembre 2015","format":false,"excerpt":"Compte tenu du temps de cuisson assez long, on trouve souvent la racine de betterave d\u00e9j\u00e0 cuite, vendue en vrac\u00a0 ou sous vide. On peut \u00e9galement la d\u00e9guster crue, r\u00e2p\u00e9e ou en carpaccio. Elle est, le plus souvent, consomm\u00e9e en salade.","rel":"","context":"Article similaire","img":{"alt_text":"","src":"https:\/\/i2.wp.com\/www.passionfruits.fr\/wp-content\/uploads\/2015\/12\/bettravecrue.jpg?fit=600%2C600&resize=350%2C200","width":350,"height":200},"classes":[]},{"id":5105,"url":"http:\/\/www.passionfruits.fr\/index.php\/produit\/grenade-la-piece\/","url_meta":{"origin":4973,"position":3},"title":"Grenade italie  Cat 1 la pi\u00e8ce","date":"7 d\u00e9cembre 2015","format":false,"excerpt":"La pi\u00e8ce environ 500 grammes. La grenade se consomme le plus souvent en sirop. Crue, on en consomme les graines acidul\u00e9es telles quelles, dans les salades de l\u00e9gumes ou de fruits, en d\u00e9coration ou accompagnement, en sorbet\u2026 Cuite, on la pr\u00e9pare en sauce.","rel":"","context":"Article similaire","img":{"alt_text":"","src":"https:\/\/i1.wp.com\/www.passionfruits.fr\/wp-content\/uploads\/2015\/12\/Fotolia_42989981_XS.jpg?fit=402%2C299&resize=350%2C200","width":350,"height":200},"classes":[]},{"id":5643,"url":"http:\/\/www.passionfruits.fr\/index.php\/produit\/beaufort-petite-part-env-150-grs\/","url_meta":{"origin":4973,"position":4},"title":"Beaufort de Savoie part env. 200g","date":"7 d\u00e9cembre 2015","format":false,"excerpt":"Le Beaufort s\u2019appr\u00e9cie tr\u00e8s bien en fin de repas, mais aussi en ap\u00e9ritif, coup\u00e9 en petits cubes. Il sert \u00e0 confectionner la fondue savoyarde et entre dans la composition de tartes, de gratins... Fromage \u00e0 p\u00e2te press\u00e9e cuite au Lait cru Ingr\u00e9dients : lait cru entier sel ferments lactiques (lait)\u2026","rel":"","context":"Article similaire","img":{"alt_text":"","src":"https:\/\/i2.wp.com\/www.passionfruits.fr\/wp-content\/uploads\/2015\/12\/beaufort.jpg?fit=849%2C566&resize=350%2C200","width":350,"height":200},"classes":[]},{"id":4957,"url":"http:\/\/www.passionfruits.fr\/index.php\/produit\/betterave-ronde-cuite-les-500-grs\/","url_meta":{"origin":4973,"position":5},"title":"Betterave ronde France Cat 1 la pi\u00e8ce env. 250g","date":"7 d\u00e9cembre 2015","format":false,"excerpt":"","rel":"","context":"Article similaire","img":{"alt_text":"","src":"https:\/\/i2.wp.com\/www.passionfruits.fr\/wp-content\/uploads\/2015\/12\/betterave-ronde.jpg?fit=600%2C600&resize=350%2C200","width":350,"height":200},"classes":[]}],"_links":{"self":[{"href":"http:\/\/www.passionfruits.fr\/index.php\/wp-json\/wp\/v2\/product\/4973"}],"collection":[{"href":"http:\/\/www.passionfruits.fr\/index.php\/wp-json\/wp\/v2\/product"}],"about":[{"href":"http:\/\/www.passionfruits.fr\/index.php\/wp-json\/wp\/v2\/types\/product"}],"replies":[{"embeddable":true,"href":"http:\/\/www.passionfruits.fr\/index.php\/wp-json\/wp\/v2\/comments?post=4973"}],"wp:featuredmedia":[{"embeddable":true,"href":"http:\/\/www.passionfruits.fr\/index.php\/wp-json\/wp\/v2\/media\/5292"}],"wp:attachment":[{"href":"http:\/\/www.passionfruits.fr\/index.php\/wp-json\/wp\/v2\/media?parent=4973"}],"curies":[{"name":"wp","href":"https:\/\/api.w.org\/{rel}","templated":true}]}}