{"id":5086,"date":"2015-12-07T11:28:13","date_gmt":"2015-12-07T10:28:13","guid":{"rendered":"http:\/\/www.andreclaude.fr\/web\/index.php\/produit\/poire-comice-le-kilo\/"},"modified":"2025-09-30T07:29:27","modified_gmt":"2025-09-30T06:29:27","slug":"poire-comice-le-kilo","status":"publish","type":"product","link":"http:\/\/www.passionfruits.fr\/index.php\/produit\/poire-comice-le-kilo\/","title":{"rendered":"Poire Comice Belgique Cat 1 le kilo"},"content":{"rendered":"","protected":false},"excerpt":{"rendered":"<p>La Comice est une vari\u00e9t\u00e9 de poire cr\u00e9\u00e9e \u00e0 Angers en 1848. Une astuce : la proximit\u00e9 d&#8217;une pomme acc\u00e9l\u00e8re le processus de maturation.<\/p>\n","protected":false},"featured_media":7601,"comment_status":"closed","ping_status":"closed","template":"","meta":{"spay_email":"","jetpack_publicize_message":"","jetpack_is_tweetstorm":false},"jetpack_publicize_connections":[],"jetpack_sharing_enabled":true,"jetpack-related-posts":[{"id":5084,"url":"http:\/\/www.passionfruits.fr\/index.php\/produit\/poire-conference-le-kilo\/","url_meta":{"origin":5086,"position":0},"title":"Poire Conf\u00e9rence Belgique Cat 1 le kilo","date":"7 d\u00e9cembre 2015","format":false,"excerpt":"","rel":"","context":"Article similaire","img":{"alt_text":"","src":"https:\/\/i1.wp.com\/www.passionfruits.fr\/wp-content\/uploads\/2015\/12\/poire-conference.jpg?fit=600%2C600&resize=350%2C200","width":350,"height":200},"classes":[]},{"id":5841,"url":"http:\/\/www.passionfruits.fr\/index.php\/produit\/saint-pourcain-rose-2023\/","url_meta":{"origin":5086,"position":1},"title":"Saint Pour\u00e7ain Ros\u00e9 R\u00e9serve Sp\u00e9ciale 75 cl 2023","date":"7 d\u00e9cembre 2015","format":false,"excerpt":"42 \u20ac\u00a0 le carton de 6 bouteilles soit 7 \u20ac la bouteille SAINT-POUR\u00c7AIN A.O.C. Mis en bouteille \u00e0 la propri\u00e9t\u00e9 App\u00e9tissante robe rose \u00e0 reflets saumon. Ce ros\u00e9 de pressurage direct exprime des ar\u00f4mes de bonbon anglais, de peau de poire, de kirsch et de fruits rouges. C\u2019est un vin\u2026","rel":"","context":"Article similaire","img":{"alt_text":"","src":"https:\/\/i2.wp.com\/www.passionfruits.fr\/wp-content\/uploads\/2015\/12\/789.jpg?fit=600%2C600&resize=350%2C200","width":350,"height":200},"classes":[]}],"_links":{"self":[{"href":"http:\/\/www.passionfruits.fr\/index.php\/wp-json\/wp\/v2\/product\/5086"}],"collection":[{"href":"http:\/\/www.passionfruits.fr\/index.php\/wp-json\/wp\/v2\/product"}],"about":[{"href":"http:\/\/www.passionfruits.fr\/index.php\/wp-json\/wp\/v2\/types\/product"}],"replies":[{"embeddable":true,"href":"http:\/\/www.passionfruits.fr\/index.php\/wp-json\/wp\/v2\/comments?post=5086"}],"wp:featuredmedia":[{"embeddable":true,"href":"http:\/\/www.passionfruits.fr\/index.php\/wp-json\/wp\/v2\/media\/7601"}],"wp:attachment":[{"href":"http:\/\/www.passionfruits.fr\/index.php\/wp-json\/wp\/v2\/media?parent=5086"}],"curies":[{"name":"wp","href":"https:\/\/api.w.org\/{rel}","templated":true}]}}