{"id":5148,"date":"2015-12-07T11:28:40","date_gmt":"2015-12-07T10:28:40","guid":{"rendered":"http:\/\/www.andreclaude.fr\/web\/index.php\/produit\/tomate-cerise-les-250grs\/"},"modified":"2026-04-18T06:59:22","modified_gmt":"2026-04-18T05:59:22","slug":"tomate-cerise-les-250grs","status":"publish","type":"product","link":"http:\/\/www.passionfruits.fr\/index.php\/produit\/tomate-cerise-les-250grs\/","title":{"rendered":"Tomate cerise Maroc  Cat 1  soit 2,95 les  250g"},"content":{"rendered":"","protected":false},"excerpt":{"rendered":"<p>Avec sa petite taille, la tomate cerise se fait souvent picorer \u00e0 l&#8217;ap\u00e9ritif. Mais elle se d\u00e9guste \u00e9galement dans de nombreuses recettes faciles, au bon go\u00fbt de l&#8217;\u00e9t\u00e9. Caram\u00e9lis\u00e9es et roul\u00e9es dans des graines de s\u00e9same ou de pavot, la tomate cerise devient &#8220;d&#8217;amour&#8221;, comme les pommes de la f\u00eate foraine. Elles sont \u00e9galement d\u00e9licieuses dans une tarte tatin sal\u00e9e, au caramel de vinaigre balsamique. Coup\u00e9e en deux et s\u00e9ch\u00e9e doucement au four, la tomate se d\u00e9guste confite, marin\u00e9e dans l&#8217;huile d&#8217;olive. D\u00e9calott\u00e9es, les tomates cerises se farcissent \u00e0 l&#8217;envi\u00a0: fromage frais, rillettes de thon, etc.<\/p>\n","protected":false},"featured_media":5149,"comment_status":"closed","ping_status":"closed","template":"","meta":{"spay_email":"","jetpack_publicize_message":"","jetpack_is_tweetstorm":false},"jetpack_publicize_connections":[],"jetpack_sharing_enabled":true,"jetpack-related-posts":[{"id":5699,"url":"http:\/\/www.passionfruits.fr\/index.php\/produit\/mozarella-buffala\/","url_meta":{"origin":5148,"position":0},"title":"Mozzarella di Bufala campana boule 125g","date":"7 d\u00e9cembre 2015","format":false,"excerpt":"Fromage frais \u00e0 p\u00e2te fil\u00e9e. On accommode la mozzarella un peu toujours de la m\u00eame fa\u00e7on. Voici des id\u00e9es pour changer, salade tomate-mozza, pizza mozza-tomate, brochettes tomate cerise-mozza. Qui n\u2019a jamais mang\u00e9 de mozzarella di bufala campana n\u2019a jamais mang\u00e9 de mozzarella ! La mozzarella, la seule, l\u2019unique, celle qui\u2026","rel":"","context":"Article similaire","img":{"alt_text":"","src":"https:\/\/i1.wp.com\/www.passionfruits.fr\/wp-content\/uploads\/2015\/12\/mozarella.jpg?fit=849%2C566&resize=350%2C200","width":350,"height":200},"classes":[]},{"id":8550,"url":"http:\/\/www.passionfruits.fr\/index.php\/produit\/tomate-d-antan-les-500g\/","url_meta":{"origin":5148,"position":1},"title":"Tomate Saveur d'antan France Cat 1 les 500g","date":"1 avril 2016","format":false,"excerpt":"Les tomates Saveurs d\u2019antan, c\u2019est un assortiment de tomates de vari\u00e9t\u00e9s anciennes, de couleurs diff\u00e9rentes\u00a0: noire de Crim\u00e9e, green z\u00e9bra, tomate rose, cornue des Andes, c\u0153ur de b\u0153uf\u2026","rel":"","context":"Article similaire","img":{"alt_text":"","src":"https:\/\/i0.wp.com\/www.passionfruits.fr\/wp-content\/uploads\/2016\/04\/Tomate-dantan.jpg?fit=600%2C600&resize=350%2C200","width":350,"height":200},"classes":[]},{"id":11393,"url":"http:\/\/www.passionfruits.fr\/index.php\/produit\/confiture-cerise-noire-le-pot-de-45g\/","url_meta":{"origin":5148,"position":2},"title":"Confiture Cerise Noire le pot de 28g","date":"9 d\u00e9cembre 2017","format":false,"excerpt":"Confiture Extra Daniel Boudet Pr\u00e9par\u00e9e avec 55g de fruit pour 100g de produit fini. Teneur totale en sucres : 60g pour 100g Ingr\u00e9dients : Cerises noires, sucre, jus de citron, g\u00e9lifiant : pectine, affermissant : citrate calcique (si n\u00e9cessaire) Peut contenir un noyau. OGM : Garanti sans OGM IONISATION :\u2026","rel":"","context":"Article similaire","img":{"alt_text":"","src":"https:\/\/i0.wp.com\/www.passionfruits.fr\/wp-content\/uploads\/2017\/12\/cerise-noire.jpg?fit=597%2C599&resize=350%2C200","width":350,"height":200},"classes":[]},{"id":10978,"url":"http:\/\/www.passionfruits.fr\/index.php\/produit\/tomate-entiere-pelee-le-pot-de-660g\/","url_meta":{"origin":5148,"position":3},"title":"Tomate enti\u00e8re pel\u00e9e le pot de 660g","date":"25 ao\u00fbt 2017","format":false,"excerpt":"C'est vrai, une bo\u00eete de tomates pel\u00e9es, on peut en faire tout un plat. Mais on peut aussi en faire un condiment pour accompagner vos plats. Ingr\u00e9dients : Tomates pel\u00e9es, jus de tomate, sel, acidifiant : acide citrique et affermissant : chlorure de calcium. \u00a0","rel":"","context":"Article similaire","img":{"alt_text":"","src":"https:\/\/i2.wp.com\/www.passionfruits.fr\/wp-content\/uploads\/2017\/08\/Tomate-pelee.jpg?fit=500%2C500&resize=350%2C200","width":350,"height":200},"classes":[]},{"id":6162,"url":"http:\/\/www.passionfruits.fr\/index.php\/produit\/tapenade-tomates-sechees-le-pot\/","url_meta":{"origin":5148,"position":4},"title":"Tapenade - Tomates s\u00e9ch\u00e9es verrine 90g","date":"7 d\u00e9cembre 2015","format":false,"excerpt":"Le D\u00e9lice de tomates s\u00e9ch\u00e9es est caract\u00e9ris\u00e9\u00a0par une robe sombre et un moelleux flatteur en bouche. Ingr\u00e9dients : tomates s\u00e9ch\u00e9es 45%, huile de tournesol, tomates pel\u00e9es, huile d'olive, eau, ail, mozzarella, poivre. Sans conservateur, sans OGM Valeurs nutritionnelles moyennes pour 100 g Energie : 2015kj\/487kcal Mati\u00e8res grasses : 43.2 g\u2026","rel":"","context":"Article similaire","img":{"alt_text":"","src":"https:\/\/i1.wp.com\/www.passionfruits.fr\/wp-content\/uploads\/2015\/12\/delice-de-tomates-sechees.jpg?fit=458%2C458&resize=350%2C200","width":350,"height":200},"classes":[]},{"id":6440,"url":"http:\/\/www.passionfruits.fr\/index.php\/produit\/tapenade-chevre-et-tomate-le-pot\/","url_meta":{"origin":5148,"position":5},"title":"Tapenade - Ch\u00e8vre et tomate verrine 90g","date":"7 d\u00e9cembre 2015","format":false,"excerpt":"Une alliance d\u00e9licate entre l'onctuosit\u00e9 cr\u00e9meuse du ch\u00e8vre et la saveur raffin\u00e9e de la tomate s\u00e9ch\u00e9e. Comblera le plus avis\u00e9 des gastronomes. Ingr\u00e9dients : fromage blanc, fromage de ch\u00e8vre 22% tomates s\u00e9ch\u00e9es 16%, tomates pel\u00e9es concass\u00e9es, ail, sel, origan, amidon transform\u00e9, poivre blanc. Sans conservateur, sans OGM Valeurs nutritionnelles moyennes\u2026","rel":"","context":"Article similaire","img":{"alt_text":"","src":"https:\/\/i2.wp.com\/www.passionfruits.fr\/wp-content\/uploads\/2015\/12\/delice-de-chevre.jpg?fit=458%2C458&resize=350%2C200","width":350,"height":200},"classes":[]}],"_links":{"self":[{"href":"http:\/\/www.passionfruits.fr\/index.php\/wp-json\/wp\/v2\/product\/5148"}],"collection":[{"href":"http:\/\/www.passionfruits.fr\/index.php\/wp-json\/wp\/v2\/product"}],"about":[{"href":"http:\/\/www.passionfruits.fr\/index.php\/wp-json\/wp\/v2\/types\/product"}],"replies":[{"embeddable":true,"href":"http:\/\/www.passionfruits.fr\/index.php\/wp-json\/wp\/v2\/comments?post=5148"}],"wp:featuredmedia":[{"embeddable":true,"href":"http:\/\/www.passionfruits.fr\/index.php\/wp-json\/wp\/v2\/media\/5149"}],"wp:attachment":[{"href":"http:\/\/www.passionfruits.fr\/index.php\/wp-json\/wp\/v2\/media?parent=5148"}],"curies":[{"name":"wp","href":"https:\/\/api.w.org\/{rel}","templated":true}]}}