{"id":5150,"date":"2015-12-07T11:28:40","date_gmt":"2015-12-07T10:28:40","guid":{"rendered":"http:\/\/www.andreclaude.fr\/web\/index.php\/produit\/feve-fraiche-les-500-grs\/"},"modified":"2026-04-17T15:21:30","modified_gmt":"2026-04-17T14:21:30","slug":"feve-fraiche-les-500-grs","status":"publish","type":"product","link":"http:\/\/www.passionfruits.fr\/index.php\/produit\/feve-fraiche-les-500-grs\/","title":{"rendered":"F\u00e8ve fra\u00eeche italie  cat 1 les 500g"},"content":{"rendered":"","protected":false},"excerpt":{"rendered":"","protected":false},"featured_media":10782,"comment_status":"closed","ping_status":"closed","template":"","meta":{"spay_email":"","jetpack_publicize_message":"","jetpack_is_tweetstorm":false},"jetpack_publicize_connections":[],"jetpack_sharing_enabled":true,"jetpack-related-posts":[{"id":13708,"url":"http:\/\/www.passionfruits.fr\/index.php\/produit\/betterave-svide-france-bio-cat-1-les-500g\/","url_meta":{"origin":5150,"position":0},"title":"Betterave s\/vide France Cat 1 les 500g","date":"23 mars 2019","format":false,"excerpt":"","rel":"","context":"Article similaire","img":{"alt_text":"","src":"https:\/\/i2.wp.com\/www.passionfruits.fr\/wp-content\/uploads\/2015\/12\/betteravesousvide.jpg?fit=238%2C300&resize=350%2C200","width":350,"height":200},"classes":[]},{"id":7397,"url":"http:\/\/www.passionfruits.fr\/index.php\/produit\/celeri-rave-demi-piece-env-500g\/","url_meta":{"origin":5150,"position":1},"title":"C\u00e8leri rave France Cat 1 demi env. 500g","date":"1 janvier 2016","format":false,"excerpt":"","rel":"","context":"Article similaire","img":{"alt_text":"","src":"https:\/\/i1.wp.com\/www.passionfruits.fr\/wp-content\/uploads\/2016\/01\/celeri-rave.jpg?fit=580%2C420&resize=350%2C200","width":350,"height":200},"classes":[]},{"id":8550,"url":"http:\/\/www.passionfruits.fr\/index.php\/produit\/tomate-d-antan-les-500g\/","url_meta":{"origin":5150,"position":2},"title":"Tomate Saveur d'antan France Cat 1 les 500g","date":"1 avril 2016","format":false,"excerpt":"Les tomates Saveurs d\u2019antan, c\u2019est un assortiment de tomates de vari\u00e9t\u00e9s anciennes, de couleurs diff\u00e9rentes\u00a0: noire de Crim\u00e9e, green z\u00e9bra, tomate rose, cornue des Andes, c\u0153ur de b\u0153uf\u2026","rel":"","context":"Article similaire","img":{"alt_text":"","src":"https:\/\/i0.wp.com\/www.passionfruits.fr\/wp-content\/uploads\/2016\/04\/Tomate-dantan.jpg?fit=600%2C600&resize=350%2C200","width":350,"height":200},"classes":[]},{"id":6508,"url":"http:\/\/www.passionfruits.fr\/index.php\/produit\/carotte-rondelle-barq-500g\/","url_meta":{"origin":5150,"position":3},"title":"Carotte rondelle France  Cat 1 la barq. 500g","date":"7 d\u00e9cembre 2015","format":false,"excerpt":"L\u00e9gumes \u00e9pluch\u00e9s et coup\u00e9s, pr\u00eats \u00e0 consommer. Conditionn\u00e9 en barquette refermable \u00e0 volont\u00e9 pour garder toute sa saveur. 100% Frais, 100% Pr\u00eat, sans conservateur.","rel":"","context":"Article similaire","img":{"alt_text":"","src":"https:\/\/i1.wp.com\/www.passionfruits.fr\/wp-content\/uploads\/2015\/12\/carotte-rondelle.jpg?fit=600%2C600&resize=350%2C200","width":350,"height":200},"classes":[]},{"id":5014,"url":"http:\/\/www.passionfruits.fr\/index.php\/produit\/fenouil-les-500-grs\/","url_meta":{"origin":5150,"position":4},"title":"Fenouil Italie Cat 1 la pi\u00e8ce env. 500 grs","date":"7 d\u00e9cembre 2015","format":false,"excerpt":"Origine Italie","rel":"","context":"Article similaire","img":{"alt_text":"","src":"https:\/\/i1.wp.com\/www.passionfruits.fr\/wp-content\/uploads\/2015\/12\/fenouil.jpg?fit=371%2C323&resize=350%2C200","width":350,"height":200},"classes":[]},{"id":5340,"url":"http:\/\/www.passionfruits.fr\/index.php\/produit\/pruneau-denoyaute-les-500grs\/","url_meta":{"origin":5150,"position":5},"title":"Pruneau d\u00e9noyaut\u00e9 France Cat 1 le sachet de 500g","date":"7 d\u00e9cembre 2015","format":false,"excerpt":"","rel":"","context":"Article similaire","img":{"alt_text":"","src":"https:\/\/i0.wp.com\/www.passionfruits.fr\/wp-content\/uploads\/2015\/12\/pruneau-sachet.jpg?fit=600%2C600&resize=350%2C200","width":350,"height":200},"classes":[]}],"_links":{"self":[{"href":"http:\/\/www.passionfruits.fr\/index.php\/wp-json\/wp\/v2\/product\/5150"}],"collection":[{"href":"http:\/\/www.passionfruits.fr\/index.php\/wp-json\/wp\/v2\/product"}],"about":[{"href":"http:\/\/www.passionfruits.fr\/index.php\/wp-json\/wp\/v2\/types\/product"}],"replies":[{"embeddable":true,"href":"http:\/\/www.passionfruits.fr\/index.php\/wp-json\/wp\/v2\/comments?post=5150"}],"wp:featuredmedia":[{"embeddable":true,"href":"http:\/\/www.passionfruits.fr\/index.php\/wp-json\/wp\/v2\/media\/10782"}],"wp:attachment":[{"href":"http:\/\/www.passionfruits.fr\/index.php\/wp-json\/wp\/v2\/media?parent=5150"}],"curies":[{"name":"wp","href":"https:\/\/api.w.org\/{rel}","templated":true}]}}