{"id":5289,"date":"2015-12-07T11:30:43","date_gmt":"2015-12-07T10:30:43","guid":{"rendered":"http:\/\/www.andreclaude.fr\/web\/index.php\/produit\/betterave-crue-nouvelle-les-500-grs\/"},"modified":"2023-04-20T07:10:13","modified_gmt":"2023-04-20T06:10:13","slug":"betterave-crue-nouvelle-les-500-grs","status":"publish","type":"product","link":"http:\/\/www.passionfruits.fr\/index.php\/produit\/betterave-crue-nouvelle-les-500-grs\/","title":{"rendered":"Betterave crue France Cat 1 la pi\u00e8ce env 250g"},"content":{"rendered":"","protected":false},"excerpt":{"rendered":"<p>Compte tenu du temps de cuisson assez long, on trouve souvent la racine de betterave d\u00e9j\u00e0 cuite, vendue en vrac\u00a0 ou sous vide. On peut \u00e9galement la d\u00e9guster crue, r\u00e2p\u00e9e ou en carpaccio. Elle est, le plus souvent, consomm\u00e9e en salade.<\/p>\n","protected":false},"featured_media":6814,"comment_status":"closed","ping_status":"closed","template":"","meta":{"spay_email":"","jetpack_publicize_message":"","jetpack_is_tweetstorm":false},"jetpack_publicize_connections":[],"jetpack_sharing_enabled":true,"jetpack-related-posts":[{"id":4957,"url":"http:\/\/www.passionfruits.fr\/index.php\/produit\/betterave-ronde-cuite-les-500-grs\/","url_meta":{"origin":5289,"position":0},"title":"Betterave ronde France Cat 1 la pi\u00e8ce env. 250g","date":"7 d\u00e9cembre 2015","format":false,"excerpt":"","rel":"","context":"Article similaire","img":{"alt_text":"","src":"https:\/\/i2.wp.com\/www.passionfruits.fr\/wp-content\/uploads\/2015\/12\/betterave-ronde.jpg?fit=600%2C600&resize=350%2C200","width":350,"height":200},"classes":[]},{"id":13708,"url":"http:\/\/www.passionfruits.fr\/index.php\/produit\/betterave-svide-france-bio-cat-1-les-500g\/","url_meta":{"origin":5289,"position":1},"title":"Betterave s\/vide France Cat 1 les 500g","date":"23 mars 2019","format":false,"excerpt":"","rel":"","context":"Article similaire","img":{"alt_text":"","src":"https:\/\/i2.wp.com\/www.passionfruits.fr\/wp-content\/uploads\/2015\/12\/betteravesousvide.jpg?fit=238%2C300&resize=350%2C200","width":350,"height":200},"classes":[]},{"id":18302,"url":"http:\/\/www.passionfruits.fr\/index.php\/produit\/duo-carotte-betterave-rappe-cat-1-france-barquette-400-grs\/","url_meta":{"origin":5289,"position":2},"title":"Duo Carotte\/Betterave rap\u00e9 cat 1 France barquette 400 grs","date":"16 septembre 2021","format":false,"excerpt":"","rel":"","context":"Article similaire","img":{"alt_text":"","src":"https:\/\/i1.wp.com\/www.passionfruits.fr\/wp-content\/uploads\/2021\/09\/ensaladaremolacha.jpg?fit=600%2C600&resize=350%2C200","width":350,"height":200},"classes":[]},{"id":6144,"url":"http:\/\/www.passionfruits.fr\/index.php\/produit\/limonade-la-bouteille\/","url_meta":{"origin":5289,"position":3},"title":"Limonade la Beauceronne bouteille 1 litre","date":"7 d\u00e9cembre 2015","format":false,"excerpt":"Sans colorant,Sans ar\u00f4me artificiel,Sans conservateur. Elle est con\u00e7ue avec des produits de notre terroir :Eau des nappes de Beauce,Sucre de betterave,Ar\u00f4me naturel d\u2019agrumes. Ingr\u00e9dients : Eau gaz\u00e9ifi\u00e9e, sucre de betterave, ar\u00f4mes naturels d'agrumes, acide citrique. D\u00e9claration nutritionnelle pour 100ml : Energie : 131kj \/ 31kcal Mati\u00e8res grasses : 0g dont\u2026","rel":"","context":"Article similaire","img":{"alt_text":"","src":"https:\/\/i0.wp.com\/www.passionfruits.fr\/wp-content\/uploads\/2015\/12\/limonade-la-beauceronne.jpg?fit=600%2C600&resize=350%2C200","width":350,"height":200},"classes":[]},{"id":15033,"url":"http:\/\/www.passionfruits.fr\/index.php\/produit\/beauce-cola-la-bouteille-de-1-litre\/","url_meta":{"origin":5289,"position":4},"title":"Beauce cola la bouteille de 1 litre","date":"19 mars 2020","format":false,"excerpt":"En 2010, n\u00e9 le Beauce Cola. Son go\u00fbt authentique r\u00e9veille les papilles de notre enfance gr\u00e2ce \u00e0 sa bulle tr\u00e8s fine. L'eau filtr\u00e9e est issue des nappes de Beauce, le sucre des betteraves provient de la sucrerie de Toury et les ar\u00f4mes naturels du nord de la r\u00e9gion Centre. A\u2026","rel":"","context":"Article similaire","img":{"alt_text":"","src":"https:\/\/i0.wp.com\/www.passionfruits.fr\/wp-content\/uploads\/2020\/03\/cola2.jpg?fit=600%2C599&resize=350%2C200","width":350,"height":200},"classes":[]},{"id":19513,"url":"http:\/\/www.passionfruits.fr\/index.php\/produit\/limonade-la-beauceronne-bouteille-33-cl\/","url_meta":{"origin":5289,"position":5},"title":"Limonade la Beauceronne bouteille 33 cl","date":"4 ao\u00fbt 2023","format":false,"excerpt":"6 \u20ac les 3 bouteilles Sans colorant,Sans ar\u00f4me artificiel,Sans conservateur. Elle est con\u00e7ue avec des produits de notre terroir :Eau des nappes de Beauce,Sucre de betterave,Ar\u00f4me naturel d\u2019agrumes. Ingr\u00e9dients : Eau gaz\u00e9ifi\u00e9e, sucre de betterave, ar\u00f4mes naturels d'agrumes, acide citrique. D\u00e9claration nutritionnelle pour 100ml : Energie : 131kj \/ 31kcal\u2026","rel":"","context":"Article similaire","img":{"alt_text":"","src":"https:\/\/i0.wp.com\/www.passionfruits.fr\/wp-content\/uploads\/2015\/12\/limonade-la-beauceronne.jpg?fit=600%2C600&resize=350%2C200","width":350,"height":200},"classes":[]}],"_links":{"self":[{"href":"http:\/\/www.passionfruits.fr\/index.php\/wp-json\/wp\/v2\/product\/5289"}],"collection":[{"href":"http:\/\/www.passionfruits.fr\/index.php\/wp-json\/wp\/v2\/product"}],"about":[{"href":"http:\/\/www.passionfruits.fr\/index.php\/wp-json\/wp\/v2\/types\/product"}],"replies":[{"embeddable":true,"href":"http:\/\/www.passionfruits.fr\/index.php\/wp-json\/wp\/v2\/comments?post=5289"}],"wp:featuredmedia":[{"embeddable":true,"href":"http:\/\/www.passionfruits.fr\/index.php\/wp-json\/wp\/v2\/media\/6814"}],"wp:attachment":[{"href":"http:\/\/www.passionfruits.fr\/index.php\/wp-json\/wp\/v2\/media?parent=5289"}],"curies":[{"name":"wp","href":"https:\/\/api.w.org\/{rel}","templated":true}]}}