{"id":5347,"date":"2015-12-07T11:31:16","date_gmt":"2015-12-07T10:31:16","guid":{"rendered":"http:\/\/www.andreclaude.fr\/web\/index.php\/produit\/abricot-sec-les-250-grs\/"},"modified":"2025-11-06T06:24:19","modified_gmt":"2025-11-06T05:24:19","slug":"abricot-sec-les-250-grs","status":"publish","type":"product","link":"http:\/\/www.passionfruits.fr\/index.php\/produit\/abricot-sec-les-250-grs\/","title":{"rendered":"Abricot moelleux Turquie Cat 1 les 250g"},"content":{"rendered":"<p>Origine : Turquie<\/p>\n","protected":false},"excerpt":{"rendered":"<p>Ingr\u00e9dients : abricots secs de Turquie, eau, antioxydant : <strong>anhydride sulfureux<\/strong>, conservateur sorbate de potassium<br \/>\nValeurs \u00e9nerg\u00e9tiques et nutritionnelles moyennes pour 100 g:<br \/>\nEnergie 818kj\/193kcal<br \/>\nGraisses 0.3g dont acides gras satur\u00e9s 0.1g<br \/>\nGlucides 42g dont sucres 32g<br \/>\nFibres alimentaires : 4.5g<br \/>\nProt\u00e9ines 2g<br \/>\nSel 0.07g<\/p>\n","protected":false},"featured_media":5348,"comment_status":"closed","ping_status":"closed","template":"","meta":{"spay_email":"","jetpack_publicize_message":"","jetpack_is_tweetstorm":false},"jetpack_publicize_connections":[],"jetpack_sharing_enabled":true,"jetpack-related-posts":[{"id":6448,"url":"http:\/\/www.passionfruits.fr\/index.php\/produit\/1-corbeille-de-fruits-secs\/","url_meta":{"origin":5347,"position":0},"title":"Corbeille de fruits secs le panier","date":"7 d\u00e9cembre 2015","format":false,"excerpt":"Composition de fruits secs extras panier de un kilo Pruneaux de France, abricots et figues de Turquie et dattes d'Alg\u00e9rie , pour le plaisir des papilles.","rel":"","context":"Article similaire","img":{"alt_text":"","src":"https:\/\/i0.wp.com\/www.passionfruits.fr\/wp-content\/uploads\/2015\/12\/fruit-sec1.jpg?fit=602%2C602&resize=350%2C200","width":350,"height":200},"classes":[]},{"id":6450,"url":"http:\/\/www.passionfruits.fr\/index.php\/produit\/figue-seche-les-250-grs\/","url_meta":{"origin":5347,"position":1},"title":"Figue s\u00e8che Turquie Cat 1 les 250g","date":"7 d\u00e9cembre 2015","format":false,"excerpt":"Ingr\u00e9dients : Figue s\u00e9ch\u00e9e Valeurs \u00e9nerg\u00e9tiques et nutritionnelles moyennes pour 100 g: Energie 1148kj\/271kcal Graisses 2.8g dont acides gras satur\u00e9s 0.4g Glucides 58g dont sucres 49g Fibres alimentaires : 13.5g Prot\u00e9ines 3.6g Sel 0.15g","rel":"","context":"Article similaire","img":{"alt_text":"","src":"https:\/\/i1.wp.com\/www.passionfruits.fr\/wp-content\/uploads\/2015\/12\/figues-seches.jpg?fit=600%2C600&resize=350%2C200","width":350,"height":200},"classes":[]},{"id":11541,"url":"http:\/\/www.passionfruits.fr\/index.php\/produit\/coulis-de-d-abricot-le-pot-de-215g\/","url_meta":{"origin":5347,"position":2},"title":"Coulis de d'Abricot le pot de 215g","date":"11 janvier 2018","format":false,"excerpt":"Coulis Daniel Boudet Ingr\u00e9dients : Abricot (70%), sucre, g\u00e9lifiant : pectine. OGM : Garanti sans OGM IONISATION : Ce produit n'est pas trait\u00e9 par ionisation et ne contient aucun ingr\u00e9dient ou additif ionis\u00e9. ALLERGENE(S) :Absence Valeurs nutritionnelles\u00a0 pour 100 g Energie : 124kcal \/526kj Mati\u00e8res grasses : 0 g dont\u2026","rel":"","context":"Article similaire","img":{"alt_text":"","src":"https:\/\/i1.wp.com\/www.passionfruits.fr\/wp-content\/uploads\/2018\/01\/coulis.jpg?fit=598%2C600&resize=350%2C200","width":350,"height":200},"classes":[]},{"id":6082,"url":"http:\/\/www.passionfruits.fr\/index.php\/produit\/confiture-abricot-le-pot\/","url_meta":{"origin":5347,"position":3},"title":"Confiture d'abricot le pot de 370g","date":"7 d\u00e9cembre 2015","format":false,"excerpt":"Confiture Extra Daniel Boudet Pr\u00e9par\u00e9e avec 55g de fruit pour 100g de produit fini. Teneur totale en sucres : 60g pour 100g Ingr\u00e9dients : Abricots, sucre, g\u00e9lifiant : pectine. OGM : Garanti sans OGM IONISATION : Ce produit n'est pas trait\u00e9 par ionisation et ne contient aucun ingr\u00e9dient ou additif\u2026","rel":"","context":"Article similaire","img":{"alt_text":"","src":"https:\/\/i0.wp.com\/www.passionfruits.fr\/wp-content\/uploads\/2015\/12\/Confitureabricot2.jpg?fit=600%2C600&resize=350%2C200","width":350,"height":200},"classes":[]},{"id":17708,"url":"http:\/\/www.passionfruits.fr\/index.php\/produit\/yaourt-abricot-le-pot-125-grs\/","url_meta":{"origin":5347,"position":4},"title":"Yaourt Abricot le pot 125 grs","date":"14 mars 2021","format":false,"excerpt":"Ingr\u00e9dients : Lait* entier pasteuris\u00e9 Fruits 15% Sucre 6% Poudre de Lait* 2% Ferments Lactiques Le lait est pasteuris\u00e9 au bain marie \u00e0 82\u00b0C pendant 10 minutes. Le lait est entier et n\u2019a subit aucune homog\u00e9n\u00e9isation Valeurs Nutritionnelles pour : 100 gr 125 gr Valeur Energ\u00e9tiques (en kJ) 567 709\u2026","rel":"","context":"Article similaire","img":{"alt_text":"","src":"https:\/\/i0.wp.com\/www.passionfruits.fr\/wp-content\/uploads\/2021\/03\/Yaourt-Noix-de-coco.jpg?fit=1024%2C680&resize=350%2C200","width":350,"height":200},"classes":[]},{"id":6188,"url":"http:\/\/www.passionfruits.fr\/index.php\/produit\/the-jardin-des-merveilles-la-boite\/","url_meta":{"origin":5347,"position":5},"title":"Th\u00e9 - jardin des merveilles la boite de 40 sachets","date":"7 d\u00e9cembre 2015","format":false,"excerpt":"Th\u00e9 vert, ar\u00f4mes (p\u00eache, abricot), p\u00e9tales de fleurs : bleuet, rose, souci Peut contenir des traces de fruits \u00e0 coque, de lait et de soja. Temp\u00e9rature : 90 \u00b0C Temps d\u2019infusion : 3 min Sans lait Moment de la journ\u00e9e : toute la journ\u00e9e","rel":"","context":"Article similaire","img":{"alt_text":"","src":"https:\/\/i0.wp.com\/www.passionfruits.fr\/wp-content\/uploads\/2015\/12\/the-voile-jardins-des-merveilles-300x300.jpg?fit=300%2C300&resize=350%2C200","width":350,"height":200},"classes":[]}],"_links":{"self":[{"href":"http:\/\/www.passionfruits.fr\/index.php\/wp-json\/wp\/v2\/product\/5347"}],"collection":[{"href":"http:\/\/www.passionfruits.fr\/index.php\/wp-json\/wp\/v2\/product"}],"about":[{"href":"http:\/\/www.passionfruits.fr\/index.php\/wp-json\/wp\/v2\/types\/product"}],"replies":[{"embeddable":true,"href":"http:\/\/www.passionfruits.fr\/index.php\/wp-json\/wp\/v2\/comments?post=5347"}],"wp:featuredmedia":[{"embeddable":true,"href":"http:\/\/www.passionfruits.fr\/index.php\/wp-json\/wp\/v2\/media\/5348"}],"wp:attachment":[{"href":"http:\/\/www.passionfruits.fr\/index.php\/wp-json\/wp\/v2\/media?parent=5347"}],"curies":[{"name":"wp","href":"https:\/\/api.w.org\/{rel}","templated":true}]}}