{"id":5351,"date":"2015-12-07T11:31:16","date_gmt":"2015-12-07T10:31:16","guid":{"rendered":"http:\/\/www.andreclaude.fr\/web\/index.php\/produit\/chevrier-les-500-grs\/"},"modified":"2019-01-15T18:21:58","modified_gmt":"2019-01-15T17:21:58","slug":"chevrier-les-500-grs","status":"publish","type":"product","link":"http:\/\/www.passionfruits.fr\/index.php\/produit\/chevrier-les-500-grs\/","title":{"rendered":"Flageolet vert France Eure et Loir  barq env 400g"},"content":{"rendered":"<p>&#8211; R\u00e9hydratez-les la veille dans un saladier d&#8217;eau froide.<br \/>\n&#8211; N&#8217;oubliez pas de rincer \u00e0 l&#8217;eau fra\u00eeche, les l\u00e9gumes qui ne n\u00e9cessitent pas de temps de trempage.<br \/>\n&#8211; N&#8217;utilisez pas cette eau de trempage pour les cuire. Ainsi, vous limiterez les ballonnements intestinaux.<br \/>\n&#8211; Ne salez jamais l&#8217;eau de cuisson, car les l\u00e9gumes secs mettront bien plus de temps \u00e0 cuire !<br \/>\n&#8211; Pr\u00e9f\u00e9rez une cuisson lente pour qu&#8217;ils ne se d\u00e9sagr\u00e8gent pas.<\/p>\n","protected":false},"excerpt":{"rendered":"<p>Origine Eure et Loir. Le haricot chevrier, ou flageolet vert est un haricot sec fin et go\u00fbteux, produit de fa\u00e7on traditionnelle (sans arrosage et avec un mode de s\u00e9chage particulier) qui garantit sa coloration verte.<\/p>\n<p>Trempage : 12h. Dur\u00e9e de cuisson \u00e0 l&#8217;\u00e9bullition : 1h30.<\/p>\n<p>Valeurs nutritionnelles moyennes pour 100g<br \/>\nEau 8.5 g<br \/>\nGlucides : 42.1 g Lipides : 2.6 g<br \/>\nProt\u00e9ines :19.1 g Fibres : 23.4 g<br \/>\nCuivre : 0.68 mg Fer 7.3 mg Magn\u00e9sium : 160 mg Phosphore : 440 mg<br \/>\nVitamine K13.7 \u00b5g Vitamine B9<br \/>\nEnergie315 kcal\/1320 kJ<\/p>\n","protected":false},"featured_media":8032,"comment_status":"closed","ping_status":"closed","template":"","meta":{"spay_email":"","jetpack_publicize_message":"","jetpack_is_tweetstorm":false},"jetpack_publicize_connections":[],"jetpack_sharing_enabled":true,"jetpack-related-posts":[{"id":19990,"url":"http:\/\/www.passionfruits.fr\/index.php\/produit\/haricot-coco-noir-eure-et-loir-sachet-500g\/","url_meta":{"origin":5351,"position":0},"title":"Haricot Coco Noir Eure et Loir sachet 500g","date":"30 mai 2024","format":false,"excerpt":"Ils sont la base de l\u2019un des plats fran\u00e7ais les plus connus : le fameux cassoulet ! Une saveur tr\u00e8s douce. Le haricot coco blanc est relativement peu farineux. ils peuvent \u00eatre pr\u00e9par\u00e9s de nombreuses mani\u00e8res : en salade, avec des herbes aromatiques et une bonne vinaigrette, ou m\u00eame en\u2026","rel":"","context":"Article similaire","img":{"alt_text":"","src":"https:\/\/i1.wp.com\/www.passionfruits.fr\/wp-content\/uploads\/2024\/05\/169.jpg?fit=600%2C600&resize=350%2C200","width":350,"height":200},"classes":[]},{"id":5373,"url":"http:\/\/www.passionfruits.fr\/index.php\/produit\/haricot-coco-blanc-sec-les-500-grs\/","url_meta":{"origin":5351,"position":1},"title":"Haricot Coco Blanc Eure et Loir sachet 500g","date":"7 d\u00e9cembre 2015","format":false,"excerpt":"Ils sont la base de l\u2019un des plats fran\u00e7ais les plus connus : le fameux cassoulet ! Une saveur tr\u00e8s douce. Le haricot coco blanc est relativement peu farineux. ils peuvent \u00eatre pr\u00e9par\u00e9s de nombreuses mani\u00e8res : en salade, avec des herbes aromatiques et une bonne vinaigrette, ou m\u00eame en\u2026","rel":"","context":"Article similaire","img":{"alt_text":"","src":"https:\/\/i1.wp.com\/www.passionfruits.fr\/wp-content\/uploads\/2015\/12\/coco-blanc.jpg?fit=600%2C600&resize=350%2C200","width":350,"height":200},"classes":[]},{"id":5352,"url":"http:\/\/www.passionfruits.fr\/index.php\/produit\/haricot-rouge-les-500-grs\/","url_meta":{"origin":5351,"position":2},"title":"Haricot rouge Eure et Loir sachet 500g","date":"7 d\u00e9cembre 2015","format":false,"excerpt":"Trempage : 12h. Dur\u00e9e de cuisson \u00e0 l'\u00e9bullition : 1h30. Energie: 487kJ\/ 116kcal Mati\u00e8res grasses: 0,5g dont acides gras satures: 0,1g Glucides: 15,4g dont sucres: 0,3g Fibres Alimentaires: 7,4g Prot\u00e9ines: 8,7g Sel: 0,60g Fer: 2,94mg Vitamine B9: 130\u00b5g Haricot. Traces possibles d'arachide de fruits \u00e0 la coque, de gluten, de\u2026","rel":"","context":"Article similaire","img":{"alt_text":"","src":"https:\/\/i1.wp.com\/www.passionfruits.fr\/wp-content\/uploads\/2015\/12\/haricot-rouge.jpg?fit=550%2C442&resize=350%2C200","width":350,"height":200},"classes":[]},{"id":5354,"url":"http:\/\/www.passionfruits.fr\/index.php\/produit\/pois-casses-les-500-grs\/","url_meta":{"origin":5351,"position":3},"title":"Pois Cass\u00e9s vert France Eure et Loir barq env 400g","date":"7 d\u00e9cembre 2015","format":false,"excerpt":"Trempage : 6h. Dur\u00e9e de cuisson \u00e0 l'\u00e9bullition : 1h30. Valeurs nutritionnelles moyennes pour 100g Energie: 508kcal\/121kj Matieres grasses: 11g dont acides gras satures: 0.1g Glucides: 14g dont sucres: 0.7g Fibres Alimentaires: 11g Proteines: 8.5g","rel":"","context":"Article similaire","img":{"alt_text":"","src":"https:\/\/i2.wp.com\/www.passionfruits.fr\/wp-content\/uploads\/2015\/12\/pois-casses.jpg?fit=600%2C599&resize=350%2C200","width":350,"height":200},"classes":[]},{"id":5364,"url":"http:\/\/www.passionfruits.fr\/index.php\/produit\/pois-chiche-les-500-grs\/","url_meta":{"origin":5351,"position":4},"title":"Pois Chiche Eure et Loir sachet 500g","date":"7 d\u00e9cembre 2015","format":false,"excerpt":"Trempage : 12h. Dur\u00e9e de cuisson \u00e0 l'\u00e9bullition : 3 h\u00a0 ( ou 1 h en autocuiseur) Pois chiches. Traces possibles d'arachide, de fruits \u00e0 coque, de gluten, de s\u00e9same et de sulfite Valeurs nutritionnelles moyennes pour 100g Energie: 364kcal Matieres grasses: 6g dont acides gras satures: 0.6g Glucides: 61g\u2026","rel":"","context":"Article similaire","img":{"alt_text":"","src":"https:\/\/i2.wp.com\/www.passionfruits.fr\/wp-content\/uploads\/2015\/12\/pois-chiche.jpg?fit=600%2C597&resize=350%2C200","width":350,"height":200},"classes":[]},{"id":5349,"url":"http:\/\/www.passionfruits.fr\/index.php\/produit\/lentille-verte-les-500-grs\/","url_meta":{"origin":5351,"position":5},"title":"Lentille verte  Eure et Loir barq env 400g","date":"7 d\u00e9cembre 2015","format":false,"excerpt":"Origine Eure et Loir. Produit \u00e0 l\u2019ancienne, nous utilisons des vari\u00e9t\u00e9s anciennes ayant davantage de go\u00fbt. Elle compte parmi les plus anciennes et plus appr\u00e9ci\u00e9es des l\u00e9gumineuses.\u00a0 Ces produits sont cultiv\u00e9s sur une exploitation qui respecte l\u2019environnement. EURE\u00a0 ET\u00a0 LOIR Ne salez jamais l eau de cuisson, car les l\u00e9gumes\u2026","rel":"","context":"Article similaire","img":{"alt_text":"","src":"https:\/\/i0.wp.com\/www.passionfruits.fr\/wp-content\/uploads\/2015\/12\/lentille-1.jpg?fit=600%2C600&resize=350%2C200","width":350,"height":200},"classes":[]}],"_links":{"self":[{"href":"http:\/\/www.passionfruits.fr\/index.php\/wp-json\/wp\/v2\/product\/5351"}],"collection":[{"href":"http:\/\/www.passionfruits.fr\/index.php\/wp-json\/wp\/v2\/product"}],"about":[{"href":"http:\/\/www.passionfruits.fr\/index.php\/wp-json\/wp\/v2\/types\/product"}],"replies":[{"embeddable":true,"href":"http:\/\/www.passionfruits.fr\/index.php\/wp-json\/wp\/v2\/comments?post=5351"}],"wp:featuredmedia":[{"embeddable":true,"href":"http:\/\/www.passionfruits.fr\/index.php\/wp-json\/wp\/v2\/media\/8032"}],"wp:attachment":[{"href":"http:\/\/www.passionfruits.fr\/index.php\/wp-json\/wp\/v2\/media?parent=5351"}],"curies":[{"name":"wp","href":"https:\/\/api.w.org\/{rel}","templated":true}]}}