{"id":5356,"date":"2015-12-07T11:31:16","date_gmt":"2015-12-07T10:31:16","guid":{"rendered":"http:\/\/www.andreclaude.fr\/web\/index.php\/produit\/raisin-sec-blond-barq-250-g\/"},"modified":"2018-10-25T09:28:41","modified_gmt":"2018-10-25T08:28:41","slug":"raisin-sec-blond-barq-250-g","status":"publish","type":"product","link":"http:\/\/www.passionfruits.fr\/index.php\/produit\/raisin-sec-blond-barq-250-g\/","title":{"rendered":"Raisin sec blond Afrique du sud Cat 1 la barquette 300 g environ"},"content":{"rendered":"<p>Distribu\u00e9 par<\/p>\n<p>Agidra<\/p>\n<p>BP 156<\/p>\n<p>69801 SAINT PRIEST<\/p>\n","protected":false},"excerpt":{"rendered":"<p>Fruit\u00e9 et dor\u00e9 \u00e0 souhait, le raisin blond sec met du caract\u00e8re aussi bien dans les recettes sucr\u00e9es que sal\u00e9es.<\/p>\n<p>Conditionn\u00e9 en barquette refermable \u00e0 volont\u00e9 pour garder toute sa saveur.<\/p>\n<p>Ingr\u00e9dients : agent enrobage,huile non hydrog\u00e9n\u00e9e de tournesol,conservateur anhydride sulfureux.<\/p>\n<p>Valeurs \u00e9nerg\u00e9tiques et nutritionnelles moyennes pour 100g :<br \/>\nEnergie 344Kcal<br \/>\nGraisses 0.5g dont satur\u00e9s 0.2g<br \/>\nGlucides 79.5g dont sucres 59.2g<br \/>\nProt\u00e9ines 3.4g<br \/>\nSel 0.03g<\/p>\n","protected":false},"featured_media":7752,"comment_status":"closed","ping_status":"closed","template":"","meta":{"spay_email":"","jetpack_publicize_message":"","jetpack_is_tweetstorm":false},"jetpack_publicize_connections":[],"jetpack_sharing_enabled":true,"jetpack-related-posts":[{"id":5358,"url":"http:\/\/www.passionfruits.fr\/index.php\/produit\/raisin-sec-flame-barq-250-g\/","url_meta":{"origin":5356,"position":0},"title":"Raisin sec Afrique du sud Cat 1 Flame la barquette 300 g environ","date":"7 d\u00e9cembre 2015","format":false,"excerpt":"Les raisins secs sont des raisins s\u00e9ch\u00e9s. Ils peuvent \u00eatre consomm\u00e9s crus tels quels ou \u00eatre utilis\u00e9s cuits dans certaines recettes. Conditionn\u00e9 en barquette refermable \u00e0 volont\u00e9 pour garder toute sa saveur. Ingr\u00e9dients : raisin Sultanine, huile de tournesol Traces possibles d'arachides et de fruits \u00e0 coque. Valeurs \u00e9nerg\u00e9tiques et\u2026","rel":"","context":"Article similaire","img":{"alt_text":"","src":"https:\/\/i2.wp.com\/www.passionfruits.fr\/wp-content\/uploads\/2015\/12\/raisin_sec.jpg?fit=400%2C400&resize=350%2C200","width":350,"height":200},"classes":[]},{"id":8366,"url":"http:\/\/www.passionfruits.fr\/index.php\/produit\/melange-exotique-barquette-200g-environ\/","url_meta":{"origin":5356,"position":1},"title":"M\u00e9lange exotique barquette 250g environ","date":"8 mars 2016","format":false,"excerpt":"M\u00e9lange de\u00a0 fruits secs et de fruits d\u00e9shydrat\u00e9s\u00a0: Conditionn\u00e9 en barquette refermable \u00e0 volont\u00e9 pour garder toute sa saveur. Ingr\u00e9dients :Ingr\u00e9dients : raisin sec golden (raisin, huile de tournesol, conservateur : anhydride sulfureux), papaye d\u00e9shydrat\u00e9e en cubes (papaye, sucre, conservateur : anhydride sulfureux), ananas d\u00e9shydrat\u00e9 en cubes (ananas, sucre, acidifiant\u2026","rel":"","context":"Article similaire","img":{"alt_text":"","src":"https:\/\/i2.wp.com\/www.passionfruits.fr\/wp-content\/uploads\/2016\/03\/Melange-Exotique.jpg?fit=601%2C600&resize=350%2C200","width":350,"height":200},"classes":[]},{"id":19989,"url":"http:\/\/www.passionfruits.fr\/index.php\/produit\/lentille-blonde-france-eure-et-loir-sachet-500g\/","url_meta":{"origin":5356,"position":2},"title":"Lentille Blonde Eure et Loir sachet 500g","date":"30 mai 2024","format":false,"excerpt":"Origine Eure et Loir. Produit \u00e0 l\u2019ancienne, nous utilisons des vari\u00e9t\u00e9s anciennes ayant davantage de go\u00fbt. Elle compte parmi les plus anciennes et plus appr\u00e9ci\u00e9es des l\u00e9gumineuses.\u00a0 Ces produits sont cultiv\u00e9s sur une exploitation qui respecte l\u2019environnement. EURE\u00a0 ET\u00a0 LOIR Ne salez jamais l eau de cuisson, car les l\u00e9gumes\u2026","rel":"","context":"Article similaire","img":{"alt_text":"","src":"https:\/\/i0.wp.com\/www.passionfruits.fr\/wp-content\/uploads\/2015\/12\/lentille-1.jpg?fit=600%2C600&resize=350%2C200","width":350,"height":200},"classes":[]},{"id":6281,"url":"http:\/\/www.passionfruits.fr\/index.php\/produit\/pate-de-fruits-barquette-280-grs-env\/","url_meta":{"origin":5356,"position":3},"title":"P\u00e2te de fruits barquette 250g env.","date":"7 d\u00e9cembre 2015","format":false,"excerpt":"Succulentes douceurs aux formes de fruits, fabriqu\u00e9es \u00e0 base d'ar\u00f4mes naturels. Tendres et fondantes \u00e0 souhait ! Gommes de pectine sucr\u00e9es au go\u00fbt de fruits : sucre, sirop de glucose, eau, g\u00e9lifiant (pectine), fibres d'avoine, acidifiant (acide citrique), ar\u00f4mes naturels, colorants (E100, E120,E141,E163), concentr\u00e9 d'ananas (0.1%), ar\u00f4me naturel d'orange. Valeurs\u2026","rel":"","context":"Article similaire","img":{"alt_text":"","src":"https:\/\/i2.wp.com\/www.passionfruits.fr\/wp-content\/uploads\/2015\/12\/pates-fruits.jpg?fit=554%2C604&resize=350%2C200","width":350,"height":200},"classes":[]},{"id":17814,"url":"http:\/\/www.passionfruits.fr\/index.php\/produit\/babas-au-rhum-la-boite-de-3-pieces\/","url_meta":{"origin":5356,"position":4},"title":"Babas au Rhum la boite de 3 pi\u00e8ces","date":"24 mars 2021","format":false,"excerpt":"Ingr\u00e9dients: sucre, eau, farine de bl\u00e9, extrait aromatique rhum orange (rhum 8,7% ,infusion d'\u00e9corces d'oranges douces),\u0153ufs entiers, raisins secs 6,6% (raisins secs, huile v\u00e9g\u00e9tale(palme),huile v\u00e9g\u00e9tale de colza), margarine (graisse v\u00e9g\u00e9tale, palme),huile v\u00e9g\u00e9tale (colza),eau, \u00e9mulsifiant: mono et diglyc\u00e9rides d'acides gras, correcteur d'acidit\u00e9 :acide citrique), sirop de glucose, \u00e9corces d'oranges confites 2,2%\u2026","rel":"","context":"Article similaire","img":{"alt_text":"","src":"https:\/\/i1.wp.com\/www.passionfruits.fr\/wp-content\/uploads\/2021\/03\/Baba-au-rhum.jpg?fit=600%2C600&resize=350%2C200","width":350,"height":200},"classes":[]},{"id":6216,"url":"http:\/\/www.passionfruits.fr\/index.php\/produit\/gaufrette-vanille\/","url_meta":{"origin":5356,"position":5},"title":"Gaufrette \u00e0 la vanille le paquet 175g","date":"7 d\u00e9cembre 2015","format":false,"excerpt":"Contenance : 0 cl Poids net : 175 g Poids net \u00e9goutt\u00e9 : 0 g CARACTERISTIQUES PRODUIT Ingr\u00e9dients : Sucre, farine de bl\u00e9, mati\u00e8res grasses v\u00e9g\u00e9tales non hydrog\u00e9n\u00e9es, ar\u00f4mes, colorant : b\u00e9t\u00e0carot\u00e8ne, sel, \u00e9mulsifiant : l\u00e9cithine de soja (sans O.G.M), poudre \u00e0 lever : carbonate de magn\u00e9sie Allerg\u00e8nes : Traces\u2026","rel":"","context":"Article similaire","img":{"alt_text":"","src":"https:\/\/i2.wp.com\/www.passionfruits.fr\/wp-content\/uploads\/2015\/12\/gaufrette.jpg?fit=600%2C600&resize=350%2C200","width":350,"height":200},"classes":[]}],"_links":{"self":[{"href":"http:\/\/www.passionfruits.fr\/index.php\/wp-json\/wp\/v2\/product\/5356"}],"collection":[{"href":"http:\/\/www.passionfruits.fr\/index.php\/wp-json\/wp\/v2\/product"}],"about":[{"href":"http:\/\/www.passionfruits.fr\/index.php\/wp-json\/wp\/v2\/types\/product"}],"replies":[{"embeddable":true,"href":"http:\/\/www.passionfruits.fr\/index.php\/wp-json\/wp\/v2\/comments?post=5356"}],"wp:featuredmedia":[{"embeddable":true,"href":"http:\/\/www.passionfruits.fr\/index.php\/wp-json\/wp\/v2\/media\/7752"}],"wp:attachment":[{"href":"http:\/\/www.passionfruits.fr\/index.php\/wp-json\/wp\/v2\/media?parent=5356"}],"curies":[{"name":"wp","href":"https:\/\/api.w.org\/{rel}","templated":true}]}}