{"id":5370,"date":"2015-12-07T11:31:25","date_gmt":"2015-12-07T10:31:25","guid":{"rendered":"http:\/\/www.andreclaude.fr\/web\/index.php\/produit\/amande-decortiquee-barq-245-g\/"},"modified":"2025-12-19T07:36:56","modified_gmt":"2025-12-19T06:36:56","slug":"amande-decortiquee-barq-245-g","status":"publish","type":"product","link":"http:\/\/www.passionfruits.fr\/index.php\/produit\/amande-decortiquee-barq-245-g\/","title":{"rendered":"Amande barquette 220g environ"},"content":{"rendered":"<p>Distribu\u00e9 par<\/p>\n<p>Agidra<\/p>\n<p>BP 156<\/p>\n<p>69801 SAINT PRIEST<\/p>\n","protected":false},"excerpt":{"rendered":"<p>Pour les monder, plongez les amandes 2mn dans de l\u2019eau bouillante puis \u00e9gouttez-les et passez-les sous l\u2019eau froide. Vous pourrez ensuite tr\u00e8s facilement enlever la peau en les pin\u00e7ant entre deux doigts.<\/p>\n<p>Conditionn\u00e9 en barquette refermable \u00e0 volont\u00e9 pour garder toute sa saveur.<\/p>\n<p>Ingr\u00e9dients : amandes<\/p>\n<p>Origine :\u00a0 U.S.A.<br \/>\nTraces possibles d<strong>&#8216;arachides.<\/strong><\/p>\n<p>Valeurs nutritionnelles moyennes pour 100g<\/p>\n<p>Energie 645Kcal<br \/>\nGraisses 49.9g dont satur\u00e9s 3.8g<br \/>\nGlucides 21.5g dont sucres 4.2g<br \/>\nProt\u00e9ines 21.1g<br \/>\nSel 0.01g<\/p>\n","protected":false},"featured_media":5371,"comment_status":"closed","ping_status":"closed","template":"","meta":{"spay_email":"","jetpack_publicize_message":"","jetpack_is_tweetstorm":false},"jetpack_publicize_connections":[],"jetpack_sharing_enabled":true,"jetpack-related-posts":[{"id":13584,"url":"http:\/\/www.passionfruits.fr\/index.php\/produit\/amande-effilee-barq-env-200-grs\/","url_meta":{"origin":5370,"position":0},"title":"Amande effil\u00e9e Barq. env. 200 grs","date":"21 f\u00e9vrier 2019","format":false,"excerpt":"Conditionn\u00e9 en barquette refermable \u00e0 volont\u00e9 pour garder toute sa saveur. Ingredi\u00e9nts : amandes \u00e9ffil\u00e9es Valeurs nutritionnelles moyennes pour 100 g Energie : 2625kj\/635kcal Mati\u00e8res grasses : 56g dont acides gras satures : 4,5g Glucides : 4,9g dont sucres 4,3g Prot\u00e9ines : 24g Sel <0,1g Distribu\u00e9 par Agidra 69801 SAINT\u2026","rel":"","context":"Article similaire","img":{"alt_text":"","src":"https:\/\/i0.wp.com\/www.passionfruits.fr\/wp-content\/uploads\/2019\/02\/Amande-effilee.jpg?fit=600%2C600&resize=350%2C200","width":350,"height":200},"classes":[]},{"id":10992,"url":"http:\/\/www.passionfruits.fr\/index.php\/produit\/nougat-tendre-aux-amandes-barre-de-100-g\/","url_meta":{"origin":5370,"position":1},"title":"Nougat tendre aux amandes barre de 50 g","date":"31 ao\u00fbt 2017","format":false,"excerpt":"Cette barre 100 g de Nougat tendre se glissera facilement dans votre poche. Vous pourrez consommer cette confiserie traditionnelle seul ou \u00e0 deux.\u00a0Vous profiterez pleinement de ce m\u00e9lange de saveurs d'amandes et de Miel. Facile \u00e0 d\u00e9guster. Ingr\u00e9dients : sucre, glucose, amandes grill\u00e9es 15%, vanilline, blancs d'oeuf, miel. Distribution confiserie\u2026","rel":"","context":"Article similaire","img":{"alt_text":"","src":"https:\/\/i1.wp.com\/www.passionfruits.fr\/wp-content\/uploads\/2017\/08\/barre-nougat.jpg?fit=598%2C598&resize=350%2C200","width":350,"height":200},"classes":[]},{"id":6444,"url":"http:\/\/www.passionfruits.fr\/index.php\/produit\/n-nougat-amandes-caramel-part-180-grs-env\/","url_meta":{"origin":5370,"position":2},"title":"Nougat amandes caramel part 180g env.","date":"7 d\u00e9cembre 2015","format":false,"excerpt":"","rel":"","context":"Article similaire","img":{"alt_text":"","src":"https:\/\/i0.wp.com\/www.passionfruits.fr\/wp-content\/uploads\/2015\/12\/nougat-caramel.jpg?fit=600%2C600&resize=350%2C200","width":350,"height":200},"classes":[]},{"id":6445,"url":"http:\/\/www.passionfruits.fr\/index.php\/produit\/m-nougat-amandes-creme-brulee-part-180-grs-env\/","url_meta":{"origin":5370,"position":3},"title":"Nougat amandes cr\u00e8me brul\u00e9e part 180g env.","date":"7 d\u00e9cembre 2015","format":false,"excerpt":"","rel":"","context":"Article similaire","img":{"alt_text":"","src":"https:\/\/i2.wp.com\/www.passionfruits.fr\/wp-content\/uploads\/2015\/12\/Nougat-part.jpg?fit=600%2C600&resize=350%2C200","width":350,"height":200},"classes":[]},{"id":6464,"url":"http:\/\/www.passionfruits.fr\/index.php\/produit\/o-nougat-amandes-fruits-confits-part-180-grs-env\/","url_meta":{"origin":5370,"position":4},"title":"Nougat amandes Fruits confits part 180 grs env.","date":"7 d\u00e9cembre 2015","format":false,"excerpt":"","rel":"","context":"Article similaire","img":{"alt_text":"","src":"https:\/\/i1.wp.com\/www.passionfruits.fr\/wp-content\/uploads\/2015\/12\/nougat-fruit-confit3.jpg?fit=600%2C600&resize=350%2C200","width":350,"height":200},"classes":[]},{"id":6442,"url":"http:\/\/www.passionfruits.fr\/index.php\/produit\/l-nougat-aux-amandes-nature-part-180-grs-env\/","url_meta":{"origin":5370,"position":5},"title":"Nougat amandes nature part 180g env.","date":"7 d\u00e9cembre 2015","format":false,"excerpt":"Il est tendre, moelleux et surtout\u00a0peu sucr\u00e9, gr\u00e2ce \u00e0 la\u00a0pectine de fruit\u00a0qui sert de\u00a0sucrant\u00a0et g\u00e9lifiant naturel.","rel":"","context":"Article similaire","img":{"alt_text":"","src":"https:\/\/i2.wp.com\/www.passionfruits.fr\/wp-content\/uploads\/2015\/12\/Nougat-part.jpg?fit=600%2C600&resize=350%2C200","width":350,"height":200},"classes":[]}],"_links":{"self":[{"href":"http:\/\/www.passionfruits.fr\/index.php\/wp-json\/wp\/v2\/product\/5370"}],"collection":[{"href":"http:\/\/www.passionfruits.fr\/index.php\/wp-json\/wp\/v2\/product"}],"about":[{"href":"http:\/\/www.passionfruits.fr\/index.php\/wp-json\/wp\/v2\/types\/product"}],"replies":[{"embeddable":true,"href":"http:\/\/www.passionfruits.fr\/index.php\/wp-json\/wp\/v2\/comments?post=5370"}],"wp:featuredmedia":[{"embeddable":true,"href":"http:\/\/www.passionfruits.fr\/index.php\/wp-json\/wp\/v2\/media\/5371"}],"wp:attachment":[{"href":"http:\/\/www.passionfruits.fr\/index.php\/wp-json\/wp\/v2\/media?parent=5370"}],"curies":[{"name":"wp","href":"https:\/\/api.w.org\/{rel}","templated":true}]}}