{"id":5375,"date":"2015-12-07T11:31:25","date_gmt":"2015-12-07T10:31:25","guid":{"rendered":"http:\/\/www.andreclaude.fr\/web\/index.php\/produit\/ananas-cube-barq-300-g\/"},"modified":"2021-12-03T18:00:26","modified_gmt":"2021-12-03T17:00:26","slug":"ananas-cube-barq-300-g","status":"publish","type":"product","link":"http:\/\/www.passionfruits.fr\/index.php\/produit\/ananas-cube-barq-300-g\/","title":{"rendered":"Ananas cube Ap\u00e9ritif barq 300g env."},"content":{"rendered":"<p>Distribu\u00e9 par<\/p>\n<p>Agidra<\/p>\n<p>BP 156<\/p>\n<p>69801 SAINT PRIEST<\/p>\n","protected":false},"excerpt":{"rendered":"<p>Ananas d\u00e9shydrat\u00e9. Conditionn\u00e9 en boite refermable \u00e0 volont\u00e9 pour garder toute sa saveur.<\/p>\n<p>Ingr\u00e9dients:sucre,ananas,acidifiant:acide citrique E330,conservateur,anhydride sulfureux E220.<\/p>\n<table border=\"1\" cellspacing=\"1\" cellpadding=\"1\">\n<thead>\n<tr>\n<th><strong>Valeurs nutritionnelles<\/strong><\/th>\n<th><strong>Pour 100 g<\/strong><\/th>\n<\/tr>\n<\/thead>\n<tbody>\n<tr>\n<td>Energie<\/td>\n<td>305 Kcal \/ 1295 Kj<\/td>\n<\/tr>\n<tr>\n<td>Lipides<\/td>\n<td>0 g<\/td>\n<\/tr>\n<tr>\n<td>Glucides<br \/>\n<em>dont Sucres<\/em><\/td>\n<td>73.9 g<br \/>\n<em>53.1 g<\/em><\/td>\n<\/tr>\n<tr>\n<td>Prot\u00e9ines<\/td>\n<td>2 g<\/td>\n<\/tr>\n<tr>\n<td>Fibres<\/td>\n<td>5.2 g<\/td>\n<\/tr>\n<\/tbody>\n<\/table>\n","protected":false},"featured_media":7755,"comment_status":"closed","ping_status":"closed","template":"","meta":{"spay_email":"","jetpack_publicize_message":"","jetpack_is_tweetstorm":false},"jetpack_publicize_connections":[],"jetpack_sharing_enabled":true,"jetpack-related-posts":[{"id":8366,"url":"http:\/\/www.passionfruits.fr\/index.php\/produit\/melange-exotique-barquette-200g-environ\/","url_meta":{"origin":5375,"position":0},"title":"M\u00e9lange exotique barquette 250g environ","date":"8 mars 2016","format":false,"excerpt":"M\u00e9lange de\u00a0 fruits secs et de fruits d\u00e9shydrat\u00e9s\u00a0: Conditionn\u00e9 en barquette refermable \u00e0 volont\u00e9 pour garder toute sa saveur. Ingr\u00e9dients :Ingr\u00e9dients : raisin sec golden (raisin, huile de tournesol, conservateur : anhydride sulfureux), papaye d\u00e9shydrat\u00e9e en cubes (papaye, sucre, conservateur : anhydride sulfureux), ananas d\u00e9shydrat\u00e9 en cubes (ananas, sucre, acidifiant\u2026","rel":"","context":"Article similaire","img":{"alt_text":"","src":"https:\/\/i2.wp.com\/www.passionfruits.fr\/wp-content\/uploads\/2016\/03\/Melange-Exotique.jpg?fit=601%2C600&resize=350%2C200","width":350,"height":200},"classes":[]},{"id":5939,"url":"http:\/\/www.passionfruits.fr\/index.php\/produit\/meringues-le-paquet\/","url_meta":{"origin":5375,"position":1},"title":"Meringues tradition le sachet 140g","date":"7 d\u00e9cembre 2015","format":false,"excerpt":"Contenance : 0 cl Poids net : 140 g Poids net \u00e9goutt\u00e9 : 0 g CARACTERISTIQUES PRODUIT Ingr\u00e9dients : Sucre, blancs d'oeufs, ar\u00f4me, Sel. Allerg\u00e8nes : Oeufs Traces d'allerg\u00e8nes possibles : Allerg\u00e8nes pr\u00e9sents dans l'atelier : Valeurs nutritionnelles pour 100 g de produit \u00e9goutt\u00e9 Energie 1683 kJ \/ 396 kcal\u2026","rel":"","context":"Article similaire","img":{"alt_text":"","src":"https:\/\/i1.wp.com\/www.passionfruits.fr\/wp-content\/uploads\/2015\/12\/meringues.jpg?fit=600%2C600&resize=350%2C200","width":350,"height":200},"classes":[]},{"id":6203,"url":"http:\/\/www.passionfruits.fr\/index.php\/produit\/nounours-guimauve-au-lait-barq-200-grs-env\/","url_meta":{"origin":5375,"position":2},"title":"Oursons chocolat au lait barq. 200g env.","date":"7 d\u00e9cembre 2015","format":false,"excerpt":"Parmi tous les bonbons et toutes les confiseries au monde, la guimauve est certainement la friandise la plus douce et la plus r\u00e9confortante. Ingr\u00e9dients : sirop de glucose-fructose, chocolat au lait 30% (sucre, beurre de cacao, p\u00e2te de cacao, lait entier en poudre, \u00e9mulsifiant : lecithine de soja, ar\u00f4me naturel\u2026","rel":"","context":"Article similaire","img":{"alt_text":"","src":"https:\/\/i1.wp.com\/www.passionfruits.fr\/wp-content\/uploads\/2015\/12\/oursons-guimauve.jpg?fit=290%2C290&resize=350%2C200","width":350,"height":200},"classes":[]},{"id":6503,"url":"http:\/\/www.passionfruits.fr\/index.php\/produit\/nounours-guimaume-noir-barq-200-grs-env\/","url_meta":{"origin":5375,"position":3},"title":"Oursons chocolat noir barq. 200g env.","date":"7 d\u00e9cembre 2015","format":false,"excerpt":"Parmi tous les bonbons et toutes les confiseries au monde, la guimauve est certainement la friandise la plus douce et la plus r\u00e9confortante. Ingr\u00e9dients : sirop de glucose-fructose, chocolat noir 30% (sucre, p\u00e2te de cacao, beurre de cacao, \u00e9mulsifiant : lecithine de soja, ar\u00f4me vanille), sucre, eau, g\u00e9latine, ar\u00f4me, lait.\u2026","rel":"","context":"Article similaire","img":{"alt_text":"","src":"https:\/\/i1.wp.com\/www.passionfruits.fr\/wp-content\/uploads\/2015\/12\/oursons-guimauve.jpg?fit=290%2C290&resize=350%2C200","width":350,"height":200},"classes":[]},{"id":6279,"url":"http:\/\/www.passionfruits.fr\/index.php\/produit\/nounours-guimaume-blanc-barq-200-grs-env\/","url_meta":{"origin":5375,"position":4},"title":"Oursons chocolat blanc barq. 200g env.","date":"7 d\u00e9cembre 2015","format":false,"excerpt":"Parmi tous les bonbons et toutes les confiseries au monde, la guimauve est certainement la friandise la plus douce et la plus r\u00e9confortante Ingr\u00e9dients : sirop de glucose-fructose, chocolat blanc 30% (sucre, beurre de cacao, lait entier en poudre, \u00e9mulsifiant : lecithine de soja, ar\u00f4me), sucre, eau, g\u00e9latine, ar\u00f4me. Mati\u00e8res\u2026","rel":"","context":"Article similaire","img":{"alt_text":"","src":"https:\/\/i1.wp.com\/www.passionfruits.fr\/wp-content\/uploads\/2015\/12\/oursons-guimauve.jpg?fit=290%2C290&resize=350%2C200","width":350,"height":200},"classes":[]},{"id":5936,"url":"http:\/\/www.passionfruits.fr\/index.php\/produit\/rocher-coco-nature-le-paquet\/","url_meta":{"origin":5375,"position":5},"title":"Rocher noix de coco le paquet 200g","date":"7 d\u00e9cembre 2015","format":false,"excerpt":"Contenance : 0 cl Poids net : 200 g Poids net \u00e9goutt\u00e9 : 0 g CARACTERISTIQUES PRODUIT Ingr\u00e9dients : coco r\u00e2p\u00e9 PH\/ID, sucre, sirop de glucose , chocolat noir [p\u00e2te de cacao, sucre, beurre de cacao, mati\u00e8re grasse laiti\u00e8re anhydre, \u00e9mulsifiant (l\u00e9cithine de soja E322), blanc d'oeuf, farine de froment,\u2026","rel":"","context":"Article similaire","img":{"alt_text":"","src":"https:\/\/i2.wp.com\/www.passionfruits.fr\/wp-content\/uploads\/2015\/12\/maxi-rocher-coco.jpg?fit=600%2C600&resize=350%2C200","width":350,"height":200},"classes":[]}],"_links":{"self":[{"href":"http:\/\/www.passionfruits.fr\/index.php\/wp-json\/wp\/v2\/product\/5375"}],"collection":[{"href":"http:\/\/www.passionfruits.fr\/index.php\/wp-json\/wp\/v2\/product"}],"about":[{"href":"http:\/\/www.passionfruits.fr\/index.php\/wp-json\/wp\/v2\/types\/product"}],"replies":[{"embeddable":true,"href":"http:\/\/www.passionfruits.fr\/index.php\/wp-json\/wp\/v2\/comments?post=5375"}],"wp:featuredmedia":[{"embeddable":true,"href":"http:\/\/www.passionfruits.fr\/index.php\/wp-json\/wp\/v2\/media\/7755"}],"wp:attachment":[{"href":"http:\/\/www.passionfruits.fr\/index.php\/wp-json\/wp\/v2\/media?parent=5375"}],"curies":[{"name":"wp","href":"https:\/\/api.w.org\/{rel}","templated":true}]}}