{"id":5377,"date":"2015-12-07T11:31:25","date_gmt":"2015-12-07T10:31:25","guid":{"rendered":"http:\/\/www.andreclaude.fr\/web\/index.php\/produit\/pistache-grillee-barq-200-g\/"},"modified":"2018-10-05T16:38:12","modified_gmt":"2018-10-05T15:38:12","slug":"pistache-grillee-barq-200-g","status":"publish","type":"product","link":"http:\/\/www.passionfruits.fr\/index.php\/produit\/pistache-grillee-barq-200-g\/","title":{"rendered":"Pistache grill\u00e9e barquette 200 g environ"},"content":{"rendered":"<p>Distribu\u00e9 par<\/p>\n<p>Agidra<\/p>\n<p>BP 156<\/p>\n<p>69801 SAINT PRIEST<\/p>\n","protected":false},"excerpt":{"rendered":"<p>La pistache peut \u00eatre consomm\u00e9e crue ou r\u00f4tie, sal\u00e9e ou non. La pistache contient une quantit\u00e9 appr\u00e9ciable de prot\u00e9ines et offre un apport int\u00e9ressant en acides gras insatur\u00e9s. Elle contient \u00e9galement une multitude de vitamines et de min\u00e9raux.<\/p>\n<p>Conditionn\u00e9 en barquette refermable \u00e0 volont\u00e9 pour garder toute sa saveur.<\/p>\n<p>Ingr\u00e9dients : Pistaches, sel. Traces possibles <strong>d&#8217;arachides<\/strong>, de s\u00e9same et de sulfites. Pistache d&#8217;importation, grill\u00e9es en France.<\/p>\n<p>Valeurs \u00e9nerg\u00e9tiques et nutritionnelles moyennes pour 100 g :<\/p>\n<p>Energie 2580 kJ \/ 621kcal<br \/>\nGraisses 44.8g dont acides gras satur\u00e9s 5.5g<br \/>\nProt\u00e9ines 20.9g<br \/>\nSel 1.5g<\/p>\n","protected":false},"featured_media":8377,"comment_status":"closed","ping_status":"closed","template":"","meta":{"spay_email":"","jetpack_publicize_message":"","jetpack_is_tweetstorm":false},"jetpack_publicize_connections":[],"jetpack_sharing_enabled":true,"jetpack-related-posts":[{"id":18327,"url":"http:\/\/www.passionfruits.fr\/index.php\/produit\/flutes-au-fromage-barquette-de-125-gr\/","url_meta":{"origin":5377,"position":0},"title":"Fl\u00fbtes au fromage barquette de 125 Gr","date":"16 septembre 2021","format":false,"excerpt":"Ingr\u00e9dients : Farine de bl\u00e9, beurre 23%, fromage 10%, levure, sel, lait \u00e9cr\u00e9m\u00e9 en poudre, farine de malt d'orge. Peut contenir des traces de s\u00e9same. Valeurs nutritionnelles moyennes pour 100 grs Energie 1992 kj-475 kcal Mati\u00e8res grasses 21.0 g Dont acides gras satur\u00e9s 15.0 g Glucides 58.0 g Dont sucres\u2026","rel":"","context":"Article similaire","img":{"alt_text":"","src":"https:\/\/i0.wp.com\/www.passionfruits.fr\/wp-content\/uploads\/2021\/09\/f_tes_au_fromage_2019_copier_copier_.jpg?fit=600%2C600&resize=350%2C200","width":350,"height":200},"classes":[]},{"id":18317,"url":"http:\/\/www.passionfruits.fr\/index.php\/produit\/ravioli-a-la-viande-barquettes-250-gr\/","url_meta":{"origin":5377,"position":1},"title":"RAVIOLI A LA VIANDE Barquettes 250 Gr","date":"16 septembre 2021","format":false,"excerpt":"ingr\u00e9dients de la p\u00e2te : farine de bl\u00e9 tendre, semoule de bl\u00e9 dur, \u0153ufs (10,8% sur le produit fini), eau. ingr\u00e9dients de la farce : pr\u00e9paration de viande (viande de b\u0153uf (9,5% sur le produit fini), viande de porc (9,5% sur le produit fini), sel, farine de bl\u00e9 tendre, ar\u00f4mes),\u2026","rel":"","context":"Article similaire","img":{"alt_text":"","src":"https:\/\/i0.wp.com\/www.passionfruits.fr\/wp-content\/uploads\/2021\/09\/raviolis_mg_5323_copier_copier_.jpg?fit=600%2C600&resize=350%2C200","width":350,"height":200},"classes":[]},{"id":18310,"url":"http:\/\/www.passionfruits.fr\/index.php\/produit\/tortellinis-au-jambon-cru-barquettes-250-gr\/","url_meta":{"origin":5377,"position":2},"title":"TORTELLINIS AU JAMBON CRU Barquettes 250 Gr","date":"16 septembre 2021","format":false,"excerpt":"Ingr\u00e9dients : ingr\u00e9dients de la p\u00e2te : farine de bl\u00e9 tendre, semoule de bl\u00e9 dur, \u0153ufs (11,7% sur le produit fini), eau. ingr\u00e9dients de la farce : chapelure (farine de bl\u00e9 tendre, eau, sel) pr\u00e9paration de viande (viande de b\u0153uf, viande de porc, sel, farine de bl\u00e9 tendre, ar\u00f4mes jambon\u2026","rel":"","context":"Article similaire","img":{"alt_text":"","src":"https:\/\/i1.wp.com\/www.passionfruits.fr\/wp-content\/uploads\/2021\/09\/tojc4_1.jpg?fit=600%2C600&resize=350%2C200","width":350,"height":200},"classes":[]},{"id":5835,"url":"http:\/\/www.passionfruits.fr\/index.php\/produit\/wasabi-barq-150-g\/","url_meta":{"origin":5377,"position":3},"title":"Wasabi barquette 200 g environ soit 9.95\u20ac le Kg","date":"7 d\u00e9cembre 2015","format":false,"excerpt":"Une arachide enrob\u00e9 d'une p\u00e2te croustillante et de wasabi, un produit relev\u00e9 et croustillant. Conditionn\u00e9 en barquette refermable \u00e0 volont\u00e9 pour garder toute sa saveur. Ingr\u00e9dients : Arachide 37%, amidon de ma\u00efs, farine de bl\u00e9, sucre, huile de palme, sel, poudre de wasabi 0.3% (contient moutarde), colorant: E140. Traces possibles\u2026","rel":"","context":"Article similaire","img":{"alt_text":"","src":"https:\/\/i0.wp.com\/www.passionfruits.fr\/wp-content\/uploads\/2015\/12\/wasabi1.jpg?fit=600%2C600&resize=350%2C200","width":350,"height":200},"classes":[]},{"id":6163,"url":"http:\/\/www.passionfruits.fr\/index.php\/produit\/tapenade-caviar-daubergines-le-pot\/","url_meta":{"origin":5377,"position":4},"title":"Tapenade - Caviar d'aubergines verrine 90g","date":"7 d\u00e9cembre 2015","format":false,"excerpt":"\u00a0 Ingr\u00e9dients : aubergines grill\u00e9es 61%, huile de tournesol, olives noires, huile d'olive, ail, sel, jus de citron concentr\u00e9, poivre. Sans conservateur, sans OGM Valeurs nutritionnelles moyennes pour 100 g Energie : 1191kj\/289kcal Mati\u00e8res grasses : 30 g dont acides gras satur\u00e9s : 3.6g Glucides : 3.6g dont sucres 2.3g\u2026","rel":"","context":"Article similaire","img":{"alt_text":"","src":"https:\/\/i0.wp.com\/www.passionfruits.fr\/wp-content\/uploads\/2015\/12\/caviar-d-aubergines.jpg?fit=458%2C458&resize=350%2C200","width":350,"height":200},"classes":[]},{"id":18315,"url":"http:\/\/www.passionfruits.fr\/index.php\/produit\/tortellinis-aux-legumes-grilles-barquettes-250-gr\/","url_meta":{"origin":5377,"position":5},"title":"TORTELLINIS AUX LEGUMES GRILLES Barquettes 250 Gr","date":"16 septembre 2021","format":false,"excerpt":".Ingr\u00e9dients : Ingr\u00e9dients de la p\u00e2te : farine de bl\u00e9 tendre, semoule de bl\u00e9 dur, \u0153ufs (11,2% sur le produit fini), eau. Ingr\u00e9dients de la garniture : Ricotta (lactos\u00e9rum, cr\u00e8me de lait), chapelure (farine de bl\u00e9 tendre, eau, sel), huile de graines de tournesol, lactos\u00e9rum, flocons de pomme de terre,\u2026","rel":"","context":"Article similaire","img":{"alt_text":"","src":"https:\/\/i1.wp.com\/www.passionfruits.fr\/wp-content\/uploads\/2021\/09\/tore4_1_1_1.jpg?fit=600%2C600&resize=350%2C200","width":350,"height":200},"classes":[]}],"_links":{"self":[{"href":"http:\/\/www.passionfruits.fr\/index.php\/wp-json\/wp\/v2\/product\/5377"}],"collection":[{"href":"http:\/\/www.passionfruits.fr\/index.php\/wp-json\/wp\/v2\/product"}],"about":[{"href":"http:\/\/www.passionfruits.fr\/index.php\/wp-json\/wp\/v2\/types\/product"}],"replies":[{"embeddable":true,"href":"http:\/\/www.passionfruits.fr\/index.php\/wp-json\/wp\/v2\/comments?post=5377"}],"wp:featuredmedia":[{"embeddable":true,"href":"http:\/\/www.passionfruits.fr\/index.php\/wp-json\/wp\/v2\/media\/8377"}],"wp:attachment":[{"href":"http:\/\/www.passionfruits.fr\/index.php\/wp-json\/wp\/v2\/media?parent=5377"}],"curies":[{"name":"wp","href":"https:\/\/api.w.org\/{rel}","templated":true}]}}