{"id":5379,"date":"2015-12-07T11:31:25","date_gmt":"2015-12-07T10:31:25","guid":{"rendered":"http:\/\/www.andreclaude.fr\/web\/index.php\/produit\/noix-de-cajou-barq-200-g\/"},"modified":"2026-03-13T18:02:46","modified_gmt":"2026-03-13T17:02:46","slug":"noix-de-cajou-barq-200-g","status":"publish","type":"product","link":"http:\/\/www.passionfruits.fr\/index.php\/produit\/noix-de-cajou-barq-200-g\/","title":{"rendered":"Noix de cajou barquette 200 g environ"},"content":{"rendered":"<p>Distribu\u00e9 par<\/p>\n<p>Agidra<\/p>\n<p>BP 156<\/p>\n<p>69801 SAINT PRIEST<\/p>\n","protected":false},"excerpt":{"rendered":"<p>Originaire du Br\u00e9sil, cette petite noix en forme de rein est un tr\u00e9sor pour notre sant\u00e9\u2026<\/p>\n<p>Conditionn\u00e9 en barquette refermable \u00e0 volont\u00e9 pour garder toute sa saveur.<\/p>\n<p>Ingr\u00e9dients: Noix de cajou, huiles de tournesol et de palme, sel.<br \/>\nTraces possibles d&#8217;arachides, de s\u00e9same et de sulfites.<\/p>\n<p>Valeurs \u00e9nerg\u00e9tiques et nutritionnelles moyennes pour 100g :<\/p>\n<p>Energie 2594kJ\/ 625kcal<br \/>\nGraisses 47.8g dont acides gras satur\u00e9s 8.5g<br \/>\nGlucides 30.2g dont sucres 5.0g<br \/>\nProt\u00e9ines 16.8g<br \/>\nSel 1.0g<\/p>\n","protected":false},"featured_media":7613,"comment_status":"closed","ping_status":"closed","template":"","meta":{"spay_email":"","jetpack_publicize_message":"","jetpack_is_tweetstorm":false},"jetpack_publicize_connections":[],"jetpack_sharing_enabled":true,"jetpack-related-posts":[{"id":8366,"url":"http:\/\/www.passionfruits.fr\/index.php\/produit\/melange-exotique-barquette-200g-environ\/","url_meta":{"origin":5379,"position":0},"title":"M\u00e9lange exotique barquette 250g environ","date":"8 mars 2016","format":false,"excerpt":"M\u00e9lange de\u00a0 fruits secs et de fruits d\u00e9shydrat\u00e9s\u00a0: Conditionn\u00e9 en barquette refermable \u00e0 volont\u00e9 pour garder toute sa saveur. Ingr\u00e9dients :Ingr\u00e9dients : raisin sec golden (raisin, huile de tournesol, conservateur : anhydride sulfureux), papaye d\u00e9shydrat\u00e9e en cubes (papaye, sucre, conservateur : anhydride sulfureux), ananas d\u00e9shydrat\u00e9 en cubes (ananas, sucre, acidifiant\u2026","rel":"","context":"Article similaire","img":{"alt_text":"","src":"https:\/\/i2.wp.com\/www.passionfruits.fr\/wp-content\/uploads\/2016\/03\/Melange-Exotique.jpg?fit=601%2C600&resize=350%2C200","width":350,"height":200},"classes":[]},{"id":5372,"url":"http:\/\/www.passionfruits.fr\/index.php\/produit\/cerneau-de-noix-barq-130grs\/","url_meta":{"origin":5379,"position":1},"title":"Cerneau de noix France Cat 1 le sachet de 130grs","date":"7 d\u00e9cembre 2015","format":false,"excerpt":"Les cerneaux de noix agr\u00e9menteront \u00e0 merveille vos salades, se marient tr\u00e8s bien avec les endives ou sur un plateau de fromage. Conditionn\u00e9 en barquette refermable \u00e0 volont\u00e9 pour garder toute sa saveur.","rel":"","context":"Article similaire","img":{"alt_text":"","src":"https:\/\/i0.wp.com\/www.passionfruits.fr\/wp-content\/uploads\/2015\/12\/cerneaux-de-noix.jpg?fit=600%2C600&resize=350%2C200","width":350,"height":200},"classes":[]},{"id":11081,"url":"http:\/\/www.passionfruits.fr\/index.php\/produit\/bananes-chips-deshydratees-barq-env-200-grs\/","url_meta":{"origin":5379,"position":2},"title":"Bananes chips d\u00e9shydrat\u00e9es barq. env. 200 grs","date":"18 septembre 2017","format":false,"excerpt":"Conditionn\u00e9e en barquette refermable \u00e0 volont\u00e9 pour garder toute sa saveur. BANANE CHIPS Ingr\u00e9dient: banane, huile de noix de coco,sucre, miel, ar\u00f4me de banane. Origine :Philippines Valeurs \u00e9nerg\u00e9tiques et nutritionnelles moyennes pour 100g Energie : 2125kj\/509kcal Mati\u00e8res grasses : 29g dont acides gras satur\u00e9s : 25g Glucides : 58g dont\u2026","rel":"","context":"Article similaire","img":{"alt_text":"","src":"https:\/\/i0.wp.com\/www.passionfruits.fr\/wp-content\/uploads\/2017\/09\/banane-sechee.jpeg?fit=500%2C500&resize=350%2C200","width":350,"height":200},"classes":[]},{"id":5064,"url":"http:\/\/www.passionfruits.fr\/index.php\/produit\/noix-seche-les-500-grs\/","url_meta":{"origin":5379,"position":3},"title":"Noix s\u00e8che   France Cat 1 les 500 grs","date":"7 d\u00e9cembre 2015","format":false,"excerpt":"Petit conseil : pour qu'elles gardent toutes leurs saveurs et leurs qualit\u00e9s nutritionnelles, comment faut-il conserver les noix lorsqu'elles sont fra\u00eeches ou s\u00e8ches ? \u2022 Les noix fra\u00eeches, que l'on r\u00e9colte entre la mi-septembre et le d\u00e9but novembre\u00a0 peuvent se conserver plusieurs semaines \u00e0 l'abri de la chaleur et de\u2026","rel":"","context":"Article similaire","img":{"alt_text":"","src":"https:\/\/i0.wp.com\/www.passionfruits.fr\/wp-content\/uploads\/2015\/12\/noixseche.jpg?fit=401%2C299&resize=350%2C200","width":350,"height":200},"classes":[]},{"id":18327,"url":"http:\/\/www.passionfruits.fr\/index.php\/produit\/flutes-au-fromage-barquette-de-125-gr\/","url_meta":{"origin":5379,"position":4},"title":"Fl\u00fbtes au fromage barquette de 125 Gr","date":"16 septembre 2021","format":false,"excerpt":"Ingr\u00e9dients : Farine de bl\u00e9, beurre 23%, fromage 10%, levure, sel, lait \u00e9cr\u00e9m\u00e9 en poudre, farine de malt d'orge. Peut contenir des traces de s\u00e9same. Valeurs nutritionnelles moyennes pour 100 grs Energie 1992 kj-475 kcal Mati\u00e8res grasses 21.0 g Dont acides gras satur\u00e9s 15.0 g Glucides 58.0 g Dont sucres\u2026","rel":"","context":"Article similaire","img":{"alt_text":"","src":"https:\/\/i0.wp.com\/www.passionfruits.fr\/wp-content\/uploads\/2021\/09\/f_tes_au_fromage_2019_copier_copier_.jpg?fit=600%2C600&resize=350%2C200","width":350,"height":200},"classes":[]},{"id":9242,"url":"http:\/\/www.passionfruits.fr\/index.php\/produit\/melange-sambahia-barquette-150-g-environ\/","url_meta":{"origin":5379,"position":5},"title":"M\u00e9lange sambahia barquette 150 g environ","date":"20 ao\u00fbt 2016","format":false,"excerpt":"M\u00e9lange d'arachides enrob\u00e9es et de biscuits souffl\u00e9s au riz. Conditionn\u00e9 en barquette refermable \u00e0 volont\u00e9 pour garder toute sa saveur. Ingr\u00e9dients: Riz 33%, arachides 17%, farine de bl\u00e9,sucre, huile vegetales (palm, tournesol), amidon modifi\u00e9 de ma\u00efs et de tapioca, sauce soja (eau,soja,bl\u00e9,sel), sel, assaisonnement aromtis\u00e9 (maltodextrine, sel, oignon, ail, sucre,\u2026","rel":"","context":"Article similaire","img":{"alt_text":"","src":"https:\/\/i1.wp.com\/www.passionfruits.fr\/wp-content\/uploads\/2016\/08\/Melange-sambahia.jpg?fit=600%2C600&resize=350%2C200","width":350,"height":200},"classes":[]}],"_links":{"self":[{"href":"http:\/\/www.passionfruits.fr\/index.php\/wp-json\/wp\/v2\/product\/5379"}],"collection":[{"href":"http:\/\/www.passionfruits.fr\/index.php\/wp-json\/wp\/v2\/product"}],"about":[{"href":"http:\/\/www.passionfruits.fr\/index.php\/wp-json\/wp\/v2\/types\/product"}],"replies":[{"embeddable":true,"href":"http:\/\/www.passionfruits.fr\/index.php\/wp-json\/wp\/v2\/comments?post=5379"}],"wp:featuredmedia":[{"embeddable":true,"href":"http:\/\/www.passionfruits.fr\/index.php\/wp-json\/wp\/v2\/media\/7613"}],"wp:attachment":[{"href":"http:\/\/www.passionfruits.fr\/index.php\/wp-json\/wp\/v2\/media?parent=5379"}],"curies":[{"name":"wp","href":"https:\/\/api.w.org\/{rel}","templated":true}]}}