{"id":5401,"date":"2015-12-07T11:31:39","date_gmt":"2015-12-07T10:31:39","guid":{"rendered":"http:\/\/www.andreclaude.fr\/web\/index.php\/produit\/vendanges-tardives-jean-baptiste-adam\/"},"modified":"2018-10-10T09:42:23","modified_gmt":"2018-10-10T08:42:23","slug":"vendanges-tardives-jean-baptiste-adam","status":"publish","type":"product","link":"http:\/\/www.passionfruits.fr\/index.php\/produit\/vendanges-tardives-jean-baptiste-adam\/","title":{"rendered":"Vendanges tardives Jean Baptiste Adam 75 cl 2011"},"content":{"rendered":"","protected":false},"excerpt":{"rendered":"<p>Vin blanc moelleux. Certaines caves puisent les racines de leur identit\u00e9 au plus profond de l\u2019histoire. Rares sont celles qui en plus peuvent se pr\u00e9valoir de quatre si\u00e8cles de passion et de tradition.<\/p>\n<p>\u00c9lev\u00e9s dans le respect des traditions familiales, ces vins expriment avec typicit\u00e9, la fra\u00eecheur et le fruit\u00e9 d\u00e9licat du c\u00e9page. Dans leur jeunesse, appr\u00e9ciez-les avec de la cuisine vari\u00e9e et des plats de terroir.<\/p>\n<p>Alcool 12,5 % Contient des sulfites.<\/p>\n<p>Adam 5 rue de l\u2019aigle 68770 Ammerschwihr.<\/p>\n<p>La consommation de boissons alcoolis\u00e9es pendant la grossesse, m\u00eame en faible quantit\u00e9, peut avoir des cons\u00e9quences graves sur la sant\u00e9 de l\u2019enfant.<\/p>\n<p>LA VENTE D ALCOOL EST INTERDITE AUX MINEURS.<\/p>\n<p>L ABUS D ALCOOL EST DANGEREUX POUR LA SANTE. A CONSOMMER AVEC MODERATION.<\/p>\n<p>&nbsp;<\/p>\n<p>&nbsp;<\/p>\n","protected":false},"featured_media":7325,"comment_status":"closed","ping_status":"closed","template":"","meta":{"spay_email":"","jetpack_publicize_message":"","jetpack_is_tweetstorm":false},"jetpack_publicize_connections":[],"jetpack_sharing_enabled":true,"jetpack-related-posts":[{"id":5398,"url":"http:\/\/www.passionfruits.fr\/index.php\/produit\/riesling-jean-baptiste-adam\/","url_meta":{"origin":5401,"position":0},"title":"Riesling","date":"7 d\u00e9cembre 2015","format":false,"excerpt":"Certaines caves puisent les racines de leur identit\u00e9 au plus profond de l\u2019histoire. Rares sont celles qui en plus peuvent se pr\u00e9valoir de quatre si\u00e8cles de passion et de tradition. \u00c9lev\u00e9s dans le respect des traditions familiales, ces vins expriment avec typicit\u00e9, la fra\u00eecheur et le fruit\u00e9 d\u00e9licat du c\u00e9page.\u2026","rel":"","context":"Article similaire","img":{"alt_text":"","src":"https:\/\/i0.wp.com\/www.passionfruits.fr\/wp-content\/uploads\/2015\/12\/riesling-reserve-2015.jpg?fit=600%2C600&resize=350%2C200","width":350,"height":200},"classes":[]},{"id":5399,"url":"http:\/\/www.passionfruits.fr\/index.php\/produit\/gewurztraminer-jean-baptiste-adam\/","url_meta":{"origin":5401,"position":1},"title":"Gewurztraminer","date":"7 d\u00e9cembre 2015","format":false,"excerpt":"Certaines caves puisent les racines de leur identit\u00e9 au plus profond de l\u2019histoire. Rares sont celles qui en plus peuvent se pr\u00e9valoir de quatre si\u00e8cles de passion et de tradition. \u00c9lev\u00e9s dans le respect des traditions familiales, ces vins expriment avec typicit\u00e9, la fra\u00eecheur et le fruit\u00e9 d\u00e9licat du c\u00e9page.\u2026","rel":"","context":"Article similaire","img":{"alt_text":"","src":"https:\/\/i0.wp.com\/www.passionfruits.fr\/wp-content\/uploads\/2015\/12\/gewurztramine.png?fit=600%2C600&resize=350%2C200","width":350,"height":200},"classes":[]},{"id":17660,"url":"http:\/\/www.passionfruits.fr\/index.php\/produit\/vin-dhiver-bouteille-75-cl\/","url_meta":{"origin":5401,"position":2},"title":"Vin d'hiver bouteille 75 cl","date":"8 mars 2021","format":false,"excerpt":"Vin d'hiver\u00a0 75cl - 12% SUGGESTION DE CONSOMMATION En boisson froide\u00a0A savourer bien frais \u00e0 l'ap\u00e9ritif En boisson chaude A d\u00e9guster en vin chaud Retrouvez toute la tradition des vins de f\u00eate et autres \" vins de no\u00ebl \" aux \u00e9pices et agrumes (orange, cannelle, girofle\u2026). Notes de d\u00e9gustation Son\u2026","rel":"","context":"Article similaire","img":{"alt_text":"","src":"https:\/\/i1.wp.com\/www.passionfruits.fr\/wp-content\/uploads\/2021\/03\/vin-d-hiver.jpg?fit=600%2C600&resize=350%2C200","width":350,"height":200},"classes":[]},{"id":5410,"url":"http:\/\/www.passionfruits.fr\/index.php\/produit\/muscat-de-rivesaltes-bouteille-75-cl\/","url_meta":{"origin":5401,"position":3},"title":"Muscat de Rivesaltes bouteille 75 cl","date":"7 d\u00e9cembre 2015","format":false,"excerpt":"Vins Doux Naturels Tr\u00e9sors du Roussillon : Les Vins Doux Naturels sont des purs produits de tradition cr\u00e9\u00e9s en Roussillon. Ces vins g\u00e9n\u00e9reux sont \u00e9labor\u00e9s \u00e0 partir d\u2019un enc\u00e9pagement limit\u00e9 aux c\u00e9pages \u00ab nobles \u00bb : Grenache, Macabeu, Malvoisie du Roussillon et Muscats. la cave des Vignerons des C\u00f4tes d\u2019Agly\u2026","rel":"","context":"Article similaire","img":{"alt_text":"","src":"https:\/\/i0.wp.com\/www.passionfruits.fr\/wp-content\/uploads\/2015\/12\/Muscat-.jpg?fit=600%2C600&resize=350%2C200","width":350,"height":200},"classes":[]},{"id":5478,"url":"http:\/\/www.passionfruits.fr\/index.php\/produit\/petit-chablis-37-5-cl\/","url_meta":{"origin":5401,"position":4},"title":"Bourgogne Aligot\u00e9 37,5 cl 2022","date":"7 d\u00e9cembre 2015","format":false,"excerpt":"Petit chablis la Chablisienne. C\u2019est le vin \u00e0 essayer pour d\u00e9couvrir cette appellation\u00a0: moins complexe qu'un Chablis, plus facile et agr\u00e9able \u00e0 d\u00e9guster... Textur\u00e9, \u00e9l\u00e9gant, simple et typ\u00e9, ce vin s\u00e9duit sans d\u00e9tour par sa min\u00e9ralit\u00e9 rafra\u00eechissante et ses ar\u00f4mes d'agrumes et de fleurs. Un chardonnay made in Chablis dans\u2026","rel":"","context":"Article similaire","img":{"alt_text":"","src":"https:\/\/i1.wp.com\/www.passionfruits.fr\/wp-content\/uploads\/2015\/12\/Petit-chablis.jpg?fit=600%2C600&resize=350%2C200","width":350,"height":200},"classes":[]},{"id":5459,"url":"http:\/\/www.passionfruits.fr\/index.php\/produit\/chateau-tournefeuille-150cl-2009\/","url_meta":{"origin":5401,"position":5},"title":"Ch\u00e2teau tournefeuille 150cl 2022","date":"7 d\u00e9cembre 2015","format":false,"excerpt":"Les 17 hectares qui composent le vignoble du Ch\u00e2teau TOURNEFEUILLE appartiennent \u00e0 l\u2019appellation Lalande de Pomerol. Admirablement situ\u00e9 sur un \u00e9peron argilo-graveleux unique de la commune de N\u00e9ac face aux plus grands terroirs de Pomerol, le vignoble du Ch\u00e2teau TOURNEFEUILLE s\u2019\u00e9tend sur 17 hectares de vignes, rassembl\u00e9s autour du ch\u00e2teau\u2026","rel":"","context":"Article similaire","img":{"alt_text":"","src":"https:\/\/i2.wp.com\/www.passionfruits.fr\/wp-content\/uploads\/2015\/12\/tournefeuille.jpg?fit=570%2C620&resize=350%2C200","width":350,"height":200},"classes":[]}],"_links":{"self":[{"href":"http:\/\/www.passionfruits.fr\/index.php\/wp-json\/wp\/v2\/product\/5401"}],"collection":[{"href":"http:\/\/www.passionfruits.fr\/index.php\/wp-json\/wp\/v2\/product"}],"about":[{"href":"http:\/\/www.passionfruits.fr\/index.php\/wp-json\/wp\/v2\/types\/product"}],"replies":[{"embeddable":true,"href":"http:\/\/www.passionfruits.fr\/index.php\/wp-json\/wp\/v2\/comments?post=5401"}],"wp:featuredmedia":[{"embeddable":true,"href":"http:\/\/www.passionfruits.fr\/index.php\/wp-json\/wp\/v2\/media\/7325"}],"wp:attachment":[{"href":"http:\/\/www.passionfruits.fr\/index.php\/wp-json\/wp\/v2\/media?parent=5401"}],"curies":[{"name":"wp","href":"https:\/\/api.w.org\/{rel}","templated":true}]}}