{"id":5408,"date":"2015-12-07T11:31:39","date_gmt":"2015-12-07T10:31:39","guid":{"rendered":"http:\/\/www.andreclaude.fr\/web\/index.php\/produit\/chateau-de-laubade-xo-elie-70-cl\/"},"modified":"2022-11-15T11:48:00","modified_gmt":"2022-11-15T10:48:00","slug":"chateau-de-laubade-xo-elie-70-cl","status":"publish","type":"product","link":"http:\/\/www.passionfruits.fr\/index.php\/produit\/chateau-de-laubade-xo-elie-70-cl\/","title":{"rendered":"Armagnac XO Ch\u00e2teau du Tariquet 70 CL"},"content":{"rendered":"","protected":false},"excerpt":{"rendered":"<p><span class=\"text-soustitre-produit\">Commentaire de d\u00e9gustation :<\/span><br \/>\n<span class=\"text-geneva-normal\">R\u00e9f\u00e9rence internationale\u2026 XO<br \/>\nNez intense, confit, aux ar\u00f4mes de pain chaud avec des notes de fruits confits et de grill\u00e9. La bouche est fra\u00eeche et ronde, souple, t\u00e9moin d\u2019un subtil mariage entre le vanill\u00e9 du bois et le fruit. La finale est \u00e9panouie, elle retient des senteurs pleines de fruits secs et de grill\u00e9..<\/span><\/p>\n<p>Alcool 40\u00b0<\/p>\n<p>&nbsp;<\/p>\n<p>La consommation de boissons alcoolis\u00e9es pendant la grossesse, m\u00eame en faible quantit\u00e9, peut avoir des cons\u00e9quences graves sur la sant\u00e9 de l\u2019enfant.<\/p>\n<p>L ABUS D ALCOOL EST DANGEREUX POUR LA SANTE. A CONSOMMER AVEC MODERATION.<\/p>\n<p>LA VENTE D ALCOOL EST INTERDITE AUX MINEURS.<\/p>\n<p>Domaine du Tariquet 32800 Eauze<\/p>\n","protected":false},"featured_media":13151,"comment_status":"closed","ping_status":"closed","template":"","meta":{"spay_email":"","jetpack_publicize_message":"","jetpack_is_tweetstorm":false},"jetpack_publicize_connections":[],"jetpack_sharing_enabled":true,"jetpack-related-posts":[{"id":5576,"url":"http:\/\/www.passionfruits.fr\/index.php\/produit\/domaine-du-tariquet-rose-2013\/","url_meta":{"origin":5408,"position":0},"title":"Domaine du Tariquet ros\u00e9 75 cl 2024","date":"7 d\u00e9cembre 2015","format":false,"excerpt":"35.40 \u20ac le carton de 6 bouteilles soit 5.90 \u20ac la bouteille \u00a0 Une robe grenadine, un nez intense et subtil, sur des notes d'\u00e9pices douces \u00e9voluant franchement vers un duo gourmand de framboise sauvages et de p\u00e9tales de fleurs. L'attaque en bouche est opulente, fra\u00eeche\u2026 Le fruit est gourmand,\u2026","rel":"","context":"Article similaire","img":{"alt_text":"","src":"https:\/\/i2.wp.com\/www.passionfruits.fr\/wp-content\/uploads\/2015\/12\/tariquet-rose.jpg?fit=600%2C600&resize=350%2C200","width":350,"height":200},"classes":[]},{"id":5574,"url":"http:\/\/www.passionfruits.fr\/index.php\/produit\/domaine-du-tariquet-ugni-blanc-2013\/","url_meta":{"origin":5408,"position":1},"title":"Domaine du Tariquet Ugni Blanc 75 cl 2021","date":"7 d\u00e9cembre 2015","format":false,"excerpt":"35.70 \u20ac le carton de 6 bouteilles soit 5.95 \u20ac la bouteille \u00a0 Magnifique intensit\u00e9 pour ce vin sec et fruit\u00e9, tr\u00e8s ouvert sur des ar\u00f4mes floraux, d'agrumes, dot\u00e9 de belles nuances exotiques. Un vin tonique, croquant, avec beaucoup de fra\u00eecheur en bouche. C\u2019est un vin qui \u00f4te la soif.\u2026","rel":"","context":"Article similaire","img":{"alt_text":"","src":"https:\/\/i0.wp.com\/www.passionfruits.fr\/wp-content\/uploads\/2015\/12\/domaine-de-tariquet-classic-2010-ugni-blanc-colombard.jpg?fit=600%2C600&resize=350%2C200","width":350,"height":200},"classes":[]},{"id":5578,"url":"http:\/\/www.passionfruits.fr\/index.php\/produit\/domaine-du-tariquet-1eres-grives-2012\/","url_meta":{"origin":5408,"position":2},"title":"Domaine du Tariquet premi\u00e8res Grives 75 cl 2023","date":"7 d\u00e9cembre 2015","format":false,"excerpt":"A l'arriv\u00e9e des premi\u00e8res grives, lors des premiers frimas de l'automne, d\u00e9bute la r\u00e9colte des c\u00e9pages tardifs. De ces grappes \u00e0 la maturit\u00e9 avanc\u00e9e encore garnie de grains gorg\u00e9s de sucre et de plaisir est issu un vin fin, \u00e9l\u00e9gant et typ\u00e9. Le caract\u00e8re est exotique et gourmand. La bouche\u2026","rel":"","context":"Article similaire","img":{"alt_text":"","src":"https:\/\/i2.wp.com\/www.passionfruits.fr\/wp-content\/uploads\/2015\/12\/tariquet-premieres.jpg?fit=600%2C600&resize=350%2C200","width":350,"height":200},"classes":[]},{"id":17658,"url":"http:\/\/www.passionfruits.fr\/index.php\/produit\/pure-folle-blanche-armagnac-bouteille-50cl-2020\/","url_meta":{"origin":5408,"position":3},"title":"Pure Folle Blanche Armagnac bouteille 50cl 2020","date":"8 mars 2021","format":false,"excerpt":"Armagnac Pure Folle Blanche non vieilli distill\u00e9 en 2020 46% Domaine du Tariquet 32800 Eauze La consommation de boissons alcoolis\u00e9es pendant la grossesse, m\u00eame en faible quantit\u00e9, peut avoir des cons\u00e9quences graves sur la sant\u00e9 de l\u2019enfant. L ABUS D ALCOOL EST DANGEREUX POUR LA SANTE. A CONSOMMER AVEC MODERATION.\u2026","rel":"","context":"Article similaire","img":{"alt_text":"","src":"https:\/\/i2.wp.com\/www.passionfruits.fr\/wp-content\/uploads\/2021\/03\/Blanche-Armagnac.jpg?fit=600%2C600&resize=350%2C200","width":350,"height":200},"classes":[]},{"id":5538,"url":"http:\/\/www.passionfruits.fr\/index.php\/produit\/porto-tawny-ramos-pinto\/","url_meta":{"origin":5408,"position":4},"title":"Porto tawny Burmester la bouteille de 70 cl","date":"7 d\u00e9cembre 2015","format":false,"excerpt":"Un Porto d\u2019une belle couleur brune brillante avec un nez plein aux ar\u00f4mes de fruits m\u00fbrs compl\u00e9t\u00e9s par de subtiles et s\u00e9ductrices nuances vanill\u00e9es. Au palais, le fruit prend toute son ampleur dans une fra\u00eecheur irr\u00e9sistible et un velout\u00e9 tr\u00e8s agr\u00e9able. A servir bien frais \u00e0 l\u2019ap\u00e9ritif et pour accompagner\u2026","rel":"","context":"Article similaire","img":{"alt_text":"","src":"https:\/\/i2.wp.com\/www.passionfruits.fr\/wp-content\/uploads\/2015\/12\/porto-tawny-burmester.jpg?fit=600%2C600&resize=350%2C200","width":350,"height":200},"classes":[]},{"id":5570,"url":"http:\/\/www.passionfruits.fr\/index.php\/produit\/buzet-baron-dardeuil-150cl-2009\/","url_meta":{"origin":5408,"position":5},"title":"Buzet Baron D' Ardeuil rouge 150 cl 2017","date":"7 d\u00e9cembre 2015","format":false,"excerpt":"Buzet baron d'ardeuil vieilles vignes rouge. Accord: magret de canard grill\u00e9 et sa po\u00eal\u00e9e de c\u00e8pes, c\u00f4te de b\u0153uf grill\u00e9e, tournedos Rossini, r\u00f4ti de veau\u00a0 sauce foresti\u00e8res, cassoulet, b\u0153uf bourguignon, blanquette de veau,\u00a0 confit de canard et tous les fromages. Alcool 14 % Contient des sulfites. La consommation de boissons\u2026","rel":"","context":"Article similaire","img":{"alt_text":"","src":"https:\/\/i2.wp.com\/www.passionfruits.fr\/wp-content\/uploads\/2015\/12\/buzet.jpg?fit=600%2C600&resize=350%2C200","width":350,"height":200},"classes":[]}],"_links":{"self":[{"href":"http:\/\/www.passionfruits.fr\/index.php\/wp-json\/wp\/v2\/product\/5408"}],"collection":[{"href":"http:\/\/www.passionfruits.fr\/index.php\/wp-json\/wp\/v2\/product"}],"about":[{"href":"http:\/\/www.passionfruits.fr\/index.php\/wp-json\/wp\/v2\/types\/product"}],"replies":[{"embeddable":true,"href":"http:\/\/www.passionfruits.fr\/index.php\/wp-json\/wp\/v2\/comments?post=5408"}],"wp:featuredmedia":[{"embeddable":true,"href":"http:\/\/www.passionfruits.fr\/index.php\/wp-json\/wp\/v2\/media\/13151"}],"wp:attachment":[{"href":"http:\/\/www.passionfruits.fr\/index.php\/wp-json\/wp\/v2\/media?parent=5408"}],"curies":[{"name":"wp","href":"https:\/\/api.w.org\/{rel}","templated":true}]}}