{"id":5420,"date":"2015-12-07T11:31:48","date_gmt":"2015-12-07T10:31:48","guid":{"rendered":"http:\/\/www.andreclaude.fr\/web\/index.php\/produit\/chateau-des-jacques-moulin-a-vent-2010\/"},"modified":"2026-02-10T16:26:10","modified_gmt":"2026-02-10T15:26:10","slug":"chateau-des-jacques-moulin-a-vent-2022","status":"publish","type":"product","link":"http:\/\/www.passionfruits.fr\/index.php\/produit\/chateau-des-jacques-moulin-a-vent-2022\/","title":{"rendered":"L.J. Ch\u00e2teau des Jacques Moulin-\u00e0-Vent 75 cl 2022"},"content":{"rendered":"","protected":false},"excerpt":{"rendered":"<p>Louis Jadot. Le Moulin-\u00e0-Vent est un vin structur\u00e9, charpent\u00e9, charnu, particuli\u00e8rement velout\u00e9 et tendre en bouche. Avec sa robe rubis fonc\u00e9, il d\u00e9gage des ar\u00f4mes d&#8217;iris, de roses fan\u00e9es, d&#8217;\u00e9pices et de fruits murs. Il peut s&#8217;appr\u00e9cier jeune avec des viandes rouges ou blanches et avec des plats plus cors\u00e9s (gibier) apr\u00e8s quelques ann\u00e9es de garde.<\/p>\n<p>Alcool 13 % Contient des sulfites.<\/p>\n<p>Louis Jadot <span class=\"LrzXr\">Route de Savigny, 21200 Beaune.<\/span><\/p>\n<p>La consommation de boissons alcoolis\u00e9es pendant la grossesse, m\u00eame en faible quantit\u00e9, peut avoir des cons\u00e9quences graves sur la sant\u00e9 de l\u2019enfant.<\/p>\n<p>LA VENTE D ALCOOL EST INTERDITE AUX MINEURS.<\/p>\n<p>L ABUS D ALCOOL EST DANGEREUX POUR LA SANTE. A CONSOMMER AVEC MODERATION.<\/p>\n<p>&nbsp;<\/p>\n<p>&nbsp;<\/p>\n","protected":false},"featured_media":14659,"comment_status":"closed","ping_status":"closed","template":"","meta":{"spay_email":"","jetpack_publicize_message":"","jetpack_is_tweetstorm":false},"jetpack_publicize_connections":[],"jetpack_sharing_enabled":true,"jetpack-related-posts":[{"id":5638,"url":"http:\/\/www.passionfruits.fr\/index.php\/produit\/cotes-de-nuits-blanc-150-cl-2005\/","url_meta":{"origin":5420,"position":0},"title":"L.J. Ch\u00e2teau des Jacques Moulin-\u00e0-Vent 150 cl 2022","date":"7 d\u00e9cembre 2015","format":false,"excerpt":"Louis Jadot. Le Moulin-\u00e0-Vent est un vin structur\u00e9, charpent\u00e9, charnu, particuli\u00e8rement velout\u00e9 et tendre en bouche. Avec sa robe rubis fonc\u00e9, il d\u00e9gage des ar\u00f4mes d'iris, de roses fan\u00e9es, d'\u00e9pices et de fruits murs. Il peut s'appr\u00e9cier jeune avec des viandes rouges ou blanches et avec des plats plus cors\u00e9s\u2026","rel":"","context":"Article similaire","img":{"alt_text":"","src":"https:\/\/i2.wp.com\/www.passionfruits.fr\/wp-content\/uploads\/2015\/12\/jacques_moulin_vent.jpg?fit=600%2C600&resize=350%2C200","width":350,"height":200},"classes":[]},{"id":5476,"url":"http:\/\/www.passionfruits.fr\/index.php\/produit\/chassagne-montrachet-1er-cru-2000\/","url_meta":{"origin":5420,"position":1},"title":"L.J. Chassagne montrachet 1er cru 75 cl 2015","date":"7 d\u00e9cembre 2015","format":false,"excerpt":"Il se mariera tr\u00e8s bien avec des plats sophistiqu\u00e9s comme la viande blanche ou des volailles en sauce \u00e0 la cr\u00e8me, des coquillages. Alcool 13 % Contient des sulfites. Maison Louis Jadot Route de Savigny, 21200 Beaune La consommation de boissons alcoolis\u00e9es pendant la grossesse, m\u00eame en faible quantit\u00e9, peut\u2026","rel":"","context":"Article similaire","img":{"alt_text":"","src":"https:\/\/i0.wp.com\/www.passionfruits.fr\/wp-content\/uploads\/2015\/12\/Chassagne.jpg?fit=939%2C712&resize=350%2C200","width":350,"height":200},"classes":[]},{"id":5890,"url":"http:\/\/www.passionfruits.fr\/index.php\/produit\/bourgogne-couvent-des-jacobins-150-cl-2010\/","url_meta":{"origin":5420,"position":2},"title":"L.J. Bourgogne Couvent des Jacobins 150 cl 2022","date":"7 d\u00e9cembre 2015","format":false,"excerpt":"Il pourra \u00eatre servi assez frais dans sa jeunesse en accompagnement de viandes rouges grill\u00e9es ou r\u00f4ties. Apr\u00e8s deux ans, il demandera des plats plus sophistiqu\u00e9s comme des gibiers l\u00e9gers et des fromages \u00e0 p\u00e2te molle. Alcool 13% Contient des sulfites. Maison Louis Jadot Route de Savigny, 21200 Beaune La\u2026","rel":"","context":"Article similaire","img":{"alt_text":"","src":"https:\/\/i2.wp.com\/www.passionfruits.fr\/wp-content\/uploads\/2015\/12\/BOURGOGNE-COUVENT-ROUGE-.jpg?fit=600%2C600&resize=350%2C200","width":350,"height":200},"classes":[]},{"id":19405,"url":"http:\/\/www.passionfruits.fr\/index.php\/produit\/l-j-mercurey-la-bouteille-75-cl-2022\/","url_meta":{"origin":5420,"position":3},"title":"L.J. Mercurey la bouteille 75 cl 2022","date":"18 mai 2023","format":false,"excerpt":"La r\u00e9colte est manuelle en petite caisse afin de pr\u00e9server l'int\u00e9grit\u00e9 du fruit. Les raisins sont ensuite tri\u00e9s soigneusement \u00e0 la main puis \u00e9grapp\u00e9s. La mac\u00e9ration des raisins a lieu en cuve ouverte en bois ou en inox pendant 3 semaines \u00e0 4 semaines. Les cuves sont pig\u00e9es 2 fois\u2026","rel":"","context":"Article similaire","img":{"alt_text":"","src":"https:\/\/i0.wp.com\/www.passionfruits.fr\/wp-content\/uploads\/2023\/05\/mercurey.jpg?fit=600%2C600&resize=350%2C200","width":350,"height":200},"classes":[]},{"id":14433,"url":"http:\/\/www.passionfruits.fr\/index.php\/produit\/l-j-givry-75-cl-2023\/","url_meta":{"origin":5420,"position":4},"title":"L.J. Givry 75 cl 2023","date":"25 septembre 2019","format":false,"excerpt":"La C\u00f4te Chalonnaise est situ\u00e9e dans la continuit\u00e9 de la C\u00f4te de Beaune, au Sud de Santenay. Il y a cinq appellations en C\u00f4te Chalonnaise : Aligot\u00e9 de Bouzeron, Rully, Mercurey, Givry et Montagny. Les vins de Givry sont produits autour du petit village de Givry (entre Mercurey et Montagny)\u2026","rel":"","context":"Article similaire","img":{"alt_text":"","src":"https:\/\/i2.wp.com\/www.passionfruits.fr\/wp-content\/uploads\/2019\/09\/GIVRY-ROUGE.jpg?fit=598%2C598&resize=350%2C200","width":350,"height":200},"classes":[]},{"id":13793,"url":"http:\/\/www.passionfruits.fr\/index.php\/produit\/pouilly-fume-eric-louis-75-cl-2018\/","url_meta":{"origin":5420,"position":5},"title":"Pouilly-Fum\u00e9 Eric Louis bouteille 75 cl 2023","date":"16 avril 2019","format":false,"excerpt":"C\u00e9page : 100% Sauvignon Blanc Terroir : Les vignes de notre Pouilly-Fum\u00e9 s'\u00e9panouissent sur des terres compos\u00e9es majoritairement de silex et de marnes kimm\u00e9ridgiennes (coquillages fossilis\u00e9s). Travail de la vigne :\u00a0 La vigne fait l\u2019objet d\u2019observations constantes : nous limitons nos rendements, d\u00e9butons les vendanges suivant la maturit\u00e9 de chaque\u2026","rel":"","context":"Article similaire","img":{"alt_text":"","src":"https:\/\/i2.wp.com\/www.passionfruits.fr\/wp-content\/uploads\/2019\/04\/pouilly-fume.jpg?fit=600%2C600&resize=350%2C200","width":350,"height":200},"classes":[]}],"_links":{"self":[{"href":"http:\/\/www.passionfruits.fr\/index.php\/wp-json\/wp\/v2\/product\/5420"}],"collection":[{"href":"http:\/\/www.passionfruits.fr\/index.php\/wp-json\/wp\/v2\/product"}],"about":[{"href":"http:\/\/www.passionfruits.fr\/index.php\/wp-json\/wp\/v2\/types\/product"}],"replies":[{"embeddable":true,"href":"http:\/\/www.passionfruits.fr\/index.php\/wp-json\/wp\/v2\/comments?post=5420"}],"wp:featuredmedia":[{"embeddable":true,"href":"http:\/\/www.passionfruits.fr\/index.php\/wp-json\/wp\/v2\/media\/14659"}],"wp:attachment":[{"href":"http:\/\/www.passionfruits.fr\/index.php\/wp-json\/wp\/v2\/media?parent=5420"}],"curies":[{"name":"wp","href":"https:\/\/api.w.org\/{rel}","templated":true}]}}