{"id":5445,"date":"2015-12-07T11:31:59","date_gmt":"2015-12-07T10:31:59","guid":{"rendered":"http:\/\/www.andreclaude.fr\/web\/index.php\/produit\/chateau-tour-de-segur-2010\/"},"modified":"2024-12-27T18:12:46","modified_gmt":"2024-12-27T17:12:46","slug":"chateau-tour-de-segur-2010","status":"publish","type":"product","link":"http:\/\/www.passionfruits.fr\/index.php\/produit\/chateau-tour-de-segur-2010\/","title":{"rendered":"Ch\u00e2teau Tour de S\u00e9gur 75 cl 2018"},"content":{"rendered":"","protected":false},"excerpt":{"rendered":"<p>Issus d&#8217;un terroir de caract\u00e8re, les vins du Ch\u00e2teau Tour de S\u00e9gur se distinguent par la couleur profonde de leur robe et leur bouquet subtil, tout en finesse et g\u00e9n\u00e9rosit\u00e9.Une attaque souple, une belle structure en bouche ronde et soyeuse, un tr\u00e8s joli fruit\u00e9 avec des ar\u00f4mes de vanille\u00a0: voici tout ce que nous r\u00e9serve cet \u00e9l\u00e9gant et gourmand Tour de S\u00e9gur de chez Andr\u00e9 Lurton.<\/p>\n<p class=\" text-justify\">Alcool 13 % Contient des sulfites.<\/p>\n<p class=\" text-justify\">\n<p class=\" text-justify\">La consommation de boissons alcoolis\u00e9es pendant la grossesse, m\u00eame en faible quantit\u00e9, peut avoir des cons\u00e9quences graves sur la sant\u00e9 de l\u2019enfant.<\/p>\n<p class=\" text-justify\">L ABUS D ALCOOL EST DANGEREUX POUR LA SANTE. A CONSOMMER AVEC MODERATION.<\/p>\n<p class=\" text-justify\">LA VENTE D ALCOOL EST INTERDITE AUX MINEURS.<\/p>\n<p>Vignobles ANDRE Lurton Gr\u00e9zillac France<\/p>\n","protected":false},"featured_media":7160,"comment_status":"closed","ping_status":"closed","template":"","meta":{"spay_email":"","jetpack_publicize_message":"","jetpack_is_tweetstorm":false},"jetpack_publicize_connections":[],"jetpack_sharing_enabled":true,"jetpack-related-posts":[{"id":20276,"url":"http:\/\/www.passionfruits.fr\/index.php\/produit\/haut-medoc-cuvees-initiales-la-bouteille-75-cl-2016\/","url_meta":{"origin":5445,"position":0},"title":"Haut M\u00e9doc cuv\u00e9es Initiales la bouteille 75 cl 2016","date":"10 janvier 2025","format":false,"excerpt":"Initiales est un vin rouge du domaine Andr\u00e9 Lurton, c'est un merlot. Au niveau du nez, on est sur quelque chose de tr\u00e8s aromatique, avec des fruits rouges frais. Ce vin accompagnera parfaitement vos viandes et vos fromages. Alcool 14 % Contient des sulfites. La consommation de boissons alcoolis\u00e9es pendant\u2026","rel":"","context":"Article similaire","img":{"alt_text":"","src":"https:\/\/i2.wp.com\/www.passionfruits.fr\/wp-content\/uploads\/2025\/01\/817.jpg?fit=600%2C600&resize=350%2C200","width":350,"height":200},"classes":[]},{"id":16015,"url":"http:\/\/www.passionfruits.fr\/index.php\/produit\/chateau-goumin-rouge-150-cl-2015\/","url_meta":{"origin":5445,"position":1},"title":"Ch\u00e2teau Goumin 150 cl 2019","date":"22 mai 2020","format":false,"excerpt":"Apparence Brillante et \u00e9l\u00e9gante, la robe de ce vin est d\u2019un rouge profond, agr\u00e9ment\u00e9 de jolis reflets violets. Nez G\u00e9n\u00e9reux, le nez pr\u00e9sente une belle structure, sur des notes grill\u00e9es, l\u00e9g\u00e8rement toast\u00e9es. Bouche En bouche, c\u2019est un vin tr\u00e8s s\u00e9duisant, tout en rondeur. \u00c0 la fois tannique et fruit\u00e9 (fruits\u2026","rel":"","context":"Article similaire","img":{"alt_text":"","src":"https:\/\/i0.wp.com\/www.passionfruits.fr\/wp-content\/uploads\/2018\/02\/chateau-goumin.jpg?fit=600%2C600&resize=350%2C200","width":350,"height":200},"classes":[]},{"id":20298,"url":"http:\/\/www.passionfruits.fr\/index.php\/produit\/chateau-gabelot-la-bouteille-75-cl-2020\/","url_meta":{"origin":5445,"position":2},"title":"Ch\u00e2teau Gabelot la bouteille 75 cl 2020","date":"14 janvier 2025","format":false,"excerpt":"6 \u20ac la bouteille au carton de 6 bouteilles Alcool 13.5 % Contient des sulfites. La consommation de boissons alcoolis\u00e9es pendant la grossesse, m\u00eame en faible quantit\u00e9, peut avoir des cons\u00e9quences graves sur la sant\u00e9 de l\u2019enfant. L ABUS D ALCOOL EST DANGEREUX POUR LA SANTE. A CONSOMMER AVEC MODERATION.\u2026","rel":"","context":"Article similaire","img":{"alt_text":"","src":"https:\/\/i0.wp.com\/www.passionfruits.fr\/wp-content\/uploads\/2025\/01\/876.jpg?fit=600%2C600&resize=350%2C200","width":350,"height":200},"classes":[]},{"id":20284,"url":"http:\/\/www.passionfruits.fr\/index.php\/produit\/chateau-la-chapelle-du-couvent-blaye-le-magnum-150-cl-2019\/","url_meta":{"origin":5445,"position":3},"title":"Ch\u00e2teau La chapelle du couvent Blaye le Magnum 150 cl 2019","date":"11 janvier 2025","format":false,"excerpt":"Alcool 13 % Contient des sulfites. La consommation de boissons alcoolis\u00e9es pendant la grossesse, m\u00eame en faible quantit\u00e9, peut avoir des cons\u00e9quences graves sur la sant\u00e9 de l\u2019enfant. L ABUS D ALCOOL EST DANGEREUX POUR LA SANTE. A CONSOMMER AVEC MODERATION. LA VENTE D ALCOOL EST INTERDITE AUX MINEURS. Borie\u2026","rel":"","context":"Article similaire","img":{"alt_text":"","src":"https:\/\/i0.wp.com\/www.passionfruits.fr\/wp-content\/uploads\/2025\/01\/809.jpg?fit=600%2C600&resize=350%2C200","width":350,"height":200},"classes":[]},{"id":20274,"url":"http:\/\/www.passionfruits.fr\/index.php\/produit\/chateau-touzignan-blaye-la-bouteille-75-cl-2023\/","url_meta":{"origin":5445,"position":4},"title":"Ch\u00e2teau Touzignan Blaye la bouteille 75 cl 2023","date":"10 janvier 2025","format":false,"excerpt":"6 \u20ac la bouteille au cartons de 6 bouteilles Alcool 14 % Contient des sulfites. La consommation de boissons alcoolis\u00e9es pendant la grossesse, m\u00eame en faible quantit\u00e9, peut avoir des cons\u00e9quences graves sur la sant\u00e9 de l\u2019enfant. L ABUS D ALCOOL EST DANGEREUX POUR LA SANTE. A CONSOMMER AVEC MODERATION.\u2026","rel":"","context":"Article similaire","img":{"alt_text":"","src":"https:\/\/i0.wp.com\/www.passionfruits.fr\/wp-content\/uploads\/2025\/01\/809.jpg?fit=600%2C600&resize=350%2C200","width":350,"height":200},"classes":[]},{"id":5459,"url":"http:\/\/www.passionfruits.fr\/index.php\/produit\/chateau-tournefeuille-150cl-2009\/","url_meta":{"origin":5445,"position":5},"title":"Ch\u00e2teau tournefeuille 150cl 2022","date":"7 d\u00e9cembre 2015","format":false,"excerpt":"Les 17 hectares qui composent le vignoble du Ch\u00e2teau TOURNEFEUILLE appartiennent \u00e0 l\u2019appellation Lalande de Pomerol. Admirablement situ\u00e9 sur un \u00e9peron argilo-graveleux unique de la commune de N\u00e9ac face aux plus grands terroirs de Pomerol, le vignoble du Ch\u00e2teau TOURNEFEUILLE s\u2019\u00e9tend sur 17 hectares de vignes, rassembl\u00e9s autour du ch\u00e2teau\u2026","rel":"","context":"Article similaire","img":{"alt_text":"","src":"https:\/\/i2.wp.com\/www.passionfruits.fr\/wp-content\/uploads\/2015\/12\/tournefeuille.jpg?fit=570%2C620&resize=350%2C200","width":350,"height":200},"classes":[]}],"_links":{"self":[{"href":"http:\/\/www.passionfruits.fr\/index.php\/wp-json\/wp\/v2\/product\/5445"}],"collection":[{"href":"http:\/\/www.passionfruits.fr\/index.php\/wp-json\/wp\/v2\/product"}],"about":[{"href":"http:\/\/www.passionfruits.fr\/index.php\/wp-json\/wp\/v2\/types\/product"}],"replies":[{"embeddable":true,"href":"http:\/\/www.passionfruits.fr\/index.php\/wp-json\/wp\/v2\/comments?post=5445"}],"wp:featuredmedia":[{"embeddable":true,"href":"http:\/\/www.passionfruits.fr\/index.php\/wp-json\/wp\/v2\/media\/7160"}],"wp:attachment":[{"href":"http:\/\/www.passionfruits.fr\/index.php\/wp-json\/wp\/v2\/media?parent=5445"}],"curies":[{"name":"wp","href":"https:\/\/api.w.org\/{rel}","templated":true}]}}