{"id":5504,"date":"2015-12-07T11:32:36","date_gmt":"2015-12-07T10:32:36","guid":{"rendered":"http:\/\/www.andreclaude.fr\/web\/index.php\/produit\/laurent-perrier-grand-siecle\/"},"modified":"2019-01-19T10:25:00","modified_gmt":"2019-01-19T09:25:00","slug":"laurent-perrier-grand-siecle","status":"publish","type":"product","link":"http:\/\/www.passionfruits.fr\/index.php\/produit\/laurent-perrier-grand-siecle\/","title":{"rendered":"Champagne Laurent Perrier Grand Si\u00e8cle 75 cl"},"content":{"rendered":"","protected":false},"excerpt":{"rendered":"<p>Assemblage unique de grands crus prestigieux et d&#8217;ann\u00e9es exceptionnellement mill\u00e9sim\u00e9es, Grand si\u00e8cle conjugue avec \u00e9l\u00e9gance la puissance et la d\u00e9licatesse.<\/p>\n<p>Alcool : 12 % Contient des sulfites<\/p>\n<p>Laurent Perrier Tours sur Marne<\/p>\n<p>La consommation de boissons alcoolis\u00e9es pendant la grossesse, m\u00eame en faible quantit\u00e9, peut avoir des cons\u00e9quences graves sur la sant\u00e9 de l\u2019enfant.<\/p>\n<p>LA VENTE D ALCOOL EST INTERDITE AUX MINEURS.<\/p>\n<p>L ABUS D ALCOOL EST DANGEREUX POUR LA SANTE. A CONSOMMER AVEC MODERATION.<\/p>\n","protected":false},"featured_media":5505,"comment_status":"closed","ping_status":"closed","template":"","meta":{"spay_email":"","jetpack_publicize_message":"","jetpack_is_tweetstorm":false},"jetpack_publicize_connections":[],"jetpack_sharing_enabled":true,"jetpack-related-posts":[{"id":20288,"url":"http:\/\/www.passionfruits.fr\/index.php\/produit\/margaux-origins-la-bouteille-75-cl-2019\/","url_meta":{"origin":5504,"position":0},"title":"Margaux Origins la bouteille 75 cl 2019","date":"11 janvier 2025","format":false,"excerpt":"Borie-Manoux, cr\u00e9\u00e9 par Eug\u00e8ne et Emile Borie en 1870, est une maison aujourd\u2019hui reconnue, qui a \u00e9volu\u00e9 pendant plus d\u2019un si\u00e8cle gr\u00e2ce aux familles Borie et Cast\u00e9ja. Alcool 13.5 % Contient des sulfites. La consommation de boissons alcoolis\u00e9es pendant la grossesse, m\u00eame en faible quantit\u00e9, peut avoir des cons\u00e9quences graves\u2026","rel":"","context":"Article similaire","img":{"alt_text":"","src":"https:\/\/i1.wp.com\/www.passionfruits.fr\/wp-content\/uploads\/2025\/01\/839.jpg?fit=600%2C600&resize=350%2C200","width":350,"height":200},"classes":[]},{"id":20289,"url":"http:\/\/www.passionfruits.fr\/index.php\/produit\/pauillac-origins-la-bouteille-75-cl-2019\/","url_meta":{"origin":5504,"position":1},"title":"Pauillac Origins la bouteille 75 cl 2019","date":"11 janvier 2025","format":false,"excerpt":"Borie-Manoux, cr\u00e9\u00e9 par Eug\u00e8ne et Emile Borie en 1870, est une maison aujourd\u2019hui reconnue, qui a \u00e9volu\u00e9 pendant plus d\u2019un si\u00e8cle gr\u00e2ce aux familles Borie et Cast\u00e9ja. Alcool 13 % Contient des sulfites. La consommation de boissons alcoolis\u00e9es pendant la grossesse, m\u00eame en faible quantit\u00e9, peut avoir des cons\u00e9quences graves\u2026","rel":"","context":"Article similaire","img":{"alt_text":"","src":"https:\/\/i1.wp.com\/www.passionfruits.fr\/wp-content\/uploads\/2025\/01\/839.jpg?fit=600%2C600&resize=350%2C200","width":350,"height":200},"classes":[]},{"id":20278,"url":"http:\/\/www.passionfruits.fr\/index.php\/produit\/medoc-beau-rivage-la-bouteille-75-cl-2022\/","url_meta":{"origin":5504,"position":2},"title":"M\u00e9doc Beau-Rivage la bouteille 75 cl 2022","date":"11 janvier 2025","format":false,"excerpt":"8 \u20ac la bouteille au cartons de 6 bouteilles Borie-Manoux, cr\u00e9\u00e9 par Eug\u00e8ne et Emile Borie en 1870, est une maison aujourd\u2019hui reconnue, qui a \u00e9volu\u00e9 pendant plus d\u2019un si\u00e8cle gr\u00e2ce aux familles Borie et Cast\u00e9ja. Alcool 13.5 % Contient des sulfites. La consommation de boissons alcoolis\u00e9es pendant la grossesse,\u2026","rel":"","context":"Article similaire","img":{"alt_text":"","src":"https:\/\/i2.wp.com\/www.passionfruits.fr\/wp-content\/uploads\/2025\/01\/827.jpg?fit=600%2C600&resize=350%2C200","width":350,"height":200},"classes":[]},{"id":20285,"url":"http:\/\/www.passionfruits.fr\/index.php\/produit\/saint-emilion-origins-la-bouteille-75-cl-2018\/","url_meta":{"origin":5504,"position":3},"title":"Saint Emilion Origins la bouteille 75 cl 2018","date":"11 janvier 2025","format":false,"excerpt":"14 \u20ac la bouteille au cartons de 6 bouteilles Borie-Manoux, cr\u00e9\u00e9 par Eug\u00e8ne et Emile Borie en 1870, est une maison aujourd\u2019hui reconnue, qui a \u00e9volu\u00e9 pendant plus d\u2019un si\u00e8cle gr\u00e2ce aux familles Borie et Cast\u00e9ja. Alcool 13 % Contient des sulfites. La consommation de boissons alcoolis\u00e9es pendant la grossesse,\u2026","rel":"","context":"Article similaire","img":{"alt_text":"","src":"https:\/\/i1.wp.com\/www.passionfruits.fr\/wp-content\/uploads\/2025\/01\/839.jpg?fit=600%2C600&resize=350%2C200","width":350,"height":200},"classes":[]},{"id":20287,"url":"http:\/\/www.passionfruits.fr\/index.php\/produit\/saint-estephe-origins-la-bouteille-75-cl-2019\/","url_meta":{"origin":5504,"position":4},"title":"Saint Est\u00e8phe Origins la bouteille 75 cl 2019","date":"11 janvier 2025","format":false,"excerpt":"Borie-Manoux, cr\u00e9\u00e9 par Eug\u00e8ne et Emile Borie en 1870, est une maison aujourd\u2019hui reconnue, qui a \u00e9volu\u00e9 pendant plus d\u2019un si\u00e8cle gr\u00e2ce aux familles Borie et Cast\u00e9ja. Alcool 13.5 % Contient des sulfites. La consommation de boissons alcoolis\u00e9es pendant la grossesse, m\u00eame en faible quantit\u00e9, peut avoir des cons\u00e9quences graves\u2026","rel":"","context":"Article similaire","img":{"alt_text":"","src":"https:\/\/i1.wp.com\/www.passionfruits.fr\/wp-content\/uploads\/2025\/01\/839.jpg?fit=600%2C600&resize=350%2C200","width":350,"height":200},"classes":[]},{"id":20290,"url":"http:\/\/www.passionfruits.fr\/index.php\/produit\/saint-julien-origins-la-bouteille-75-cl-2019\/","url_meta":{"origin":5504,"position":5},"title":"Saint Julien Origins la bouteille 75 cl 2019","date":"11 janvier 2025","format":false,"excerpt":"Borie-Manoux, cr\u00e9\u00e9 par Eug\u00e8ne et Emile Borie en 1870, est une maison aujourd\u2019hui reconnue, qui a \u00e9volu\u00e9 pendant plus d\u2019un si\u00e8cle gr\u00e2ce aux familles Borie et Cast\u00e9ja. Alcool 13 % Contient des sulfites. La consommation de boissons alcoolis\u00e9es pendant la grossesse, m\u00eame en faible quantit\u00e9, peut avoir des cons\u00e9quences graves\u2026","rel":"","context":"Article similaire","img":{"alt_text":"","src":"https:\/\/i1.wp.com\/www.passionfruits.fr\/wp-content\/uploads\/2025\/01\/839.jpg?fit=600%2C600&resize=350%2C200","width":350,"height":200},"classes":[]}],"_links":{"self":[{"href":"http:\/\/www.passionfruits.fr\/index.php\/wp-json\/wp\/v2\/product\/5504"}],"collection":[{"href":"http:\/\/www.passionfruits.fr\/index.php\/wp-json\/wp\/v2\/product"}],"about":[{"href":"http:\/\/www.passionfruits.fr\/index.php\/wp-json\/wp\/v2\/types\/product"}],"replies":[{"embeddable":true,"href":"http:\/\/www.passionfruits.fr\/index.php\/wp-json\/wp\/v2\/comments?post=5504"}],"wp:featuredmedia":[{"embeddable":true,"href":"http:\/\/www.passionfruits.fr\/index.php\/wp-json\/wp\/v2\/media\/5505"}],"wp:attachment":[{"href":"http:\/\/www.passionfruits.fr\/index.php\/wp-json\/wp\/v2\/media?parent=5504"}],"curies":[{"name":"wp","href":"https:\/\/api.w.org\/{rel}","templated":true}]}}