{"id":5570,"date":"2015-12-07T11:33:23","date_gmt":"2015-12-07T10:33:23","guid":{"rendered":"http:\/\/www.andreclaude.fr\/web\/index.php\/produit\/buzet-baron-dardeuil-150cl-2009\/"},"modified":"2024-12-27T18:11:09","modified_gmt":"2024-12-27T17:11:09","slug":"buzet-baron-dardeuil-150cl-2009","status":"publish","type":"product","link":"http:\/\/www.passionfruits.fr\/index.php\/produit\/buzet-baron-dardeuil-150cl-2009\/","title":{"rendered":"Buzet Baron D&#8217; Ardeuil rouge 150 cl 2017"},"content":{"rendered":"","protected":false},"excerpt":{"rendered":"<p>Buzet baron d&#8217;ardeuil vieilles vignes rouge. Accord: magret de canard grill\u00e9 et sa po\u00eal\u00e9e de c\u00e8pes, c\u00f4te de b\u0153uf grill\u00e9e, tournedos Rossini, r\u00f4ti de veau\u00a0 sauce foresti\u00e8res, cassoulet, b\u0153uf bourguignon, blanquette de veau,\u00a0 confit de canard et tous les fromages.<\/p>\n<p class=\" text-justify\">Alcool 14 % Contient des sulfites.<\/p>\n<p class=\" text-justify\">La consommation de boissons alcoolis\u00e9es pendant la grossesse, m\u00eame en faible quantit\u00e9, peut avoir des cons\u00e9quences graves sur la sant\u00e9 de l\u2019enfant.<\/p>\n<p class=\" text-justify\">L ABUS D ALCOOL EST DANGEREUX POUR LA SANTE. A CONSOMMER AVEC MODERATION.<\/p>\n<p class=\" text-justify\">LA VENTE D ALCOOL EST INTERDITE AUX MINEURS.<\/p>\n<p>Les vignerons de Buzet 47160 Buzet sur Ba\u00efse<\/p>\n","protected":false},"featured_media":7299,"comment_status":"closed","ping_status":"closed","template":"","meta":{"spay_email":"","jetpack_publicize_message":"","jetpack_is_tweetstorm":false},"jetpack_publicize_connections":[],"jetpack_sharing_enabled":true,"jetpack-related-posts":[{"id":5580,"url":"http:\/\/www.passionfruits.fr\/index.php\/produit\/saint-pourcain-rouge-2022\/","url_meta":{"origin":5570,"position":0},"title":"Saint Pour\u00e7ain Rouge R\u00e9serve Sp\u00e9ciale 75 cl","date":"7 d\u00e9cembre 2015","format":false,"excerpt":"42 \u20ac\u00a0 le carton de 6 bouteilles soit 7 \u20ac la bouteille SAINT-POUR\u00c7AIN A.O.C. Mis en bouteille \u00e0 la propri\u00e9t\u00e9 Belle robe rouge , ar\u00f4mes \u00e9l\u00e9gants relev\u00e9s d\u2019une pointe \u00e9pic\u00e9e. Le plus fruit\u00e9 de notre gamme et le plus repr\u00e9sentatif des Saint-Pour\u00e7ain rouges. C\u00e9pages : 25% Pinot Noir & 75%\u2026","rel":"","context":"Article similaire","img":{"alt_text":"","src":"https:\/\/i0.wp.com\/www.passionfruits.fr\/wp-content\/uploads\/2015\/12\/791.jpg?fit=600%2C600&resize=350%2C200","width":350,"height":200},"classes":[]},{"id":15010,"url":"http:\/\/www.passionfruits.fr\/index.php\/produit\/buzet-rouge-sans-sulfites-75-cl-2018\/","url_meta":{"origin":5570,"position":1},"title":"Buzet rouge sans sulfites 75 cl 2019","date":"7 mars 2020","format":false,"excerpt":"\u00ab Sans \u00bb est un vin rouge sans sulfites ajout\u00e9s. Ce vin rouge atypique est n\u00e9 d\u2019une volont\u00e9 : celle de vous proposer un vin sans allerg\u00e8nes. Elabor\u00e9 un vin sans ajouter de \u00ab soufre \u00bb c\u2019est faire un vin autrement. La vendange dont est issu ce vin rouge \u00ab\u2026","rel":"","context":"Article similaire","img":{"alt_text":"","src":"https:\/\/i2.wp.com\/www.passionfruits.fr\/wp-content\/uploads\/2020\/03\/sans-sulfites-rouge.jpg?fit=600%2C600&resize=350%2C200","width":350,"height":200},"classes":[]},{"id":16015,"url":"http:\/\/www.passionfruits.fr\/index.php\/produit\/chateau-goumin-rouge-150-cl-2015\/","url_meta":{"origin":5570,"position":2},"title":"Ch\u00e2teau Goumin 150 cl 2019","date":"22 mai 2020","format":false,"excerpt":"Apparence Brillante et \u00e9l\u00e9gante, la robe de ce vin est d\u2019un rouge profond, agr\u00e9ment\u00e9 de jolis reflets violets. Nez G\u00e9n\u00e9reux, le nez pr\u00e9sente une belle structure, sur des notes grill\u00e9es, l\u00e9g\u00e8rement toast\u00e9es. Bouche En bouche, c\u2019est un vin tr\u00e8s s\u00e9duisant, tout en rondeur. \u00c0 la fois tannique et fruit\u00e9 (fruits\u2026","rel":"","context":"Article similaire","img":{"alt_text":"","src":"https:\/\/i0.wp.com\/www.passionfruits.fr\/wp-content\/uploads\/2018\/02\/chateau-goumin.jpg?fit=600%2C600&resize=350%2C200","width":350,"height":200},"classes":[]},{"id":5486,"url":"http:\/\/www.passionfruits.fr\/index.php\/produit\/champagne-beerens\/","url_meta":{"origin":5570,"position":3},"title":"Sancerre rouge Eric Louis 75 cl 2022","date":"7 d\u00e9cembre 2015","format":false,"excerpt":"C\u00e9page : 100 % Pinot Noir Terroir : argilo-calcaire et silex Travail de la vigne : la vigne est l\u2019objet d\u2019observations constantes: nous limitons nos rendements, d\u00e9butons les vendanges suivant la maturit\u00e9 de chaque parcelle, proc\u00e9dons au tri de la r\u00e9colte\u2026 Vinification : La vendange est tri\u00e9e et \u00e9grapp\u00e9e. Suite\u2026","rel":"","context":"Article similaire","img":{"alt_text":"","src":"https:\/\/i0.wp.com\/www.passionfruits.fr\/wp-content\/uploads\/2015\/12\/sancerre-rouge.jpg?fit=599%2C600&resize=350%2C200","width":350,"height":200},"classes":[]},{"id":5555,"url":"http:\/\/www.passionfruits.fr\/index.php\/produit\/aoc-quincy-2012\/","url_meta":{"origin":5570,"position":4},"title":"Quincy Eric Louis 75 cl 2023","date":"7 d\u00e9cembre 2015","format":false,"excerpt":"C\u00e9page : 100% Sauvignon Blanc Terroir :Les vignes qui vont donner naissance aux vins de Quincy sont plant\u00e9es sur une terrasse ancienne du Cher constitu\u00e9e de sables et de graves. Travail de la vigne : La vigne est l\u2019objet d\u2019observations constantes: nous limitons nos rendements, d\u00e9butons les vendanges suivant la\u2026","rel":"","context":"Article similaire","img":{"alt_text":"","src":"https:\/\/i2.wp.com\/www.passionfruits.fr\/wp-content\/uploads\/2015\/12\/quincy-ec.jpg?fit=600%2C600&resize=350%2C200","width":350,"height":200},"classes":[]},{"id":5841,"url":"http:\/\/www.passionfruits.fr\/index.php\/produit\/saint-pourcain-rose-2023\/","url_meta":{"origin":5570,"position":5},"title":"Saint Pour\u00e7ain Ros\u00e9 R\u00e9serve Sp\u00e9ciale 75 cl 2023","date":"7 d\u00e9cembre 2015","format":false,"excerpt":"42 \u20ac\u00a0 le carton de 6 bouteilles soit 7 \u20ac la bouteille SAINT-POUR\u00c7AIN A.O.C. Mis en bouteille \u00e0 la propri\u00e9t\u00e9 App\u00e9tissante robe rose \u00e0 reflets saumon. Ce ros\u00e9 de pressurage direct exprime des ar\u00f4mes de bonbon anglais, de peau de poire, de kirsch et de fruits rouges. C\u2019est un vin\u2026","rel":"","context":"Article similaire","img":{"alt_text":"","src":"https:\/\/i2.wp.com\/www.passionfruits.fr\/wp-content\/uploads\/2015\/12\/789.jpg?fit=600%2C600&resize=350%2C200","width":350,"height":200},"classes":[]}],"_links":{"self":[{"href":"http:\/\/www.passionfruits.fr\/index.php\/wp-json\/wp\/v2\/product\/5570"}],"collection":[{"href":"http:\/\/www.passionfruits.fr\/index.php\/wp-json\/wp\/v2\/product"}],"about":[{"href":"http:\/\/www.passionfruits.fr\/index.php\/wp-json\/wp\/v2\/types\/product"}],"replies":[{"embeddable":true,"href":"http:\/\/www.passionfruits.fr\/index.php\/wp-json\/wp\/v2\/comments?post=5570"}],"wp:featuredmedia":[{"embeddable":true,"href":"http:\/\/www.passionfruits.fr\/index.php\/wp-json\/wp\/v2\/media\/7299"}],"wp:attachment":[{"href":"http:\/\/www.passionfruits.fr\/index.php\/wp-json\/wp\/v2\/media?parent=5570"}],"curies":[{"name":"wp","href":"https:\/\/api.w.org\/{rel}","templated":true}]}}