{"id":5574,"date":"2015-12-07T11:33:23","date_gmt":"2015-12-07T10:33:23","guid":{"rendered":"http:\/\/www.andreclaude.fr\/web\/index.php\/produit\/domaine-du-tariquet-ugni-blanc-2013\/"},"modified":"2022-11-29T09:09:41","modified_gmt":"2022-11-29T08:09:41","slug":"domaine-du-tariquet-ugni-blanc-2013","status":"publish","type":"product","link":"http:\/\/www.passionfruits.fr\/index.php\/produit\/domaine-du-tariquet-ugni-blanc-2013\/","title":{"rendered":"Domaine du Tariquet Ugni Blanc 75 cl 2021"},"content":{"rendered":"","protected":false},"excerpt":{"rendered":"<div id=\"description_courte_content\" class=\"rte align_justify\">\n<p>35.70 \u20ac le carton de 6 bouteilles soit 5.95 \u20ac la bouteille<\/p>\n<p>&nbsp;<\/p>\n<p><span class=\"text-geneva-normal\">Magnifique intensit\u00e9 pour ce vin sec et fruit\u00e9, tr\u00e8s ouvert sur des ar\u00f4mes floraux, d&#8217;agrumes, dot\u00e9 de belles nuances exotiques.<br \/>\nUn vin tonique, croquant, avec beaucoup de fra\u00eecheur en bouche.<\/span><\/p>\n<p>C\u2019est un vin qui \u00f4te la soif. Dont nous aurions mauvaise gr\u00e2ce \u00e0 ne pas faire sauter le bouchon en toute occasion. Il appelle le verre ballon, les nourritures sal\u00e9es que l\u2019on grignote avant de passer \u00e0 table ou en d\u00e9but de repas. Il fait saliver, pr\u00e9pare la bouche jovialement, incite \u00e0 trinquer, \u00e0 saluer une pr\u00e9sence improviste. C\u2019est un vin qui se boit comme une accolade fraternelle.<\/p>\n<div id=\"tab-description\" class=\"woocommerce-Tabs-panel woocommerce-Tabs-panel--description panel entry-content wc-tab\">\n<p class=\" text-justify\">Alcool 10.5 % Contient des sulfites.<\/p>\n<p class=\" text-justify\">Domaine du Tariquet 32800 Eauze<\/p>\n<p class=\" text-justify\">La consommation de boissons alcoolis\u00e9es pendant la grossesse, m\u00eame en faible quantit\u00e9, peut avoir des cons\u00e9quences graves sur la sant\u00e9 de l\u2019enfant.<\/p>\n<p class=\" text-justify\">L ABUS D ALCOOL EST DANGEREUX POUR LA SANTE. A CONSOMMER AVEC MODERATION.<\/p>\n<p class=\" text-justify\">LA VENTE D ALCOOL EST INTERDITE AUX MINEURS.<\/p>\n<\/div>\n<div id=\"tab-description\" class=\"woocommerce-Tabs-panel woocommerce-Tabs-panel--description panel entry-content wc-tab\"><\/div>\n<\/div>\n","protected":false},"featured_media":5575,"comment_status":"closed","ping_status":"closed","template":"","meta":{"spay_email":"","jetpack_publicize_message":"","jetpack_is_tweetstorm":false},"jetpack_publicize_connections":[],"jetpack_sharing_enabled":true,"jetpack-related-posts":[{"id":5410,"url":"http:\/\/www.passionfruits.fr\/index.php\/produit\/muscat-de-rivesaltes-bouteille-75-cl\/","url_meta":{"origin":5574,"position":0},"title":"Muscat de Rivesaltes bouteille 75 cl","date":"7 d\u00e9cembre 2015","format":false,"excerpt":"Vins Doux Naturels Tr\u00e9sors du Roussillon : Les Vins Doux Naturels sont des purs produits de tradition cr\u00e9\u00e9s en Roussillon. Ces vins g\u00e9n\u00e9reux sont \u00e9labor\u00e9s \u00e0 partir d\u2019un enc\u00e9pagement limit\u00e9 aux c\u00e9pages \u00ab nobles \u00bb : Grenache, Macabeu, Malvoisie du Roussillon et Muscats. la cave des Vignerons des C\u00f4tes d\u2019Agly\u2026","rel":"","context":"Article similaire","img":{"alt_text":"","src":"https:\/\/i0.wp.com\/www.passionfruits.fr\/wp-content\/uploads\/2015\/12\/Muscat-.jpg?fit=600%2C600&resize=350%2C200","width":350,"height":200},"classes":[]},{"id":8151,"url":"http:\/\/www.passionfruits.fr\/index.php\/produit\/cote-du-rhone-75-cl-2012\/","url_meta":{"origin":5574,"position":1},"title":"C\u00f4tes du Rh\u00f4ne les grands Devers 75 cl 2022","date":"23 f\u00e9vrier 2016","format":false,"excerpt":"47.70 \u20ac le carton de 6 bouteilles soit 7.95 \u20ac la bouteille \u00a0 C\u00f4te du Rh\u00f4ne - Domaine des grands Devers. Vin \u00e0 la robe rouge profond. La bouche offre un beau fruit, croquant et \u00e9quilibr\u00e9 avec des tanins fins et \u00e9l\u00e9gants. Alcool 13 % Contient des sulfites. La consommation\u2026","rel":"","context":"Article similaire","img":{"alt_text":"","src":"https:\/\/i2.wp.com\/www.passionfruits.fr\/wp-content\/uploads\/2016\/02\/cote-du-rhone.jpg?fit=600%2C600&resize=350%2C200","width":350,"height":200},"classes":[]},{"id":17660,"url":"http:\/\/www.passionfruits.fr\/index.php\/produit\/vin-dhiver-bouteille-75-cl\/","url_meta":{"origin":5574,"position":2},"title":"Vin d'hiver bouteille 75 cl","date":"8 mars 2021","format":false,"excerpt":"Vin d'hiver\u00a0 75cl - 12% SUGGESTION DE CONSOMMATION En boisson froide\u00a0A savourer bien frais \u00e0 l'ap\u00e9ritif En boisson chaude A d\u00e9guster en vin chaud Retrouvez toute la tradition des vins de f\u00eate et autres \" vins de no\u00ebl \" aux \u00e9pices et agrumes (orange, cannelle, girofle\u2026). Notes de d\u00e9gustation Son\u2026","rel":"","context":"Article similaire","img":{"alt_text":"","src":"https:\/\/i1.wp.com\/www.passionfruits.fr\/wp-content\/uploads\/2021\/03\/vin-d-hiver.jpg?fit=600%2C600&resize=350%2C200","width":350,"height":200},"classes":[]},{"id":15957,"url":"http:\/\/www.passionfruits.fr\/index.php\/produit\/domaine-pellehaut-harmonie-rose-75-cl-2024\/","url_meta":{"origin":5574,"position":3},"title":"Domaine Pellehaut Harmonie ros\u00e9 75 cl 2024","date":"8 mai 2020","format":false,"excerpt":"36 \u20ac le carton de 6 bouteilles soit 6 \u20ac a bouteille Une jolie teinte corail. Un nez avec des notes de confiture et de jasmin. Une bouche nous rappelant le coulis de fruits rouges avec une pointe de rose forme un \u00e9quilibre parfait. Un vin id\u00e9al \u00e0 l\u2019occasion de\u2026","rel":"","context":"Article similaire","img":{"alt_text":"","src":"https:\/\/i0.wp.com\/www.passionfruits.fr\/wp-content\/uploads\/2020\/05\/harmonie-rose.jpg?fit=600%2C600&resize=350%2C200","width":350,"height":200},"classes":[]},{"id":19890,"url":"http:\/\/www.passionfruits.fr\/index.php\/produit\/gris-dargens-souvenir-du-var-igp-var-argens-rose-75cl\/","url_meta":{"origin":5574,"position":4},"title":"Gris d'Argens \"Souvenir du Var\" IGP Var Argens ros\u00e9 75cl","date":"27 mars 2024","format":false,"excerpt":"35.70 \u20ac le carton de 6 bouteilles soit 5.95 \u20ac la bouteille Ros\u00e9 fruit\u00e9, l\u00e9ger, frais gouleyant en bouche. Ce vin d\u00e9veloppe un nez tirant sur les ar\u00f4mes de fruits \u00e0 chair blanche, vous s\u00e9duira par sa fra\u00eecheur et sa finale toute en finesse. Alcool 12.5 % Contient des sulfites.\u2026","rel":"","context":"Article similaire","img":{"alt_text":"","src":"https:\/\/i2.wp.com\/www.passionfruits.fr\/wp-content\/uploads\/2024\/03\/718.jpg?fit=600%2C600&resize=350%2C200","width":350,"height":200},"classes":[]},{"id":19597,"url":"http:\/\/www.passionfruits.fr\/index.php\/produit\/rhum-pruneaux-la-bouteille-de-70-cl\/","url_meta":{"origin":5574,"position":5},"title":"Rhum Pruneaux la bouteille de 70 cl","date":"22 septembre 2023","format":false,"excerpt":"L\u2019arrang\u00e9 au pruneaux propose des saveurs suaves et bois\u00e9es en bouche. Alcool 28.5 % La consommation de boissons alcoolis\u00e9es pendant la grossesse, m\u00eame en faible quantit\u00e9, peut avoir des cons\u00e9quences graves sur la sant\u00e9 de l\u2019enfant. L ABUS D ALCOOL EST DANGEREUX POUR LA SANTE. A CONSOMMER AVEC MODERATION. LA\u2026","rel":"","context":"Article similaire","img":{"alt_text":"","src":"https:\/\/i2.wp.com\/www.passionfruits.fr\/wp-content\/uploads\/2023\/09\/84115.jpg?fit=600%2C600&resize=350%2C200","width":350,"height":200},"classes":[]}],"_links":{"self":[{"href":"http:\/\/www.passionfruits.fr\/index.php\/wp-json\/wp\/v2\/product\/5574"}],"collection":[{"href":"http:\/\/www.passionfruits.fr\/index.php\/wp-json\/wp\/v2\/product"}],"about":[{"href":"http:\/\/www.passionfruits.fr\/index.php\/wp-json\/wp\/v2\/types\/product"}],"replies":[{"embeddable":true,"href":"http:\/\/www.passionfruits.fr\/index.php\/wp-json\/wp\/v2\/comments?post=5574"}],"wp:featuredmedia":[{"embeddable":true,"href":"http:\/\/www.passionfruits.fr\/index.php\/wp-json\/wp\/v2\/media\/5575"}],"wp:attachment":[{"href":"http:\/\/www.passionfruits.fr\/index.php\/wp-json\/wp\/v2\/media?parent=5574"}],"curies":[{"name":"wp","href":"https:\/\/api.w.org\/{rel}","templated":true}]}}