{"id":5645,"date":"2015-12-07T11:34:06","date_gmt":"2015-12-07T10:34:06","guid":{"rendered":"http:\/\/www.andreclaude.fr\/web\/index.php\/produit\/fromage-blanc-battu-artisanale-pot-de-250-grs\/"},"modified":"2023-02-16T11:55:57","modified_gmt":"2023-02-16T10:55:57","slug":"fromage-blanc-battu-artisanale-pot-de-250-grs","status":"publish","type":"product","link":"http:\/\/www.passionfruits.fr\/index.php\/produit\/fromage-blanc-battu-artisanale-pot-de-250-grs\/","title":{"rendered":"Fromage Blanc battu Artisanal &#8211; pot 250 grs"},"content":{"rendered":"<p><span style=\"font-family: Arial,Helvetica,sans-serif;\">Laiterie de\u00a0 Montoire sur Loir 41 800 ( Loir et cher).<\/span><\/p>\n","protected":false},"excerpt":{"rendered":"<p><span style=\"font-family: Arial,Helvetica,sans-serif;\">\u00a0Le Petit Tr\u00f4o . Le fromage blanc battu est obtenu apr\u00e8s lissage du caill\u00e9 \u00e9goutt\u00e9 en moule. Ce proc\u00e9d\u00e9 lui conf\u00e8re une parfaite onctuosit\u00e9.<\/span><\/p>\n<p>Ingr\u00e9dients : <strong>lait<\/strong> de vache pasteuris\u00e9<\/p>\n<p>Valeurs nutritionnelles moyennes pour 100g<\/p>\n<p>Energie : 422kj\/101kcal<\/p>\n<p>Mati\u00e8res grasses : 7g dont acides gras satur\u00e9s : 5.3g<\/p>\n<p>Glucides : 4.1g dont sucres 1.6g<\/p>\n<p>Prot\u00e9ines : 5.7g<\/p>\n<p>Sel : 0.1g<\/p>\n","protected":false},"featured_media":6864,"comment_status":"closed","ping_status":"closed","template":"","meta":{"spay_email":"","jetpack_publicize_message":"","jetpack_is_tweetstorm":false},"jetpack_publicize_connections":[],"jetpack_sharing_enabled":true,"jetpack-related-posts":[{"id":6006,"url":"http:\/\/www.passionfruits.fr\/index.php\/produit\/fromage-blanc-battu-artisanale-pot-de-500-grs\/","url_meta":{"origin":5645,"position":0},"title":"Fromage Blanc battu Artisanal - pot 500 grs","date":"7 d\u00e9cembre 2015","format":false,"excerpt":"\u00a0Le fromage blanc battu est obtenu apr\u00e8s lissage du caill\u00e9 \u00e9goutt\u00e9 en moule. Ce proc\u00e9d\u00e9 lui conf\u00e8re une parfaite onctuosit\u00e9. Ingr\u00e9dients : lait de vache pasteuris\u00e9 Valeurs nutritionnelles moyennes pour 100g Energie : 422kj\/101kcal Mati\u00e8res grasses : 7g dont acides gras satur\u00e9s : 5.3g Glucides : 4.1g dont sucres 1.6g\u2026","rel":"","context":"Article similaire","img":{"alt_text":"","src":"https:\/\/i2.wp.com\/www.passionfruits.fr\/wp-content\/uploads\/2015\/12\/verse-room.jpg?fit=611%2C305&resize=350%2C200","width":350,"height":200},"classes":[]},{"id":6008,"url":"http:\/\/www.passionfruits.fr\/index.php\/produit\/fromage-blanc-battu-artisanale-pot-de-1-kg\/","url_meta":{"origin":5645,"position":1},"title":"Fromage Blanc battu Artisanal - pot de 1 kg","date":"7 d\u00e9cembre 2015","format":false,"excerpt":"\u00a0Le Petit Tr\u00f4o . Le fromage blanc battu est obtenu apr\u00e8s lissage du caill\u00e9 \u00e9goutt\u00e9 en moule. Ce proc\u00e9d\u00e9 lui conf\u00e8re une parfaite onctuosit\u00e9. Ingr\u00e9dients : lait de vache pasteuris\u00e9 Valeurs nutritionnelles moyennes pour 100g Energie : 422kj\/101kcal Mati\u00e8res grasses : 7g dont acides gras satur\u00e9s : 5.3g Glucides :\u2026","rel":"","context":"Article similaire","img":{"alt_text":"","src":"https:\/\/i2.wp.com\/www.passionfruits.fr\/wp-content\/uploads\/2015\/12\/verse-room.jpg?fit=611%2C305&resize=350%2C200","width":350,"height":200},"classes":[]},{"id":5748,"url":"http:\/\/www.passionfruits.fr\/index.php\/produit\/fromage-blanc-faisselle-artisanale-pot-de-250-grs\/","url_meta":{"origin":5645,"position":2},"title":"Faisselle Artisanale - pot 250 grs","date":"7 d\u00e9cembre 2015","format":false,"excerpt":"Laiterie de 41 800 Montoire sur Loir ( Loir et cher). Faisselle est une appellation g\u00e9n\u00e9rique fran\u00e7aise d\u00e9signant du fromage frais de lait cru qui prend son nom du moule \u00e0 fromage dans lequel il s'\u00e9goutte\u00a0: la faisselle. Ingr\u00e9dients : lait de vache pasteuris\u00e9 Valeurs nutritionnelles moyennes pour 100g Energie\u2026","rel":"","context":"Article similaire","img":{"alt_text":"","src":"https:\/\/i0.wp.com\/www.passionfruits.fr\/wp-content\/uploads\/2015\/12\/faisselle.png?fit=600%2C600&resize=350%2C200","width":350,"height":200},"classes":[]},{"id":5675,"url":"http:\/\/www.passionfruits.fr\/index.php\/produit\/petit-troo\/","url_meta":{"origin":5645,"position":3},"title":"Petit Tr\u00f4o la pi\u00e8ce environ 150g","date":"7 d\u00e9cembre 2015","format":false,"excerpt":"Laiterie de 41 800 Montoire sur Loir ( Loir et cher). Le Petit Tr\u00f4o est un fromage au lait de vache pasteuris\u00e9, \u00e0 p\u00e2te ferme et douce de saveur, rev\u00eatu d\u2019 une cro\u00fbte l\u00e9g\u00e8rement fleurie jaune cr\u00e8me \u00e0 blanc cass\u00e9. Valeurs nutritionnelles moyennes pour 100g Energie : 1174kj\/283kcal Mati\u00e8res grasses\u2026","rel":"","context":"Article similaire","img":{"alt_text":"","src":"https:\/\/i0.wp.com\/www.passionfruits.fr\/wp-content\/uploads\/2015\/12\/petit-troo.jpg?fit=600%2C598&resize=350%2C200","width":350,"height":200},"classes":[]},{"id":5980,"url":"http:\/\/www.passionfruits.fr\/index.php\/produit\/fromage-blanc-faisselle-artisanale-pot-de-400-grs\/","url_meta":{"origin":5645,"position":4},"title":"Faisselle Artisanale - pot 500 grs","date":"7 d\u00e9cembre 2015","format":false,"excerpt":"Le Petit Tr\u00f4o . Faisselle est une appellation g\u00e9n\u00e9rique fran\u00e7aise d\u00e9signant du fromage frais de lait cru qui prend son nom du moule \u00e0 fromage dans lequel il s'\u00e9goutte\u00a0: la faisselle. Ingr\u00e9dients : lait de vache pasteuris\u00e9 Valeurs nutritionnelles moyennes pour 100g Energie : 422kj\/202kcal Mati\u00e8res grasses : 7g dont\u2026","rel":"","context":"Article similaire","img":{"alt_text":"","src":"https:\/\/i0.wp.com\/www.passionfruits.fr\/wp-content\/uploads\/2015\/12\/faisselle.png?fit=600%2C600&resize=350%2C200","width":350,"height":200},"classes":[]},{"id":5982,"url":"http:\/\/www.passionfruits.fr\/index.php\/produit\/fromage-blanc-faisselle-artisanale-pot-de-1-kg\/","url_meta":{"origin":5645,"position":5},"title":"Faisselle Artisanale - pot de 1 kg","date":"7 d\u00e9cembre 2015","format":false,"excerpt":"Laiterie de 41 800 Montoire sur Loir ( Loir et cher). Le Petit Tr\u00f4o . Faisselle est une appellation g\u00e9n\u00e9rique fran\u00e7aise d\u00e9signant du fromage frais de lait cru qui prend son nom du moule \u00e0 fromage dans lequel il s'\u00e9goutte\u00a0: la faisselle. Ingr\u00e9dients : lait de vache pasteuris\u00e9 Valeurs nutritionnelles\u2026","rel":"","context":"Article similaire","img":{"alt_text":"","src":"https:\/\/i0.wp.com\/www.passionfruits.fr\/wp-content\/uploads\/2015\/12\/faisselle.png?fit=600%2C600&resize=350%2C200","width":350,"height":200},"classes":[]}],"_links":{"self":[{"href":"http:\/\/www.passionfruits.fr\/index.php\/wp-json\/wp\/v2\/product\/5645"}],"collection":[{"href":"http:\/\/www.passionfruits.fr\/index.php\/wp-json\/wp\/v2\/product"}],"about":[{"href":"http:\/\/www.passionfruits.fr\/index.php\/wp-json\/wp\/v2\/types\/product"}],"replies":[{"embeddable":true,"href":"http:\/\/www.passionfruits.fr\/index.php\/wp-json\/wp\/v2\/comments?post=5645"}],"wp:featuredmedia":[{"embeddable":true,"href":"http:\/\/www.passionfruits.fr\/index.php\/wp-json\/wp\/v2\/media\/6864"}],"wp:attachment":[{"href":"http:\/\/www.passionfruits.fr\/index.php\/wp-json\/wp\/v2\/media?parent=5645"}],"curies":[{"name":"wp","href":"https:\/\/api.w.org\/{rel}","templated":true}]}}