{"id":5646,"date":"2015-12-07T11:34:06","date_gmt":"2015-12-07T10:34:06","guid":{"rendered":"http:\/\/www.andreclaude.fr\/web\/index.php\/produit\/roule-ail-et-fines-herbes-part-env-150-grs\/"},"modified":"2022-07-19T15:52:31","modified_gmt":"2022-07-19T14:52:31","slug":"roule-ail-et-fines-herbes-part-env-150-grs","status":"publish","type":"product","link":"http:\/\/www.passionfruits.fr\/index.php\/produit\/roule-ail-et-fines-herbes-part-env-150-grs\/","title":{"rendered":"Roul\u00e9 ail et fine herbe part environ 100 grs"},"content":{"rendered":"<p>Fabriqu\u00e9 par :<\/p>\n<p>Laiteries H.TRIBALLAT<\/p>\n<p>18220 RIANS<\/p>\n<p>&nbsp;<\/p>\n","protected":false},"excerpt":{"rendered":"<p>Le Roul\u00e9 est un fromage de vache frais fabriqu\u00e9 dans notre fromagerie des Vosges. Son go\u00fbt \u00e9quilibr\u00e9 d\u2019ail et de fines herbes et sa texture onctueuse en font une sp\u00e9cialit\u00e9 incontournable du plateau de fromage.<\/p>\n<p>Ingr\u00e9dients : <strong>Lait<\/strong> et<strong> cr\u00e8me<\/strong> pasteuris\u00e9s, sel, amidon, ail (0.7%), fines herbes (0.4%), conservateur : acide sorbique, acidifiant : acide citrique, ferments, ar\u00f4me naturel d&#8217;ail, extrait de romarin.<\/p>\n<p><strong>Lait<\/strong> origine France.<\/p>\n<p>65% MG\/ES<\/p>\n<p>Valeurs nutritionnelles pour 100 g :<\/p>\n<p>Energie: 1245kj\/301kcal<\/p>\n<p>Mati\u00e8res grasses : 28g dont acides gras satur\u00e9s : 19g<\/p>\n<p>Glucides : 5 g dont sucres 2.7g<\/p>\n<p>Prot\u00e9ines : 7.3g<\/p>\n<p>Sel : 1.2g<\/p>\n<p>&nbsp;<\/p>\n","protected":false},"featured_media":17617,"comment_status":"closed","ping_status":"closed","template":"","meta":{"spay_email":"","jetpack_publicize_message":"","jetpack_is_tweetstorm":false},"jetpack_publicize_connections":[],"jetpack_sharing_enabled":true,"jetpack-related-posts":[{"id":10681,"url":"http:\/\/www.passionfruits.fr\/index.php\/produit\/neuville-aux-herbes-la-piece-240-g\/","url_meta":{"origin":5646,"position":0},"title":"Neuville aux herbes la pi\u00e8ce 240 g","date":"6 juin 2017","format":false,"excerpt":"Le Neuville est un fromage \u00e0 p\u00e2te molle, au lait de vache pasteuris\u00e9. Sa mati\u00e8re grasse sur extrait sec est de 22%, son poids de 240 g, Au cours de son affinage en cave, il d\u00e9veloppe une p\u00e2te homog\u00e8ne, cr\u00e9meuse \u00e0 souhait. Ingr\u00e9dients : fromage, persil ciboulette Lait origine France\u2026","rel":"","context":"Article similaire","img":{"alt_text":"","src":"https:\/\/i1.wp.com\/www.passionfruits.fr\/wp-content\/uploads\/2017\/06\/Neuvilleherbes.jpg?fit=597%2C590&resize=350%2C200","width":350,"height":200},"classes":[]},{"id":18315,"url":"http:\/\/www.passionfruits.fr\/index.php\/produit\/tortellinis-aux-legumes-grilles-barquettes-250-gr\/","url_meta":{"origin":5646,"position":1},"title":"TORTELLINIS AUX LEGUMES GRILLES Barquettes 250 Gr","date":"16 septembre 2021","format":false,"excerpt":".Ingr\u00e9dients : Ingr\u00e9dients de la p\u00e2te : farine de bl\u00e9 tendre, semoule de bl\u00e9 dur, \u0153ufs (11,2% sur le produit fini), eau. Ingr\u00e9dients de la garniture : Ricotta (lactos\u00e9rum, cr\u00e8me de lait), chapelure (farine de bl\u00e9 tendre, eau, sel), huile de graines de tournesol, lactos\u00e9rum, flocons de pomme de terre,\u2026","rel":"","context":"Article similaire","img":{"alt_text":"","src":"https:\/\/i1.wp.com\/www.passionfruits.fr\/wp-content\/uploads\/2021\/09\/tore4_1_1_1.jpg?fit=600%2C600&resize=350%2C200","width":350,"height":200},"classes":[]},{"id":10577,"url":"http:\/\/www.passionfruits.fr\/index.php\/produit\/fleurs-des-champs-les-100g\/","url_meta":{"origin":5646,"position":2},"title":"Fleurs des champs part env. 200g","date":"12 mai 2017","format":false,"excerpt":"C\u2019est un fromage suisse dont la cro\u00fbte est entour\u00e9e d\u2019herbe, de foin qu\u2019on trouve dans les champs P\u00e2te press\u00e9e MG\/ Extrait sec <45% Ingr\u00e9dients : Lait de vache thermis\u00e9, sel, ferments, pr\u00e9sure animale. Ingr\u00e9dients croute : fleurs des champs Valeurs nutritionnelles pour 100 g Energie : 1545kj\/369 kcal Mati\u00e8res grasses\u2026","rel":"","context":"Article similaire","img":{"alt_text":"","src":"https:\/\/i2.wp.com\/www.passionfruits.fr\/wp-content\/uploads\/2017\/05\/fleurs-des-champs.jpg?fit=600%2C533&resize=350%2C200","width":350,"height":200},"classes":[]},{"id":17682,"url":"http:\/\/www.passionfruits.fr\/index.php\/produit\/tomme-de-chevre-la-part-env-200g\/","url_meta":{"origin":5646,"position":3},"title":"Tomme de ch\u00e8vre la part env. 200g","date":"12 mars 2021","format":false,"excerpt":"La Fromagerie de Maul\u00e9on Dans les Pyr\u00e9n\u00e9es-Atlantiques, au c\u0153ur de la Soule, la Fromagerie de Maul\u00e9on sublime le lait de ch\u00e8vre. C\u2019est en transposant leur savoir-faire ancien et reconnu dans les p\u00e2tes press\u00e9es de brebis, embl\u00e9matiques des montagnes du Pays Basque et du B\u00e9arn, que les ma\u00eetres-fromagers de Maul\u00e9on cr\u00e9ent\u2026","rel":"","context":"Article similaire","img":{"alt_text":"","src":"https:\/\/i2.wp.com\/www.passionfruits.fr\/wp-content\/uploads\/2021\/03\/Tomme-chevre.jpg?fit=600%2C600&resize=350%2C200","width":350,"height":200},"classes":[]},{"id":6440,"url":"http:\/\/www.passionfruits.fr\/index.php\/produit\/tapenade-chevre-et-tomate-le-pot\/","url_meta":{"origin":5646,"position":4},"title":"Tapenade - Ch\u00e8vre et tomate verrine 90g","date":"7 d\u00e9cembre 2015","format":false,"excerpt":"Une alliance d\u00e9licate entre l'onctuosit\u00e9 cr\u00e9meuse du ch\u00e8vre et la saveur raffin\u00e9e de la tomate s\u00e9ch\u00e9e. Comblera le plus avis\u00e9 des gastronomes. Ingr\u00e9dients : fromage blanc, fromage de ch\u00e8vre 22% tomates s\u00e9ch\u00e9es 16%, tomates pel\u00e9es concass\u00e9es, ail, sel, origan, amidon transform\u00e9, poivre blanc. Sans conservateur, sans OGM Valeurs nutritionnelles moyennes\u2026","rel":"","context":"Article similaire","img":{"alt_text":"","src":"https:\/\/i2.wp.com\/www.passionfruits.fr\/wp-content\/uploads\/2015\/12\/delice-de-chevre.jpg?fit=458%2C458&resize=350%2C200","width":350,"height":200},"classes":[]},{"id":5701,"url":"http:\/\/www.passionfruits.fr\/index.php\/produit\/cantal-part-env-200-grs\/","url_meta":{"origin":5646,"position":5},"title":"Cantal jeune part environ 200 grs","date":"7 d\u00e9cembre 2015","format":false,"excerpt":"Originaire du Massif central et fabriqu\u00e9 \u00e0 partir de lait pasteuris\u00e9\u00a0 de vache.Le saviez-vous\u00a0? Pour fabriquer une fourme de Cantal, il faut\u00a0: 400 litres de lait. En fonction de son \u00e2ge, le fromage est appel\u00e9\u00a0: Cantal jeune\u00a0: affin\u00e9 de 30 \u00e0 60 jours, Cantal \u00a0entre-deux\u00a0: affin\u00e9 de 90 \u00e0 210\u2026","rel":"","context":"Article similaire","img":{"alt_text":"","src":"https:\/\/i2.wp.com\/www.passionfruits.fr\/wp-content\/uploads\/2015\/12\/cantal1.jpg?fit=339%2C510&resize=350%2C200","width":350,"height":200},"classes":[]}],"_links":{"self":[{"href":"http:\/\/www.passionfruits.fr\/index.php\/wp-json\/wp\/v2\/product\/5646"}],"collection":[{"href":"http:\/\/www.passionfruits.fr\/index.php\/wp-json\/wp\/v2\/product"}],"about":[{"href":"http:\/\/www.passionfruits.fr\/index.php\/wp-json\/wp\/v2\/types\/product"}],"replies":[{"embeddable":true,"href":"http:\/\/www.passionfruits.fr\/index.php\/wp-json\/wp\/v2\/comments?post=5646"}],"wp:featuredmedia":[{"embeddable":true,"href":"http:\/\/www.passionfruits.fr\/index.php\/wp-json\/wp\/v2\/media\/17617"}],"wp:attachment":[{"href":"http:\/\/www.passionfruits.fr\/index.php\/wp-json\/wp\/v2\/media?parent=5646"}],"curies":[{"name":"wp","href":"https:\/\/api.w.org\/{rel}","templated":true}]}}