{"id":5667,"date":"2015-12-07T11:34:12","date_gmt":"2015-12-07T10:34:12","guid":{"rendered":"http:\/\/www.andreclaude.fr\/web\/index.php\/produit\/altesse-part-env-200-grs\/"},"modified":"2023-04-06T09:55:52","modified_gmt":"2023-04-06T08:55:52","slug":"altesse-part-env-200-grs","status":"publish","type":"product","link":"http:\/\/www.passionfruits.fr\/index.php\/produit\/altesse-part-env-200-grs\/","title":{"rendered":"Altesse \u00e0 la coupe  part environ 200 grs"},"content":{"rendered":"<p>Distribu\u00e9 par FTRECAL<\/p>\n<p>88140 Bulgn\u00e9ville<\/p>\n<p>&nbsp;<\/p>\n","protected":false},"excerpt":{"rendered":"<p>Fromage alsacien des vignerons des Vosges \u00e0 cro\u00fbte lav\u00e9e, caract\u00e9ris\u00e9 par une p\u00e2te molle et souple, un go\u00fbt \u00e9pic\u00e9, relev\u00e9 et cr\u00e9meux. Il est fabriqu\u00e9 de la m\u00eame mani\u00e8re que le munster.<\/p>\n<p>27% MG<\/p>\n<p>Ingr\u00e9dients : <strong>Lait<\/strong> pasteuris\u00e9, sel, ferments, enzyme coagulante, colorant (cro\u00fbte): rocou.<\/p>\n<p><strong>Lait<\/strong> origine France<\/p>\n<p>Valeurs nutritionnelles moyennes pour 100 g<\/p>\n<p>Energie : 1366kj\/329kcal<\/p>\n<p>Mati\u00e8res grasses : 27g dont acides gras satur\u00e9s : 19g<\/p>\n<p>Glucides : 1g dont sucres 1g<\/p>\n<p>Prot\u00e9ines : 20g<\/p>\n<p>Sel : 1.5g<\/p>\n<p>&nbsp;<\/p>\n","protected":false},"featured_media":7699,"comment_status":"closed","ping_status":"closed","template":"","meta":{"spay_email":"","jetpack_publicize_message":"","jetpack_is_tweetstorm":false},"jetpack_publicize_connections":[],"jetpack_sharing_enabled":true,"jetpack-related-posts":[{"id":5753,"url":"http:\/\/www.passionfruits.fr\/index.php\/produit\/selles-sur-cher\/","url_meta":{"origin":5667,"position":0},"title":"Ch\u00e8vre Selles sur Cher la pi\u00e8ce","date":"7 d\u00e9cembre 2015","format":false,"excerpt":"41 130 Selles-sur-Cher. Le Selles-sur-Cher, au lait de ch\u00e8vre entier, se reconna\u00eet \u00e0 sa p\u00e2te molle de couleur blanche et \u00e0 sa cro\u00fbte cendr\u00e9e. Sa texture est fondante. Ingr\u00e9dients : lait de ch\u00e8vre , ferments, colorant : charbon v\u00e9g\u00e9tal, pr\u00e9sure. Valeurs nutritionnelles moyennes pour 100g Energie : 1231kj\/297kcal Mati\u00e8res grasses\u2026","rel":"","context":"Article similaire","img":{"alt_text":"","src":"https:\/\/i0.wp.com\/www.passionfruits.fr\/wp-content\/uploads\/2015\/12\/sellesurcher1.jpg?fit=598%2C596&resize=350%2C200","width":350,"height":200},"classes":[]},{"id":9849,"url":"http:\/\/www.passionfruits.fr\/index.php\/produit\/munster-part-promo-env-200g\/","url_meta":{"origin":5667,"position":1},"title":"Munster la part environ 200 grs","date":"11 d\u00e9cembre 2016","format":false,"excerpt":"Consid\u00e9r\u00e9 par certains comme le \"roi des fromages\", c'est en tout cas une r\u00e9ussite de la gastronomie fran\u00e7aise ! C'est un fromage avec une croute lisse, fine et humide. Fromage \u00e0 p\u00e2te molle au lait pasteuris\u00e9. Ingr\u00e9dients : lait, sel, ferments lactiques, pr\u00e9sure Valeurs nutritionnelles moyennes pour 100g Energie :\u2026","rel":"","context":"Article similaire","img":{"alt_text":"","src":"https:\/\/i2.wp.com\/www.passionfruits.fr\/wp-content\/uploads\/2016\/12\/munster.jpg?fit=600%2C600&resize=350%2C200","width":350,"height":200},"classes":[]},{"id":5760,"url":"http:\/\/www.passionfruits.fr\/index.php\/produit\/brie-au-poivre-part-env-200-grs\/","url_meta":{"origin":5667,"position":2},"title":"Brie au poivre part environ 200 grs","date":"7 d\u00e9cembre 2015","format":false,"excerpt":"Sa texture est proche du brie mais l\u00e9g\u00e8rement plus ferme. Par contre son go\u00fbt est vraiment parfum\u00e9 dut \u00e0 son affinage. Sa cro\u00fbte contient le poivre ce qui lui rend un parfum irr\u00e9sistible pour les amateurs de poivre. Ingr\u00e9dients : lait de vache pasteuris\u00e9 ( origine UE ), poivre 2.5%,\u2026","rel":"","context":"Article similaire","img":{"alt_text":"","src":"https:\/\/i0.wp.com\/www.passionfruits.fr\/wp-content\/uploads\/2015\/12\/brie-au-poivre.jpg?fit=354%2C456&resize=350%2C200","width":350,"height":200},"classes":[]},{"id":9988,"url":"http:\/\/www.passionfruits.fr\/index.php\/produit\/fournol-la-part-env-200-grs\/","url_meta":{"origin":5667,"position":3},"title":"Fournol \u00e0 la coupe part environ 200 grs","date":"6 janvier 2017","format":false,"excerpt":"Fromage au lait de vache pasteuris\u00e9. Fromage \u00e0 p\u00e2te molle \u00e0 cro\u00fbte lav\u00e9e. Fromage Auvergnat authentique et typique. Tr\u00e8s moelleux peut \u00eatre servi en plateau ou \u00eatre cuisin\u00e9. Ingr\u00e9dients : lait pasteuris\u00e9 de vache, (origine France), sel, coagulant,ferments, colorant : E160b 26% mati\u00e8res grasses produit fini Valeurs nutritionnelles moyennes pour\u2026","rel":"","context":"Article similaire","img":{"alt_text":"","src":"https:\/\/i1.wp.com\/www.passionfruits.fr\/wp-content\/uploads\/2017\/01\/fournol.jpg?fit=600%2C598&resize=350%2C200","width":350,"height":200},"classes":[]},{"id":17682,"url":"http:\/\/www.passionfruits.fr\/index.php\/produit\/tomme-de-chevre-la-part-env-200g\/","url_meta":{"origin":5667,"position":4},"title":"Tomme de ch\u00e8vre la part env. 200g","date":"12 mars 2021","format":false,"excerpt":"La Fromagerie de Maul\u00e9on Dans les Pyr\u00e9n\u00e9es-Atlantiques, au c\u0153ur de la Soule, la Fromagerie de Maul\u00e9on sublime le lait de ch\u00e8vre. C\u2019est en transposant leur savoir-faire ancien et reconnu dans les p\u00e2tes press\u00e9es de brebis, embl\u00e9matiques des montagnes du Pays Basque et du B\u00e9arn, que les ma\u00eetres-fromagers de Maul\u00e9on cr\u00e9ent\u2026","rel":"","context":"Article similaire","img":{"alt_text":"","src":"https:\/\/i2.wp.com\/www.passionfruits.fr\/wp-content\/uploads\/2021\/03\/Tomme-chevre.jpg?fit=600%2C600&resize=350%2C200","width":350,"height":200},"classes":[]},{"id":10579,"url":"http:\/\/www.passionfruits.fr\/index.php\/produit\/fromage-de-brebis-des-pyrenees-les-100g\/","url_meta":{"origin":5667,"position":5},"title":"Fromage de brebis des Pyr\u00e9n\u00e9es part env. 200g","date":"12 mai 2017","format":false,"excerpt":"C'est le fromage qui repr\u00e9sente le mieux le pays Basque. C'est une tomme avec une cro\u00fbte un peu \u00e9paisse de couleur gris\u00e2tre \u00e0 jaune orang\u00e9. Sa p\u00e2te est blanche de consistance ferme . Ingr\u00e9dients : lait pasteuris\u00e9 de brebis (origine UE) sel, pr\u00e9sure, ferments lactiques, colorants de cro\u00fbte :E153, E160b,\u2026","rel":"","context":"Article similaire","img":{"alt_text":"","src":"https:\/\/i2.wp.com\/www.passionfruits.fr\/wp-content\/uploads\/2017\/05\/fromage-des-pyrenees.jpg?fit=300%2C300&resize=350%2C200","width":350,"height":200},"classes":[]}],"_links":{"self":[{"href":"http:\/\/www.passionfruits.fr\/index.php\/wp-json\/wp\/v2\/product\/5667"}],"collection":[{"href":"http:\/\/www.passionfruits.fr\/index.php\/wp-json\/wp\/v2\/product"}],"about":[{"href":"http:\/\/www.passionfruits.fr\/index.php\/wp-json\/wp\/v2\/types\/product"}],"replies":[{"embeddable":true,"href":"http:\/\/www.passionfruits.fr\/index.php\/wp-json\/wp\/v2\/comments?post=5667"}],"wp:featuredmedia":[{"embeddable":true,"href":"http:\/\/www.passionfruits.fr\/index.php\/wp-json\/wp\/v2\/media\/7699"}],"wp:attachment":[{"href":"http:\/\/www.passionfruits.fr\/index.php\/wp-json\/wp\/v2\/media?parent=5667"}],"curies":[{"name":"wp","href":"https:\/\/api.w.org\/{rel}","templated":true}]}}