{"id":5699,"date":"2015-12-07T11:34:33","date_gmt":"2015-12-07T10:34:33","guid":{"rendered":"http:\/\/www.andreclaude.fr\/web\/index.php\/produit\/mozarella-buffala\/"},"modified":"2026-04-21T09:46:00","modified_gmt":"2026-04-21T08:46:00","slug":"mozarella-buffala","status":"publish","type":"product","link":"http:\/\/www.passionfruits.fr\/index.php\/produit\/mozarella-buffala\/","title":{"rendered":"Mozzarella di Bufala campana boule 125g"},"content":{"rendered":"<p>Fabriqu\u00e9 par :<\/p>\n<p>Gral Grancoeur<\/p>\n<p>58500 Clamecy<\/p>\n","protected":false},"excerpt":{"rendered":"<p>Fromage frais \u00e0 p\u00e2te fil\u00e9e.<\/p>\n<div>On accommode la mozzarella un peu toujours de la m\u00eame fa\u00e7on. Voici des id\u00e9es pour changer, salade tomate-mozza, pizza mozza-tomate, brochettes tomate cerise-mozza. Qui n\u2019a jamais mang\u00e9 de mozzarella di bufala campana n\u2019a jamais mang\u00e9 de mozzarella !<\/div>\n<div><\/div>\n<div>\n<p>La mozzarella, la seule, l\u2019unique, celle qui peut l\u00e9gitimement porter ce nom all\u00e9chant, c\u2019est celle dite \u00ab di bufala \u00bb (\u00ab de bufflonne \u00bb, en fran\u00e7ais dans le texte). Car \u00e0 l\u2019origine, c\u2019est pour utiliser le lait au go\u00fbt puissant de ce bestiau \u00e0 poil long et \u00e0 sang chaud &#8211; autrement dit la bufflonne &#8211; qu\u2019on a eu l\u2019id\u00e9e dans les campagnes italiennes de Campanie de fabriquer ce fromage. Y a pas \u00e0 dire, ils ont eu du g\u00e9nie ces gars-l\u00e0 ! Un r\u00e9sultat fondant, parfum\u00e9, d\u00e9licat, bref, rien que du bonheur en bouche. Du coup, pas fous, ils ont prot\u00e9g\u00e9 leur savoir-faire qui porte d\u00e9sormais une AOC, la Mozzarella di Bufala Campana.<\/p>\n<p>Ingr\u00e9dients :<strong> lait<\/strong> de bufflone pasteuris\u00e9, lactos\u00e9rum inocul\u00e9 naturel, sel,pr\u00e9sure.<\/p>\n<p>Valeurs nutritionnelles moyennes pour 100g<\/p>\n<p>Energie : 1194kj\/288kcal<\/p>\n<p>Mati\u00e8res grasses : 25g dont acides gras satur\u00e9s : 17g<\/p>\n<p>Glucides : 0.8g dont sucres 0.8g<\/p>\n<p>Prot\u00e9ines : 15g<\/p>\n<p>Sel : 0.7g<\/p>\n<\/div>\n","protected":false},"featured_media":5700,"comment_status":"closed","ping_status":"closed","template":"","meta":{"spay_email":"","jetpack_publicize_message":"","jetpack_is_tweetstorm":false},"jetpack_publicize_connections":[],"jetpack_sharing_enabled":true,"jetpack-related-posts":[{"id":5148,"url":"http:\/\/www.passionfruits.fr\/index.php\/produit\/tomate-cerise-les-250grs\/","url_meta":{"origin":5699,"position":0},"title":"Tomate cerise Maroc  Cat 1  soit 2,95 les  250g","date":"7 d\u00e9cembre 2015","format":false,"excerpt":"Avec sa petite taille, la tomate cerise se fait souvent picorer \u00e0 l'ap\u00e9ritif. Mais elle se d\u00e9guste \u00e9galement dans de nombreuses recettes faciles, au bon go\u00fbt de l'\u00e9t\u00e9. Caram\u00e9lis\u00e9es et roul\u00e9es dans des graines de s\u00e9same ou de pavot, la tomate cerise devient \"d'amour\", comme les pommes de la f\u00eate\u2026","rel":"","context":"Article similaire","img":{"alt_text":"","src":"https:\/\/i1.wp.com\/www.passionfruits.fr\/wp-content\/uploads\/2015\/12\/tomatecerise.jpg?fit=399%2C301&resize=350%2C200","width":350,"height":200},"classes":[]},{"id":6440,"url":"http:\/\/www.passionfruits.fr\/index.php\/produit\/tapenade-chevre-et-tomate-le-pot\/","url_meta":{"origin":5699,"position":1},"title":"Tapenade - Ch\u00e8vre et tomate verrine 90g","date":"7 d\u00e9cembre 2015","format":false,"excerpt":"Une alliance d\u00e9licate entre l'onctuosit\u00e9 cr\u00e9meuse du ch\u00e8vre et la saveur raffin\u00e9e de la tomate s\u00e9ch\u00e9e. Comblera le plus avis\u00e9 des gastronomes. Ingr\u00e9dients : fromage blanc, fromage de ch\u00e8vre 22% tomates s\u00e9ch\u00e9es 16%, tomates pel\u00e9es concass\u00e9es, ail, sel, origan, amidon transform\u00e9, poivre blanc. Sans conservateur, sans OGM Valeurs nutritionnelles moyennes\u2026","rel":"","context":"Article similaire","img":{"alt_text":"","src":"https:\/\/i2.wp.com\/www.passionfruits.fr\/wp-content\/uploads\/2015\/12\/delice-de-chevre.jpg?fit=458%2C458&resize=350%2C200","width":350,"height":200},"classes":[]},{"id":7782,"url":"http:\/\/www.passionfruits.fr\/index.php\/produit\/pain-a-la-tomate-sachet-150g\/","url_meta":{"origin":5699,"position":2},"title":"Pain grill\u00e9 \u00e0 la tomate sachet 150g","date":"21 janvier 2016","format":false,"excerpt":"Id\u00e9al pour tartiner vos tapenades \u00e0 l' ap\u00e9ritif. Ingr\u00e9dients : farine de bl\u00e9, huile de tournesol raffin\u00e9e (29%), tomate d\u00e9shydrat\u00e9e en poudre (8%)\u00a0 levure, sel, origan (0.4%), am\u00e9liorant de panification (farine de bl\u00e9, antiagglom\u00e9rant E170i, \u00e9mulsifiant E472e, antioxydant E300 et enzymes) et sucre. Contient du gluten. Contient des traces de\u2026","rel":"","context":"Article similaire","img":{"alt_text":"","src":"https:\/\/i1.wp.com\/www.passionfruits.fr\/wp-content\/uploads\/2016\/01\/pain-tomatep.jpg?fit=460%2C460&resize=350%2C200","width":350,"height":200},"classes":[]},{"id":5909,"url":"http:\/\/www.passionfruits.fr\/index.php\/produit\/sauce-tomate-grand-mere\/","url_meta":{"origin":5699,"position":3},"title":"Sauce Tomate Grand M\u00e8re le pot de 350g","date":"7 d\u00e9cembre 2015","format":false,"excerpt":"Id\u00e9ale pour accompagner vos plats de p\u00e2tes, de riz,poissons, ou encore pour vous assurer la r\u00e9ussite de vos sauces tomates ! \u00a0 CARACTERISTIQUES PRODUIT Ingr\u00e9dients : Tomates 90%, l\u00e9gumes en proportions variables 7% ( oignon, carotte, c\u00e9leri), huile de tournesol, sel, r\u00e9gulateur d'acidit\u00e9 : acide citrique. Allerg\u00e8nes : Traces d'allerg\u00e8nes\u2026","rel":"","context":"Article similaire","img":{"alt_text":"","src":"https:\/\/i2.wp.com\/www.passionfruits.fr\/wp-content\/uploads\/2015\/12\/sauce.jpg?fit=598%2C600&resize=350%2C200","width":350,"height":200},"classes":[]},{"id":5776,"url":"http:\/\/www.passionfruits.fr\/index.php\/produit\/mimolette-extra-vieille-18-mois-petite-part-env-150-grs\/","url_meta":{"origin":5699,"position":4},"title":"Mimolette part environ 200 grs","date":"7 d\u00e9cembre 2015","format":false,"excerpt":"Mimolette Extra vieille. Fromage au lait pasteuris\u00e9 de vache. La mimolette extra vieille ou boule de Lille est un fromage \u00e0 p\u00e2te ferme s\u00e8che et cassante, tr\u00e8s dense et de couleur rouge orang\u00e9e . Son go\u00fbt est soutenu avec des ar\u00f4mes de caf\u00e9 assez marqu\u00e9s. La coloration de sa p\u00e2te\u2026","rel":"","context":"Article similaire","img":{"alt_text":"","src":"https:\/\/i1.wp.com\/www.passionfruits.fr\/wp-content\/uploads\/2015\/12\/mimolette.jpg?fit=849%2C565&resize=350%2C200","width":350,"height":200},"classes":[]},{"id":5732,"url":"http:\/\/www.passionfruits.fr\/index.php\/produit\/saint-felicien\/","url_meta":{"origin":5699,"position":5},"title":"Saint Marcelin la pi\u00e8ce de 80 grs","date":"7 d\u00e9cembre 2015","format":false,"excerpt":"Fromage au lait cru de vache, il propose une cro\u00fbte fine\u00a0et fleurie de couleur blanche renfermant une p\u00e2te molle et cr\u00e9meuse de couleur ivoire. D\u2019un go\u00fbt\u00a0l\u00e9g\u00e8rement\u00a0acide aux ar\u00f4mes de noisette \u00a0accompagn\u00e9 d\u2019un parfum bois\u00e9. Originaire du Rh\u00f4ne-Alpes. Autrefois fabriqu\u00e9 \u00e0 partir de lait de ch\u00e8vre, il est aujourd\u2019hui exclusivement fabriqu\u00e9\u2026","rel":"","context":"Article similaire","img":{"alt_text":"","src":"https:\/\/i0.wp.com\/www.passionfruits.fr\/wp-content\/uploads\/2015\/12\/st-marcelin-gc.jpg?fit=600%2C551&resize=350%2C200","width":350,"height":200},"classes":[]}],"_links":{"self":[{"href":"http:\/\/www.passionfruits.fr\/index.php\/wp-json\/wp\/v2\/product\/5699"}],"collection":[{"href":"http:\/\/www.passionfruits.fr\/index.php\/wp-json\/wp\/v2\/product"}],"about":[{"href":"http:\/\/www.passionfruits.fr\/index.php\/wp-json\/wp\/v2\/types\/product"}],"replies":[{"embeddable":true,"href":"http:\/\/www.passionfruits.fr\/index.php\/wp-json\/wp\/v2\/comments?post=5699"}],"wp:featuredmedia":[{"embeddable":true,"href":"http:\/\/www.passionfruits.fr\/index.php\/wp-json\/wp\/v2\/media\/5700"}],"wp:attachment":[{"href":"http:\/\/www.passionfruits.fr\/index.php\/wp-json\/wp\/v2\/media?parent=5699"}],"curies":[{"name":"wp","href":"https:\/\/api.w.org\/{rel}","templated":true}]}}