{"id":5732,"date":"2015-12-07T11:34:54","date_gmt":"2015-12-07T10:34:54","guid":{"rendered":"http:\/\/www.andreclaude.fr\/web\/index.php\/produit\/saint-felicien\/"},"modified":"2024-04-03T16:53:40","modified_gmt":"2024-04-03T15:53:40","slug":"saint-felicien","status":"publish","type":"product","link":"http:\/\/www.passionfruits.fr\/index.php\/produit\/saint-felicien\/","title":{"rendered":"Saint Marcelin la pi\u00e8ce de 80 grs"},"content":{"rendered":"<p>Fabriqu\u00e9 dans l&#8217;Is\u00e8re<\/p>\n<p>Distribu\u00e9 par GRAL<\/p>\n<p>58500 CLAMECY<\/p>\n<p>&nbsp;<\/p>\n","protected":false},"excerpt":{"rendered":"<p><span class=\"PBLongTxt\">Fromage au <strong>lait<\/strong> cru de vache, il propose une cro\u00fbte fine\u00a0et fleurie de couleur blanche renfermant une p\u00e2te molle et cr\u00e9meuse de couleur ivoire. D\u2019un go\u00fbt\u00a0l\u00e9g\u00e8rement\u00a0acide aux ar\u00f4mes de noisette \u00a0accompagn\u00e9 d\u2019un parfum bois\u00e9.<\/span><\/p>\n<p><span class=\"PBLongTxt\">Originaire du Rh\u00f4ne-Alpes.<\/span><\/p>\n<p><span class=\"PBLongTxt\">Autrefois fabriqu\u00e9 \u00e0 partir de lait de ch\u00e8vre, il est aujourd\u2019hui exclusivement fabriqu\u00e9 au lait de vache.<\/span><\/p>\n","protected":false},"featured_media":10603,"comment_status":"closed","ping_status":"closed","template":"","meta":{"spay_email":"","jetpack_publicize_message":"","jetpack_is_tweetstorm":false},"jetpack_publicize_connections":[],"jetpack_sharing_enabled":true,"jetpack-related-posts":[{"id":5736,"url":"http:\/\/www.passionfruits.fr\/index.php\/produit\/galet-de-la-loire\/","url_meta":{"origin":5732,"position":0},"title":"Galet de la Loire la pi\u00e8ce environ 260g","date":"7 d\u00e9cembre 2015","format":false,"excerpt":"Fromage au lait de vache pasteuris\u00e9 \u00e0 patte molle. Sans odeur, et en bouche il est d\u00e9licat et onctueux. Fromage d'Anjou au lait pasteuris\u00e9 et cr\u00e8me (origine France), ferments, pr\u00e9sure,sel. Fabriqu\u00e9 dans une fromagerie transformant du lait de ch\u00e8vre et du lait du vache. Valeurs nutritionnelles moyennes pour 100g Energie\u2026","rel":"","context":"Article similaire","img":{"alt_text":"","src":"https:\/\/i1.wp.com\/www.passionfruits.fr\/wp-content\/uploads\/2015\/12\/galet-de-la-loire.jpg?fit=599%2C599&resize=350%2C200","width":350,"height":200},"classes":[]},{"id":5758,"url":"http:\/\/www.passionfruits.fr\/index.php\/produit\/morbier-au-lait-cru-petite-part-env-150-grs\/","url_meta":{"origin":5732,"position":1},"title":"Morbier au lait cru part env. 200g","date":"7 d\u00e9cembre 2015","format":false,"excerpt":"Fromage au lait cru de vache, fabriqu\u00e9 dans le massif du Jura. Ni douce ni forte, sa saveur de cr\u00e8me est d\u00e9licate. Sa p\u00e2te jaune clair est fondante et souple. Excellent aussi pour les amateurs de raclette !!! Ingr\u00e9dients : lait de vache cru, sel, ferments lactiques, pr\u00e9sure, colorant :\u2026","rel":"","context":"Article similaire","img":{"alt_text":"","src":"https:\/\/i1.wp.com\/www.passionfruits.fr\/wp-content\/uploads\/2015\/12\/morbier.jpg?fit=832%2C577&resize=350%2C200","width":350,"height":200},"classes":[]},{"id":5776,"url":"http:\/\/www.passionfruits.fr\/index.php\/produit\/mimolette-extra-vieille-18-mois-petite-part-env-150-grs\/","url_meta":{"origin":5732,"position":2},"title":"Mimolette part environ 200 grs","date":"7 d\u00e9cembre 2015","format":false,"excerpt":"Mimolette Extra vieille. Fromage au lait pasteuris\u00e9 de vache. La mimolette extra vieille ou boule de Lille est un fromage \u00e0 p\u00e2te ferme s\u00e8che et cassante, tr\u00e8s dense et de couleur rouge orang\u00e9e . Son go\u00fbt est soutenu avec des ar\u00f4mes de caf\u00e9 assez marqu\u00e9s. La coloration de sa p\u00e2te\u2026","rel":"","context":"Article similaire","img":{"alt_text":"","src":"https:\/\/i1.wp.com\/www.passionfruits.fr\/wp-content\/uploads\/2015\/12\/mimolette.jpg?fit=849%2C565&resize=350%2C200","width":350,"height":200},"classes":[]},{"id":10545,"url":"http:\/\/www.passionfruits.fr\/index.php\/produit\/tomme-blanche-part-200grs-environ\/","url_meta":{"origin":5732,"position":3},"title":"Tomme blanche part environ 350 grs","date":"8 mai 2017","format":false,"excerpt":"Son go\u00fbt tr\u00e8s doux, l\u00e9g\u00e8rement acidul\u00e9 et sal\u00e9 s\u00e9duira le plus grand nombre!!! La tomme blanche\u00a0est un fromage \u00e0 p\u00e2te fraiche fait \u00e0 partir d\u2019une\u00a0faisselle\u00a0compos\u00e9 de\u00a0lait caill\u00e9\u00a0avec de la\u00a0pr\u00e9sure, elle est \u00e9labor\u00e9e en Savoie. La fabrication de ce fromage se fait \u00e0 partir du caill\u00e9 pr\u00e9lev\u00e9 en d\u00e9but d\u2019op\u00e9ration de\u2026","rel":"","context":"Article similaire","img":{"alt_text":"","src":"https:\/\/i0.wp.com\/www.passionfruits.fr\/wp-content\/uploads\/2017\/05\/tomme-blanche03.jpg?fit=529%2C600&resize=350%2C200","width":350,"height":200},"classes":[]},{"id":5690,"url":"http:\/\/www.passionfruits.fr\/index.php\/produit\/tome-de-savoie-petite-part-env-150-grs\/","url_meta":{"origin":5732,"position":4},"title":"Tomme de Savoie part env. 200g","date":"7 d\u00e9cembre 2015","format":false,"excerpt":"Le lait provient quasi-exclusivement de vaches de races locales : Tarine, Abondance et Montb\u00e9liarde. La transformation du lait et l\u2019affinage du fromage sont ensuite r\u00e9alis\u00e9s strictement en Savoie et en Haute-Savoie. S\u00fbrement l'un des plus vieux fromages savoyards. La Tomme de Savoie a une cro\u00fbte gris\u00e2tre. Sa p\u00e2te est souple,\u2026","rel":"","context":"Article similaire","img":{"alt_text":"","src":"https:\/\/i1.wp.com\/www.passionfruits.fr\/wp-content\/uploads\/2015\/12\/tomme1.jpg?fit=346%2C346&resize=350%2C200","width":350,"height":200},"classes":[]},{"id":5701,"url":"http:\/\/www.passionfruits.fr\/index.php\/produit\/cantal-part-env-200-grs\/","url_meta":{"origin":5732,"position":5},"title":"Cantal jeune part environ 200 grs","date":"7 d\u00e9cembre 2015","format":false,"excerpt":"Originaire du Massif central et fabriqu\u00e9 \u00e0 partir de lait pasteuris\u00e9\u00a0 de vache.Le saviez-vous\u00a0? Pour fabriquer une fourme de Cantal, il faut\u00a0: 400 litres de lait. En fonction de son \u00e2ge, le fromage est appel\u00e9\u00a0: Cantal jeune\u00a0: affin\u00e9 de 30 \u00e0 60 jours, Cantal \u00a0entre-deux\u00a0: affin\u00e9 de 90 \u00e0 210\u2026","rel":"","context":"Article similaire","img":{"alt_text":"","src":"https:\/\/i2.wp.com\/www.passionfruits.fr\/wp-content\/uploads\/2015\/12\/cantal1.jpg?fit=339%2C510&resize=350%2C200","width":350,"height":200},"classes":[]}],"_links":{"self":[{"href":"http:\/\/www.passionfruits.fr\/index.php\/wp-json\/wp\/v2\/product\/5732"}],"collection":[{"href":"http:\/\/www.passionfruits.fr\/index.php\/wp-json\/wp\/v2\/product"}],"about":[{"href":"http:\/\/www.passionfruits.fr\/index.php\/wp-json\/wp\/v2\/types\/product"}],"replies":[{"embeddable":true,"href":"http:\/\/www.passionfruits.fr\/index.php\/wp-json\/wp\/v2\/comments?post=5732"}],"wp:featuredmedia":[{"embeddable":true,"href":"http:\/\/www.passionfruits.fr\/index.php\/wp-json\/wp\/v2\/media\/10603"}],"wp:attachment":[{"href":"http:\/\/www.passionfruits.fr\/index.php\/wp-json\/wp\/v2\/media?parent=5732"}],"curies":[{"name":"wp","href":"https:\/\/api.w.org\/{rel}","templated":true}]}}