{"id":5740,"date":"2015-12-07T11:35:05","date_gmt":"2015-12-07T10:35:05","guid":{"rendered":"http:\/\/www.andreclaude.fr\/web\/index.php\/produit\/feuilles-de-dreux\/"},"modified":"2022-09-06T16:19:18","modified_gmt":"2022-09-06T15:19:18","slug":"feuilles-de-dreux","status":"publish","type":"product","link":"http:\/\/www.passionfruits.fr\/index.php\/produit\/feuilles-de-dreux\/","title":{"rendered":"Feuilles de Dreux la pi\u00e8ce 300g"},"content":{"rendered":"<p>Fabriqu\u00e9 en R\u00e9gion Centre<\/p>\n<p>Fromagerie d&#8217;Orval<\/p>\n<p>18200 Orval<\/p>\n","protected":false},"excerpt":{"rendered":"<p>Avant de servir de d\u00e9coration, la feuille de ch\u00e2taignier \u00e9tait utilis\u00e9e pour \u00e9viter que les fromages empil\u00e9s les uns sur les autres lors de l&#8217;affinage ne collent entre eux et d\u2019\u00eatre malgr\u00e9 tout tr\u00e8s onctueux.<\/p>\n<p>Fromage au <strong>lait<\/strong> pasteuris\u00e9 de vache (origine France)<\/p>\n<p>14% Mat Gr sur poids total \u00e0 l&#8217;emballage<\/p>\n<p>Valeurs nutritionnelles moyennes pour 100g<\/p>\n<p>Energie : 1036kj\/248kcal<\/p>\n<p>Mati\u00e8res grasses : 14g dont acides gras satur\u00e9s : 3.1g<\/p>\n<p>Glucides : 3.2g dont sucres traces<\/p>\n<p>Prot\u00e9ines : 25g<\/p>\n<p>Sel : 2g<\/p>\n<p>Fabriqu\u00e9 en r\u00e9gion centre par fromagerie d&#8217;Orval 18200 Orval<\/p>\n","protected":false},"featured_media":7413,"comment_status":"closed","ping_status":"closed","template":"","meta":{"spay_email":"","jetpack_publicize_message":"","jetpack_is_tweetstorm":false},"jetpack_publicize_connections":[],"jetpack_sharing_enabled":true,"jetpack-related-posts":[{"id":5738,"url":"http:\/\/www.passionfruits.fr\/index.php\/produit\/12-feuilles-de-dreux\/","url_meta":{"origin":5740,"position":0},"title":"Feuille de Dreux le demi env. 150g","date":"7 d\u00e9cembre 2015","format":false,"excerpt":"Avant de servir de d\u00e9coration, la feuille de ch\u00e2taignier \u00e9tait utilis\u00e9e pour \u00e9viter que les fromages empil\u00e9s les uns sur les autres lors de l'affinage ne collent entre eux et d\u2019\u00eatre malgr\u00e9 tout tr\u00e8s onctueux. Fromage au lait pasteuris\u00e9 de vache (origine France) 14% Mat Gr sur poids total \u00e0\u2026","rel":"","context":"Article similaire","img":{"alt_text":"","src":"https:\/\/i0.wp.com\/www.passionfruits.fr\/wp-content\/uploads\/2015\/12\/feuille-de-dreux-1.jpg?fit=599%2C598&resize=350%2C200","width":350,"height":200},"classes":[]},{"id":5776,"url":"http:\/\/www.passionfruits.fr\/index.php\/produit\/mimolette-extra-vieille-18-mois-petite-part-env-150-grs\/","url_meta":{"origin":5740,"position":1},"title":"Mimolette part environ 200 grs","date":"7 d\u00e9cembre 2015","format":false,"excerpt":"Mimolette Extra vieille. Fromage au lait pasteuris\u00e9 de vache. La mimolette extra vieille ou boule de Lille est un fromage \u00e0 p\u00e2te ferme s\u00e8che et cassante, tr\u00e8s dense et de couleur rouge orang\u00e9e . Son go\u00fbt est soutenu avec des ar\u00f4mes de caf\u00e9 assez marqu\u00e9s. La coloration de sa p\u00e2te\u2026","rel":"","context":"Article similaire","img":{"alt_text":"","src":"https:\/\/i1.wp.com\/www.passionfruits.fr\/wp-content\/uploads\/2015\/12\/mimolette.jpg?fit=849%2C565&resize=350%2C200","width":350,"height":200},"classes":[]},{"id":5736,"url":"http:\/\/www.passionfruits.fr\/index.php\/produit\/galet-de-la-loire\/","url_meta":{"origin":5740,"position":2},"title":"Galet de la Loire la pi\u00e8ce environ 260g","date":"7 d\u00e9cembre 2015","format":false,"excerpt":"Fromage au lait de vache pasteuris\u00e9 \u00e0 patte molle. Sans odeur, et en bouche il est d\u00e9licat et onctueux. Fromage d'Anjou au lait pasteuris\u00e9 et cr\u00e8me (origine France), ferments, pr\u00e9sure,sel. Fabriqu\u00e9 dans une fromagerie transformant du lait de ch\u00e8vre et du lait du vache. Valeurs nutritionnelles moyennes pour 100g Energie\u2026","rel":"","context":"Article similaire","img":{"alt_text":"","src":"https:\/\/i1.wp.com\/www.passionfruits.fr\/wp-content\/uploads\/2015\/12\/galet-de-la-loire.jpg?fit=599%2C599&resize=350%2C200","width":350,"height":200},"classes":[]},{"id":6492,"url":"http:\/\/www.passionfruits.fr\/index.php\/produit\/chevre-trefle-de-la-region-la-piece\/","url_meta":{"origin":5740,"position":3},"title":"Ch\u00e8vre Tr\u00e9fle de la r\u00e9gion la pi\u00e8ce","date":"7 d\u00e9cembre 2015","format":false,"excerpt":"Le Tr\u00e8fle CCP Fromage de ch\u00e8vre fermier au lait cru \u2013 CCP (certification de conformit\u00e9 de produit) \u00a0EARL DU PETIT PERCHE (97% de lait frais, 2% de lactos\u00e9rum issu de l\u2019exploitation,\u00a00,8% de pr\u00e9sure et 0,2 % de sel), provenant de L\u2019EARL DU PETIT PERCHE, Moul\u00e9 \u00e0 la louche Affin\u00e9 ou\u2026","rel":"","context":"Article similaire","img":{"alt_text":"","src":"https:\/\/i1.wp.com\/www.passionfruits.fr\/wp-content\/uploads\/2015\/12\/fromage-trefle.jpg?fit=597%2C596&resize=350%2C200","width":350,"height":200},"classes":[]},{"id":11969,"url":"http:\/\/www.passionfruits.fr\/index.php\/produit\/le-montagnard-des-vosges-le-demi\/","url_meta":{"origin":5740,"position":4},"title":"Le Montagnard des Vosges le demi","date":"27 mars 2018","format":false,"excerpt":"Fabriqu\u00e9 au coeur des Vosges avec du bon lait de montagne, le Montagnard est issu du savoir-faire des ma\u00eetres-fromagers de la fromagerie G\u00e9rard. Ingr\u00e9dients : lait de montagne pasteuris\u00e9 (origine France), cr\u00e8me (origine France), ferments, sel, pr\u00e9sure, colorant de cro\u00fbte: E160b Valeurs nutritionnelles moyennes pour 100g Energie : 1392kj\/337kcal Mati\u00e8res\u2026","rel":"","context":"Article similaire","img":{"alt_text":"","src":"https:\/\/i2.wp.com\/www.passionfruits.fr\/wp-content\/uploads\/2015\/12\/le-montagnard-des-vosges.jpg?fit=600%2C600&resize=350%2C200","width":350,"height":200},"classes":[]},{"id":17682,"url":"http:\/\/www.passionfruits.fr\/index.php\/produit\/tomme-de-chevre-la-part-env-200g\/","url_meta":{"origin":5740,"position":5},"title":"Tomme de ch\u00e8vre la part env. 200g","date":"12 mars 2021","format":false,"excerpt":"La Fromagerie de Maul\u00e9on Dans les Pyr\u00e9n\u00e9es-Atlantiques, au c\u0153ur de la Soule, la Fromagerie de Maul\u00e9on sublime le lait de ch\u00e8vre. C\u2019est en transposant leur savoir-faire ancien et reconnu dans les p\u00e2tes press\u00e9es de brebis, embl\u00e9matiques des montagnes du Pays Basque et du B\u00e9arn, que les ma\u00eetres-fromagers de Maul\u00e9on cr\u00e9ent\u2026","rel":"","context":"Article similaire","img":{"alt_text":"","src":"https:\/\/i2.wp.com\/www.passionfruits.fr\/wp-content\/uploads\/2021\/03\/Tomme-chevre.jpg?fit=600%2C600&resize=350%2C200","width":350,"height":200},"classes":[]}],"_links":{"self":[{"href":"http:\/\/www.passionfruits.fr\/index.php\/wp-json\/wp\/v2\/product\/5740"}],"collection":[{"href":"http:\/\/www.passionfruits.fr\/index.php\/wp-json\/wp\/v2\/product"}],"about":[{"href":"http:\/\/www.passionfruits.fr\/index.php\/wp-json\/wp\/v2\/types\/product"}],"replies":[{"embeddable":true,"href":"http:\/\/www.passionfruits.fr\/index.php\/wp-json\/wp\/v2\/comments?post=5740"}],"wp:featuredmedia":[{"embeddable":true,"href":"http:\/\/www.passionfruits.fr\/index.php\/wp-json\/wp\/v2\/media\/7413"}],"wp:attachment":[{"href":"http:\/\/www.passionfruits.fr\/index.php\/wp-json\/wp\/v2\/media?parent=5740"}],"curies":[{"name":"wp","href":"https:\/\/api.w.org\/{rel}","templated":true}]}}