{"id":5742,"date":"2015-12-07T11:35:05","date_gmt":"2015-12-07T10:35:05","guid":{"rendered":"http:\/\/www.andreclaude.fr\/web\/index.php\/produit\/lait-12-ecreme-en-brick-de-1-litre\/"},"modified":"2024-07-09T14:52:15","modified_gmt":"2024-07-09T13:52:15","slug":"lait-12-ecreme-en-brick-de-1-litre","status":"publish","type":"product","link":"http:\/\/www.passionfruits.fr\/index.php\/produit\/lait-12-ecreme-en-brick-de-1-litre\/","title":{"rendered":"Lait 1\/2 \u00e9cr\u00e9m\u00e9  en brick de 1 litre"},"content":{"rendered":"","protected":false},"excerpt":{"rendered":"<p><strong>Lait<\/strong> demi \u00e9cr\u00e9m\u00e9 st\u00e9rilis\u00e9 UHT de vache<\/p>\n<p>Valeurs nutritionnelles moyennes pour 100ml<\/p>\n<p>Energie : 197kj\/47kcal<\/p>\n<p>Mati\u00e8res grasses : 1.6g dont acides gras satur\u00e9s : 0.9g<\/p>\n<p>Glucides : 4.8g dont sucres : 4.8g<\/p>\n<p>Prot\u00e9ines : 3.3g<\/p>\n<p>Sel : 0.1g<\/p>\n<p>Calcium : 120mg (15% des valeurs nutritionnelles de r\u00e9f\u00e9rence pour un adulte-type (8400kj\/2000kcal))<\/p>\n<p>A conserver<\/p>\n<p>Avant ouverture \u00e0 temp\u00e9rature ambiante<\/p>\n<p>Apr\u00e8s ouverture au r\u00e9frig\u00e9rateur \u00e0 +6\u00b0 C maximum et \u00e0 consommer dans les 3 jours<\/p>\n<p>Pur Perche 61110 R\u00e9malard en Perche<\/p>\n","protected":false},"featured_media":19852,"comment_status":"closed","ping_status":"closed","template":"","meta":{"spay_email":"","jetpack_publicize_message":"","jetpack_is_tweetstorm":false},"jetpack_publicize_connections":[],"jetpack_sharing_enabled":true,"jetpack-related-posts":[{"id":19866,"url":"http:\/\/www.passionfruits.fr\/index.php\/produit\/lait-entier-pur-perche-en-brick-de-1-litre\/","url_meta":{"origin":5742,"position":0},"title":"Lait entier  en brick de 1 litre","date":"12 mars 2024","format":false,"excerpt":"Lait Entier st\u00e9rilis\u00e9 UHT de vache Valeurs nutritionnelles moyennes pour 100ml Energie : 268kj\/64kcal Mati\u00e8res grasses : 3.6g dont acides gras satur\u00e9s : 2.4 g Glucides : 4.8g dont sucres : 4.8g Prot\u00e9ines : 3.2g Sel : 0.10g Calcium : 120mg (15% des valeurs nutritionnelles de r\u00e9f\u00e9rence pour un adulte-type\u2026","rel":"","context":"Article similaire","img":{"alt_text":"","src":"https:\/\/i1.wp.com\/www.passionfruits.fr\/wp-content\/uploads\/2024\/03\/962-01.jpg?fit=600%2C600&resize=350%2C200","width":350,"height":200},"classes":[]},{"id":10944,"url":"http:\/\/www.passionfruits.fr\/index.php\/produit\/yaourt-malo-les-quatre\/","url_meta":{"origin":5742,"position":1},"title":"Yaourt Malo nature les quatre","date":"19 ao\u00fbt 2017","format":false,"excerpt":"Depuis 60 ans, c\u2019est le produit embl\u00e9matique de MALO, garant du savoir-faire de la marque. Sa fermet\u00e9 et sa l\u00e9g\u00e8re acidit\u00e9 combleront les amateurs les plus exigeants. Yaourt au lait partiellement \u00e9cr\u00e9m\u00e9 , pasteuris\u00e9, nature Ingr\u00e9dients :lait partiellement \u00e9cr\u00e9m\u00e9, pasteuris\u00e9 87%, concentr\u00e9 de lait \u00e9cr\u00e9m\u00e9, ferments lactiques Valeurs nutritionnelles moyennes\u2026","rel":"","context":"Article similaire","img":{"alt_text":"","src":"https:\/\/i1.wp.com\/www.passionfruits.fr\/wp-content\/uploads\/2017\/08\/Yaourt-Malo-nature.jpg?fit=400%2C400&resize=350%2C200","width":350,"height":200},"classes":[]},{"id":5703,"url":"http:\/\/www.passionfruits.fr\/index.php\/produit\/creme-anglaise-1-litre\/","url_meta":{"origin":5742,"position":2},"title":"Cr\u00e8me anglaise Brique de 1 litre","date":"7 d\u00e9cembre 2015","format":false,"excerpt":"La cr\u00e8me anglaise est pr\u00eate \u00e0 servir pour accompagner tous les desserts, napper ou assembler. Elle convient \u00e0 toutes les pr\u00e9parations de dessert. St\u00e9r\u00e9lis\u00e9e UHT Ingr\u00e9dients : Lait \u00e9cr\u00e9m\u00e9, sucre, cr\u00e8me 7.5%, amidon transform\u00e9, ar\u00f4me, g\u00e9lifiant; carragh\u00e9nanes, sel, colorants : caramel ordinaire et b\u00eata-carot\u00e8ne. Lait et cr\u00e8me origine France Valeurs\u2026","rel":"","context":"Article similaire","img":{"alt_text":"","src":"https:\/\/i2.wp.com\/www.passionfruits.fr\/wp-content\/uploads\/2015\/12\/creme-anglaise-uht.jpg?fit=600%2C600&resize=350%2C200","width":350,"height":200},"classes":[]},{"id":5951,"url":"http:\/\/www.passionfruits.fr\/index.php\/produit\/cigarette-chocolat\/","url_meta":{"origin":5742,"position":3},"title":"Cigarette au chocolat la boite 400g","date":"7 d\u00e9cembre 2015","format":false,"excerpt":"Cigarettes Fourr\u00e9es au Chocolat et aux Noisettes. Marque : Bolero. Conditionnement : Boite 400g. Ingr\u00e9dients : sucre, farine de bl\u00e9, huile de palme, poudre de lactos\u00e9rum, amidon de ma\u00efs, poudre de cacao d\u00e9graiss\u00e9(3.7%), lait \u00e9cr\u00e9m\u00e9 en poudre, noisettes (1.2%), \u00e9mulsifiant : l\u00e9cithine de soja, colorant : couleur caramel, sirop de\u2026","rel":"","context":"Article similaire","img":{"alt_text":"","src":"https:\/\/i2.wp.com\/www.passionfruits.fr\/wp-content\/uploads\/2015\/12\/Cigarette-chocolat.jpg?fit=600%2C600&resize=350%2C200","width":350,"height":200},"classes":[]},{"id":18327,"url":"http:\/\/www.passionfruits.fr\/index.php\/produit\/flutes-au-fromage-barquette-de-125-gr\/","url_meta":{"origin":5742,"position":4},"title":"Fl\u00fbtes au fromage barquette de 125 Gr","date":"16 septembre 2021","format":false,"excerpt":"Ingr\u00e9dients : Farine de bl\u00e9, beurre 23%, fromage 10%, levure, sel, lait \u00e9cr\u00e9m\u00e9 en poudre, farine de malt d'orge. Peut contenir des traces de s\u00e9same. Valeurs nutritionnelles moyennes pour 100 grs Energie 1992 kj-475 kcal Mati\u00e8res grasses 21.0 g Dont acides gras satur\u00e9s 15.0 g Glucides 58.0 g Dont sucres\u2026","rel":"","context":"Article similaire","img":{"alt_text":"","src":"https:\/\/i0.wp.com\/www.passionfruits.fr\/wp-content\/uploads\/2021\/09\/f_tes_au_fromage_2019_copier_copier_.jpg?fit=600%2C600&resize=350%2C200","width":350,"height":200},"classes":[]},{"id":6492,"url":"http:\/\/www.passionfruits.fr\/index.php\/produit\/chevre-trefle-de-la-region-la-piece\/","url_meta":{"origin":5742,"position":5},"title":"Ch\u00e8vre Tr\u00e9fle de la r\u00e9gion la pi\u00e8ce","date":"7 d\u00e9cembre 2015","format":false,"excerpt":"Le Tr\u00e8fle CCP Fromage de ch\u00e8vre fermier au lait cru \u2013 CCP (certification de conformit\u00e9 de produit) \u00a0EARL DU PETIT PERCHE (97% de lait frais, 2% de lactos\u00e9rum issu de l\u2019exploitation,\u00a00,8% de pr\u00e9sure et 0,2 % de sel), provenant de L\u2019EARL DU PETIT PERCHE, Moul\u00e9 \u00e0 la louche Affin\u00e9 ou\u2026","rel":"","context":"Article similaire","img":{"alt_text":"","src":"https:\/\/i1.wp.com\/www.passionfruits.fr\/wp-content\/uploads\/2015\/12\/fromage-trefle.jpg?fit=597%2C596&resize=350%2C200","width":350,"height":200},"classes":[]}],"_links":{"self":[{"href":"http:\/\/www.passionfruits.fr\/index.php\/wp-json\/wp\/v2\/product\/5742"}],"collection":[{"href":"http:\/\/www.passionfruits.fr\/index.php\/wp-json\/wp\/v2\/product"}],"about":[{"href":"http:\/\/www.passionfruits.fr\/index.php\/wp-json\/wp\/v2\/types\/product"}],"replies":[{"embeddable":true,"href":"http:\/\/www.passionfruits.fr\/index.php\/wp-json\/wp\/v2\/comments?post=5742"}],"wp:featuredmedia":[{"embeddable":true,"href":"http:\/\/www.passionfruits.fr\/index.php\/wp-json\/wp\/v2\/media\/19852"}],"wp:attachment":[{"href":"http:\/\/www.passionfruits.fr\/index.php\/wp-json\/wp\/v2\/media?parent=5742"}],"curies":[{"name":"wp","href":"https:\/\/api.w.org\/{rel}","templated":true}]}}