{"id":5774,"date":"2015-12-07T11:35:21","date_gmt":"2015-12-07T10:35:21","guid":{"rendered":"http:\/\/www.andreclaude.fr\/web\/index.php\/produit\/maroilles-la-part-env-200-grs\/"},"modified":"2022-07-19T16:05:03","modified_gmt":"2022-07-19T15:05:03","slug":"maroilles-la-part-env-200-grs","status":"publish","type":"product","link":"http:\/\/www.passionfruits.fr\/index.php\/produit\/maroilles-la-part-env-200-grs\/","title":{"rendered":"Maroilles la part environ 200 grs"},"content":{"rendered":"<p>Maroilles FAUQUET<\/p>\n<p>Les Fromagers de Thi\u00e9rache<\/p>\n<p>02170 LE NOUVION EN THIERACHE<\/p>\n","protected":false},"excerpt":{"rendered":"<p>Fromage au <strong>lait<\/strong> de vache pasteuris\u00e9. Tr\u00e8s certainement le plus connu des fromages du Nord ! Ce fromage en forme de gros pav\u00e9 a un go\u00fbt puissant et une odeur qui ne passe pas inaper\u00e7ue, mais il est moelleux en bouche.Sa saveur est intense et persistante .A d\u00e9guster avec plaisir pour les amateurs de fromage fort ! Et puis avez vous un jour fait une tarte au Maroilles ? d\u00e9licieux &#8230;&#8230;.<\/p>\n<p>Valeurs nutritionnelles moyennes pour 100g<\/p>\n<p>Energie : 1916kj\/318kcal<\/p>\n<p>Mati\u00e8res grasses : 26g dont acides gras satur\u00e9s : 18g<\/p>\n<p>Glucides : &lt;0.5gdont sucres &lt;0.5g<\/p>\n<p>Prot\u00e9ines : 21g<\/p>\n<p>Sel : 2.3g<\/p>\n<p>&nbsp;<\/p>\n","protected":false},"featured_media":5775,"comment_status":"closed","ping_status":"closed","template":"","meta":{"spay_email":"","jetpack_publicize_message":"","jetpack_is_tweetstorm":false},"jetpack_publicize_connections":[],"jetpack_sharing_enabled":true,"jetpack-related-posts":[{"id":10579,"url":"http:\/\/www.passionfruits.fr\/index.php\/produit\/fromage-de-brebis-des-pyrenees-les-100g\/","url_meta":{"origin":5774,"position":0},"title":"Fromage de brebis des Pyr\u00e9n\u00e9es part env. 200g","date":"12 mai 2017","format":false,"excerpt":"C'est le fromage qui repr\u00e9sente le mieux le pays Basque. C'est une tomme avec une cro\u00fbte un peu \u00e9paisse de couleur gris\u00e2tre \u00e0 jaune orang\u00e9. Sa p\u00e2te est blanche de consistance ferme . Ingr\u00e9dients : lait pasteuris\u00e9 de brebis (origine UE) sel, pr\u00e9sure, ferments lactiques, colorants de cro\u00fbte :E153, E160b,\u2026","rel":"","context":"Article similaire","img":{"alt_text":"","src":"https:\/\/i2.wp.com\/www.passionfruits.fr\/wp-content\/uploads\/2017\/05\/fromage-des-pyrenees.jpg?fit=300%2C300&resize=350%2C200","width":350,"height":200},"classes":[]},{"id":9849,"url":"http:\/\/www.passionfruits.fr\/index.php\/produit\/munster-part-promo-env-200g\/","url_meta":{"origin":5774,"position":1},"title":"Munster la part environ 200 grs","date":"11 d\u00e9cembre 2016","format":false,"excerpt":"Consid\u00e9r\u00e9 par certains comme le \"roi des fromages\", c'est en tout cas une r\u00e9ussite de la gastronomie fran\u00e7aise ! C'est un fromage avec une croute lisse, fine et humide. Fromage \u00e0 p\u00e2te molle au lait pasteuris\u00e9. Ingr\u00e9dients : lait, sel, ferments lactiques, pr\u00e9sure Valeurs nutritionnelles moyennes pour 100g Energie :\u2026","rel":"","context":"Article similaire","img":{"alt_text":"","src":"https:\/\/i2.wp.com\/www.passionfruits.fr\/wp-content\/uploads\/2016\/12\/munster.jpg?fit=600%2C600&resize=350%2C200","width":350,"height":200},"classes":[]},{"id":5721,"url":"http:\/\/www.passionfruits.fr\/index.php\/produit\/cremeux-de-bourgogne-part-env-150-grs\/","url_meta":{"origin":5774,"position":2},"title":"Cr\u00e9meux de Bourgogne la part env. 150g","date":"7 d\u00e9cembre 2015","format":false,"excerpt":"Le Cr\u00e9meux de Bourgogne est un fromage \u00e0 la fois frais et gourmand, en bouche sa texture est fondante. Fromage \u00e0 p\u00e2te molle au lait pasteuris\u00e9 Ingr\u00e9dients : lait, cr\u00e8me, sel, pr\u00e9sure, ferments 72% MG \u00a0","rel":"","context":"Article similaire","img":{"alt_text":"","src":"https:\/\/i0.wp.com\/www.passionfruits.fr\/wp-content\/uploads\/2015\/12\/Cremeux-Bourgogne.jpg?fit=270%2C270&resize=350%2C200","width":350,"height":200},"classes":[]},{"id":5748,"url":"http:\/\/www.passionfruits.fr\/index.php\/produit\/fromage-blanc-faisselle-artisanale-pot-de-250-grs\/","url_meta":{"origin":5774,"position":3},"title":"Faisselle Artisanale - pot 250 grs","date":"7 d\u00e9cembre 2015","format":false,"excerpt":"Laiterie de 41 800 Montoire sur Loir ( Loir et cher). Faisselle est une appellation g\u00e9n\u00e9rique fran\u00e7aise d\u00e9signant du fromage frais de lait cru qui prend son nom du moule \u00e0 fromage dans lequel il s'\u00e9goutte\u00a0: la faisselle. Ingr\u00e9dients : lait de vache pasteuris\u00e9 Valeurs nutritionnelles moyennes pour 100g Energie\u2026","rel":"","context":"Article similaire","img":{"alt_text":"","src":"https:\/\/i0.wp.com\/www.passionfruits.fr\/wp-content\/uploads\/2015\/12\/faisselle.png?fit=600%2C600&resize=350%2C200","width":350,"height":200},"classes":[]},{"id":5980,"url":"http:\/\/www.passionfruits.fr\/index.php\/produit\/fromage-blanc-faisselle-artisanale-pot-de-400-grs\/","url_meta":{"origin":5774,"position":4},"title":"Faisselle Artisanale - pot 500 grs","date":"7 d\u00e9cembre 2015","format":false,"excerpt":"Le Petit Tr\u00f4o . Faisselle est une appellation g\u00e9n\u00e9rique fran\u00e7aise d\u00e9signant du fromage frais de lait cru qui prend son nom du moule \u00e0 fromage dans lequel il s'\u00e9goutte\u00a0: la faisselle. Ingr\u00e9dients : lait de vache pasteuris\u00e9 Valeurs nutritionnelles moyennes pour 100g Energie : 422kj\/202kcal Mati\u00e8res grasses : 7g dont\u2026","rel":"","context":"Article similaire","img":{"alt_text":"","src":"https:\/\/i0.wp.com\/www.passionfruits.fr\/wp-content\/uploads\/2015\/12\/faisselle.png?fit=600%2C600&resize=350%2C200","width":350,"height":200},"classes":[]},{"id":5982,"url":"http:\/\/www.passionfruits.fr\/index.php\/produit\/fromage-blanc-faisselle-artisanale-pot-de-1-kg\/","url_meta":{"origin":5774,"position":5},"title":"Faisselle Artisanale - pot de 1 kg","date":"7 d\u00e9cembre 2015","format":false,"excerpt":"Laiterie de 41 800 Montoire sur Loir ( Loir et cher). Le Petit Tr\u00f4o . Faisselle est une appellation g\u00e9n\u00e9rique fran\u00e7aise d\u00e9signant du fromage frais de lait cru qui prend son nom du moule \u00e0 fromage dans lequel il s'\u00e9goutte\u00a0: la faisselle. Ingr\u00e9dients : lait de vache pasteuris\u00e9 Valeurs nutritionnelles\u2026","rel":"","context":"Article similaire","img":{"alt_text":"","src":"https:\/\/i0.wp.com\/www.passionfruits.fr\/wp-content\/uploads\/2015\/12\/faisselle.png?fit=600%2C600&resize=350%2C200","width":350,"height":200},"classes":[]}],"_links":{"self":[{"href":"http:\/\/www.passionfruits.fr\/index.php\/wp-json\/wp\/v2\/product\/5774"}],"collection":[{"href":"http:\/\/www.passionfruits.fr\/index.php\/wp-json\/wp\/v2\/product"}],"about":[{"href":"http:\/\/www.passionfruits.fr\/index.php\/wp-json\/wp\/v2\/types\/product"}],"replies":[{"embeddable":true,"href":"http:\/\/www.passionfruits.fr\/index.php\/wp-json\/wp\/v2\/comments?post=5774"}],"wp:featuredmedia":[{"embeddable":true,"href":"http:\/\/www.passionfruits.fr\/index.php\/wp-json\/wp\/v2\/media\/5775"}],"wp:attachment":[{"href":"http:\/\/www.passionfruits.fr\/index.php\/wp-json\/wp\/v2\/media?parent=5774"}],"curies":[{"name":"wp","href":"https:\/\/api.w.org\/{rel}","templated":true}]}}