{"id":5778,"date":"2015-12-07T11:35:21","date_gmt":"2015-12-07T10:35:21","guid":{"rendered":"http:\/\/www.andreclaude.fr\/web\/index.php\/produit\/comte-petite-part-env-150-grs\/"},"modified":"2023-02-07T11:18:35","modified_gmt":"2023-02-07T10:18:35","slug":"comte-petite-part-env-150-grs","status":"publish","type":"product","link":"http:\/\/www.passionfruits.fr\/index.php\/produit\/comte-petite-part-env-150-grs\/","title":{"rendered":"Comt\u00e9  jeune part environ 200g"},"content":{"rendered":"<p>Fromagerie ARNAUD<\/p>\n<p>6 avenue de la Gare<\/p>\n<p>39801 POLIGNY<\/p>\n","protected":false},"excerpt":{"rendered":"<p>Fromage \u00e0 p\u00e2te press\u00e9e cuite, le comt\u00e9 est fabriqu\u00e9 de mani\u00e8re artisanale, \u00e0 partir de lait cru.<\/p>\n<p>Ingr\u00e9dients : <strong>lait<\/strong> cru de vache, ferments lactiques (<strong>lait<\/strong>), sel, pr\u00e9sure<\/p>\n<p>Sans lactose, les ingr\u00e9dients utilis\u00e9s sont exempts d&#8217;OGM<\/p>\n<p>Valeurs nutritionnelles moyennes pour 100g<\/p>\n<p>Energie : 418kcal\/ 1735kj<\/p>\n<p>Mati\u00e8res grasses: 34.6g dont acides gras satur\u00e9s : 22.5g<\/p>\n<p>Glucides : traces dont sucre traces<\/p>\n<p>Prot\u00e9ines :26.7g<\/p>\n<p>Sel : 0.817g<\/p>\n<p>Calcium : 993mg soit 124% apports quotidiens de r\u00e9f\u00e9rence<\/p>\n<p>Fromagerie Arnaud 39801 POLIGNY<\/p>\n","protected":false},"featured_media":5779,"comment_status":"closed","ping_status":"closed","template":"","meta":{"spay_email":"","jetpack_publicize_message":"","jetpack_is_tweetstorm":false},"jetpack_publicize_connections":[],"jetpack_sharing_enabled":true,"jetpack-related-posts":[{"id":5772,"url":"http:\/\/www.passionfruits.fr\/index.php\/produit\/brie-de-meaux-lait-cru-renard-gilard-petite-part-env-150-grs\/","url_meta":{"origin":5778,"position":0},"title":"Brie de Meaux part environ 200g","date":"7 d\u00e9cembre 2015","format":false,"excerpt":"Fromage \u00e0 p\u00e2te molle au lait cru Ingr\u00e9dients : lait cru, sel, pr\u00e9sure, ferments. Valeurs nutritionnelles moyennes pour 100g Energie : 1188kj\/286kcal Mati\u00e8res grasses : 22g dont acides gras satur\u00e9s : 15g Glucides : <0.5g dont sucres <0.5g Prot\u00e9ines : 22g Sel : 1.8g Fromagerie\u00a0 Renard Gillard 55290 BIENCOURT SUR\u2026","rel":"","context":"Article similaire","img":{"alt_text":"","src":"https:\/\/i0.wp.com\/www.passionfruits.fr\/wp-content\/uploads\/2015\/12\/brie.jpg?fit=600%2C600&resize=350%2C200","width":350,"height":200},"classes":[]},{"id":5654,"url":"http:\/\/www.passionfruits.fr\/index.php\/produit\/tomme-corse-part-env-200-grs\/","url_meta":{"origin":5778,"position":1},"title":"Tomme Corse part environ 200g","date":"7 d\u00e9cembre 2015","format":false,"excerpt":"Cette tomme de brebis est fabriqu\u00e9e de mani\u00e8re traditionnelle en Corse. Sa p\u00e2te a de doux parfums de noisette ainsi qu\u2019un subtil go\u00fbt de lait brebis.Elle s\u2019accompagne \u00e0 merveille de confiture de figues ou de cerises noires. Ingr\u00e9dients :\u00a0lait de brebis pasteuris\u00e9, sel, pr\u00e9sure et ferments. \u00a0 Valeurs nutritionnelles moyennes\u2026","rel":"","context":"Article similaire","img":{"alt_text":"","src":"https:\/\/i0.wp.com\/www.passionfruits.fr\/wp-content\/uploads\/2015\/12\/tomme-corse.jpg?fit=600%2C598&resize=350%2C200","width":350,"height":200},"classes":[]},{"id":5643,"url":"http:\/\/www.passionfruits.fr\/index.php\/produit\/beaufort-petite-part-env-150-grs\/","url_meta":{"origin":5778,"position":2},"title":"Beaufort de Savoie part env. 200g","date":"7 d\u00e9cembre 2015","format":false,"excerpt":"Le Beaufort s\u2019appr\u00e9cie tr\u00e8s bien en fin de repas, mais aussi en ap\u00e9ritif, coup\u00e9 en petits cubes. Il sert \u00e0 confectionner la fondue savoyarde et entre dans la composition de tartes, de gratins... Fromage \u00e0 p\u00e2te press\u00e9e cuite au Lait cru Ingr\u00e9dients : lait cru entier sel ferments lactiques (lait)\u2026","rel":"","context":"Article similaire","img":{"alt_text":"","src":"https:\/\/i2.wp.com\/www.passionfruits.fr\/wp-content\/uploads\/2015\/12\/beaufort.jpg?fit=849%2C566&resize=350%2C200","width":350,"height":200},"classes":[]},{"id":10674,"url":"http:\/\/www.passionfruits.fr\/index.php\/produit\/camembert-gaslonde-la-piece\/","url_meta":{"origin":5778,"position":3},"title":"Camembert Isigny lait cru la pi\u00e8ce","date":"6 juin 2017","format":false,"excerpt":"Affinage\u00a0:\u00a02 \u00e0 4 semaines Au Lait CRU de vaches Normandes moulage manuel \u00e0 la louche. Bouquet puissant et saveur de terroir, LE CAMEMBERT\u00a0! LE VRAI\u00a0! Ingr\u00e9dients : lait cru de vache (Origine France Normandie) ferments, pr\u00e9sure, sel. Valeurs nutritionnelles pour 100g Energie : 1177kj\/284 kcal Mati\u00e8res grasses : 21.9g dont\u2026","rel":"","context":"Article similaire","img":{"alt_text":"","src":"https:\/\/i2.wp.com\/www.passionfruits.fr\/wp-content\/uploads\/2017\/06\/camembert-isigny.jpg?fit=600%2C598&resize=350%2C200","width":350,"height":200},"classes":[]},{"id":5768,"url":"http:\/\/www.passionfruits.fr\/index.php\/produit\/roquefort-papillon-noir-petite-part-env-150-grs\/","url_meta":{"origin":5778,"position":4},"title":"Roquefort Papillon part env. 200g","date":"7 d\u00e9cembre 2015","format":false,"excerpt":"Fromage au lait de brebis. Ce Roquefort PAPILLON d\u2019exception se distingue d\u2019abord par sa p\u00e2te blanche et ce bleu intense qui veine g\u00e9n\u00e9reusement ses larges et nombreuses cavit\u00e9s. \u2028En bouche, sa texture onctueuse et souple, d\u00e9veloppe un fondant d\u00e9licieux qui s\u2019accompagne d\u2019un go\u00fbt typ\u00e9, \u00e9quilibr\u00e9 et long en bouche. Ingr\u00e9dients\u2026","rel":"","context":"Article similaire","img":{"alt_text":"","src":"https:\/\/i1.wp.com\/www.passionfruits.fr\/wp-content\/uploads\/2015\/12\/rocquefort.jpg?fit=346%2C346&resize=350%2C200","width":350,"height":200},"classes":[]},{"id":5690,"url":"http:\/\/www.passionfruits.fr\/index.php\/produit\/tome-de-savoie-petite-part-env-150-grs\/","url_meta":{"origin":5778,"position":5},"title":"Tomme de Savoie part env. 200g","date":"7 d\u00e9cembre 2015","format":false,"excerpt":"Le lait provient quasi-exclusivement de vaches de races locales : Tarine, Abondance et Montb\u00e9liarde. La transformation du lait et l\u2019affinage du fromage sont ensuite r\u00e9alis\u00e9s strictement en Savoie et en Haute-Savoie. S\u00fbrement l'un des plus vieux fromages savoyards. La Tomme de Savoie a une cro\u00fbte gris\u00e2tre. Sa p\u00e2te est souple,\u2026","rel":"","context":"Article similaire","img":{"alt_text":"","src":"https:\/\/i1.wp.com\/www.passionfruits.fr\/wp-content\/uploads\/2015\/12\/tomme1.jpg?fit=346%2C346&resize=350%2C200","width":350,"height":200},"classes":[]}],"_links":{"self":[{"href":"http:\/\/www.passionfruits.fr\/index.php\/wp-json\/wp\/v2\/product\/5778"}],"collection":[{"href":"http:\/\/www.passionfruits.fr\/index.php\/wp-json\/wp\/v2\/product"}],"about":[{"href":"http:\/\/www.passionfruits.fr\/index.php\/wp-json\/wp\/v2\/types\/product"}],"replies":[{"embeddable":true,"href":"http:\/\/www.passionfruits.fr\/index.php\/wp-json\/wp\/v2\/comments?post=5778"}],"wp:featuredmedia":[{"embeddable":true,"href":"http:\/\/www.passionfruits.fr\/index.php\/wp-json\/wp\/v2\/media\/5779"}],"wp:attachment":[{"href":"http:\/\/www.passionfruits.fr\/index.php\/wp-json\/wp\/v2\/media?parent=5778"}],"curies":[{"name":"wp","href":"https:\/\/api.w.org\/{rel}","templated":true}]}}