{"id":5823,"date":"2015-12-07T11:35:39","date_gmt":"2015-12-07T10:35:39","guid":{"rendered":"http:\/\/www.andreclaude.fr\/web\/index.php\/produit\/riz-rond-le-kilo\/"},"modified":"2022-11-10T08:29:20","modified_gmt":"2022-11-10T07:29:20","slug":"riz-rond-le-kilo","status":"publish","type":"product","link":"http:\/\/www.passionfruits.fr\/index.php\/produit\/riz-rond-le-kilo\/","title":{"rendered":"Riz Rond Italie barq env 400g"},"content":{"rendered":"<p>Le riz est la c\u00e9r\u00e9ale de base de l&#8217;alimentation pour la moiti\u00e9 de la population mondiale. il entre dans de nombreuses pr\u00e9parations : risotto, riz au lait ou sushis&#8230;<\/p>\n","protected":false},"excerpt":{"rendered":"<div><strong><u>Le riz rond pour les desserts <\/u><\/strong><br \/>\nCe riz rond est utilis\u00e9 de pr\u00e9f\u00e9rence pour les desserts (g\u00e2teau de riz, riz au lait). Il peut \u00eatre cuit, selon l&#8217;utilisation, dans de l&#8217;eau ou dans du lait.\u00a0Le riz rond, contrairement aux riz longs qui absorbent peu d&#8217;eau, gonfle lors de la cuisson. Si ce liquide a du go\u00fbt (bouillon, lait, cr\u00e8me&#8230;), le riz va naturellement s&#8217;en impr\u00e9gner et capter ses saveurs. \u00a0Il aura davantage de go\u00fbt.<\/div>\n<div><\/div>\n<div>Valeurs nutritionnelles moyennes pour 100g :<br \/>\nValeur \u00e9nerg\u00e9tique : 349 Cal<br \/>\nProt\u00e9ines : 7.5 g<br \/>\nLipides : 1 g dont Acides Gras Satur\u00e9s : 0 g<br \/>\nGlucides : 77 g dont Sucres totaux : 0 g<br \/>\nFibres alimentaires : 1 g<br \/>\nSel : 0 g<\/div>\n","protected":false},"featured_media":8041,"comment_status":"closed","ping_status":"closed","template":"","meta":{"spay_email":"","jetpack_publicize_message":"","jetpack_is_tweetstorm":false},"jetpack_publicize_connections":[],"jetpack_sharing_enabled":true,"jetpack-related-posts":[{"id":6287,"url":"http:\/\/www.passionfruits.fr\/index.php\/produit\/riz-melange-sauvage-les-500-grs\/","url_meta":{"origin":5823,"position":0},"title":"Riz m\u00e9lang\u00e9 sauvage Import barq env 400g","date":"7 d\u00e9cembre 2015","format":false,"excerpt":"Le \"M\u00e9lange sauvage\" est un m\u00e9lange de riz sauvage et de riz, pour son go\u00fbt d\u00e9licat et ses valeurs nutritionnelles.","rel":"","context":"Article similaire","img":{"alt_text":"","src":"https:\/\/i0.wp.com\/www.passionfruits.fr\/wp-content\/uploads\/2015\/12\/riz-melange-sauvage.jpg?fit=300%2C300&resize=350%2C200","width":350,"height":200},"classes":[]},{"id":5828,"url":"http:\/\/www.passionfruits.fr\/index.php\/produit\/riz-long-jaune-le-kilo\/","url_meta":{"origin":5823,"position":1},"title":"Riz long Cambodge barq env 400g","date":"7 d\u00e9cembre 2015","format":false,"excerpt":"Les riz longs :ils ne collent pas. Ils sont g\u00e9n\u00e9ralement cuits \u00e0 l'eau (cuisson cr\u00e9ole) et servis \u00ab nature \u00bb, en accompagnement de plats en sauce comme la blanquette de veau. Ils s'int\u00e8grent \u00e9galement dans les salades froides. Ingr\u00e9dients : riz long \u00e9tuv\u00e9 Indica Valeurs \u00e9nerg\u00e9tiques et nutritionnelles moyennes pour\u2026","rel":"","context":"Article similaire","img":{"alt_text":"","src":"https:\/\/i0.wp.com\/www.passionfruits.fr\/wp-content\/uploads\/2015\/12\/Fotolia_38885705_XS.jpg?fit=346%2C346&resize=350%2C200","width":350,"height":200},"classes":[]},{"id":5827,"url":"http:\/\/www.passionfruits.fr\/index.php\/produit\/riz-basmati-le-kilo\/","url_meta":{"origin":5823,"position":2},"title":"Riz Basmati Inde\/Pakistan barq env 400g","date":"7 d\u00e9cembre 2015","format":false,"excerpt":"Pr\u00e9paration : Un volume de riz pour 2,5 de volumes d'eau bouillante sal\u00e9e. Cuire \u00e0 feu doux 10 \u00e0 15 minutes en couvrant et laisser gonfler. Valeurs \u00e9nerg\u00e9tiques et nutritionnelles moyennes pour 100 g: Energie : 354kcal\/1504kj Mati\u00e8res grasses : 0.4g dont acides gras satur\u00e9s : 0.1g Glucides : 80.4g\u2026","rel":"","context":"Article similaire","img":{"alt_text":"","src":"https:\/\/i0.wp.com\/www.passionfruits.fr\/wp-content\/uploads\/2015\/12\/basmati.jpg?fit=600%2C600&resize=350%2C200","width":350,"height":200},"classes":[]},{"id":17690,"url":"http:\/\/www.passionfruits.fr\/index.php\/produit\/riz-au-lait-nature-le-pot-de-125g\/","url_meta":{"origin":5823,"position":3},"title":"Riz au lait nature le pot de  125g","date":"14 mars 2021","format":false,"excerpt":"Fabriqu\u00e9s \u00e0 la ferme avec du lait entier Recette naturelle, sans additif, sans conservateur, sans OGM. Bourdel 37160Neuilly le Brignon Ingr\u00e9dients : Lait* entier pasteuris\u00e9 Riz : 13 % Sucre : 10% Le lait est entier. Il n\u2019a subit aucune homog\u00e9n\u00e9isation ni standardisation Valeurs Nutritionnelles pour : 100 gr 125\u2026","rel":"","context":"Article similaire","img":{"alt_text":"","src":"https:\/\/i1.wp.com\/www.passionfruits.fr\/wp-content\/uploads\/2021\/03\/Riz-Nature.jpg?fit=400%2C400&resize=350%2C200","width":350,"height":200},"classes":[]},{"id":9242,"url":"http:\/\/www.passionfruits.fr\/index.php\/produit\/melange-sambahia-barquette-150-g-environ\/","url_meta":{"origin":5823,"position":4},"title":"M\u00e9lange sambahia barquette 150 g environ","date":"20 ao\u00fbt 2016","format":false,"excerpt":"M\u00e9lange d'arachides enrob\u00e9es et de biscuits souffl\u00e9s au riz. Conditionn\u00e9 en barquette refermable \u00e0 volont\u00e9 pour garder toute sa saveur. Ingr\u00e9dients: Riz 33%, arachides 17%, farine de bl\u00e9,sucre, huile vegetales (palm, tournesol), amidon modifi\u00e9 de ma\u00efs et de tapioca, sauce soja (eau,soja,bl\u00e9,sel), sel, assaisonnement aromtis\u00e9 (maltodextrine, sel, oignon, ail, sucre,\u2026","rel":"","context":"Article similaire","img":{"alt_text":"","src":"https:\/\/i1.wp.com\/www.passionfruits.fr\/wp-content\/uploads\/2016\/08\/Melange-sambahia.jpg?fit=600%2C600&resize=350%2C200","width":350,"height":200},"classes":[]},{"id":18320,"url":"http:\/\/www.passionfruits.fr\/index.php\/produit\/gnocchetti-sachet-de-500-gr\/","url_meta":{"origin":5823,"position":5},"title":"Gnocchetti sachet de 500 Gr","date":"16 septembre 2021","format":false,"excerpt":"ingr\u00e9dients : PUREE DE POMMES DE TERRE 70% (EAU, FLOCONS DE POMMES DE TERRE DESHYDRATEES (POMMES DE TERRE, EMULSIFIANTS : MONO ET DIGLYCERIDES D'ACIDES GRAS, AROMES NATURELS), FARINE DE BLE TENDRE, FECULE DE POMMES DE TERRE, AMIDON, FARINE DE RIZ, SEL, EPICES, CORRECTEUR D'ACIDITE : ACIDE LACTIQUE, CONSERVATEUR : SORBATE\u2026","rel":"","context":"Article similaire","img":{"alt_text":"","src":"https:\/\/i2.wp.com\/www.passionfruits.fr\/wp-content\/uploads\/2021\/09\/gnti3.jpg?fit=600%2C600&resize=350%2C200","width":350,"height":200},"classes":[]}],"_links":{"self":[{"href":"http:\/\/www.passionfruits.fr\/index.php\/wp-json\/wp\/v2\/product\/5823"}],"collection":[{"href":"http:\/\/www.passionfruits.fr\/index.php\/wp-json\/wp\/v2\/product"}],"about":[{"href":"http:\/\/www.passionfruits.fr\/index.php\/wp-json\/wp\/v2\/types\/product"}],"replies":[{"embeddable":true,"href":"http:\/\/www.passionfruits.fr\/index.php\/wp-json\/wp\/v2\/comments?post=5823"}],"wp:featuredmedia":[{"embeddable":true,"href":"http:\/\/www.passionfruits.fr\/index.php\/wp-json\/wp\/v2\/media\/8041"}],"wp:attachment":[{"href":"http:\/\/www.passionfruits.fr\/index.php\/wp-json\/wp\/v2\/media?parent=5823"}],"curies":[{"name":"wp","href":"https:\/\/api.w.org\/{rel}","templated":true}]}}