{"id":5843,"date":"2015-12-07T11:35:54","date_gmt":"2015-12-07T10:35:54","guid":{"rendered":"http:\/\/www.andreclaude.fr\/web\/index.php\/produit\/domaine-pellehaut-blanc-2012\/"},"modified":"2024-12-28T09:51:52","modified_gmt":"2024-12-28T08:51:52","slug":"domaine-pellehaut-blanc-2012","status":"publish","type":"product","link":"http:\/\/www.passionfruits.fr\/index.php\/produit\/domaine-pellehaut-blanc-2012\/","title":{"rendered":"Domaine Pellehaut Blanc Harmonie 75 cl 2023"},"content":{"rendered":"","protected":false},"excerpt":{"rendered":"<p>36 \u20ac le carton de 6 bouteilles soit 6 \u20ac la bouteille<\/p>\n<p>&nbsp;<\/p>\n<p>DEGUSTATION<\/p>\n<p>La robe est l\u00e9g\u00e8re et limpide. Le nez r\u00e9v\u00e8le une grande intensit\u00e9 aromatique. Les notes exotiques s\u2019enchainent avec les senteurs florales. Partez \u00e0 la d\u00e9couverte de ce jardin de fruitiers en fleur. En bouche, les saveurs s\u2019\u00e9quilibrent entre une attaque fra\u00eeche et une longue finale fruit\u00e9e. Reprenez le verre vide, retrouvez la persistance et l\u2019intensit\u00e9 de ces ar\u00f4mes ! Un accord toujours parfait avec les produits de la mer : id\u00e9al avec coquillages et saumon fum\u00e9.<\/p>\n<p class=\" text-justify\">Alcool 11 % Contient des sulfites.<\/p>\n<p class=\" text-justify\">La consommation de boissons alcoolis\u00e9es pendant la grossesse, m\u00eame en faible quantit\u00e9, peut avoir des cons\u00e9quences graves sur la sant\u00e9 de l\u2019enfant.<\/p>\n<p class=\" text-justify\">L ABUS D ALCOOL EST DANGEREUX POUR LA SANTE. A CONSOMMER AVEC MODERATION.<\/p>\n<p class=\" text-justify\">LA VENTE D ALCOOL EST INTERDITE AUX MINEURS.<\/p>\n<p>Famille B\u00e9raut 32250 Montr\u00e9al Du Gers<\/p>\n","protected":false},"featured_media":14645,"comment_status":"closed","ping_status":"closed","template":"","meta":{"spay_email":"","jetpack_publicize_message":"","jetpack_is_tweetstorm":false},"jetpack_publicize_connections":[],"jetpack_sharing_enabled":true,"jetpack-related-posts":[{"id":5574,"url":"http:\/\/www.passionfruits.fr\/index.php\/produit\/domaine-du-tariquet-ugni-blanc-2013\/","url_meta":{"origin":5843,"position":0},"title":"Domaine du Tariquet Ugni Blanc 75 cl 2021","date":"7 d\u00e9cembre 2015","format":false,"excerpt":"35.70 \u20ac le carton de 6 bouteilles soit 5.95 \u20ac la bouteille \u00a0 Magnifique intensit\u00e9 pour ce vin sec et fruit\u00e9, tr\u00e8s ouvert sur des ar\u00f4mes floraux, d'agrumes, dot\u00e9 de belles nuances exotiques. Un vin tonique, croquant, avec beaucoup de fra\u00eecheur en bouche. C\u2019est un vin qui \u00f4te la soif.\u2026","rel":"","context":"Article similaire","img":{"alt_text":"","src":"https:\/\/i0.wp.com\/www.passionfruits.fr\/wp-content\/uploads\/2015\/12\/domaine-de-tariquet-classic-2010-ugni-blanc-colombard.jpg?fit=600%2C600&resize=350%2C200","width":350,"height":200},"classes":[]},{"id":20298,"url":"http:\/\/www.passionfruits.fr\/index.php\/produit\/chateau-gabelot-la-bouteille-75-cl-2020\/","url_meta":{"origin":5843,"position":1},"title":"Ch\u00e2teau Gabelot la bouteille 75 cl 2020","date":"14 janvier 2025","format":false,"excerpt":"6 \u20ac la bouteille au carton de 6 bouteilles Alcool 13.5 % Contient des sulfites. La consommation de boissons alcoolis\u00e9es pendant la grossesse, m\u00eame en faible quantit\u00e9, peut avoir des cons\u00e9quences graves sur la sant\u00e9 de l\u2019enfant. L ABUS D ALCOOL EST DANGEREUX POUR LA SANTE. A CONSOMMER AVEC MODERATION.\u2026","rel":"","context":"Article similaire","img":{"alt_text":"","src":"https:\/\/i0.wp.com\/www.passionfruits.fr\/wp-content\/uploads\/2025\/01\/876.jpg?fit=600%2C600&resize=350%2C200","width":350,"height":200},"classes":[]},{"id":20274,"url":"http:\/\/www.passionfruits.fr\/index.php\/produit\/chateau-touzignan-blaye-la-bouteille-75-cl-2023\/","url_meta":{"origin":5843,"position":2},"title":"Ch\u00e2teau Touzignan Blaye la bouteille 75 cl 2023","date":"10 janvier 2025","format":false,"excerpt":"6 \u20ac la bouteille au cartons de 6 bouteilles Alcool 14 % Contient des sulfites. La consommation de boissons alcoolis\u00e9es pendant la grossesse, m\u00eame en faible quantit\u00e9, peut avoir des cons\u00e9quences graves sur la sant\u00e9 de l\u2019enfant. L ABUS D ALCOOL EST DANGEREUX POUR LA SANTE. A CONSOMMER AVEC MODERATION.\u2026","rel":"","context":"Article similaire","img":{"alt_text":"","src":"https:\/\/i0.wp.com\/www.passionfruits.fr\/wp-content\/uploads\/2025\/01\/809.jpg?fit=600%2C600&resize=350%2C200","width":350,"height":200},"classes":[]},{"id":8161,"url":"http:\/\/www.passionfruits.fr\/index.php\/produit\/coffret-3-bouteilles-6\/","url_meta":{"origin":5843,"position":3},"title":"Coffret 3 bouteilles Pellehaut Harmonie","date":"23 f\u00e9vrier 2016","format":false,"excerpt":"Coffret 3 bouteilles Pellehaut Harmonie rouge 75 cl Pellehaut Harmonie blanc 75 cl Pellehaut Harmonie\u00a0ros\u00e9 75 cl La consommation de boissons alcoolis\u00e9es pendant la grossesse, m\u00eame en faible quantit\u00e9, peut avoir des cons\u00e9quences graves sur la sant\u00e9 de l\u2019enfant. LA VENTE D ALCOOL EST INTERDITE AUX MINEURS. L ABUS D\u2026","rel":"","context":"Article similaire","img":{"alt_text":"","src":"https:\/\/i0.wp.com\/www.passionfruits.fr\/wp-content\/uploads\/2016\/02\/coffret-pellehaut-trio.jpg?fit=600%2C600&resize=350%2C200","width":350,"height":200},"classes":[]},{"id":20278,"url":"http:\/\/www.passionfruits.fr\/index.php\/produit\/medoc-beau-rivage-la-bouteille-75-cl-2022\/","url_meta":{"origin":5843,"position":4},"title":"M\u00e9doc Beau-Rivage la bouteille 75 cl 2022","date":"11 janvier 2025","format":false,"excerpt":"8 \u20ac la bouteille au cartons de 6 bouteilles Borie-Manoux, cr\u00e9\u00e9 par Eug\u00e8ne et Emile Borie en 1870, est une maison aujourd\u2019hui reconnue, qui a \u00e9volu\u00e9 pendant plus d\u2019un si\u00e8cle gr\u00e2ce aux familles Borie et Cast\u00e9ja. Alcool 13.5 % Contient des sulfites. La consommation de boissons alcoolis\u00e9es pendant la grossesse,\u2026","rel":"","context":"Article similaire","img":{"alt_text":"","src":"https:\/\/i2.wp.com\/www.passionfruits.fr\/wp-content\/uploads\/2025\/01\/827.jpg?fit=600%2C600&resize=350%2C200","width":350,"height":200},"classes":[]},{"id":20285,"url":"http:\/\/www.passionfruits.fr\/index.php\/produit\/saint-emilion-origins-la-bouteille-75-cl-2018\/","url_meta":{"origin":5843,"position":5},"title":"Saint Emilion Origins la bouteille 75 cl 2018","date":"11 janvier 2025","format":false,"excerpt":"14 \u20ac la bouteille au cartons de 6 bouteilles Borie-Manoux, cr\u00e9\u00e9 par Eug\u00e8ne et Emile Borie en 1870, est une maison aujourd\u2019hui reconnue, qui a \u00e9volu\u00e9 pendant plus d\u2019un si\u00e8cle gr\u00e2ce aux familles Borie et Cast\u00e9ja. Alcool 13 % Contient des sulfites. La consommation de boissons alcoolis\u00e9es pendant la grossesse,\u2026","rel":"","context":"Article similaire","img":{"alt_text":"","src":"https:\/\/i1.wp.com\/www.passionfruits.fr\/wp-content\/uploads\/2025\/01\/839.jpg?fit=600%2C600&resize=350%2C200","width":350,"height":200},"classes":[]}],"_links":{"self":[{"href":"http:\/\/www.passionfruits.fr\/index.php\/wp-json\/wp\/v2\/product\/5843"}],"collection":[{"href":"http:\/\/www.passionfruits.fr\/index.php\/wp-json\/wp\/v2\/product"}],"about":[{"href":"http:\/\/www.passionfruits.fr\/index.php\/wp-json\/wp\/v2\/types\/product"}],"replies":[{"embeddable":true,"href":"http:\/\/www.passionfruits.fr\/index.php\/wp-json\/wp\/v2\/comments?post=5843"}],"wp:featuredmedia":[{"embeddable":true,"href":"http:\/\/www.passionfruits.fr\/index.php\/wp-json\/wp\/v2\/media\/14645"}],"wp:attachment":[{"href":"http:\/\/www.passionfruits.fr\/index.php\/wp-json\/wp\/v2\/media?parent=5843"}],"curies":[{"name":"wp","href":"https:\/\/api.w.org\/{rel}","templated":true}]}}