{"id":5845,"date":"2015-12-07T11:35:54","date_gmt":"2015-12-07T10:35:54","guid":{"rendered":"http:\/\/www.andreclaude.fr\/web\/index.php\/produit\/cidre-brut\/"},"modified":"2025-11-07T17:02:37","modified_gmt":"2025-11-07T16:02:37","slug":"cidre-brut","status":"publish","type":"product","link":"http:\/\/www.passionfruits.fr\/index.php\/produit\/cidre-brut\/","title":{"rendered":"Cidre  Brut d Bouteille 75 cl"},"content":{"rendered":"","protected":false},"excerpt":{"rendered":"<div class=\"short-description\">\n<p class=\"short-description\">Au c\u0153ur du Parc Naturel R\u00e9gional du Perche, dans l\u2019Orne, producteurs r\u00e9coltants, la Cidrerie Traditionnelle du Perche au Theil pour vous faire d\u00e9couvrir leur savoir-faire et leur passion.<\/p>\n<div class=\"short-description\">Alcool 5 %<\/div>\n<div class=\"short-description\">61260 Val au perche<\/div>\n<\/div>\n<div class=\"short-description\">La consommation de boissons alcoolis\u00e9es pendant la grossesse, m\u00eame en faible quantit\u00e9, peut avoir des cons\u00e9quences graves sur la sant\u00e9 de l\u2019enfant.<br \/>\nL ABUS D ALCOOL EST DANGEREUX POUR LA SANTE. A CONSOMMER AVEC MODERATION.LA VENTE D ALCOOL EST INTERDITE AUX MINEURS.Rouquette Production.<\/div>\n","protected":false},"featured_media":17640,"comment_status":"closed","ping_status":"closed","template":"","meta":{"spay_email":"","jetpack_publicize_message":"","jetpack_is_tweetstorm":false},"jetpack_publicize_connections":[],"jetpack_sharing_enabled":true,"jetpack-related-posts":[{"id":20404,"url":"http:\/\/www.passionfruits.fr\/index.php\/produit\/biere-blonde-de-courville-la-bouteille-33cl\/","url_meta":{"origin":5845,"position":0},"title":"Bi\u00e8re Blonde de Courville la bouteille 33cl","date":"15 avril 2025","format":false,"excerpt":"Alcool 5 %. MicroBrasserie Beauce et perche Bi\u00e8re blonde de fermentation haute fruit\u00e9e. EBC 5 IBU 25 ABV 5.0% Ingr\u00e9dients : Eau, malt d\u2019orge, houblons, levure. Contient du gluten. La consommation de boissons alcoolis\u00e9es pendant la grossesse, m\u00eame en faible quantit\u00e9, peut avoir des cons\u00e9quences graves sur la sant\u00e9 de\u2026","rel":"","context":"Article similaire","img":{"alt_text":"","src":"https:\/\/i0.wp.com\/www.passionfruits.fr\/wp-content\/uploads\/2025\/04\/bbc.jpg?fit=600%2C600&resize=350%2C200","width":350,"height":200},"classes":[]},{"id":20406,"url":"http:\/\/www.passionfruits.fr\/index.php\/produit\/biere-blanche-de-courville-la-bouteille-33cl\/","url_meta":{"origin":5845,"position":1},"title":"Bi\u00e8re Blanche de Courville la bouteille 33cl","date":"16 avril 2025","format":false,"excerpt":"Alcool 4,5 %. Micro Brasserie Beauce et perche Bi\u00e8re blanche de style belge (graines de coriandre et \u00e9corce d\u2019orange am\u00e8re). EBC 5 IBU 18 ABV 5.0% Ingr\u00e9dients : Eau, malt d\u2019orge, malt de bl\u00e9, flocons d\u2019avoine, houblon, graines de coriandre et \u00e9corce d\u2019orange am\u00e8re, levure. Contient du gluten. La consommation\u2026","rel":"","context":"Article similaire","img":{"alt_text":"","src":"https:\/\/i2.wp.com\/www.passionfruits.fr\/wp-content\/uploads\/2025\/04\/Courvilloise-blanch.jpg?fit=600%2C600&resize=350%2C200","width":350,"height":200},"classes":[]},{"id":19866,"url":"http:\/\/www.passionfruits.fr\/index.php\/produit\/lait-entier-pur-perche-en-brick-de-1-litre\/","url_meta":{"origin":5845,"position":2},"title":"Lait entier  en brick de 1 litre","date":"12 mars 2024","format":false,"excerpt":"Lait Entier st\u00e9rilis\u00e9 UHT de vache Valeurs nutritionnelles moyennes pour 100ml Energie : 268kj\/64kcal Mati\u00e8res grasses : 3.6g dont acides gras satur\u00e9s : 2.4 g Glucides : 4.8g dont sucres : 4.8g Prot\u00e9ines : 3.2g Sel : 0.10g Calcium : 120mg (15% des valeurs nutritionnelles de r\u00e9f\u00e9rence pour un adulte-type\u2026","rel":"","context":"Article similaire","img":{"alt_text":"","src":"https:\/\/i1.wp.com\/www.passionfruits.fr\/wp-content\/uploads\/2024\/03\/962-01.jpg?fit=600%2C600&resize=350%2C200","width":350,"height":200},"classes":[]},{"id":11522,"url":"http:\/\/www.passionfruits.fr\/index.php\/produit\/chevre-perche-cendre-de-la-region-la-piece\/","url_meta":{"origin":5845,"position":3},"title":"Ch\u00e8vre Perche cendr\u00e9 de la r\u00e9gion la pi\u00e8ce","date":"10 janvier 2018","format":false,"excerpt":"Petit Perche cendr\u00e9 Fromage de ch\u00e8vre fermier au lait cru \u2013 EARL DU PETIT PERCHE (97% de lait frais, 2% de lactos\u00e9rum issu de l\u2019exploitation,\u00a00,8% de pr\u00e9sure et 0,2 % de sel), provenant de L\u2019EARL DU PETIT PERCHE, Moul\u00e9 \u00e0 la louche Frais, Affin\u00e9 ou Sec Sel naturel noir Mati\u00e8re\u2026","rel":"","context":"Article similaire","img":{"alt_text":"","src":"https:\/\/i0.wp.com\/www.passionfruits.fr\/wp-content\/uploads\/2018\/01\/chevre-rond-cendre.jpg?fit=600%2C600&resize=350%2C200","width":350,"height":200},"classes":[]},{"id":6482,"url":"http:\/\/www.passionfruits.fr\/index.php\/produit\/petit-perche-blanc-la-piece\/","url_meta":{"origin":5845,"position":4},"title":"Ch\u00e8vre Perche blanc de la r\u00e9gion la pi\u00e8ce","date":"7 d\u00e9cembre 2015","format":false,"excerpt":"Le Petit Perche nature Fromage de ch\u00e8vre fermier au lait cru \u2013 EARL DU PETIT PERCHE (97% de lait frais, 2% de lactos\u00e9rum issu de l\u2019exploitation,\u00a00,8% de pr\u00e9sure et 0,2 % de sel), provenant de L\u2019EARL DU PETIT PERCHE, Moul\u00e9 \u00e0 la louche Frais, Affin\u00e9 ou Sec Sel naturel blanc\u2026","rel":"","context":"Article similaire","img":{"alt_text":"","src":"https:\/\/i2.wp.com\/www.passionfruits.fr\/wp-content\/uploads\/2015\/12\/chevre-frais.jpg?fit=600%2C600&resize=350%2C200","width":350,"height":200},"classes":[]},{"id":15869,"url":"http:\/\/www.passionfruits.fr\/index.php\/produit\/sangria-75-cl\/","url_meta":{"origin":5845,"position":5},"title":"Sangria Rouge 75 cl","date":"21 avril 2020","format":false,"excerpt":"Alcool 10 % Contient des sulfites. La consommation de boissons alcoolis\u00e9es pendant la grossesse, m\u00eame en faible quantit\u00e9, peut avoir des cons\u00e9quences graves sur la sant\u00e9 de l\u2019enfant. L ABUS D ALCOOL EST DANGEREUX POUR LA SANTE. A CONSOMMER AVEC MODERATION. LA VENTE D ALCOOL EST INTERDITE AUX MINEURS.","rel":"","context":"Article similaire","img":{"alt_text":"","src":"https:\/\/i2.wp.com\/www.passionfruits.fr\/wp-content\/uploads\/2020\/04\/Sangria.jpg?fit=600%2C600&resize=350%2C200","width":350,"height":200},"classes":[]}],"_links":{"self":[{"href":"http:\/\/www.passionfruits.fr\/index.php\/wp-json\/wp\/v2\/product\/5845"}],"collection":[{"href":"http:\/\/www.passionfruits.fr\/index.php\/wp-json\/wp\/v2\/product"}],"about":[{"href":"http:\/\/www.passionfruits.fr\/index.php\/wp-json\/wp\/v2\/types\/product"}],"replies":[{"embeddable":true,"href":"http:\/\/www.passionfruits.fr\/index.php\/wp-json\/wp\/v2\/comments?post=5845"}],"wp:featuredmedia":[{"embeddable":true,"href":"http:\/\/www.passionfruits.fr\/index.php\/wp-json\/wp\/v2\/media\/17640"}],"wp:attachment":[{"href":"http:\/\/www.passionfruits.fr\/index.php\/wp-json\/wp\/v2\/media?parent=5845"}],"curies":[{"name":"wp","href":"https:\/\/api.w.org\/{rel}","templated":true}]}}