{"id":5933,"date":"2015-12-07T11:36:17","date_gmt":"2015-12-07T10:36:17","guid":{"rendered":"http:\/\/www.andreclaude.fr\/web\/index.php\/produit\/capres-le-bocal\/"},"modified":"2018-10-04T15:26:38","modified_gmt":"2018-10-04T14:26:38","slug":"capres-le-bocal","status":"publish","type":"product","link":"http:\/\/www.passionfruits.fr\/index.php\/produit\/capres-le-bocal\/","title":{"rendered":"C\u00e2pres au vinaigre le bocal de 100g"},"content":{"rendered":"<p>Distribu\u00e9 par<\/p>\n<p>SDP RUNGIS<\/p>\n<p><span class=\"LrzXr\">8 Rue des Oliviers,<\/span><\/p>\n<p><span class=\"LrzXr\"> 94310 Orly<\/span><\/p>\n<p>&nbsp;<\/p>\n<p>&nbsp;<\/p>\n","protected":false},"excerpt":{"rendered":"<p>Les c\u00e2pres sont class\u00e9es en fonctions de leur taille. Plus elle est petite, plus sa saveur est d\u00e9licate et son ar\u00f4me prononc\u00e9. Les plus petites sont les \u00ab non pareilles \u00bb . Les \u00ab non pareilles \u00bb sont consid\u00e9r\u00e9es comme \u00e9tant les meilleures. Leur saveur aigrelette se marie \u00e0 merveille avec une mayonnaise, une sauce froide, avec une tapenade, \u2026 Les c\u00e2pres accompagnent \u00e9galement de nombreux plats tels que les viandes, le poisson ou encore les p\u00e2tes.<\/p>\n<p>Ingr\u00e9dients : c\u00e2pres, eau, sel et vinaigre<\/p>\n<p>Valeurs nutritionnelles moyennes pour 100g<\/p>\n<p>Energie : 110kj\/26kcal<\/p>\n<p>Mati\u00e8res grasses :0.3g dont acides gras satur\u00e9s 0.1g<\/p>\n<p>Glucides : 2.4g dont sucre : 0g<\/p>\n<p>Fibres alimentaires : 3g<\/p>\n<p>Prot\u00e9ines : 2g<\/p>\n<p>Sel : 5.6g<\/p>\n","protected":false},"featured_media":7906,"comment_status":"closed","ping_status":"closed","template":"","meta":{"spay_email":"","jetpack_publicize_message":"","jetpack_is_tweetstorm":false},"jetpack_publicize_connections":[],"jetpack_sharing_enabled":true,"jetpack-related-posts":[{"id":6016,"url":"http:\/\/www.passionfruits.fr\/index.php\/produit\/tomate-sechee-le-pot\/","url_meta":{"origin":5933,"position":0},"title":"Tomate s\u00e9ch\u00e9e Italienne le pot de 280 g","date":"7 d\u00e9cembre 2015","format":false,"excerpt":"Des tomates s\u00e9ch\u00e9es dans la plus pure tradition italienne. En ap\u00e9ritif ou pour accompagner tous vos plats et surtout toutes les salades. La tomate s\u00e9ch\u00e9e pour personnaliser vos recettes (ap\u00e9ritifs d\u00eenatoires, cakes sal\u00e9s, quiches, etc...). Ingr\u00e9dients : tomates s\u00e9ch\u00e9es 64%, huile de tournesol, vinaigre de vin blanc, c\u00e2pres, sel, \u00e9pices\u2026","rel":"","context":"Article similaire","img":{"alt_text":"","src":"https:\/\/i0.wp.com\/www.passionfruits.fr\/wp-content\/uploads\/2015\/12\/tomate-sechee-1.jpg?fit=599%2C600&resize=350%2C200","width":350,"height":200},"classes":[]},{"id":6159,"url":"http:\/\/www.passionfruits.fr\/index.php\/produit\/tapenade-tapenade-noire-le-pot\/","url_meta":{"origin":5933,"position":1},"title":"Tapenade - Tapenade noire verrine 90g","date":"7 d\u00e9cembre 2015","format":false,"excerpt":"La recette traditionnelle de la Tapenade noire, elle est le produit incontournable sur vos toasts, ou en cuisine ! Ingr\u00e9dients : olives noires 82%, c\u00e2pres 6%, huile d'olive, p\u00e2te d'anchois (anchois sal\u00e9s 82%, huile d'olive, vinaigre de vin, sel, poivre, girofle), vinaigre de vin, ail, poivre Sans conservateur, sans OGM\u2026","rel":"","context":"Article similaire","img":{"alt_text":"","src":"https:\/\/i2.wp.com\/www.passionfruits.fr\/wp-content\/uploads\/2015\/12\/tapenade-noire-aux-olives-de-pays.jpg?fit=458%2C458&resize=350%2C200","width":350,"height":200},"classes":[]},{"id":6161,"url":"http:\/\/www.passionfruits.fr\/index.php\/produit\/tapenade-tapenade-verte-le-pot\/","url_meta":{"origin":5933,"position":2},"title":"Tapenade - Tapenade verte verrine 90g","date":"7 d\u00e9cembre 2015","format":false,"excerpt":"La recette traditionnelle de la Tapenade verte, elle est le produit incontournable sur vos toasts ap\u00e9ritif, ou en cuisine. Ingr\u00e9dients : olives vertes 82%, c\u00e2pres 6%, huile d'olive, p\u00e2te d'anchois (anchois sal\u00e9s 82%, huile d'olive, vinaigre de vin, sel, poivre, girofle), vinaigre de vin, ail, poivre Sans conservateur, sans OGM\u2026","rel":"","context":"Article similaire","img":{"alt_text":"","src":"https:\/\/i2.wp.com\/www.passionfruits.fr\/wp-content\/uploads\/2015\/12\/tapenade-verte.jpg?fit=458%2C458&resize=350%2C200","width":350,"height":200},"classes":[]},{"id":6164,"url":"http:\/\/www.passionfruits.fr\/index.php\/produit\/tapenade-creme-anchoiade-le-pot\/","url_meta":{"origin":5933,"position":3},"title":"Tapenade - Cr\u00e8me ancho\u00efade verrine 90g","date":"7 d\u00e9cembre 2015","format":false,"excerpt":"Produit incontournable de la gastronomie locale ! D\u00e9licieux sur toasts. Ingr\u00e9dients : p\u00e2te d'anchois 42% (anchois sal\u00e9s 82%, huile de tournesol, vinaigre de vin, sel, \u00e9pices : curry, poivre, muscade, girofle, cannelle), huile de tournesol, huile d'olive, c\u00e2pres, ail, vinaigre de vin, jus de citron concentr\u00e9, poivre. Sans conservateur, sans\u2026","rel":"","context":"Article similaire","img":{"alt_text":"","src":"https:\/\/i2.wp.com\/www.passionfruits.fr\/wp-content\/uploads\/2015\/12\/creme-d-anchoiade.jpg?fit=458%2C458&resize=350%2C200","width":350,"height":200},"classes":[]},{"id":6157,"url":"http:\/\/www.passionfruits.fr\/index.php\/produit\/tapenade-sardinade-le-pot\/","url_meta":{"origin":5933,"position":4},"title":"Tapenade - Sardinade verrine 90g","date":"7 d\u00e9cembre 2015","format":false,"excerpt":"Souvenir d'enfance, la Sardinade et ses saveurs...Sur une bonne tartine de pain , le tout saupoudr\u00e9 de piment d'Espelette. Pr\u00eate \u00e0 \u00eatre d\u00e9gust\u00e9e ! Ingr\u00e9dients : sardines 31%, olives vertes,poivrons rouges, huile de tournesol, tomates s\u00e9ch\u00e9es 9%, c\u00e2pres, tomates pel\u00e9es, persil, ail, huile d'olive, jus de citron, concentr\u00e9, sel amidon\u2026","rel":"","context":"Article similaire","img":{"alt_text":"","src":"https:\/\/i2.wp.com\/www.passionfruits.fr\/wp-content\/uploads\/2015\/12\/sardinade.jpg?fit=458%2C458&resize=350%2C200","width":350,"height":200},"classes":[]},{"id":11713,"url":"http:\/\/www.passionfruits.fr\/index.php\/produit\/mayonnaise-le-pot-185-grs\/","url_meta":{"origin":5933,"position":5},"title":"Mayonnaise le pot 180 grs","date":"14 f\u00e9vrier 2018","format":false,"excerpt":"Mayonnaise Nature \"Les Saveurs du Clavon\" bocal 185 gr Ingr\u00e9dients : Huile de tournesol 70%, eau, jaune d'oeuf, moutarde de Dijon (eau, graines de moutarde, vinaigre, sel, conservateur : bisulfite de sodium), vinaigre, sel, sucre, ar\u00f4me, colorants : lut\u00e9ine et extrait de paprika, \u00e9paississants : gomme de xanthane et farine\u2026","rel":"","context":"Article similaire","img":{"alt_text":"","src":"https:\/\/i2.wp.com\/www.passionfruits.fr\/wp-content\/uploads\/2018\/02\/mayonnaise.jpg?fit=600%2C600&resize=350%2C200","width":350,"height":200},"classes":[]}],"_links":{"self":[{"href":"http:\/\/www.passionfruits.fr\/index.php\/wp-json\/wp\/v2\/product\/5933"}],"collection":[{"href":"http:\/\/www.passionfruits.fr\/index.php\/wp-json\/wp\/v2\/product"}],"about":[{"href":"http:\/\/www.passionfruits.fr\/index.php\/wp-json\/wp\/v2\/types\/product"}],"replies":[{"embeddable":true,"href":"http:\/\/www.passionfruits.fr\/index.php\/wp-json\/wp\/v2\/comments?post=5933"}],"wp:featuredmedia":[{"embeddable":true,"href":"http:\/\/www.passionfruits.fr\/index.php\/wp-json\/wp\/v2\/media\/7906"}],"wp:attachment":[{"href":"http:\/\/www.passionfruits.fr\/index.php\/wp-json\/wp\/v2\/media?parent=5933"}],"curies":[{"name":"wp","href":"https:\/\/api.w.org\/{rel}","templated":true}]}}