{"id":5937,"date":"2015-12-07T11:36:23","date_gmt":"2015-12-07T10:36:23","guid":{"rendered":"http:\/\/www.andreclaude.fr\/web\/index.php\/produit\/biscuits-rose-le-sachet\/"},"modified":"2023-08-22T09:00:00","modified_gmt":"2023-08-22T08:00:00","slug":"biscuits-rose-le-sachet","status":"publish","type":"product","link":"http:\/\/www.passionfruits.fr\/index.php\/produit\/biscuits-rose-le-sachet\/","title":{"rendered":"Reims Biscuits rose le sachet 175g"},"content":{"rendered":"<p>Biscuiterie FOSSIER<\/p>\n<p>20, Rue Maurice Pr\u00e9voteau<\/p>\n<p>51721 REIMS<\/p>\n","protected":false},"excerpt":{"rendered":"<p style=\"text-align: left;\">Poids net : 175g &#8211; 21 Biscuits Roses de Reims.C\u2019est l\u2019originalit\u00e9 de cette recette, inchang\u00e9e depuis plus de 300 ans, qui conf\u00e8re au Biscuit Rose la particularit\u00e9 de ne pas se d\u00e9liter quand il est tremp\u00e9 dans un verre de champagne.Pl\u00e9biscit\u00e9 autant par les grands chefs que par les amateurs de cuisine cr\u00e9ative, le Biscuit Rose se savoure aussi bien seul qu\u2019accompagn\u00e9, en ingr\u00e9dient, ou en d\u00e9coration de charlottes et autres g\u00e2teaux.<\/p>\n<p style=\"text-align: left;\">Maison Fossier<\/p>\n<p style=\"text-align: left;\">Ingr\u00e9dients : sucre, farine de <strong>bl\u00e9, oeufs, blanc d&#8217;oeufs,<\/strong> colorant E120, poudre \u00e0 lever (carbonate acide d&#8217;ammonium), ar\u00f4me naturel de vanille. Peut contenir des traces de <strong>soja<\/strong> et <strong>fruits \u00e0 coque<\/strong>.<\/p>\n<p style=\"text-align: left;\">Valeurs nutritionnelles moyennes pour 100g<\/p>\n<p style=\"text-align: left;\">Energie : 1663kj\/392kcal<\/p>\n<p style=\"text-align: left;\">Mati\u00e8res grasses : 3.4g dont acides gras satur\u00e9s : 1g<\/p>\n<p style=\"text-align: left;\">Glucides : 82g dont sucres 53g<\/p>\n<p style=\"text-align: left;\">Fibres : 1.5g<\/p>\n<p style=\"text-align: left;\">Prot\u00e9ines : 8.4g<\/p>\n<p style=\"text-align: left;\">Sel : 0.19g<\/p>\n<p style=\"text-align: left;\">\n","protected":false},"featured_media":7319,"comment_status":"closed","ping_status":"closed","template":"","meta":{"spay_email":"","jetpack_publicize_message":"","jetpack_is_tweetstorm":false},"jetpack_publicize_connections":[],"jetpack_sharing_enabled":true,"jetpack-related-posts":[{"id":6133,"url":"http:\/\/www.passionfruits.fr\/index.php\/produit\/croquant-de-corde-le-paquet\/","url_meta":{"origin":5937,"position":0},"title":"Croquant de corde sachet 100g","date":"7 d\u00e9cembre 2015","format":false,"excerpt":"Croquant de corde sachet 100g. Biscuits souffl\u00e9s, l\u00e9gers, finement croustillants, parsem\u00e9s d'\u00e9clats d'amandes et au bon go\u00fbt de nougatine. Ingr\u00e9dients : sucre, amandes 20%, farine de bl\u00e9, blancs d'oeufs. Traces possibles de lait et de noisettes. Valeurs nutritionnelles moyennes pour 100g Energie : 1884kj\/448kcal Mati\u00e8res grasses : 13g dont acides\u2026","rel":"","context":"Article similaire","img":{"alt_text":"","src":"https:\/\/i1.wp.com\/www.passionfruits.fr\/wp-content\/uploads\/2015\/12\/croquant-corde.jpg?fit=600%2C600&resize=350%2C200","width":350,"height":200},"classes":[]},{"id":5907,"url":"http:\/\/www.passionfruits.fr\/index.php\/produit\/palet-breton-le-paquet\/","url_meta":{"origin":5937,"position":1},"title":"Palet Breton le paquet de 150 grs","date":"7 d\u00e9cembre 2015","format":false,"excerpt":"Toutes les saveurs de la Bretagne dans un biscuit au combien traditionnel, craquez pour le v\u00e9ritable palet breton pur beurre ! Ingr\u00e9dients : farine de froment (bl\u00e9), beurre (lait) concentr\u00e9 24.5%, sucre, oeufs, poudre de lait, sel de Gu\u00e9rande (IGP), poudre \u00e0 lever (bicarbonate d'ammonium et bicarbonate de sodium) Fabriqu\u00e9\u2026","rel":"","context":"Article similaire","img":{"alt_text":"","src":"https:\/\/i2.wp.com\/www.passionfruits.fr\/wp-content\/uploads\/2015\/12\/palets-bretons.jpg?fit=600%2C600&resize=350%2C200","width":350,"height":200},"classes":[]},{"id":5526,"url":"http:\/\/www.passionfruits.fr\/index.php\/produit\/champagne-r-de-ruinart\/","url_meta":{"origin":5937,"position":2},"title":"Champagne R de Ruinart brut 75 cl","date":"7 d\u00e9cembre 2015","format":false,"excerpt":"Une cuv\u00e9e franche, vive, fruit\u00e9e et brioch\u00e9e. Ruinart est la maison la plus ancienne de champagne. Le chardonnay occupe une place importante au sein de l\u2019assemblage des cuv\u00e9es de la maison, qui se distinguent pas leur \u00e9l\u00e9gance et leur finesse. le \"R\" de Ruinart est l'expression premi\u00e8re du go\u00fbt Ruinart.\u2026","rel":"","context":"Article similaire","img":{"alt_text":"","src":"https:\/\/i0.wp.com\/www.passionfruits.fr\/wp-content\/uploads\/2015\/12\/champagne_ruinart.jpg?fit=450%2C450&resize=350%2C200","width":350,"height":200},"classes":[]},{"id":11145,"url":"http:\/\/www.passionfruits.fr\/index.php\/produit\/gaufrette-au-noisette-le-paquet-175g\/","url_meta":{"origin":5937,"position":3},"title":"Gaufrette au noisette le paquet 175g","date":"1 octobre 2017","format":false,"excerpt":"C'est une tradition qui remonte \u00e0 1894 ! Aujourd'hui, m\u00eame si la recette est toujours rigoureusement la m\u00eame, \u00e0 l'ar\u00f4me Vanille s'ajoutent celui du Chocolat, de la Framboise ... Et avant de d\u00e9guster votre gaufrette, n'oubliez pas de lire la petite phrase qui vous fera sourire!! Contenance : 0 cl\u2026","rel":"","context":"Article similaire","img":{"alt_text":"","src":"https:\/\/i2.wp.com\/www.passionfruits.fr\/wp-content\/uploads\/2015\/12\/gaufrette.jpg?fit=600%2C600&resize=350%2C200","width":350,"height":200},"classes":[]},{"id":6213,"url":"http:\/\/www.passionfruits.fr\/index.php\/produit\/gaufrette-chocolat\/","url_meta":{"origin":5937,"position":4},"title":"Gaufrette au chocolat le paquet 175g","date":"7 d\u00e9cembre 2015","format":false,"excerpt":"C'est une tradition qui remonte \u00e0 1894 ! Aujourd'hui, m\u00eame si la recette est toujours rigoureusement la m\u00eame, \u00e0 l'ar\u00f4me Vanille s'ajoutent celui du Chocolat, de la Framboise ... Et avant de d\u00e9guster votre gaufrette, n'oubliez pas de lire la petite phrase qui vous fera sourire!! Contenance : 0 cl\u2026","rel":"","context":"Article similaire","img":{"alt_text":"","src":"https:\/\/i2.wp.com\/www.passionfruits.fr\/wp-content\/uploads\/2015\/12\/gaufrette.jpg?fit=600%2C600&resize=350%2C200","width":350,"height":200},"classes":[]},{"id":5532,"url":"http:\/\/www.passionfruits.fr\/index.php\/produit\/ruinart-rose\/","url_meta":{"origin":5937,"position":5},"title":"Champagne Ruinart brut ros\u00e9 75 cl","date":"7 d\u00e9cembre 2015","format":false,"excerpt":"Un bouquet intense de fruits rouges et de p\u00e9tales de rose rivalise de fra\u00eecheur avec une bouche vive et soyeuse. L'un des plus grands champagnes ros\u00e9s, capable de r\u00e9unir finesse et puissance. Ce ros\u00e9, habill\u00e9 sans timidit\u00e9, offre un bouquet vanill\u00e9 qui souligne sa nuance pinot, un pinot riche et\u2026","rel":"","context":"Article similaire","img":{"alt_text":"","src":"https:\/\/i1.wp.com\/www.passionfruits.fr\/wp-content\/uploads\/2015\/12\/ruinart-rose.jpg?fit=600%2C600&resize=350%2C200","width":350,"height":200},"classes":[]}],"_links":{"self":[{"href":"http:\/\/www.passionfruits.fr\/index.php\/wp-json\/wp\/v2\/product\/5937"}],"collection":[{"href":"http:\/\/www.passionfruits.fr\/index.php\/wp-json\/wp\/v2\/product"}],"about":[{"href":"http:\/\/www.passionfruits.fr\/index.php\/wp-json\/wp\/v2\/types\/product"}],"replies":[{"embeddable":true,"href":"http:\/\/www.passionfruits.fr\/index.php\/wp-json\/wp\/v2\/comments?post=5937"}],"wp:featuredmedia":[{"embeddable":true,"href":"http:\/\/www.passionfruits.fr\/index.php\/wp-json\/wp\/v2\/media\/7319"}],"wp:attachment":[{"href":"http:\/\/www.passionfruits.fr\/index.php\/wp-json\/wp\/v2\/media?parent=5937"}],"curies":[{"name":"wp","href":"https:\/\/api.w.org\/{rel}","templated":true}]}}