{"id":5979,"date":"2015-12-07T11:36:45","date_gmt":"2015-12-07T10:36:45","guid":{"rendered":"http:\/\/www.andreclaude.fr\/web\/index.php\/produit\/creme-fraiche-artisanale-pot-de-1-kg\/"},"modified":"2023-12-16T16:19:56","modified_gmt":"2023-12-16T15:19:56","slug":"creme-fraiche-artisanale-pot-de-1-kg","status":"publish","type":"product","link":"http:\/\/www.passionfruits.fr\/index.php\/produit\/creme-fraiche-artisanale-pot-de-1-kg\/","title":{"rendered":"Cr\u00e8me fra\u00eeche Artisanale &#8211; pot de 1 kg"},"content":{"rendered":"<p>Laiterie de Montoire sur Loir\u00a0 41 800 ( Loir et cher).<\/p>\n","protected":false},"excerpt":{"rendered":"<p>Le Petit Tr\u00f4o .\u00a0<span style=\"font-family: Arial,Helvetica,sans-serif;\">La cr\u00e8me est obtenue \u00e0 partir de l\u2019\u00e9cr\u00e9mage du lait frais, puis pasteuris\u00e9e. La maturation avec l\u2019apport de ferments lactiques lui procure son go\u00fbt g\u00e9n\u00e9reux et sa consistance \u00e9paisse. Fondante en bouche, avec sa belle robe ivoire, elle accompagne d\u00e9licieusement les pr\u00e9parations culinaires.<\/span><\/p>\n<p>Ingr\u00e9dients : cr\u00e8me issue de <strong>lait<\/strong> de vache collect\u00e9 en France.<\/p>\n<p>Valeurs nutritionnelles moyennes pour 100g<\/p>\n<p>Energie : 1333kj\/324kcal<\/p>\n<p>Mati\u00e8res grasses : 34g dont acides gras satur\u00e9s : 26g<\/p>\n<p>Glucides : 2.5g dont sucres 1.4g<\/p>\n<p>Prot\u00e9ines 2.5g<\/p>\n<p>Sel 0.06g<\/p>\n","protected":false},"featured_media":6981,"comment_status":"closed","ping_status":"closed","template":"","meta":{"spay_email":"","jetpack_publicize_message":"","jetpack_is_tweetstorm":false},"jetpack_publicize_connections":[],"jetpack_sharing_enabled":true,"jetpack-related-posts":[{"id":5755,"url":"http:\/\/www.passionfruits.fr\/index.php\/produit\/creme-fraiche-artisanale-pot-de-250-grs\/","url_meta":{"origin":5979,"position":0},"title":"Cr\u00e8me fra\u00eeche Artisanale - pot 250 grs","date":"7 d\u00e9cembre 2015","format":false,"excerpt":"Le Petit Tr\u00f4o .La cr\u00e8me est obtenue \u00e0 partir de l\u2019\u00e9cr\u00e9mage du lait frais, puis pasteuris\u00e9e. La maturation avec l\u2019apport de ferments lactiques lui procure son go\u00fbt g\u00e9n\u00e9reux et sa consistance \u00e9paisse. Fondante en bouche, avec sa belle robe ivoire, elle accompagne d\u00e9licieusement les pr\u00e9parations culinaires. Ingr\u00e9dients : cr\u00e8me issue\u2026","rel":"","context":"Article similaire","img":{"alt_text":"","src":"https:\/\/i1.wp.com\/www.passionfruits.fr\/wp-content\/uploads\/2015\/12\/creme-fraiche.png?fit=600%2C600&resize=350%2C200","width":350,"height":200},"classes":[]},{"id":5977,"url":"http:\/\/www.passionfruits.fr\/index.php\/produit\/creme-fraiche-artisanale-pot-de-500-grs\/","url_meta":{"origin":5979,"position":1},"title":"Cr\u00e8me fra\u00eeche Artisanale - pot 500 grs","date":"7 d\u00e9cembre 2015","format":false,"excerpt":"Le Petit Tr\u00f4o . La cr\u00e8me est obtenue \u00e0 partir de l\u2019\u00e9cr\u00e9mage du lait frais, puis pasteuris\u00e9e. La maturation avec l\u2019apport de ferments lactiques lui procure son go\u00fbt g\u00e9n\u00e9reux et sa consistance \u00e9paisse. Fondante en bouche, avec sa belle robe ivoire, elle accompagne d\u00e9licieusement les pr\u00e9parations culinaires. Ingr\u00e9dients : cr\u00e8me\u2026","rel":"","context":"Article similaire","img":{"alt_text":"","src":"https:\/\/i1.wp.com\/www.passionfruits.fr\/wp-content\/uploads\/2015\/12\/creme-fraiche.png?fit=600%2C600&resize=350%2C200","width":350,"height":200},"classes":[]},{"id":5675,"url":"http:\/\/www.passionfruits.fr\/index.php\/produit\/petit-troo\/","url_meta":{"origin":5979,"position":2},"title":"Petit Tr\u00f4o la pi\u00e8ce environ 150g","date":"7 d\u00e9cembre 2015","format":false,"excerpt":"Laiterie de 41 800 Montoire sur Loir ( Loir et cher). Le Petit Tr\u00f4o est un fromage au lait de vache pasteuris\u00e9, \u00e0 p\u00e2te ferme et douce de saveur, rev\u00eatu d\u2019 une cro\u00fbte l\u00e9g\u00e8rement fleurie jaune cr\u00e8me \u00e0 blanc cass\u00e9. Valeurs nutritionnelles moyennes pour 100g Energie : 1174kj\/283kcal Mati\u00e8res grasses\u2026","rel":"","context":"Article similaire","img":{"alt_text":"","src":"https:\/\/i0.wp.com\/www.passionfruits.fr\/wp-content\/uploads\/2015\/12\/petit-troo.jpg?fit=600%2C598&resize=350%2C200","width":350,"height":200},"classes":[]},{"id":5728,"url":"http:\/\/www.passionfruits.fr\/index.php\/produit\/mascarpone-250-grs\/","url_meta":{"origin":5979,"position":3},"title":"Mascarpone - le pot 250 grs","date":"7 d\u00e9cembre 2015","format":false,"excerpt":"Le Mascarpone est un fromage frais cr\u00e9meux au go\u00fbt tr\u00e8s fin. L\u2019onctuosit\u00e9 et la finesse de la\u00a0 mascarpone seront vos meilleures alli\u00e9es pour r\u00e9ussir toutes vos pr\u00e9parations culinaires. Il est surtout connu pour la recette du tiramisu et il peut remplacer la cr\u00e8me fra\u00eeche ou la chantilly. Fromage triple cr\u00e8me\u2026","rel":"","context":"Article similaire","img":{"alt_text":"","src":"https:\/\/i0.wp.com\/www.passionfruits.fr\/wp-content\/uploads\/2015\/12\/mascarpone-casa-azzurra-250-grs-fromages-blancs-petits-suisses.jpg?fit=1000%2C750&resize=350%2C200","width":350,"height":200},"classes":[]},{"id":5736,"url":"http:\/\/www.passionfruits.fr\/index.php\/produit\/galet-de-la-loire\/","url_meta":{"origin":5979,"position":4},"title":"Galet de la Loire la pi\u00e8ce environ 260g","date":"7 d\u00e9cembre 2015","format":false,"excerpt":"Fromage au lait de vache pasteuris\u00e9 \u00e0 patte molle. Sans odeur, et en bouche il est d\u00e9licat et onctueux. Fromage d'Anjou au lait pasteuris\u00e9 et cr\u00e8me (origine France), ferments, pr\u00e9sure,sel. Fabriqu\u00e9 dans une fromagerie transformant du lait de ch\u00e8vre et du lait du vache. Valeurs nutritionnelles moyennes pour 100g Energie\u2026","rel":"","context":"Article similaire","img":{"alt_text":"","src":"https:\/\/i1.wp.com\/www.passionfruits.fr\/wp-content\/uploads\/2015\/12\/galet-de-la-loire.jpg?fit=599%2C599&resize=350%2C200","width":350,"height":200},"classes":[]},{"id":13008,"url":"http:\/\/www.passionfruits.fr\/index.php\/produit\/veloute-potiron-72-cl\/","url_meta":{"origin":5979,"position":5},"title":"Velout\u00e9 Potiron 73 cl","date":"6 novembre 2018","format":false,"excerpt":"Velout\u00e9 st\u00e9rilis\u00e9. Sans conservateur, ni colorant, conform\u00e9ment \u00e0 la l\u00e9gislation. Apr\u00e8s ouverture, conserver \u00e0 4 \u00b0 et \u00e0 consommer dans les 24 heures. Ingr\u00e9dients : eaux, potiron 35%, carotte, cr\u00e8me (lait), huile d'olive, amidon modifi\u00e9, sucre. Valeurs nutritionnelles moyennes pour 100g Energie : 152kj\/36 kcal Mati\u00e8res grasses : 2.5g dont\u2026","rel":"","context":"Article similaire","img":{"alt_text":"","src":"https:\/\/i1.wp.com\/www.passionfruits.fr\/wp-content\/uploads\/2018\/11\/Veloute-de-Potiron.jpg?fit=600%2C600&resize=350%2C200","width":350,"height":200},"classes":[]}],"_links":{"self":[{"href":"http:\/\/www.passionfruits.fr\/index.php\/wp-json\/wp\/v2\/product\/5979"}],"collection":[{"href":"http:\/\/www.passionfruits.fr\/index.php\/wp-json\/wp\/v2\/product"}],"about":[{"href":"http:\/\/www.passionfruits.fr\/index.php\/wp-json\/wp\/v2\/types\/product"}],"replies":[{"embeddable":true,"href":"http:\/\/www.passionfruits.fr\/index.php\/wp-json\/wp\/v2\/comments?post=5979"}],"wp:featuredmedia":[{"embeddable":true,"href":"http:\/\/www.passionfruits.fr\/index.php\/wp-json\/wp\/v2\/media\/6981"}],"wp:attachment":[{"href":"http:\/\/www.passionfruits.fr\/index.php\/wp-json\/wp\/v2\/media?parent=5979"}],"curies":[{"name":"wp","href":"https:\/\/api.w.org\/{rel}","templated":true}]}}