{"id":5980,"date":"2015-12-07T11:36:45","date_gmt":"2015-12-07T10:36:45","guid":{"rendered":"http:\/\/www.andreclaude.fr\/web\/index.php\/produit\/fromage-blanc-faisselle-artisanale-pot-de-500-grs\/"},"modified":"2019-02-07T11:16:35","modified_gmt":"2019-02-07T10:16:35","slug":"fromage-blanc-faisselle-artisanale-pot-de-400-grs","status":"publish","type":"product","link":"http:\/\/www.passionfruits.fr\/index.php\/produit\/fromage-blanc-faisselle-artisanale-pot-de-400-grs\/","title":{"rendered":"Faisselle Artisanale &#8211; pot 500 grs"},"content":{"rendered":"<p>Laiterie de\u00a0 Montoire sur Loir 41 800 ( Loir et cher)<\/p>\n","protected":false},"excerpt":{"rendered":"<p>Le Petit Tr\u00f4o . Faisselle est une appellation g\u00e9n\u00e9rique fran\u00e7aise d\u00e9signant du fromage frais de lait cru qui prend son nom du moule \u00e0 fromage dans lequel il s&#8217;\u00e9goutte\u00a0: la faisselle.<\/p>\n<p>Ingr\u00e9dients : <strong>lait<\/strong> de vache pasteuris\u00e9<\/p>\n<p>Valeurs nutritionnelles moyennes pour 100g<\/p>\n<p>Energie : 422kj\/202kcal<\/p>\n<p>Mati\u00e8res grasses : 7g dont acides gras satur\u00e9s : 5.3g<\/p>\n<p>Glucides : 4.1g dont sucres 1.6g<\/p>\n<p>Prot\u00e9ines : 5.7g<\/p>\n<p>Sel :0.1g<\/p>\n<p>&nbsp;<\/p>\n<p>&nbsp;<\/p>\n","protected":false},"featured_media":6982,"comment_status":"closed","ping_status":"closed","template":"","meta":{"spay_email":"","jetpack_publicize_message":"","jetpack_is_tweetstorm":false},"jetpack_publicize_connections":[],"jetpack_sharing_enabled":true,"jetpack-related-posts":[{"id":5748,"url":"http:\/\/www.passionfruits.fr\/index.php\/produit\/fromage-blanc-faisselle-artisanale-pot-de-250-grs\/","url_meta":{"origin":5980,"position":0},"title":"Faisselle Artisanale - pot 250 grs","date":"7 d\u00e9cembre 2015","format":false,"excerpt":"Laiterie de 41 800 Montoire sur Loir ( Loir et cher). Faisselle est une appellation g\u00e9n\u00e9rique fran\u00e7aise d\u00e9signant du fromage frais de lait cru qui prend son nom du moule \u00e0 fromage dans lequel il s'\u00e9goutte\u00a0: la faisselle. Ingr\u00e9dients : lait de vache pasteuris\u00e9 Valeurs nutritionnelles moyennes pour 100g Energie\u2026","rel":"","context":"Article similaire","img":{"alt_text":"","src":"https:\/\/i0.wp.com\/www.passionfruits.fr\/wp-content\/uploads\/2015\/12\/faisselle.png?fit=600%2C600&resize=350%2C200","width":350,"height":200},"classes":[]},{"id":5982,"url":"http:\/\/www.passionfruits.fr\/index.php\/produit\/fromage-blanc-faisselle-artisanale-pot-de-1-kg\/","url_meta":{"origin":5980,"position":1},"title":"Faisselle Artisanale - pot de 1 kg","date":"7 d\u00e9cembre 2015","format":false,"excerpt":"Laiterie de 41 800 Montoire sur Loir ( Loir et cher). Le Petit Tr\u00f4o . Faisselle est une appellation g\u00e9n\u00e9rique fran\u00e7aise d\u00e9signant du fromage frais de lait cru qui prend son nom du moule \u00e0 fromage dans lequel il s'\u00e9goutte\u00a0: la faisselle. Ingr\u00e9dients : lait de vache pasteuris\u00e9 Valeurs nutritionnelles\u2026","rel":"","context":"Article similaire","img":{"alt_text":"","src":"https:\/\/i0.wp.com\/www.passionfruits.fr\/wp-content\/uploads\/2015\/12\/faisselle.png?fit=600%2C600&resize=350%2C200","width":350,"height":200},"classes":[]},{"id":10545,"url":"http:\/\/www.passionfruits.fr\/index.php\/produit\/tomme-blanche-part-200grs-environ\/","url_meta":{"origin":5980,"position":2},"title":"Tomme blanche part environ 350 grs","date":"8 mai 2017","format":false,"excerpt":"Son go\u00fbt tr\u00e8s doux, l\u00e9g\u00e8rement acidul\u00e9 et sal\u00e9 s\u00e9duira le plus grand nombre!!! La tomme blanche\u00a0est un fromage \u00e0 p\u00e2te fraiche fait \u00e0 partir d\u2019une\u00a0faisselle\u00a0compos\u00e9 de\u00a0lait caill\u00e9\u00a0avec de la\u00a0pr\u00e9sure, elle est \u00e9labor\u00e9e en Savoie. La fabrication de ce fromage se fait \u00e0 partir du caill\u00e9 pr\u00e9lev\u00e9 en d\u00e9but d\u2019op\u00e9ration de\u2026","rel":"","context":"Article similaire","img":{"alt_text":"","src":"https:\/\/i0.wp.com\/www.passionfruits.fr\/wp-content\/uploads\/2017\/05\/tomme-blanche03.jpg?fit=529%2C600&resize=350%2C200","width":350,"height":200},"classes":[]},{"id":6249,"url":"http:\/\/www.passionfruits.fr\/index.php\/produit\/ciboulette-la-botte\/","url_meta":{"origin":5980,"position":3},"title":"Ciboulette France Cat 1 la barq.","date":"7 d\u00e9cembre 2015","format":false,"excerpt":"la ciboulette est id\u00e9al pour accompagner les tomates , les salades, le fromage faisselle et battu et les omelettes .","rel":"","context":"Article similaire","img":{"alt_text":"","src":"https:\/\/i1.wp.com\/www.passionfruits.fr\/wp-content\/uploads\/2015\/12\/ciboulette1.jpg?fit=300%2C400&resize=350%2C200","width":350,"height":200},"classes":[]},{"id":5736,"url":"http:\/\/www.passionfruits.fr\/index.php\/produit\/galet-de-la-loire\/","url_meta":{"origin":5980,"position":4},"title":"Galet de la Loire la pi\u00e8ce environ 260g","date":"7 d\u00e9cembre 2015","format":false,"excerpt":"Fromage au lait de vache pasteuris\u00e9 \u00e0 patte molle. Sans odeur, et en bouche il est d\u00e9licat et onctueux. Fromage d'Anjou au lait pasteuris\u00e9 et cr\u00e8me (origine France), ferments, pr\u00e9sure,sel. Fabriqu\u00e9 dans une fromagerie transformant du lait de ch\u00e8vre et du lait du vache. Valeurs nutritionnelles moyennes pour 100g Energie\u2026","rel":"","context":"Article similaire","img":{"alt_text":"","src":"https:\/\/i1.wp.com\/www.passionfruits.fr\/wp-content\/uploads\/2015\/12\/galet-de-la-loire.jpg?fit=599%2C599&resize=350%2C200","width":350,"height":200},"classes":[]},{"id":5675,"url":"http:\/\/www.passionfruits.fr\/index.php\/produit\/petit-troo\/","url_meta":{"origin":5980,"position":5},"title":"Petit Tr\u00f4o la pi\u00e8ce environ 150g","date":"7 d\u00e9cembre 2015","format":false,"excerpt":"Laiterie de 41 800 Montoire sur Loir ( Loir et cher). Le Petit Tr\u00f4o est un fromage au lait de vache pasteuris\u00e9, \u00e0 p\u00e2te ferme et douce de saveur, rev\u00eatu d\u2019 une cro\u00fbte l\u00e9g\u00e8rement fleurie jaune cr\u00e8me \u00e0 blanc cass\u00e9. Valeurs nutritionnelles moyennes pour 100g Energie : 1174kj\/283kcal Mati\u00e8res grasses\u2026","rel":"","context":"Article similaire","img":{"alt_text":"","src":"https:\/\/i0.wp.com\/www.passionfruits.fr\/wp-content\/uploads\/2015\/12\/petit-troo.jpg?fit=600%2C598&resize=350%2C200","width":350,"height":200},"classes":[]}],"_links":{"self":[{"href":"http:\/\/www.passionfruits.fr\/index.php\/wp-json\/wp\/v2\/product\/5980"}],"collection":[{"href":"http:\/\/www.passionfruits.fr\/index.php\/wp-json\/wp\/v2\/product"}],"about":[{"href":"http:\/\/www.passionfruits.fr\/index.php\/wp-json\/wp\/v2\/types\/product"}],"replies":[{"embeddable":true,"href":"http:\/\/www.passionfruits.fr\/index.php\/wp-json\/wp\/v2\/comments?post=5980"}],"wp:featuredmedia":[{"embeddable":true,"href":"http:\/\/www.passionfruits.fr\/index.php\/wp-json\/wp\/v2\/media\/6982"}],"wp:attachment":[{"href":"http:\/\/www.passionfruits.fr\/index.php\/wp-json\/wp\/v2\/media?parent=5980"}],"curies":[{"name":"wp","href":"https:\/\/api.w.org\/{rel}","templated":true}]}}