{"id":6032,"date":"2015-12-07T11:37:06","date_gmt":"2015-12-07T10:37:06","guid":{"rendered":"http:\/\/www.andreclaude.fr\/web\/index.php\/produit\/vinaigrette-a-lechalote-la-bouteille\/"},"modified":"2023-02-10T09:14:32","modified_gmt":"2023-02-10T08:14:32","slug":"vinaigrette-a-lechalote-la-bouteille","status":"publish","type":"product","link":"http:\/\/www.passionfruits.fr\/index.php\/produit\/vinaigrette-a-lechalote-la-bouteille\/","title":{"rendered":"Vinaigrette \u00e0 l&#8217;\u00e9chalote la bouteille de 500 ml"},"content":{"rendered":"<p>Distribu\u00e9 par<\/p>\n<p>SDP<\/p>\n<p><span class=\"LrzXr\">8 Rue des Oliviers, <\/span><\/p>\n<p><span class=\"LrzXr\">94310 Orly<\/span><\/p>\n","protected":false},"excerpt":{"rendered":"<p>Contenance : 50 cl<br \/>\nPoids net : 500 g<br \/>\nPoids net \u00e9goutt\u00e9 : 0 g<\/p>\n<p>CARACTERISTIQUES PRODUIT<br \/>\nIngr\u00e9dients : Huile de tournesol (50%), vinaigre de vin de Bordeaux* 27%, (dont conservateur E228* et stabilisant E414), eau, \u00e9chalotes 7.6% <strong>moutarde<\/strong> de Dijon* (graines de <strong>moutarde<\/strong>, vinaigre d&#8217;alcool, eau, sel, ar\u00f4me \u00e9chalote). *contient des sulfites<\/p>\n<p>Allerg\u00e8nes : Moutarde, sulfites<br \/>\nTraces d&#8217;allerg\u00e8nes possibles :<br \/>\nAllerg\u00e8nes pr\u00e9sents dans l&#8217;atelier :<\/p>\n<p>Valeurs nutritionnelles pour 100 g de produit \u00e9goutt\u00e9<\/p>\n<p>Energie 1952 kJ \/ 474 kcal<br \/>\nMati\u00e8res grasses 51 g<br \/>\ndont acides gras satur\u00e9s 5,2 g<br \/>\nGlucides 0,8 g<br \/>\nDont Sucres 0 g<br \/>\nFibres alimentaires 0g<br \/>\nProt\u00e9ines 0 g<br \/>\nSel 2,4 g<\/p>\n<p>Mode d&#8217;emploi :<br \/>\nRecommandations :<br \/>\nContre indications :<br \/>\nStockage avant emploi : A conserver \u00e0 l\u2019abri de la lumi\u00e8re et de la chaleur<\/p>\n<p>Stockage apr\u00e8s ouverture : A conserver au frais<\/p>\n<p>&nbsp;<\/p>\n","protected":false},"featured_media":7876,"comment_status":"closed","ping_status":"closed","template":"","meta":{"spay_email":"","jetpack_publicize_message":"","jetpack_is_tweetstorm":false},"jetpack_publicize_connections":[],"jetpack_sharing_enabled":true,"jetpack-related-posts":[{"id":6028,"url":"http:\/\/www.passionfruits.fr\/index.php\/produit\/vinaigrette-moutarde-la-bouteille\/","url_meta":{"origin":6032,"position":0},"title":"Vinaigrette \u00e0 la moutarde de Dijon la bouteille 500 ml","date":"7 d\u00e9cembre 2015","format":false,"excerpt":"Contenance : 0 cl Poids net : 500 g Poids net \u00e9goutt\u00e9 : 0 g CARACTERISTIQUES PRODUIT Ingr\u00e9dients : Huile de tournesol (50%), eau, vinaigre de vin rouge*, moutarde de Dijon* (5%) (graines de moutarde, vinaigre d\u2019alcool, eau, sel), sel, \u00e9pices. Allerg\u00e8nes : Moutarde, sulfites Traces d'allerg\u00e8nes possibles : Allerg\u00e8nes\u2026","rel":"","context":"Article similaire","img":{"alt_text":"","src":"https:\/\/i2.wp.com\/www.passionfruits.fr\/wp-content\/uploads\/2015\/12\/vinaigrette-moutarde.jpg?fit=588%2C580&resize=350%2C200","width":350,"height":200},"classes":[]},{"id":11089,"url":"http:\/\/www.passionfruits.fr\/index.php\/produit\/rillettes-de-maquereau-le-pot-de-90-grs\/","url_meta":{"origin":6032,"position":1},"title":"Rillettes de Maquereau le pot de 90 grs","date":"19 septembre 2017","format":false,"excerpt":"Voici un produit particuli\u00e8rement l\u00e9ger et riche en go\u00fbt, \u00e0 base de cr\u00e8me fra\u00eeche, et de chair des poissons ou crustac\u00e9s , relev\u00e9 par des oignons et du persil frais. Vous appr\u00e9cierez les Rillettes sur du bon pain de campagne en sandwich ou sur des toasts grill\u00e9s. L\u2019histoire de cette\u2026","rel":"","context":"Article similaire","img":{"alt_text":"","src":"https:\/\/i0.wp.com\/www.passionfruits.fr\/wp-content\/uploads\/2017\/09\/rillette-de-poisson.jpg?fit=600%2C600&resize=350%2C200","width":350,"height":200},"classes":[]},{"id":11093,"url":"http:\/\/www.passionfruits.fr\/index.php\/produit\/rillettes-de-thon-a-la-creole-le-pot-de-90-grs\/","url_meta":{"origin":6032,"position":2},"title":"Rillettes de Thon \u00e0 la Cr\u00e9ole le pot de 90 grs","date":"19 septembre 2017","format":false,"excerpt":"Contenance : 0 cl Poids net : 90 g Poids net \u00e9goutt\u00e9 : 0 g CARACTERISTIQUES PRODUIT Ingr\u00e9dients : Thon 50%, oignons frais, huile de tournesol, vinaigre d\u2019alcool, ciboulette, carotte miette, jus concentr\u00e9 de citron, ail poudre, \u00e9paississant: carragh\u00e9nane, sel, poivre, piment Allerg\u00e8nes : POISSON, Traces d'allerg\u00e8nes possibles : Allerg\u00e8nes\u2026","rel":"","context":"Article similaire","img":{"alt_text":"","src":"https:\/\/i0.wp.com\/www.passionfruits.fr\/wp-content\/uploads\/2017\/09\/rillette-de-poisson.jpg?fit=600%2C600&resize=350%2C200","width":350,"height":200},"classes":[]},{"id":11096,"url":"http:\/\/www.passionfruits.fr\/index.php\/produit\/rillettes-de-maquereau-a-la-creole-le-pot-de-90-grs\/","url_meta":{"origin":6032,"position":3},"title":"Rillettes de Maquereau \u00e0 la Cr\u00e9ole le pot de 90 grs","date":"19 septembre 2017","format":false,"excerpt":"Contenance : 0 cl Poids net : 90 g Poids net \u00e9goutt\u00e9 : 0 g CARACTERISTIQUES PRODUIT Ingr\u00e9dients : Maquereau 50%, oignons frais, huile de tournesol, vinaigre d\u2019alcool, ciboulette, carotte miette, jus concentr\u00e9 de citron, ail poudre, \u00e9paississant: carragh\u00e9nane, sel, poivre, piment. Allerg\u00e8nes : Poissons Traces d'allerg\u00e8nes possibles : Allerg\u00e8nes\u2026","rel":"","context":"Article similaire","img":{"alt_text":"","src":"https:\/\/i0.wp.com\/www.passionfruits.fr\/wp-content\/uploads\/2017\/09\/rillette-de-poisson.jpg?fit=600%2C600&resize=350%2C200","width":350,"height":200},"classes":[]},{"id":11092,"url":"http:\/\/www.passionfruits.fr\/index.php\/produit\/rillettes-de-thon-le-pot-de-90-grs\/","url_meta":{"origin":6032,"position":4},"title":"Rillettes de Thon au poivre le pot de 90 grs","date":"19 septembre 2017","format":false,"excerpt":"Voici un produit particuli\u00e8rement l\u00e9ger et riche en go\u00fbt, \u00e0 base de cr\u00e8me fra\u00eeche, et de chair des poissons ou crustac\u00e9s , relev\u00e9 par des oignons et du persil frais. Vous appr\u00e9cierez les Rillettes sur du bon pain de campagne en sandwich ou sur des toasts grill\u00e9s. L\u2019histoire de cette\u2026","rel":"","context":"Article similaire","img":{"alt_text":"","src":"https:\/\/i0.wp.com\/www.passionfruits.fr\/wp-content\/uploads\/2017\/09\/rillette-de-poisson.jpg?fit=600%2C600&resize=350%2C200","width":350,"height":200},"classes":[]},{"id":11094,"url":"http:\/\/www.passionfruits.fr\/index.php\/produit\/rillettes-de-truite-fumee-a-la-creole-le-pot-de-90-grs\/","url_meta":{"origin":6032,"position":5},"title":"Rillettes de Truite fum\u00e9e \u00e0 la Cr\u00e9ole le pot de 90 grs","date":"19 septembre 2017","format":false,"excerpt":"Contenance : 0 cl Poids net : 90 g Poids net \u00e9goutt\u00e9 : 0 g CARACTERISTIQUES PRODUIT Ingr\u00e9dients : Truite fum\u00e9e 26 %, filet de saumon 24%, oignons frais, huile de tournesol, vinaigre d\u2019alcool, ciboulette, carotte miette, jus concentr\u00e9 de citron, ail poudre, \u00e9paississant: carragh\u00e9nane, sel, poivre, piment. Allerg\u00e8nes :\u2026","rel":"","context":"Article similaire","img":{"alt_text":"","src":"https:\/\/i0.wp.com\/www.passionfruits.fr\/wp-content\/uploads\/2017\/09\/rillette-de-poisson.jpg?fit=600%2C600&resize=350%2C200","width":350,"height":200},"classes":[]}],"_links":{"self":[{"href":"http:\/\/www.passionfruits.fr\/index.php\/wp-json\/wp\/v2\/product\/6032"}],"collection":[{"href":"http:\/\/www.passionfruits.fr\/index.php\/wp-json\/wp\/v2\/product"}],"about":[{"href":"http:\/\/www.passionfruits.fr\/index.php\/wp-json\/wp\/v2\/types\/product"}],"replies":[{"embeddable":true,"href":"http:\/\/www.passionfruits.fr\/index.php\/wp-json\/wp\/v2\/comments?post=6032"}],"wp:featuredmedia":[{"embeddable":true,"href":"http:\/\/www.passionfruits.fr\/index.php\/wp-json\/wp\/v2\/media\/7876"}],"wp:attachment":[{"href":"http:\/\/www.passionfruits.fr\/index.php\/wp-json\/wp\/v2\/media?parent=6032"}],"curies":[{"name":"wp","href":"https:\/\/api.w.org\/{rel}","templated":true}]}}