{"id":6054,"date":"2015-12-07T11:37:12","date_gmt":"2015-12-07T10:37:12","guid":{"rendered":"http:\/\/www.andreclaude.fr\/web\/index.php\/produit\/confiture-fraise-le-pot\/"},"modified":"2020-04-13T03:05:12","modified_gmt":"2020-04-13T02:05:12","slug":"confiture-fraise-le-pot","status":"publish","type":"product","link":"http:\/\/www.passionfruits.fr\/index.php\/produit\/confiture-fraise-le-pot\/","title":{"rendered":"Confiture de fraise le pot de 370g"},"content":{"rendered":"<p>SAS COPYR<\/p>\n<p>09190 LORP<\/p>\n","protected":false},"excerpt":{"rendered":"<p>Confiture Extra Daniel Boudet<\/p>\n<p>Pr\u00e9par\u00e9e avec 55g de fruit pour 100g de produit fini.<\/p>\n<p>Teneur totale en sucres : 60g pour 100g<\/p>\n<p>Ingr\u00e9dients : Fraise, sucre, g\u00e9lifiant : pectine.<\/p>\n<p>OGM : Garanti sans OGM<br \/>\nIONISATION : Ce produit n&#8217;est pas trait\u00e9 par ionisation et ne contient aucun ingr\u00e9dient ou additif ionis\u00e9.<br \/>\nALLERGENE(S) :Absence<\/p>\n<p>Valeurs nutritionnelles\u00a0 pour 100 g<\/p>\n<p>Energie : 231kcal \/ 919kj<\/p>\n<p>Mati\u00e8res grasses : 0.1 g dont acides gras satur\u00e9s : 0g<\/p>\n<p>Glucides : 56g dont sucres 55.7g<\/p>\n<p>Prot\u00e9ines : 0.4g<\/p>\n<p>Sel : 0g<\/p>\n","protected":false},"featured_media":6694,"comment_status":"closed","ping_status":"closed","template":"","meta":{"spay_email":"","jetpack_publicize_message":"","jetpack_is_tweetstorm":false},"jetpack_publicize_connections":[],"jetpack_sharing_enabled":true,"jetpack-related-posts":[{"id":6060,"url":"http:\/\/www.passionfruits.fr\/index.php\/produit\/confiture-figue-le-pot\/","url_meta":{"origin":6054,"position":0},"title":"Confiture de figue le pot de 370g","date":"7 d\u00e9cembre 2015","format":false,"excerpt":"Confiture Extra Daniel Boudet Pr\u00e9par\u00e9e avec 55g de fruit pour 100g de produit fini. Teneur totale en sucres : 60g pour 100g Ingr\u00e9dients : Figue, sucre, g\u00e9lifiant : pectine. OGM : Garanti sans OGM IONISATION : Ce produit n'est pas trait\u00e9 par ionisation et ne contient aucun ingr\u00e9dient ou additif\u2026","rel":"","context":"Article similaire","img":{"alt_text":"","src":"https:\/\/i0.wp.com\/www.passionfruits.fr\/wp-content\/uploads\/2015\/12\/figue11.jpg?fit=600%2C600&resize=350%2C200","width":350,"height":200},"classes":[]},{"id":6082,"url":"http:\/\/www.passionfruits.fr\/index.php\/produit\/confiture-abricot-le-pot\/","url_meta":{"origin":6054,"position":1},"title":"Confiture d'abricot le pot de 370g","date":"7 d\u00e9cembre 2015","format":false,"excerpt":"Confiture Extra Daniel Boudet Pr\u00e9par\u00e9e avec 55g de fruit pour 100g de produit fini. Teneur totale en sucres : 60g pour 100g Ingr\u00e9dients : Abricots, sucre, g\u00e9lifiant : pectine. OGM : Garanti sans OGM IONISATION : Ce produit n'est pas trait\u00e9 par ionisation et ne contient aucun ingr\u00e9dient ou additif\u2026","rel":"","context":"Article similaire","img":{"alt_text":"","src":"https:\/\/i0.wp.com\/www.passionfruits.fr\/wp-content\/uploads\/2015\/12\/Confitureabricot2.jpg?fit=600%2C600&resize=350%2C200","width":350,"height":200},"classes":[]},{"id":6068,"url":"http:\/\/www.passionfruits.fr\/index.php\/produit\/confiture-mirabelle-le-pot\/","url_meta":{"origin":6054,"position":2},"title":"Confiture de mirabelle le pot 370g","date":"7 d\u00e9cembre 2015","format":false,"excerpt":"Confiture Extra Daniel Boudet Pr\u00e9par\u00e9e avec 55g de fruit pour 100g de produit fini. Teneur totale en sucres : 60g pour 100g Ingr\u00e9dients : Mirabelles, sucre, g\u00e9lifiant : pectine, jus concentr\u00e9 de citron. OGM : Garanti sans OGM IONISATION : Ce produit n'est pas trait\u00e9 par ionisation et ne contient\u2026","rel":"","context":"Article similaire","img":{"alt_text":"","src":"https:\/\/i1.wp.com\/www.passionfruits.fr\/wp-content\/uploads\/2015\/12\/mirabelle.jpg?fit=600%2C600&resize=350%2C200","width":350,"height":200},"classes":[]},{"id":6066,"url":"http:\/\/www.passionfruits.fr\/index.php\/produit\/confiture-3-agrumes-le-pot\/","url_meta":{"origin":6054,"position":3},"title":"Marmelade aux 3 agrumes le pot de 370g","date":"7 d\u00e9cembre 2015","format":false,"excerpt":"Confiture Extra Daniel Boudet Pr\u00e9par\u00e9e avec 45g de fruit pour 100g de produit fini. Teneur totale en sucres : 60g pour 100g Ingr\u00e9dients : Sucre, fruits (orange douce 50%, pamplemousse 39%, citron 11%), g\u00e9lifiant : pectine. OGM : Garanti sans OGM IONISATION : Ce produit n'est pas trait\u00e9 par ionisation\u2026","rel":"","context":"Article similaire","img":{"alt_text":"","src":"https:\/\/i0.wp.com\/www.passionfruits.fr\/wp-content\/uploads\/2015\/12\/troisagrumes.jpg?fit=600%2C600&resize=350%2C200","width":350,"height":200},"classes":[]},{"id":11393,"url":"http:\/\/www.passionfruits.fr\/index.php\/produit\/confiture-cerise-noire-le-pot-de-45g\/","url_meta":{"origin":6054,"position":4},"title":"Confiture Cerise Noire le pot de 28g","date":"9 d\u00e9cembre 2017","format":false,"excerpt":"Confiture Extra Daniel Boudet Pr\u00e9par\u00e9e avec 55g de fruit pour 100g de produit fini. Teneur totale en sucres : 60g pour 100g Ingr\u00e9dients : Cerises noires, sucre, jus de citron, g\u00e9lifiant : pectine, affermissant : citrate calcique (si n\u00e9cessaire) Peut contenir un noyau. OGM : Garanti sans OGM IONISATION :\u2026","rel":"","context":"Article similaire","img":{"alt_text":"","src":"https:\/\/i0.wp.com\/www.passionfruits.fr\/wp-content\/uploads\/2017\/12\/cerise-noire.jpg?fit=597%2C599&resize=350%2C200","width":350,"height":200},"classes":[]},{"id":6074,"url":"http:\/\/www.passionfruits.fr\/index.php\/produit\/gelee-de-coing-le-pot\/","url_meta":{"origin":6054,"position":5},"title":"Gel\u00e9e de coing traditionnelle le pot de 370g","date":"7 d\u00e9cembre 2015","format":false,"excerpt":"Gel\u00e9e Daniel Boudet Pr\u00e9par\u00e9e avec 55g de fruit pour 100g de produit fini. Teneur totale en sucres : 60g pour 100g Ingr\u00e9dients : Sucre, eau, jus concentr\u00e9 de coing (9,9%), jus de citron concentr\u00e9, g\u00e9lifiant : pectine. OGM : Garanti sans OGM IONISATION : Ce produit n'est pas trait\u00e9 par\u2026","rel":"","context":"Article similaire","img":{"alt_text":"","src":"https:\/\/i2.wp.com\/www.passionfruits.fr\/wp-content\/uploads\/2015\/12\/Geleedecoing1.jpg?fit=600%2C600&resize=350%2C200","width":350,"height":200},"classes":[]}],"_links":{"self":[{"href":"http:\/\/www.passionfruits.fr\/index.php\/wp-json\/wp\/v2\/product\/6054"}],"collection":[{"href":"http:\/\/www.passionfruits.fr\/index.php\/wp-json\/wp\/v2\/product"}],"about":[{"href":"http:\/\/www.passionfruits.fr\/index.php\/wp-json\/wp\/v2\/types\/product"}],"replies":[{"embeddable":true,"href":"http:\/\/www.passionfruits.fr\/index.php\/wp-json\/wp\/v2\/comments?post=6054"}],"wp:featuredmedia":[{"embeddable":true,"href":"http:\/\/www.passionfruits.fr\/index.php\/wp-json\/wp\/v2\/media\/6694"}],"wp:attachment":[{"href":"http:\/\/www.passionfruits.fr\/index.php\/wp-json\/wp\/v2\/media?parent=6054"}],"curies":[{"name":"wp","href":"https:\/\/api.w.org\/{rel}","templated":true}]}}