{"id":6092,"date":"2015-12-07T11:37:28","date_gmt":"2015-12-07T10:37:28","guid":{"rendered":"http:\/\/www.andreclaude.fr\/web\/index.php\/produit\/epice-baies-roses-le-pot\/"},"modified":"2025-04-19T08:19:34","modified_gmt":"2025-04-19T07:19:34","slug":"epice-baies-roses-le-pot","status":"publish","type":"product","link":"http:\/\/www.passionfruits.fr\/index.php\/produit\/epice-baies-roses-le-pot\/","title":{"rendered":"Baies rose le pot"},"content":{"rendered":"<p>Distribu\u00e9 par<\/p>\n<p>Agidra<\/p>\n<p>BP 156<\/p>\n<p>69801 SAINT PRIEST<\/p>\n","protected":false},"excerpt":{"rendered":"<p>Ingr\u00e9dients : baies roses<\/p>\n<p>Traces possibles de c\u00e9leri, gluten, moutarde et s\u00e9same<\/p>\n","protected":false},"featured_media":7241,"comment_status":"closed","ping_status":"closed","template":"","meta":{"spay_email":"","jetpack_publicize_message":"","jetpack_is_tweetstorm":false},"jetpack_publicize_connections":[],"jetpack_sharing_enabled":true,"jetpack-related-posts":[{"id":6109,"url":"http:\/\/www.passionfruits.fr\/index.php\/produit\/epice-paprika-le-pot\/","url_meta":{"origin":6092,"position":0},"title":"Paprika le pot","date":"7 d\u00e9cembre 2015","format":false,"excerpt":"Ingr\u00e9dients : paprika Traces possibles de c\u00e9leri, gluten, moutarde et s\u00e9same","rel":"","context":"Article similaire","img":{"alt_text":"","src":"https:\/\/i1.wp.com\/www.passionfruits.fr\/wp-content\/uploads\/2015\/12\/Epice-divers.jpg?fit=600%2C600&resize=350%2C200","width":350,"height":200},"classes":[]},{"id":6146,"url":"http:\/\/www.passionfruits.fr\/index.php\/produit\/epice-gingembre-moulu-le-pot\/","url_meta":{"origin":6092,"position":1},"title":"Gingembre moulu le pot","date":"7 d\u00e9cembre 2015","format":false,"excerpt":"Ingr\u00e9dients : gingembre Traces possibles de c\u00e9leri, gluten, moutarde et s\u00e9same","rel":"","context":"Article similaire","img":{"alt_text":"","src":"https:\/\/i1.wp.com\/www.passionfruits.fr\/wp-content\/uploads\/2015\/12\/Epice-divers.jpg?fit=600%2C600&resize=350%2C200","width":350,"height":200},"classes":[]},{"id":6099,"url":"http:\/\/www.passionfruits.fr\/index.php\/produit\/epice-cumin-poudre-le-pot\/","url_meta":{"origin":6092,"position":2},"title":"Cumin poudre le pot","date":"7 d\u00e9cembre 2015","format":false,"excerpt":"Ingr\u00e9dients : cumin en poudre Traces possibles de c\u00e9leri, gluten, moutarde et s\u00e9same","rel":"","context":"Article similaire","img":{"alt_text":"","src":"https:\/\/i1.wp.com\/www.passionfruits.fr\/wp-content\/uploads\/2015\/12\/Epice-divers.jpg?fit=600%2C600&resize=350%2C200","width":350,"height":200},"classes":[]},{"id":6147,"url":"http:\/\/www.passionfruits.fr\/index.php\/produit\/epice-curcuma-poudre-le-pot\/","url_meta":{"origin":6092,"position":3},"title":"Curcuma poudre le pot","date":"7 d\u00e9cembre 2015","format":false,"excerpt":"Ingr\u00e9dients : curcuma en poudre Traces possibles de c\u00e9leri, gluten, moutarde et s\u00e9same","rel":"","context":"Article similaire","img":{"alt_text":"","src":"https:\/\/i1.wp.com\/www.passionfruits.fr\/wp-content\/uploads\/2015\/12\/Epice-divers.jpg?fit=600%2C600&resize=350%2C200","width":350,"height":200},"classes":[]},{"id":6096,"url":"http:\/\/www.passionfruits.fr\/index.php\/produit\/epice-cannelle-poudre-le-pot\/","url_meta":{"origin":6092,"position":4},"title":"Cannelle poudre le pot","date":"7 d\u00e9cembre 2015","format":false,"excerpt":"Ingr\u00e9dients : cannelle en poudre Traces possibles de c\u00e9leri, gluten, moutarde et s\u00e9same","rel":"","context":"Article similaire","img":{"alt_text":"","src":"https:\/\/i1.wp.com\/www.passionfruits.fr\/wp-content\/uploads\/2015\/12\/Epice-divers.jpg?fit=600%2C600&resize=350%2C200","width":350,"height":200},"classes":[]},{"id":14274,"url":"http:\/\/www.passionfruits.fr\/index.php\/produit\/curry-le-pot\/","url_meta":{"origin":6092,"position":5},"title":"Curry le pot","date":"8 ao\u00fbt 2019","format":false,"excerpt":"Ingr\u00e9dients : curry Traces possibles de c\u00e9leri, gluten et s\u00e9same.","rel":"","context":"Article similaire","img":{"alt_text":"","src":"https:\/\/i1.wp.com\/www.passionfruits.fr\/wp-content\/uploads\/2015\/12\/Epice-divers.jpg?fit=600%2C600&resize=350%2C200","width":350,"height":200},"classes":[]}],"_links":{"self":[{"href":"http:\/\/www.passionfruits.fr\/index.php\/wp-json\/wp\/v2\/product\/6092"}],"collection":[{"href":"http:\/\/www.passionfruits.fr\/index.php\/wp-json\/wp\/v2\/product"}],"about":[{"href":"http:\/\/www.passionfruits.fr\/index.php\/wp-json\/wp\/v2\/types\/product"}],"replies":[{"embeddable":true,"href":"http:\/\/www.passionfruits.fr\/index.php\/wp-json\/wp\/v2\/comments?post=6092"}],"wp:featuredmedia":[{"embeddable":true,"href":"http:\/\/www.passionfruits.fr\/index.php\/wp-json\/wp\/v2\/media\/7241"}],"wp:attachment":[{"href":"http:\/\/www.passionfruits.fr\/index.php\/wp-json\/wp\/v2\/media?parent=6092"}],"curies":[{"name":"wp","href":"https:\/\/api.w.org\/{rel}","templated":true}]}}