{"id":6099,"date":"2015-12-07T11:37:34","date_gmt":"2015-12-07T10:37:34","guid":{"rendered":"http:\/\/www.andreclaude.fr\/web\/index.php\/produit\/epice-cumin-poudre-le-pot\/"},"modified":"2024-10-15T16:11:56","modified_gmt":"2024-10-15T15:11:56","slug":"epice-cumin-poudre-le-pot","status":"publish","type":"product","link":"http:\/\/www.passionfruits.fr\/index.php\/produit\/epice-cumin-poudre-le-pot\/","title":{"rendered":"Cumin poudre le pot"},"content":{"rendered":"<p>Distribu\u00e9 par<\/p>\n<p>Agidra<\/p>\n<p>BP 156<\/p>\n<p>69801 SAINT PRIEST<\/p>\n","protected":false},"excerpt":{"rendered":"<p>Ingr\u00e9dients : cumin en poudre<\/p>\n<p>Traces possibles de c\u00e9leri, gluten, moutarde et s\u00e9same<\/p>\n","protected":false},"featured_media":7241,"comment_status":"closed","ping_status":"closed","template":"","meta":{"spay_email":"","jetpack_publicize_message":"","jetpack_is_tweetstorm":false},"jetpack_publicize_connections":[],"jetpack_sharing_enabled":true,"jetpack-related-posts":[{"id":10590,"url":"http:\/\/www.passionfruits.fr\/index.php\/produit\/gouda-au-cumin-les-100grs\/","url_meta":{"origin":6099,"position":0},"title":"Gouda au cumin part env. 200g","date":"13 mai 2017","format":false,"excerpt":"Une p\u00e2te press\u00e9e non cuite tendre\u00a0qui nous vient des Pays-Bas l\u2019autre pays du fromage ! Parfum\u00e9e au cumin, id\u00e9ale pour apporter une touche d\u2019originalit\u00e9 \u00e0 vos ap\u00e9ritifs, vos plateaux de fromages ou \u00e0 votre cuisine. Ingr\u00e9dients : lait pasteuris\u00e9 de vache, sel, cumin 1% ferments lactiques, pr\u00e9sure, colorant E160a Valeurs\u2026","rel":"","context":"Article similaire","img":{"alt_text":"","src":"https:\/\/i1.wp.com\/www.passionfruits.fr\/wp-content\/uploads\/2017\/05\/gouda-cumin.jpg?fit=600%2C600&resize=350%2C200","width":350,"height":200},"classes":[]},{"id":9242,"url":"http:\/\/www.passionfruits.fr\/index.php\/produit\/melange-sambahia-barquette-150-g-environ\/","url_meta":{"origin":6099,"position":1},"title":"M\u00e9lange sambahia barquette 150 g environ","date":"20 ao\u00fbt 2016","format":false,"excerpt":"M\u00e9lange d'arachides enrob\u00e9es et de biscuits souffl\u00e9s au riz. Conditionn\u00e9 en barquette refermable \u00e0 volont\u00e9 pour garder toute sa saveur. Ingr\u00e9dients: Riz 33%, arachides 17%, farine de bl\u00e9,sucre, huile vegetales (palm, tournesol), amidon modifi\u00e9 de ma\u00efs et de tapioca, sauce soja (eau,soja,bl\u00e9,sel), sel, assaisonnement aromtis\u00e9 (maltodextrine, sel, oignon, ail, sucre,\u2026","rel":"","context":"Article similaire","img":{"alt_text":"","src":"https:\/\/i1.wp.com\/www.passionfruits.fr\/wp-content\/uploads\/2016\/08\/Melange-sambahia.jpg?fit=600%2C600&resize=350%2C200","width":350,"height":200},"classes":[]},{"id":18826,"url":"http:\/\/www.passionfruits.fr\/index.php\/produit\/sauce-guacamole-le-pot-de-300-grs\/","url_meta":{"origin":6099,"position":2},"title":"Sauce Guacamole le pot de 300 grs","date":"20 mai 2022","format":false,"excerpt":"Eau, avocat (14% - origine : P\u00e9rou), oignon, poivron vert, tomates, mascarpone (contient du LAIT), LAIT, acidifiant: E330), cr\u00e8me (LAIT), huile de colza, amidon modifi\u00e9 de ma\u00efs, sucre, piment vert, poivron rouge, sel, piments Jalape\u00f1o, acidifiant: E270; antioxydant: E300; jus de citron concentr\u00e9, \u00e9pices (<2% - cumin, piment de Cayenne),\u2026","rel":"","context":"Article similaire","img":{"alt_text":"","src":"https:\/\/i0.wp.com\/www.passionfruits.fr\/wp-content\/uploads\/2022\/05\/622182.jpg?fit=600%2C600&resize=350%2C200","width":350,"height":200},"classes":[]},{"id":6114,"url":"http:\/\/www.passionfruits.fr\/index.php\/produit\/epice-ras-el-hanout-le-pot\/","url_meta":{"origin":6099,"position":3},"title":"Ras el hanout le pot","date":"7 d\u00e9cembre 2015","format":false,"excerpt":"Ingr\u00e9dients : curry (coriandre,curcuma, cumin, poivre, fenugrec, piment, cardamone) coriandre, cumin, curcuma, fenouil, moutarde. Traces possibles de c\u00e9leri, gluten et s\u00e9same.","rel":"","context":"Article similaire","img":{"alt_text":"","src":"https:\/\/i1.wp.com\/www.passionfruits.fr\/wp-content\/uploads\/2015\/12\/Epice-divers.jpg?fit=600%2C600&resize=350%2C200","width":350,"height":200},"classes":[]},{"id":6098,"url":"http:\/\/www.passionfruits.fr\/index.php\/produit\/epice-colombo-le-pot\/","url_meta":{"origin":6099,"position":4},"title":"Colombo le pot","date":"7 d\u00e9cembre 2015","format":false,"excerpt":"Ingr\u00e9dients : coriandre, cumin, fenouil, carvi, laurier, curcuma Traces possibles de c\u00e9leri, moutarde et s\u00e9same","rel":"","context":"Article similaire","img":{"alt_text":"","src":"https:\/\/i1.wp.com\/www.passionfruits.fr\/wp-content\/uploads\/2015\/12\/Epice-divers.jpg?fit=600%2C600&resize=350%2C200","width":350,"height":200},"classes":[]},{"id":6116,"url":"http:\/\/www.passionfruits.fr\/index.php\/produit\/epice-special-couscous-le-pot\/","url_meta":{"origin":6099,"position":5},"title":"Sp\u00e9cial couscous le pot","date":"7 d\u00e9cembre 2015","format":false,"excerpt":"Ingr\u00e9dients : coriandre, paprika, piments, cumin, carvi, fenouil Traces possibles de c\u00e9leri, moutarde et s\u00e9same","rel":"","context":"Article similaire","img":{"alt_text":"","src":"https:\/\/i1.wp.com\/www.passionfruits.fr\/wp-content\/uploads\/2015\/12\/Epice-divers.jpg?fit=600%2C600&resize=350%2C200","width":350,"height":200},"classes":[]}],"_links":{"self":[{"href":"http:\/\/www.passionfruits.fr\/index.php\/wp-json\/wp\/v2\/product\/6099"}],"collection":[{"href":"http:\/\/www.passionfruits.fr\/index.php\/wp-json\/wp\/v2\/product"}],"about":[{"href":"http:\/\/www.passionfruits.fr\/index.php\/wp-json\/wp\/v2\/types\/product"}],"replies":[{"embeddable":true,"href":"http:\/\/www.passionfruits.fr\/index.php\/wp-json\/wp\/v2\/comments?post=6099"}],"wp:featuredmedia":[{"embeddable":true,"href":"http:\/\/www.passionfruits.fr\/index.php\/wp-json\/wp\/v2\/media\/7241"}],"wp:attachment":[{"href":"http:\/\/www.passionfruits.fr\/index.php\/wp-json\/wp\/v2\/media?parent=6099"}],"curies":[{"name":"wp","href":"https:\/\/api.w.org\/{rel}","templated":true}]}}