{"id":6147,"date":"2015-12-07T11:37:48","date_gmt":"2015-12-07T10:37:48","guid":{"rendered":"http:\/\/www.andreclaude.fr\/web\/index.php\/produit\/epice-curcuma-poudre-le-pot\/"},"modified":"2025-02-13T15:36:51","modified_gmt":"2025-02-13T14:36:51","slug":"epice-curcuma-poudre-le-pot","status":"publish","type":"product","link":"http:\/\/www.passionfruits.fr\/index.php\/produit\/epice-curcuma-poudre-le-pot\/","title":{"rendered":"Curcuma poudre le pot"},"content":{"rendered":"<p>Distribu\u00e9 par<\/p>\n<p>Agidra<\/p>\n<p>BP 156<\/p>\n<p>69801 SAINT PRIEST<\/p>\n","protected":false},"excerpt":{"rendered":"<p>Ingr\u00e9dients : curcuma en poudre<\/p>\n<p>Traces possibles de c\u00e9leri, gluten, moutarde et s\u00e9same<\/p>\n","protected":false},"featured_media":7241,"comment_status":"closed","ping_status":"closed","template":"","meta":{"spay_email":"","jetpack_publicize_message":"","jetpack_is_tweetstorm":false},"jetpack_publicize_connections":[],"jetpack_sharing_enabled":true,"jetpack-related-posts":[{"id":6114,"url":"http:\/\/www.passionfruits.fr\/index.php\/produit\/epice-ras-el-hanout-le-pot\/","url_meta":{"origin":6147,"position":0},"title":"Ras el hanout le pot","date":"7 d\u00e9cembre 2015","format":false,"excerpt":"Ingr\u00e9dients : curry (coriandre,curcuma, cumin, poivre, fenugrec, piment, cardamone) coriandre, cumin, curcuma, fenouil, moutarde. Traces possibles de c\u00e9leri, gluten et s\u00e9same.","rel":"","context":"Article similaire","img":{"alt_text":"","src":"https:\/\/i1.wp.com\/www.passionfruits.fr\/wp-content\/uploads\/2015\/12\/Epice-divers.jpg?fit=600%2C600&resize=350%2C200","width":350,"height":200},"classes":[]},{"id":6098,"url":"http:\/\/www.passionfruits.fr\/index.php\/produit\/epice-colombo-le-pot\/","url_meta":{"origin":6147,"position":1},"title":"Colombo le pot","date":"7 d\u00e9cembre 2015","format":false,"excerpt":"Ingr\u00e9dients : coriandre, cumin, fenouil, carvi, laurier, curcuma Traces possibles de c\u00e9leri, moutarde et s\u00e9same","rel":"","context":"Article similaire","img":{"alt_text":"","src":"https:\/\/i1.wp.com\/www.passionfruits.fr\/wp-content\/uploads\/2015\/12\/Epice-divers.jpg?fit=600%2C600&resize=350%2C200","width":350,"height":200},"classes":[]},{"id":6099,"url":"http:\/\/www.passionfruits.fr\/index.php\/produit\/epice-cumin-poudre-le-pot\/","url_meta":{"origin":6147,"position":2},"title":"Cumin poudre le pot","date":"7 d\u00e9cembre 2015","format":false,"excerpt":"Ingr\u00e9dients : cumin en poudre Traces possibles de c\u00e9leri, gluten, moutarde et s\u00e9same","rel":"","context":"Article similaire","img":{"alt_text":"","src":"https:\/\/i1.wp.com\/www.passionfruits.fr\/wp-content\/uploads\/2015\/12\/Epice-divers.jpg?fit=600%2C600&resize=350%2C200","width":350,"height":200},"classes":[]},{"id":6096,"url":"http:\/\/www.passionfruits.fr\/index.php\/produit\/epice-cannelle-poudre-le-pot\/","url_meta":{"origin":6147,"position":3},"title":"Cannelle poudre le pot","date":"7 d\u00e9cembre 2015","format":false,"excerpt":"Ingr\u00e9dients : cannelle en poudre Traces possibles de c\u00e9leri, gluten, moutarde et s\u00e9same","rel":"","context":"Article similaire","img":{"alt_text":"","src":"https:\/\/i1.wp.com\/www.passionfruits.fr\/wp-content\/uploads\/2015\/12\/Epice-divers.jpg?fit=600%2C600&resize=350%2C200","width":350,"height":200},"classes":[]},{"id":5996,"url":"http:\/\/www.passionfruits.fr\/index.php\/produit\/piment-espelette-poudre-le-pot\/","url_meta":{"origin":6147,"position":4},"title":"(A)  Piment d'espelette poudre le pot","date":"7 d\u00e9cembre 2015","format":false,"excerpt":"La poudre de piment d'Espelette A.O.P de l'Atelier du Piment a \u00e9t\u00e9 m\u00e9daill\u00e9e d'OR aux concours g\u00e9n\u00e9ral agricole de Paris 2012 (Salon de l'agriculture).Pot 50 g.La poudre de piment d'Espelette A.O.P parfume et rel\u00e8ve d\u00e9licatement tous vos plats, v\u00e9ritable ingr\u00e9dient incontournable de la cuisine basque. Ingr\u00e9dients : poudre piment d'Espelette\u2026","rel":"","context":"Article similaire","img":{"alt_text":"","src":"https:\/\/i2.wp.com\/www.passionfruits.fr\/wp-content\/uploads\/2015\/12\/poudre-de-piment-d-espelette.jpg?fit=600%2C600&resize=350%2C200","width":350,"height":200},"classes":[]},{"id":6341,"url":"http:\/\/www.passionfruits.fr\/index.php\/produit\/olive-alibaba-barq-env-350-grs\/","url_meta":{"origin":6147,"position":5},"title":"Olive Fantasia  Barq. env. 350 grs","date":"7 d\u00e9cembre 2015","format":false,"excerpt":"Olive, poivron, piment, harissa, curcuma. Conditionn\u00e9 en barquette refermable \u00e0 volont\u00e9 pour garder toute sa saveur.","rel":"","context":"Article similaire","img":{"alt_text":"","src":"https:\/\/i0.wp.com\/www.passionfruits.fr\/wp-content\/uploads\/2015\/12\/oliv-aliba.jpg?fit=300%2C300&resize=350%2C200","width":350,"height":200},"classes":[]}],"_links":{"self":[{"href":"http:\/\/www.passionfruits.fr\/index.php\/wp-json\/wp\/v2\/product\/6147"}],"collection":[{"href":"http:\/\/www.passionfruits.fr\/index.php\/wp-json\/wp\/v2\/product"}],"about":[{"href":"http:\/\/www.passionfruits.fr\/index.php\/wp-json\/wp\/v2\/types\/product"}],"replies":[{"embeddable":true,"href":"http:\/\/www.passionfruits.fr\/index.php\/wp-json\/wp\/v2\/comments?post=6147"}],"wp:featuredmedia":[{"embeddable":true,"href":"http:\/\/www.passionfruits.fr\/index.php\/wp-json\/wp\/v2\/media\/7241"}],"wp:attachment":[{"href":"http:\/\/www.passionfruits.fr\/index.php\/wp-json\/wp\/v2\/media?parent=6147"}],"curies":[{"name":"wp","href":"https:\/\/api.w.org\/{rel}","templated":true}]}}