{"id":6159,"date":"2015-12-07T11:37:53","date_gmt":"2015-12-07T10:37:53","guid":{"rendered":"http:\/\/www.andreclaude.fr\/web\/index.php\/produit\/tapenade-tapenade-noire-le-pot\/"},"modified":"2018-10-05T16:27:24","modified_gmt":"2018-10-05T15:27:24","slug":"tapenade-tapenade-noire-le-pot","status":"publish","type":"product","link":"http:\/\/www.passionfruits.fr\/index.php\/produit\/tapenade-tapenade-noire-le-pot\/","title":{"rendered":"Tapenade &#8211; Tapenade noire verrine 90g"},"content":{"rendered":"<p>Distribu\u00e9 par<\/p>\n<p>DISTRAZUR<\/p>\n<p><span class=\"LrzXr\">ZI des plaines,<\/span><\/p>\n<p><span class=\"LrzXr\"> 80 chemins des buis,<\/span><\/p>\n<p><span class=\"LrzXr\"> 26780 Malataverne<\/span><\/p>\n","protected":false},"excerpt":{"rendered":"<p>La recette traditionnelle de la Tapenade noire, elle est le produit incontournable sur vos toasts, ou en cuisine !<\/p>\n<p>Ingr\u00e9dients : olives noires 82%, c\u00e2pres 6%, huile d&#8217;olive, p\u00e2te d<strong>&#8216;anchois<\/strong> (<strong>anchois<\/strong> sal\u00e9s 82%, huile d&#8217;olive, vinaigre de vin, sel, poivre, girofle), vinaigre de vin, ail, poivre<\/p>\n<p>Sans conservateur, sans OGM<\/p>\n<p>Valeurs nutritionnelles moyennes pour 100 g<\/p>\n<p>Energie : 636kj\/154kcal<\/p>\n<p>Mati\u00e8res grasses : 15 g dont acides gras satur\u00e9s : 1.8g<\/p>\n<p>Glucides : 1,5g dont sucres&lt;0.5g<\/p>\n<p>Prot\u00e9ines : 1.8g<\/p>\n<p>Sel : 3.5g<\/p>\n","protected":false},"featured_media":7523,"comment_status":"closed","ping_status":"closed","template":"","meta":{"spay_email":"","jetpack_publicize_message":"","jetpack_is_tweetstorm":false},"jetpack_publicize_connections":[],"jetpack_sharing_enabled":true,"jetpack-related-posts":[{"id":6161,"url":"http:\/\/www.passionfruits.fr\/index.php\/produit\/tapenade-tapenade-verte-le-pot\/","url_meta":{"origin":6159,"position":0},"title":"Tapenade - Tapenade verte verrine 90g","date":"7 d\u00e9cembre 2015","format":false,"excerpt":"La recette traditionnelle de la Tapenade verte, elle est le produit incontournable sur vos toasts ap\u00e9ritif, ou en cuisine. Ingr\u00e9dients : olives vertes 82%, c\u00e2pres 6%, huile d'olive, p\u00e2te d'anchois (anchois sal\u00e9s 82%, huile d'olive, vinaigre de vin, sel, poivre, girofle), vinaigre de vin, ail, poivre Sans conservateur, sans OGM\u2026","rel":"","context":"Article similaire","img":{"alt_text":"","src":"https:\/\/i2.wp.com\/www.passionfruits.fr\/wp-content\/uploads\/2015\/12\/tapenade-verte.jpg?fit=458%2C458&resize=350%2C200","width":350,"height":200},"classes":[]},{"id":6164,"url":"http:\/\/www.passionfruits.fr\/index.php\/produit\/tapenade-creme-anchoiade-le-pot\/","url_meta":{"origin":6159,"position":1},"title":"Tapenade - Cr\u00e8me ancho\u00efade verrine 90g","date":"7 d\u00e9cembre 2015","format":false,"excerpt":"Produit incontournable de la gastronomie locale ! D\u00e9licieux sur toasts. Ingr\u00e9dients : p\u00e2te d'anchois 42% (anchois sal\u00e9s 82%, huile de tournesol, vinaigre de vin, sel, \u00e9pices : curry, poivre, muscade, girofle, cannelle), huile de tournesol, huile d'olive, c\u00e2pres, ail, vinaigre de vin, jus de citron concentr\u00e9, poivre. Sans conservateur, sans\u2026","rel":"","context":"Article similaire","img":{"alt_text":"","src":"https:\/\/i2.wp.com\/www.passionfruits.fr\/wp-content\/uploads\/2015\/12\/creme-d-anchoiade.jpg?fit=458%2C458&resize=350%2C200","width":350,"height":200},"classes":[]},{"id":6163,"url":"http:\/\/www.passionfruits.fr\/index.php\/produit\/tapenade-caviar-daubergines-le-pot\/","url_meta":{"origin":6159,"position":2},"title":"Tapenade - Caviar d'aubergines verrine 90g","date":"7 d\u00e9cembre 2015","format":false,"excerpt":"\u00a0 Ingr\u00e9dients : aubergines grill\u00e9es 61%, huile de tournesol, olives noires, huile d'olive, ail, sel, jus de citron concentr\u00e9, poivre. Sans conservateur, sans OGM Valeurs nutritionnelles moyennes pour 100 g Energie : 1191kj\/289kcal Mati\u00e8res grasses : 30 g dont acides gras satur\u00e9s : 3.6g Glucides : 3.6g dont sucres 2.3g\u2026","rel":"","context":"Article similaire","img":{"alt_text":"","src":"https:\/\/i0.wp.com\/www.passionfruits.fr\/wp-content\/uploads\/2015\/12\/caviar-d-aubergines.jpg?fit=458%2C458&resize=350%2C200","width":350,"height":200},"classes":[]},{"id":6157,"url":"http:\/\/www.passionfruits.fr\/index.php\/produit\/tapenade-sardinade-le-pot\/","url_meta":{"origin":6159,"position":3},"title":"Tapenade - Sardinade verrine 90g","date":"7 d\u00e9cembre 2015","format":false,"excerpt":"Souvenir d'enfance, la Sardinade et ses saveurs...Sur une bonne tartine de pain , le tout saupoudr\u00e9 de piment d'Espelette. Pr\u00eate \u00e0 \u00eatre d\u00e9gust\u00e9e ! Ingr\u00e9dients : sardines 31%, olives vertes,poivrons rouges, huile de tournesol, tomates s\u00e9ch\u00e9es 9%, c\u00e2pres, tomates pel\u00e9es, persil, ail, huile d'olive, jus de citron, concentr\u00e9, sel amidon\u2026","rel":"","context":"Article similaire","img":{"alt_text":"","src":"https:\/\/i2.wp.com\/www.passionfruits.fr\/wp-content\/uploads\/2015\/12\/sardinade.jpg?fit=458%2C458&resize=350%2C200","width":350,"height":200},"classes":[]},{"id":6158,"url":"http:\/\/www.passionfruits.fr\/index.php\/produit\/tapenade-thoionade-le-pot\/","url_meta":{"origin":6159,"position":4},"title":"Tapenade - Tho\u00efonade verrine 90g","date":"7 d\u00e9cembre 2015","format":false,"excerpt":"Subtile recette au thon associ\u00e9 au piment d'Espelette et aux tomates s\u00e9ch\u00e9es. Une recette simple et authentique. Ingr\u00e9dients : thon 28%, olives vertes,poivrons rouges, huile de tournesol, tomates s\u00e9ch\u00e9es 8%, cornichons, tomates pel\u00e9es, persil, ail, huile d'olive, jus de citron, concentr\u00e9, sel\u00a0 \u00e9paississants :amidon transform\u00e9, farine de guar ,et xanthane,\u2026","rel":"","context":"Article similaire","img":{"alt_text":"","src":"https:\/\/i2.wp.com\/www.passionfruits.fr\/wp-content\/uploads\/2015\/12\/thoionade.jpg?fit=458%2C458&resize=350%2C200","width":350,"height":200},"classes":[]},{"id":6162,"url":"http:\/\/www.passionfruits.fr\/index.php\/produit\/tapenade-tomates-sechees-le-pot\/","url_meta":{"origin":6159,"position":5},"title":"Tapenade - Tomates s\u00e9ch\u00e9es verrine 90g","date":"7 d\u00e9cembre 2015","format":false,"excerpt":"Le D\u00e9lice de tomates s\u00e9ch\u00e9es est caract\u00e9ris\u00e9\u00a0par une robe sombre et un moelleux flatteur en bouche. Ingr\u00e9dients : tomates s\u00e9ch\u00e9es 45%, huile de tournesol, tomates pel\u00e9es, huile d'olive, eau, ail, mozzarella, poivre. Sans conservateur, sans OGM Valeurs nutritionnelles moyennes pour 100 g Energie : 2015kj\/487kcal Mati\u00e8res grasses : 43.2 g\u2026","rel":"","context":"Article similaire","img":{"alt_text":"","src":"https:\/\/i1.wp.com\/www.passionfruits.fr\/wp-content\/uploads\/2015\/12\/delice-de-tomates-sechees.jpg?fit=458%2C458&resize=350%2C200","width":350,"height":200},"classes":[]}],"_links":{"self":[{"href":"http:\/\/www.passionfruits.fr\/index.php\/wp-json\/wp\/v2\/product\/6159"}],"collection":[{"href":"http:\/\/www.passionfruits.fr\/index.php\/wp-json\/wp\/v2\/product"}],"about":[{"href":"http:\/\/www.passionfruits.fr\/index.php\/wp-json\/wp\/v2\/types\/product"}],"replies":[{"embeddable":true,"href":"http:\/\/www.passionfruits.fr\/index.php\/wp-json\/wp\/v2\/comments?post=6159"}],"wp:featuredmedia":[{"embeddable":true,"href":"http:\/\/www.passionfruits.fr\/index.php\/wp-json\/wp\/v2\/media\/7523"}],"wp:attachment":[{"href":"http:\/\/www.passionfruits.fr\/index.php\/wp-json\/wp\/v2\/media?parent=6159"}],"curies":[{"name":"wp","href":"https:\/\/api.w.org\/{rel}","templated":true}]}}