{"id":6181,"date":"2015-12-07T11:38:08","date_gmt":"2015-12-07T10:38:08","guid":{"rendered":"http:\/\/www.andreclaude.fr\/web\/index.php\/produit\/the-grand-earl-grey-la-boite\/"},"modified":"2022-05-10T10:37:46","modified_gmt":"2022-05-10T09:37:46","slug":"the-grand-earl-grey-la-boite","status":"publish","type":"product","link":"http:\/\/www.passionfruits.fr\/index.php\/produit\/the-grand-earl-grey-la-boite\/","title":{"rendered":"Th\u00e9 &#8211; grand Earl Grey la boite de 40 sachets"},"content":{"rendered":"<p>Comptoirs RICHARD<\/p>\n<p>71, Rue Lecourbe<\/p>\n<p>75015 Paris<\/p>\n<p><span class=\"\"><span class=\"description\">Il se d\u00e9guste id\u00e9alement le matin et en journ\u00e9e, avec ou sans lait. Ce beau m\u00e9lange est compos\u00e9 de th\u00e9 noir aux notes bois\u00e9es douces parsem\u00e9 de bergamote aux notes zest\u00e9es, de p\u00e9tales de bleuet et de carthame. Sa liqueur cuivr\u00e9e r\u00e9v\u00e8le l\u2019alliance subtile des notes zest\u00e9es de la bergamote compl\u00e9t\u00e9es d\u2019une note fleur d\u2019oranger et des notes bois\u00e9es douces du th\u00e9 noir.<\/span><\/span><\/p>\n","protected":false},"excerpt":{"rendered":"<p>T<span class=\"short-description\">h\u00e9 noir Grand Earl Grey Comptoirs Richard<br \/>\n<\/span><\/p>\n<p>Th\u00e9 noir, ar\u00f4mes, p\u00e9tales de bleuet et de souci, ar\u00f4me naturel de bergamote.<\/p>\n<p>Peut contenir des traces de fruits \u00e0 coque, de lait et de soja.<\/p>\n<p>Temp\u00e9rature : 90 \u00b0C<\/p>\n<p>Temps d\u2019infusion : 4 min<\/p>\n<p>Avec ou sans lait<\/p>\n<p>Moment de la journ\u00e9e : matin et journ\u00e9e<\/p>\n","protected":false},"featured_media":6182,"comment_status":"closed","ping_status":"closed","template":"","meta":{"spay_email":"","jetpack_publicize_message":"","jetpack_is_tweetstorm":false},"jetpack_publicize_connections":[],"jetpack_sharing_enabled":true,"jetpack-related-posts":[{"id":6188,"url":"http:\/\/www.passionfruits.fr\/index.php\/produit\/the-jardin-des-merveilles-la-boite\/","url_meta":{"origin":6181,"position":0},"title":"Th\u00e9 - jardin des merveilles la boite de 40 sachets","date":"7 d\u00e9cembre 2015","format":false,"excerpt":"Th\u00e9 vert, ar\u00f4mes (p\u00eache, abricot), p\u00e9tales de fleurs : bleuet, rose, souci Peut contenir des traces de fruits \u00e0 coque, de lait et de soja. Temp\u00e9rature : 90 \u00b0C Temps d\u2019infusion : 3 min Sans lait Moment de la journ\u00e9e : toute la journ\u00e9e","rel":"","context":"Article similaire","img":{"alt_text":"","src":"https:\/\/i0.wp.com\/www.passionfruits.fr\/wp-content\/uploads\/2015\/12\/the-voile-jardins-des-merveilles-300x300.jpg?fit=300%2C300&resize=350%2C200","width":350,"height":200},"classes":[]},{"id":6298,"url":"http:\/\/www.passionfruits.fr\/index.php\/produit\/the-the-de-noel-la-boite\/","url_meta":{"origin":6181,"position":1},"title":"Th\u00e9 - th\u00e9 de no\u00ebl la boite de 40 sachets","date":"7 d\u00e9cembre 2015","format":false,"excerpt":"Th\u00e9 noir , \u00e9corces d'orange, ar\u00f4mes, poivre rose, p\u00e9tales de grenade, p\u00e9tales de souci. Peut contenir des traces de fruits \u00e0 coque, de lait et de soja. Temp\u00e9rature : 90 \u00b0C Temps d\u2019infusion : 4 min Avec ou sans lait Moment de la journ\u00e9e : toute la journ\u00e9e","rel":"","context":"Article similaire","img":{"alt_text":"","src":"https:\/\/i0.wp.com\/www.passionfruits.fr\/wp-content\/uploads\/2015\/12\/noel-aux-comptoirs.jpg?fit=900%2C900&resize=350%2C200","width":350,"height":200},"classes":[]},{"id":6179,"url":"http:\/\/www.passionfruits.fr\/index.php\/produit\/the-jardin-de-darjeeling-la-boite\/","url_meta":{"origin":6181,"position":2},"title":"Th\u00e9 - jardin de Darjeeling la boite de 40 sachets","date":"7 d\u00e9cembre 2015","format":false,"excerpt":"Th\u00e9 noir nature Jardins de Darjeeling Comptoirs Richard Peut contenir des traces de fruits \u00e0 coque, de lait et de soja. Temp\u00e9rature : 90 \u00b0C Temps d\u2019infusion : 3 min Avec ou sans lait Moment de la journ\u00e9e : matin et journ\u00e9e","rel":"","context":"Article similaire","img":{"alt_text":"","src":"https:\/\/i0.wp.com\/www.passionfruits.fr\/wp-content\/uploads\/2015\/12\/darjeeling.jpg?fit=900%2C900&resize=350%2C200","width":350,"height":200},"classes":[]},{"id":6294,"url":"http:\/\/www.passionfruits.fr\/index.php\/produit\/the-ceylan-la-boite\/","url_meta":{"origin":6181,"position":3},"title":"Th\u00e9 - ceylan la boite de 40 sachets voile","date":"7 d\u00e9cembre 2015","format":false,"excerpt":"Th\u00e9 noir de Sri Lanka Ceylan OP (Orange Pekoe) Comptoirs Richard Peut contenir des traces de fruits \u00e0 coque, de lait et de soja. Temp\u00e9rature : 90 \u00b0C Temps d\u2019infusion : 4 min Avec ou sans lait Moment de la journ\u00e9e : matin et journ\u00e9e","rel":"","context":"Article similaire","img":{"alt_text":"","src":"https:\/\/i1.wp.com\/www.passionfruits.fr\/wp-content\/uploads\/2015\/12\/ceylan.jpg?fit=900%2C900&resize=350%2C200","width":350,"height":200},"classes":[]},{"id":6189,"url":"http:\/\/www.passionfruits.fr\/index.php\/produit\/the-breakfast-la-boite\/","url_meta":{"origin":6181,"position":4},"title":"Th\u00e9 - breakfast la boite de 40 sachets","date":"7 d\u00e9cembre 2015","format":false,"excerpt":"Th\u00e9 noir de Sri Lanka Peut contenir des traces de fruits\u00a0 \u00e0 coque, de lait et de soja. Temp\u00e9rature : 90 \u00b0C Temps d\u2019infusion : 4 min Avec ou sans lait Moment de la journ\u00e9e : matin et journ\u00e9e","rel":"","context":"Article similaire","img":{"alt_text":"","src":"https:\/\/i1.wp.com\/www.passionfruits.fr\/wp-content\/uploads\/2015\/12\/the-voile-breakfast.jpg?fit=900%2C900&resize=350%2C200","width":350,"height":200},"classes":[]},{"id":6292,"url":"http:\/\/www.passionfruits.fr\/index.php\/produit\/the-rooibos-aux-epices-la-boite\/","url_meta":{"origin":6181,"position":5},"title":"Th\u00e9 - Roo\u00efbos aux \u00e9pices la boite de 40 sachets voile","date":"7 d\u00e9cembre 2015","format":false,"excerpt":"Rooibos, \u00e9corces d'orange, graines de cardamone 9.6%, morceaux de cannelle 5.8%, morceaux de gingembre3.9%, ar\u00f4mes Peut contenir des traces de fruits \u00e0 coque, de lait et de soja. Temp\u00e9rature : 90 \u00b0C Temps d\u2019infusion : 4 min Avec ou sans lait Moment de la journ\u00e9e : toute la journ\u00e9e et\u2026","rel":"","context":"Article similaire","img":{"alt_text":"","src":"https:\/\/i2.wp.com\/www.passionfruits.fr\/wp-content\/uploads\/2015\/12\/rooibos-epices.jpg?fit=900%2C900&resize=350%2C200","width":350,"height":200},"classes":[]}],"_links":{"self":[{"href":"http:\/\/www.passionfruits.fr\/index.php\/wp-json\/wp\/v2\/product\/6181"}],"collection":[{"href":"http:\/\/www.passionfruits.fr\/index.php\/wp-json\/wp\/v2\/product"}],"about":[{"href":"http:\/\/www.passionfruits.fr\/index.php\/wp-json\/wp\/v2\/types\/product"}],"replies":[{"embeddable":true,"href":"http:\/\/www.passionfruits.fr\/index.php\/wp-json\/wp\/v2\/comments?post=6181"}],"wp:featuredmedia":[{"embeddable":true,"href":"http:\/\/www.passionfruits.fr\/index.php\/wp-json\/wp\/v2\/media\/6182"}],"wp:attachment":[{"href":"http:\/\/www.passionfruits.fr\/index.php\/wp-json\/wp\/v2\/media?parent=6181"}],"curies":[{"name":"wp","href":"https:\/\/api.w.org\/{rel}","templated":true}]}}