{"id":6186,"date":"2015-12-07T11:38:08","date_gmt":"2015-12-07T10:38:08","guid":{"rendered":"http:\/\/www.andreclaude.fr\/web\/index.php\/produit\/the-fruits-rouges-la-boite\/"},"modified":"2022-05-10T10:37:01","modified_gmt":"2022-05-10T09:37:01","slug":"the-fruits-rouges-la-boite","status":"publish","type":"product","link":"http:\/\/www.passionfruits.fr\/index.php\/produit\/the-fruits-rouges-la-boite\/","title":{"rendered":"Th\u00e9 &#8211; fruits rouges la boite de 40 sachets"},"content":{"rendered":"<p>Comptoirs RICHARD<\/p>\n<p>71, Rue Lecourbe<\/p>\n<p>75015 Paris<\/p>\n<p><span class=\"\"><span class=\"description\">Il se d\u00e9guste id\u00e9alement la journ\u00e9e, avec ou sans lait.Il se compose de th\u00e9 noir parfum\u00e9 aux fruits rouges avec des feuilles de m\u00fbrier. Sa liqueur ambr\u00e9e d\u00e9veloppe des notes fruit\u00e9es presque caram\u00e9lis\u00e9es gourmandes sur un fond bois\u00e9.<\/span><\/span><\/p>\n","protected":false},"excerpt":{"rendered":"<p>Th\u00e9 noir , ar\u00f4mes (fruits rouges, framboise), morceaux de fraise 2%, feuilles de m\u00fbrier 2%<\/p>\n<p>Peut contenir des traces de fruits \u00e0 coque, de lait et de soja.<\/p>\n<p>Temp\u00e9rature : 90 \u00b0C<\/p>\n<p>Temps d\u2019infusion : 4 min<\/p>\n<p>Avec ou sans lait<\/p>\n<p>Moment de la journ\u00e9e : toute la journ\u00e9e<\/p>\n","protected":false},"featured_media":17643,"comment_status":"closed","ping_status":"closed","template":"","meta":{"spay_email":"","jetpack_publicize_message":"","jetpack_is_tweetstorm":false},"jetpack_publicize_connections":[],"jetpack_sharing_enabled":true,"jetpack-related-posts":[{"id":6292,"url":"http:\/\/www.passionfruits.fr\/index.php\/produit\/the-rooibos-aux-epices-la-boite\/","url_meta":{"origin":6186,"position":0},"title":"Th\u00e9 - Roo\u00efbos aux \u00e9pices la boite de 40 sachets voile","date":"7 d\u00e9cembre 2015","format":false,"excerpt":"Rooibos, \u00e9corces d'orange, graines de cardamone 9.6%, morceaux de cannelle 5.8%, morceaux de gingembre3.9%, ar\u00f4mes Peut contenir des traces de fruits \u00e0 coque, de lait et de soja. Temp\u00e9rature : 90 \u00b0C Temps d\u2019infusion : 4 min Avec ou sans lait Moment de la journ\u00e9e : toute la journ\u00e9e et\u2026","rel":"","context":"Article similaire","img":{"alt_text":"","src":"https:\/\/i2.wp.com\/www.passionfruits.fr\/wp-content\/uploads\/2015\/12\/rooibos-epices.jpg?fit=900%2C900&resize=350%2C200","width":350,"height":200},"classes":[]},{"id":6189,"url":"http:\/\/www.passionfruits.fr\/index.php\/produit\/the-breakfast-la-boite\/","url_meta":{"origin":6186,"position":1},"title":"Th\u00e9 - breakfast la boite de 40 sachets","date":"7 d\u00e9cembre 2015","format":false,"excerpt":"Th\u00e9 noir de Sri Lanka Peut contenir des traces de fruits\u00a0 \u00e0 coque, de lait et de soja. Temp\u00e9rature : 90 \u00b0C Temps d\u2019infusion : 4 min Avec ou sans lait Moment de la journ\u00e9e : matin et journ\u00e9e","rel":"","context":"Article similaire","img":{"alt_text":"","src":"https:\/\/i1.wp.com\/www.passionfruits.fr\/wp-content\/uploads\/2015\/12\/the-voile-breakfast.jpg?fit=900%2C900&resize=350%2C200","width":350,"height":200},"classes":[]},{"id":6179,"url":"http:\/\/www.passionfruits.fr\/index.php\/produit\/the-jardin-de-darjeeling-la-boite\/","url_meta":{"origin":6186,"position":2},"title":"Th\u00e9 - jardin de Darjeeling la boite de 40 sachets","date":"7 d\u00e9cembre 2015","format":false,"excerpt":"Th\u00e9 noir nature Jardins de Darjeeling Comptoirs Richard Peut contenir des traces de fruits \u00e0 coque, de lait et de soja. Temp\u00e9rature : 90 \u00b0C Temps d\u2019infusion : 3 min Avec ou sans lait Moment de la journ\u00e9e : matin et journ\u00e9e","rel":"","context":"Article similaire","img":{"alt_text":"","src":"https:\/\/i0.wp.com\/www.passionfruits.fr\/wp-content\/uploads\/2015\/12\/darjeeling.jpg?fit=900%2C900&resize=350%2C200","width":350,"height":200},"classes":[]},{"id":6294,"url":"http:\/\/www.passionfruits.fr\/index.php\/produit\/the-ceylan-la-boite\/","url_meta":{"origin":6186,"position":3},"title":"Th\u00e9 - ceylan la boite de 40 sachets voile","date":"7 d\u00e9cembre 2015","format":false,"excerpt":"Th\u00e9 noir de Sri Lanka Ceylan OP (Orange Pekoe) Comptoirs Richard Peut contenir des traces de fruits \u00e0 coque, de lait et de soja. Temp\u00e9rature : 90 \u00b0C Temps d\u2019infusion : 4 min Avec ou sans lait Moment de la journ\u00e9e : matin et journ\u00e9e","rel":"","context":"Article similaire","img":{"alt_text":"","src":"https:\/\/i1.wp.com\/www.passionfruits.fr\/wp-content\/uploads\/2015\/12\/ceylan.jpg?fit=900%2C900&resize=350%2C200","width":350,"height":200},"classes":[]},{"id":6177,"url":"http:\/\/www.passionfruits.fr\/index.php\/produit\/the-the-vert-au-jasmin-la-boite\/","url_meta":{"origin":6186,"position":4},"title":"Th\u00e9 - th\u00e9 vert au jasmin la boite de 40 sachets","date":"7 d\u00e9cembre 2015","format":false,"excerpt":"Th\u00e9 Vert , fleurs de jasmin 5% Peut contenir des traces de fruits \u00e0 coque, de lait et de soja. Temp\u00e9rature : 80 \u00b0C Temps d\u2019infusion : 3 min Sans lait Moment de la journ\u00e9e : toute la journ\u00e9e et le soir","rel":"","context":"Article similaire","img":{"alt_text":"","src":"https:\/\/i1.wp.com\/www.passionfruits.fr\/wp-content\/uploads\/2015\/12\/vert-jasmin1.jpg?fit=900%2C900&resize=350%2C200","width":350,"height":200},"classes":[]},{"id":6183,"url":"http:\/\/www.passionfruits.fr\/index.php\/produit\/the-the-vert-sencha-la-boite\/","url_meta":{"origin":6186,"position":5},"title":"Th\u00e9 - th\u00e9 vert Sencha la boite de 40 sachets","date":"7 d\u00e9cembre 2015","format":false,"excerpt":"Th\u00e9 vert de Chine Peut contenir des traces de fruits \u00e0 coque, de lait et de soja. Temp\u00e9rature : 80 \u00b0C Temps d\u2019infusion : 3 min Sans lait Moment de la journ\u00e9e : toute la journ\u00e9e","rel":"","context":"Article similaire","img":{"alt_text":"","src":"https:\/\/i0.wp.com\/www.passionfruits.fr\/wp-content\/uploads\/2015\/12\/vert-sencha1.jpg?fit=900%2C900&resize=350%2C200","width":350,"height":200},"classes":[]}],"_links":{"self":[{"href":"http:\/\/www.passionfruits.fr\/index.php\/wp-json\/wp\/v2\/product\/6186"}],"collection":[{"href":"http:\/\/www.passionfruits.fr\/index.php\/wp-json\/wp\/v2\/product"}],"about":[{"href":"http:\/\/www.passionfruits.fr\/index.php\/wp-json\/wp\/v2\/types\/product"}],"replies":[{"embeddable":true,"href":"http:\/\/www.passionfruits.fr\/index.php\/wp-json\/wp\/v2\/comments?post=6186"}],"wp:featuredmedia":[{"embeddable":true,"href":"http:\/\/www.passionfruits.fr\/index.php\/wp-json\/wp\/v2\/media\/17643"}],"wp:attachment":[{"href":"http:\/\/www.passionfruits.fr\/index.php\/wp-json\/wp\/v2\/media?parent=6186"}],"curies":[{"name":"wp","href":"https:\/\/api.w.org\/{rel}","templated":true}]}}