{"id":6192,"date":"2015-12-07T11:38:08","date_gmt":"2015-12-07T10:38:08","guid":{"rendered":"http:\/\/www.andreclaude.fr\/web\/index.php\/produit\/pate-alsacienne-tagliatelles-le-paquet-250g\/"},"modified":"2022-03-01T11:33:07","modified_gmt":"2022-03-01T10:33:07","slug":"pate-alsacienne-tagliatelles-le-paquet-250g","status":"publish","type":"product","link":"http:\/\/www.passionfruits.fr\/index.php\/produit\/pate-alsacienne-tagliatelles-le-paquet-250g\/","title":{"rendered":"P\u00e2te Alsacienne &#8211; tagliatelles le paquet 250g"},"content":{"rendered":"","protected":false},"excerpt":{"rendered":"<p>CARACTERISTIQUES PRODUIT<br \/>\nIngr\u00e9dients : &#8211; PATES D&#8217;ALSACE 7 OEUFS FRAIS AU KILO DE SEMOULE DE BLE DUR &#8211; &#8211; &#8211; &#8211; &#8211; &#8211; &#8211; &#8211; &#8211; &#8211; &#8211; &#8211; &#8211; &#8211; &#8211; &#8211; &#8211; &#8211; &#8211;<br \/>\nINGREDIENTS : Semoule de bl\u00e9 dur de qualit\u00e9 sup\u00e9rieure, oeufs frais (30 %).<br \/>\nAllerg\u00e8nes : <strong>Gluten, Oeufs<\/strong><br \/>\nTraces d&#8217;allerg\u00e8nes possibles :<br \/>\nAllerg\u00e8nes pr\u00e9sents dans l&#8217;atelier :<br \/>\nValeurs nutritionnelles pour 100 g de produit \u00e9goutt\u00e9<\/p>\n<p>Energie 1579 kJ \/ 373 kcal<br \/>\nMati\u00e8res grasses 5 g<br \/>\ndont acides gras satur\u00e9s 1,3 g<br \/>\nGlucides 67 g<br \/>\nDont Sucres 2,6 g<br \/>\nProt\u00e9ines 15 g<br \/>\nSel 0,12 g<br \/>\nMode d&#8217;emploi : temps de cuisson : 7-8 mn &#8211; verser les p\u00e2tes dans un grand volume d&#8217;eau bouillante sal\u00e9e (1 litre pour 100g de p\u00e2tes). laisser cuire le temps indiqu\u00e9 en<br \/>\nremuant de temps en temps. Egoutter sans rincer.<\/p>\n<p>Recommandations :<br \/>\nContre indications :<br \/>\nStockage avant emploi : \u00e0 l&#8217;abri de l&#8217;humidit\u00e9.<br \/>\nStockage apr\u00e8s ouverture : \u00e0 l&#8217;abri de l&#8217;humidit\u00e9.<br \/>\nDLUO \u00e0 fabrication : 1080 jour(s)<br \/>\nDLUO garantie : 180 jour(s)<\/p>\n<p>Origine : FRANCE<br \/>\nLieu de fabrication : FABRIQUE EN ALSACE \u00e0 MARLENHEIM (BAS RHIN)<\/p>\n","protected":false},"featured_media":7930,"comment_status":"closed","ping_status":"closed","template":"","meta":{"spay_email":"","jetpack_publicize_message":"","jetpack_is_tweetstorm":false},"jetpack_publicize_connections":[],"jetpack_sharing_enabled":true,"jetpack-related-posts":[{"id":6137,"url":"http:\/\/www.passionfruits.fr\/index.php\/produit\/pate-alsacienne-torsade-le-paquet-250g\/","url_meta":{"origin":6192,"position":0},"title":"P\u00e2te Alsacienne - torsade le paquet 250g","date":"7 d\u00e9cembre 2015","format":false,"excerpt":"CARACTERISTIQUES PRODUIT Ingr\u00e9dients : - PATES D'ALSACE 7 OEUFS FRAIS AU KILO DE SEMOULE DE BLE DUR - - - - - - - - - - - - - - - - - - - INGREDIENTS : Semoule de bl\u00e9 dur de qualit\u00e9 sup\u00e9rieure, oeufs frais (30 %). Allerg\u00e8nes\u2026","rel":"","context":"Article similaire","img":{"alt_text":"","src":"https:\/\/i2.wp.com\/www.passionfruits.fr\/wp-content\/uploads\/2015\/12\/torsade.jpg?fit=594%2C600&resize=350%2C200","width":350,"height":200},"classes":[]},{"id":6139,"url":"http:\/\/www.passionfruits.fr\/index.php\/produit\/pate-alsacienne-nids-le-paquet-250g\/","url_meta":{"origin":6192,"position":1},"title":"P\u00e2te Alsacienne - nids le paquet 250g","date":"7 d\u00e9cembre 2015","format":false,"excerpt":"Le plus \"standard\" des nids CARACTERISTIQUES PRODUIT Ingr\u00e9dients : - PATES D'ALSACE 7 OEUFS FRAIS AU KILO DE SEMOULE DE BLE DUR - - - - - - - - - - - - - - - - - - - INGREDIENTS : Semoule de bl\u00e9 dur de qualit\u00e9 sup\u00e9rieure,\u2026","rel":"","context":"Article similaire","img":{"alt_text":"","src":"https:\/\/i1.wp.com\/www.passionfruits.fr\/wp-content\/uploads\/2015\/12\/nid.jpg?fit=598%2C600&resize=350%2C200","width":350,"height":200},"classes":[]},{"id":6190,"url":"http:\/\/www.passionfruits.fr\/index.php\/produit\/pate-alsacienne-pennes-le-paquet-250g\/","url_meta":{"origin":6192,"position":2},"title":"P\u00e2te Alsacienne - pennes le paquet 250g","date":"7 d\u00e9cembre 2015","format":false,"excerpt":"CARACTERISTIQUES PRODUIT Ingr\u00e9dients : - PATES D'ALSACE 7 OEUFS FRAIS AU KILO DE SEMOULE DE BLE DUR - - - - - - - - - - - - - - - - - - - INGREDIENTS : Semoule de bl\u00e9 dur de qualit\u00e9 sup\u00e9rieure, oeufs frais (30 %). Allerg\u00e8nes\u2026","rel":"","context":"Article similaire","img":{"alt_text":"","src":"https:\/\/i0.wp.com\/www.passionfruits.fr\/wp-content\/uploads\/2015\/12\/penne.jpg?fit=598%2C600&resize=350%2C200","width":350,"height":200},"classes":[]},{"id":6191,"url":"http:\/\/www.passionfruits.fr\/index.php\/produit\/pate-alsacienne-coquilles-gros-coudes-le-paquet-250g\/","url_meta":{"origin":6192,"position":3},"title":"P\u00e2te Alsacienne - coquilles gros coudes le paquet 250g","date":"7 d\u00e9cembre 2015","format":false,"excerpt":"CARACTERISTIQUES PRODUIT Ingr\u00e9dients : - PATES D'ALSACE 7 OEUFS FRAIS AU KILO DE SEMOULE DE BLE DUR - - - - - - - - - - - - - - - - - - - INGREDIENTS : Semoule de bl\u00e9 dur de qualit\u00e9 sup\u00e9rieure, oeufs frais (30 %). Allerg\u00e8nes\u2026","rel":"","context":"Article similaire","img":{"alt_text":"","src":"https:\/\/i0.wp.com\/www.passionfruits.fr\/wp-content\/uploads\/2015\/12\/coude.jpg?fit=576%2C600&resize=350%2C200","width":350,"height":200},"classes":[]},{"id":6136,"url":"http:\/\/www.passionfruits.fr\/index.php\/produit\/pate-alsacienne-coquillette-le-paquet-250g\/","url_meta":{"origin":6192,"position":4},"title":"P\u00e2te Alsacienne coquillette le paquet 250g","date":"7 d\u00e9cembre 2015","format":false,"excerpt":"La petite p\u00e2te qui pla\u00eet \u00e0 tout le monde ! CARACTERISTIQUES PRODUIT Ingr\u00e9dients : - PATES D'ALSACE 7 OEUFS FRAIS AU KILO DE SEMOULE DE BLE DUR - - - - - - - - - - - - - - - - - - - INGREDIENTS : Semoule de\u2026","rel":"","context":"Article similaire","img":{"alt_text":"","src":"https:\/\/i1.wp.com\/www.passionfruits.fr\/wp-content\/uploads\/2015\/12\/coquillette.jpg?fit=597%2C600&resize=350%2C200","width":350,"height":200},"classes":[]},{"id":6193,"url":"http:\/\/www.passionfruits.fr\/index.php\/produit\/pate-alsacienne-mac-coupes-le-paquet-250g\/","url_meta":{"origin":6192,"position":5},"title":"P\u00e2te Alsacienne \u2013 Macaroni le paquet 250g","date":"7 d\u00e9cembre 2015","format":false,"excerpt":"CARACTERISTIQUES PRODUIT Ingr\u00e9dients : - PATES D'ALSACE 7 OEUFS FRAIS AU KILO DE SEMOULE DE BLE DUR - - - - - - - - - - - - - - - - - - - INGREDIENTS : Semoule de bl\u00e9 dur de qualit\u00e9 sup\u00e9rieure, oeufs frais (30 %). Allerg\u00e8nes\u2026","rel":"","context":"Article similaire","img":{"alt_text":"","src":"https:\/\/i2.wp.com\/www.passionfruits.fr\/wp-content\/uploads\/2015\/12\/macaroni.jpg?fit=598%2C600&resize=350%2C200","width":350,"height":200},"classes":[]}],"_links":{"self":[{"href":"http:\/\/www.passionfruits.fr\/index.php\/wp-json\/wp\/v2\/product\/6192"}],"collection":[{"href":"http:\/\/www.passionfruits.fr\/index.php\/wp-json\/wp\/v2\/product"}],"about":[{"href":"http:\/\/www.passionfruits.fr\/index.php\/wp-json\/wp\/v2\/types\/product"}],"replies":[{"embeddable":true,"href":"http:\/\/www.passionfruits.fr\/index.php\/wp-json\/wp\/v2\/comments?post=6192"}],"wp:featuredmedia":[{"embeddable":true,"href":"http:\/\/www.passionfruits.fr\/index.php\/wp-json\/wp\/v2\/media\/7930"}],"wp:attachment":[{"href":"http:\/\/www.passionfruits.fr\/index.php\/wp-json\/wp\/v2\/media?parent=6192"}],"curies":[{"name":"wp","href":"https:\/\/api.w.org\/{rel}","templated":true}]}}