{"id":6213,"date":"2015-12-07T11:38:25","date_gmt":"2015-12-07T10:38:25","guid":{"rendered":"http:\/\/www.andreclaude.fr\/web\/index.php\/produit\/gaufrette-chocolat\/"},"modified":"2024-03-15T16:50:09","modified_gmt":"2024-03-15T15:50:09","slug":"gaufrette-chocolat","status":"publish","type":"product","link":"http:\/\/www.passionfruits.fr\/index.php\/produit\/gaufrette-chocolat\/","title":{"rendered":"Gaufrette au chocolat le paquet 175g"},"content":{"rendered":"<p>Biscuiterie Eug\u00e8ne BLOND<\/p>\n<p>159 Rue de Verlinghem<\/p>\n<p>59130 Lambersart France<\/p>\n","protected":false},"excerpt":{"rendered":"<p>C&#8217;est une tradition qui remonte \u00e0 1894 ! Aujourd&#8217;hui, m\u00eame si la recette est toujours rigoureusement la m\u00eame, \u00e0 l&#8217;ar\u00f4me Vanille s&#8217;ajoutent celui du Chocolat, de la Framboise &#8230; Et avant de d\u00e9guster votre gaufrette, n&#8217;oubliez pas de lire la petite phrase qui vous fera sourire!!<\/p>\n<p>Contenance : 0 cl<br \/>\nPoids net : 175 g<br \/>\nPoids net \u00e9goutt\u00e9 : 0 g<\/p>\n<p>CARACTERISTIQUES PRODUIT<br \/>\nIngr\u00e9dients :\u00a0 Sucre, farine de bl\u00e9, mati\u00e8res grasses v\u00e9g\u00e9tales non hydrog\u00e9n\u00e9es, poudre de cacao, colorants : b\u00e9t\u00e0-carot\u00e8ne, sel, \u00e9mulsifiant : l\u00e9cithine de soja (sans O.G.M), poudre \u00e0 lever : carbonate de magn\u00e9sie.<\/p>\n<p>Allerg\u00e8nes :<br \/>\nTraces d&#8217;allerg\u00e8nes possibles : Poudre blanc d&#8217;oeufs.<br \/>\nAllerg\u00e8nes pr\u00e9sents dans l&#8217;atelier :<\/p>\n<p>Valeurs nutritionnelles pour 100 g de produit \u00e9goutt\u00e9<\/p>\n<p>Energie 2243 kJ \/ 537 kcal<br \/>\nGlucides 65,1 g<\/p>\n<p>Mode d&#8217;emploi :<br \/>\nRecommandations :<br \/>\nContre indications :<br \/>\nStockage avant emploi : sachet ferm\u00e9, au sec \u00e0 temp\u00e9rature ambiante<\/p>\n<p>Stockage apr\u00e8s ouverture : sachet ferm\u00e9, au sec \u00e0 temp\u00e9rature ambiante<\/p>\n<p>DLUO \u00e0 fabrication : 360 jour(s)<br \/>\nDLUO garantie : 120 jour(s)<\/p>\n<p>Origine : FRANCE<br \/>\nLieu de fabrication : 59130 LAMBERSART<\/p>\n","protected":false},"featured_media":7233,"comment_status":"closed","ping_status":"closed","template":"","meta":{"spay_email":"","jetpack_publicize_message":"","jetpack_is_tweetstorm":false},"jetpack_publicize_connections":[],"jetpack_sharing_enabled":true,"jetpack-related-posts":[{"id":11145,"url":"http:\/\/www.passionfruits.fr\/index.php\/produit\/gaufrette-au-noisette-le-paquet-175g\/","url_meta":{"origin":6213,"position":0},"title":"Gaufrette au noisette le paquet 175g","date":"1 octobre 2017","format":false,"excerpt":"C'est une tradition qui remonte \u00e0 1894 ! Aujourd'hui, m\u00eame si la recette est toujours rigoureusement la m\u00eame, \u00e0 l'ar\u00f4me Vanille s'ajoutent celui du Chocolat, de la Framboise ... Et avant de d\u00e9guster votre gaufrette, n'oubliez pas de lire la petite phrase qui vous fera sourire!! Contenance : 0 cl\u2026","rel":"","context":"Article similaire","img":{"alt_text":"","src":"https:\/\/i2.wp.com\/www.passionfruits.fr\/wp-content\/uploads\/2015\/12\/gaufrette.jpg?fit=600%2C600&resize=350%2C200","width":350,"height":200},"classes":[]},{"id":6216,"url":"http:\/\/www.passionfruits.fr\/index.php\/produit\/gaufrette-vanille\/","url_meta":{"origin":6213,"position":1},"title":"Gaufrette \u00e0 la vanille le paquet 175g","date":"7 d\u00e9cembre 2015","format":false,"excerpt":"Contenance : 0 cl Poids net : 175 g Poids net \u00e9goutt\u00e9 : 0 g CARACTERISTIQUES PRODUIT Ingr\u00e9dients : Sucre, farine de bl\u00e9, mati\u00e8res grasses v\u00e9g\u00e9tales non hydrog\u00e9n\u00e9es, ar\u00f4mes, colorant : b\u00e9t\u00e0carot\u00e8ne, sel, \u00e9mulsifiant : l\u00e9cithine de soja (sans O.G.M), poudre \u00e0 lever : carbonate de magn\u00e9sie Allerg\u00e8nes : Traces\u2026","rel":"","context":"Article similaire","img":{"alt_text":"","src":"https:\/\/i2.wp.com\/www.passionfruits.fr\/wp-content\/uploads\/2015\/12\/gaufrette.jpg?fit=600%2C600&resize=350%2C200","width":350,"height":200},"classes":[]},{"id":11093,"url":"http:\/\/www.passionfruits.fr\/index.php\/produit\/rillettes-de-thon-a-la-creole-le-pot-de-90-grs\/","url_meta":{"origin":6213,"position":2},"title":"Rillettes de Thon \u00e0 la Cr\u00e9ole le pot de 90 grs","date":"19 septembre 2017","format":false,"excerpt":"Contenance : 0 cl Poids net : 90 g Poids net \u00e9goutt\u00e9 : 0 g CARACTERISTIQUES PRODUIT Ingr\u00e9dients : Thon 50%, oignons frais, huile de tournesol, vinaigre d\u2019alcool, ciboulette, carotte miette, jus concentr\u00e9 de citron, ail poudre, \u00e9paississant: carragh\u00e9nane, sel, poivre, piment Allerg\u00e8nes : POISSON, Traces d'allerg\u00e8nes possibles : Allerg\u00e8nes\u2026","rel":"","context":"Article similaire","img":{"alt_text":"","src":"https:\/\/i0.wp.com\/www.passionfruits.fr\/wp-content\/uploads\/2017\/09\/rillette-de-poisson.jpg?fit=600%2C600&resize=350%2C200","width":350,"height":200},"classes":[]},{"id":11096,"url":"http:\/\/www.passionfruits.fr\/index.php\/produit\/rillettes-de-maquereau-a-la-creole-le-pot-de-90-grs\/","url_meta":{"origin":6213,"position":3},"title":"Rillettes de Maquereau \u00e0 la Cr\u00e9ole le pot de 90 grs","date":"19 septembre 2017","format":false,"excerpt":"Contenance : 0 cl Poids net : 90 g Poids net \u00e9goutt\u00e9 : 0 g CARACTERISTIQUES PRODUIT Ingr\u00e9dients : Maquereau 50%, oignons frais, huile de tournesol, vinaigre d\u2019alcool, ciboulette, carotte miette, jus concentr\u00e9 de citron, ail poudre, \u00e9paississant: carragh\u00e9nane, sel, poivre, piment. Allerg\u00e8nes : Poissons Traces d'allerg\u00e8nes possibles : Allerg\u00e8nes\u2026","rel":"","context":"Article similaire","img":{"alt_text":"","src":"https:\/\/i0.wp.com\/www.passionfruits.fr\/wp-content\/uploads\/2017\/09\/rillette-de-poisson.jpg?fit=600%2C600&resize=350%2C200","width":350,"height":200},"classes":[]},{"id":11094,"url":"http:\/\/www.passionfruits.fr\/index.php\/produit\/rillettes-de-truite-fumee-a-la-creole-le-pot-de-90-grs\/","url_meta":{"origin":6213,"position":4},"title":"Rillettes de Truite fum\u00e9e \u00e0 la Cr\u00e9ole le pot de 90 grs","date":"19 septembre 2017","format":false,"excerpt":"Contenance : 0 cl Poids net : 90 g Poids net \u00e9goutt\u00e9 : 0 g CARACTERISTIQUES PRODUIT Ingr\u00e9dients : Truite fum\u00e9e 26 %, filet de saumon 24%, oignons frais, huile de tournesol, vinaigre d\u2019alcool, ciboulette, carotte miette, jus concentr\u00e9 de citron, ail poudre, \u00e9paississant: carragh\u00e9nane, sel, poivre, piment. Allerg\u00e8nes :\u2026","rel":"","context":"Article similaire","img":{"alt_text":"","src":"https:\/\/i0.wp.com\/www.passionfruits.fr\/wp-content\/uploads\/2017\/09\/rillette-de-poisson.jpg?fit=600%2C600&resize=350%2C200","width":350,"height":200},"classes":[]},{"id":5939,"url":"http:\/\/www.passionfruits.fr\/index.php\/produit\/meringues-le-paquet\/","url_meta":{"origin":6213,"position":5},"title":"Meringues tradition le sachet 140g","date":"7 d\u00e9cembre 2015","format":false,"excerpt":"Contenance : 0 cl Poids net : 140 g Poids net \u00e9goutt\u00e9 : 0 g CARACTERISTIQUES PRODUIT Ingr\u00e9dients : Sucre, blancs d'oeufs, ar\u00f4me, Sel. Allerg\u00e8nes : Oeufs Traces d'allerg\u00e8nes possibles : Allerg\u00e8nes pr\u00e9sents dans l'atelier : Valeurs nutritionnelles pour 100 g de produit \u00e9goutt\u00e9 Energie 1683 kJ \/ 396 kcal\u2026","rel":"","context":"Article similaire","img":{"alt_text":"","src":"https:\/\/i1.wp.com\/www.passionfruits.fr\/wp-content\/uploads\/2015\/12\/meringues.jpg?fit=600%2C600&resize=350%2C200","width":350,"height":200},"classes":[]}],"_links":{"self":[{"href":"http:\/\/www.passionfruits.fr\/index.php\/wp-json\/wp\/v2\/product\/6213"}],"collection":[{"href":"http:\/\/www.passionfruits.fr\/index.php\/wp-json\/wp\/v2\/product"}],"about":[{"href":"http:\/\/www.passionfruits.fr\/index.php\/wp-json\/wp\/v2\/types\/product"}],"replies":[{"embeddable":true,"href":"http:\/\/www.passionfruits.fr\/index.php\/wp-json\/wp\/v2\/comments?post=6213"}],"wp:featuredmedia":[{"embeddable":true,"href":"http:\/\/www.passionfruits.fr\/index.php\/wp-json\/wp\/v2\/media\/7233"}],"wp:attachment":[{"href":"http:\/\/www.passionfruits.fr\/index.php\/wp-json\/wp\/v2\/media?parent=6213"}],"curies":[{"name":"wp","href":"https:\/\/api.w.org\/{rel}","templated":true}]}}