{"id":6247,"date":"2015-12-07T11:38:40","date_gmt":"2015-12-07T10:38:40","guid":{"rendered":"http:\/\/www.andreclaude.fr\/web\/index.php\/produit\/chou-blanc-le-kilo\/"},"modified":"2024-07-03T07:26:20","modified_gmt":"2024-07-03T06:26:20","slug":"chou-blanc-le-kilo","status":"publish","type":"product","link":"http:\/\/www.passionfruits.fr\/index.php\/produit\/chou-blanc-le-kilo\/","title":{"rendered":"Chou Blanc France Cat 1 le demi env. 1 kilo"},"content":{"rendered":"","protected":false},"excerpt":{"rendered":"","protected":false},"featured_media":6825,"comment_status":"closed","ping_status":"closed","template":"","meta":{"spay_email":"","jetpack_publicize_message":"","jetpack_is_tweetstorm":false},"jetpack_publicize_connections":[],"jetpack_sharing_enabled":true,"jetpack-related-posts":[{"id":5061,"url":"http:\/\/www.passionfruits.fr\/index.php\/produit\/chou-rouge-le-kilo\/","url_meta":{"origin":6247,"position":0},"title":"Chou Rouge France Cat 1 le demi env. 1 kilo","date":"7 d\u00e9cembre 2015","format":false,"excerpt":"","rel":"","context":"Article similaire","img":{"alt_text":"","src":"https:\/\/i0.wp.com\/www.passionfruits.fr\/wp-content\/uploads\/2015\/12\/chourouge.png?fit=600%2C600&resize=350%2C200","width":350,"height":200},"classes":[]},{"id":7397,"url":"http:\/\/www.passionfruits.fr\/index.php\/produit\/celeri-rave-demi-piece-env-500g\/","url_meta":{"origin":6247,"position":1},"title":"C\u00e8leri rave France Cat 1 demi env. 500g","date":"1 janvier 2016","format":false,"excerpt":"","rel":"","context":"Article similaire","img":{"alt_text":"","src":"https:\/\/i1.wp.com\/www.passionfruits.fr\/wp-content\/uploads\/2016\/01\/celeri-rave.jpg?fit=580%2C420&resize=350%2C200","width":350,"height":200},"classes":[]},{"id":6239,"url":"http:\/\/www.passionfruits.fr\/index.php\/produit\/celeri-rave-le-kilo\/","url_meta":{"origin":6247,"position":2},"title":"C\u00e8leri rave France Cat 1 la pi\u00e8ce env. 1kg","date":"7 d\u00e9cembre 2015","format":false,"excerpt":"","rel":"","context":"Article similaire","img":{"alt_text":"","src":"https:\/\/i2.wp.com\/www.passionfruits.fr\/wp-content\/uploads\/2015\/12\/celerirave.jpg?fit=300%2C288&resize=350%2C200","width":350,"height":200},"classes":[]},{"id":18299,"url":"http:\/\/www.passionfruits.fr\/index.php\/produit\/duo-carotte-chou-blanc-cat-1-france-barquette-400-grs\/","url_meta":{"origin":6247,"position":3},"title":"Duo Carotte\/Chou Blanc rap\u00e9 cat 1 France barquette 400 grs","date":"16 septembre 2021","format":false,"excerpt":"","rel":"","context":"Article similaire","img":{"alt_text":"","src":"https:\/\/i2.wp.com\/www.passionfruits.fr\/wp-content\/uploads\/2021\/09\/salade_coleslaw_legumerie_ameliprovence-2.jpg?fit=600%2C600&resize=350%2C200","width":350,"height":200},"classes":[]},{"id":5789,"url":"http:\/\/www.passionfruits.fr\/index.php\/produit\/bette-le-kilo\/","url_meta":{"origin":6247,"position":4},"title":"Bette le pied env. 500 g italie Cat 1","date":"7 d\u00e9cembre 2015","format":false,"excerpt":"Cuites on les consomme en gratins, en po\u00eal\u00e9es, en galettes.\u00a0On l\u2019incorpore dans les farcis, les lasagnes et les p\u00e2tes, les risottos, les soupes, les tartes et les pizzas. Elle constitue un d\u00e9licieux accompagnement. \u00a0","rel":"","context":"Article similaire","img":{"alt_text":"","src":"https:\/\/i2.wp.com\/www.passionfruits.fr\/wp-content\/uploads\/2015\/12\/bette.jpg?fit=424%2C554&resize=350%2C200","width":350,"height":200},"classes":[]},{"id":5306,"url":"http:\/\/www.passionfruits.fr\/index.php\/produit\/pomme-boskoop-le-kilo\/","url_meta":{"origin":6247,"position":5},"title":"Pomme Boskoop France Cat 1 le kilo","date":"7 d\u00e9cembre 2015","format":false,"excerpt":"","rel":"","context":"Article similaire","img":{"alt_text":"","src":"https:\/\/i2.wp.com\/www.passionfruits.fr\/wp-content\/uploads\/2015\/12\/boskoop.jpg?fit=600%2C600&resize=350%2C200","width":350,"height":200},"classes":[]}],"_links":{"self":[{"href":"http:\/\/www.passionfruits.fr\/index.php\/wp-json\/wp\/v2\/product\/6247"}],"collection":[{"href":"http:\/\/www.passionfruits.fr\/index.php\/wp-json\/wp\/v2\/product"}],"about":[{"href":"http:\/\/www.passionfruits.fr\/index.php\/wp-json\/wp\/v2\/types\/product"}],"replies":[{"embeddable":true,"href":"http:\/\/www.passionfruits.fr\/index.php\/wp-json\/wp\/v2\/comments?post=6247"}],"wp:featuredmedia":[{"embeddable":true,"href":"http:\/\/www.passionfruits.fr\/index.php\/wp-json\/wp\/v2\/media\/6825"}],"wp:attachment":[{"href":"http:\/\/www.passionfruits.fr\/index.php\/wp-json\/wp\/v2\/media?parent=6247"}],"curies":[{"name":"wp","href":"https:\/\/api.w.org\/{rel}","templated":true}]}}