{"id":6285,"date":"2015-12-07T11:39:07","date_gmt":"2015-12-07T10:39:07","guid":{"rendered":"http:\/\/www.andreclaude.fr\/web\/index.php\/produit\/melange-mexicain-barq-160-g\/"},"modified":"2024-10-15T07:32:28","modified_gmt":"2024-10-15T06:32:28","slug":"melange-mexicain-barq-160-g","status":"publish","type":"product","link":"http:\/\/www.passionfruits.fr\/index.php\/produit\/melange-mexicain-barq-160-g\/","title":{"rendered":"M\u00e9lange Mexicain barquette 220 g environ"},"content":{"rendered":"<p>Distribu\u00e9 par<\/p>\n<p>Agidra<\/p>\n<p>BP 156<\/p>\n<p>69801 SAINT PRIEST<\/p>\n","protected":false},"excerpt":{"rendered":"<p>Conditionn\u00e9 en barquette refermable \u00e0 volont\u00e9 pour garder toute sa saveur.<\/p>\n<p>Ingr\u00e9dients:<\/p>\n<p>Arachides 53%, ma\u00efs, amidon de pomme de terre, amidon de bl\u00e9, sel, \u00e9pices, sucre, l\u00e9gumes s\u00e9ch\u00e9es, oeuf, extrait de levure, fromage en poudre, amidon modifi\u00e9 de ma\u00efs, acidifiants E262, E330, E270.<\/p>\n<p>Valeurs nutritionnelles et \u00e9nerg\u00e9tiques pour 100g :<\/p>\n<p>Energie 2185kJ \/ 524kcal<br \/>\nGraisses 32g dont acides gras satur\u00e9s 6.4g<br \/>\nGlucides 37g dont sucres 2.5g<br \/>\nProt\u00e9ines 17g<br \/>\nSel 1.5g<\/p>\n","protected":false},"featured_media":10066,"comment_status":"closed","ping_status":"closed","template":"","meta":{"spay_email":"","jetpack_publicize_message":"","jetpack_is_tweetstorm":false},"jetpack_publicize_connections":[],"jetpack_sharing_enabled":true,"jetpack-related-posts":[{"id":9242,"url":"http:\/\/www.passionfruits.fr\/index.php\/produit\/melange-sambahia-barquette-150-g-environ\/","url_meta":{"origin":6285,"position":0},"title":"M\u00e9lange sambahia barquette 150 g environ","date":"20 ao\u00fbt 2016","format":false,"excerpt":"M\u00e9lange d'arachides enrob\u00e9es et de biscuits souffl\u00e9s au riz. Conditionn\u00e9 en barquette refermable \u00e0 volont\u00e9 pour garder toute sa saveur. Ingr\u00e9dients: Riz 33%, arachides 17%, farine de bl\u00e9,sucre, huile vegetales (palm, tournesol), amidon modifi\u00e9 de ma\u00efs et de tapioca, sauce soja (eau,soja,bl\u00e9,sel), sel, assaisonnement aromtis\u00e9 (maltodextrine, sel, oignon, ail, sucre,\u2026","rel":"","context":"Article similaire","img":{"alt_text":"","src":"https:\/\/i1.wp.com\/www.passionfruits.fr\/wp-content\/uploads\/2016\/08\/Melange-sambahia.jpg?fit=600%2C600&resize=350%2C200","width":350,"height":200},"classes":[]},{"id":5835,"url":"http:\/\/www.passionfruits.fr\/index.php\/produit\/wasabi-barq-150-g\/","url_meta":{"origin":6285,"position":1},"title":"Wasabi barquette 200 g environ soit 9.95\u20ac le Kg","date":"7 d\u00e9cembre 2015","format":false,"excerpt":"Une arachide enrob\u00e9 d'une p\u00e2te croustillante et de wasabi, un produit relev\u00e9 et croustillant. Conditionn\u00e9 en barquette refermable \u00e0 volont\u00e9 pour garder toute sa saveur. Ingr\u00e9dients : Arachide 37%, amidon de ma\u00efs, farine de bl\u00e9, sucre, huile de palme, sel, poudre de wasabi 0.3% (contient moutarde), colorant: E140. Traces possibles\u2026","rel":"","context":"Article similaire","img":{"alt_text":"","src":"https:\/\/i0.wp.com\/www.passionfruits.fr\/wp-content\/uploads\/2015\/12\/wasabi1.jpg?fit=600%2C600&resize=350%2C200","width":350,"height":200},"classes":[]},{"id":5833,"url":"http:\/\/www.passionfruits.fr\/index.php\/produit\/melange-japonais-barq-150g\/","url_meta":{"origin":6285,"position":2},"title":"M\u00e9lange Japonais barquette 150 g environ","date":"7 d\u00e9cembre 2015","format":false,"excerpt":"C\u2019est un joyeux m\u00e9lange de saveurs qui vont du sal\u00e9 au l\u00e9g\u00e8rement sucr\u00e9. Les petites boules renferment en g\u00e9n\u00e9ral une cacahu\u00e8te dans leur coque color\u00e9e et douce. Les petits biscuits sont d\u00e9licatement \u00e9pic\u00e9s et sal\u00e9s. Ce m\u00e9lange ne pique pas. Conditionn\u00e9 en barquette refermable \u00e0 volont\u00e9 pour garder toute sa\u2026","rel":"","context":"Article similaire","img":{"alt_text":"","src":"https:\/\/i1.wp.com\/www.passionfruits.fr\/wp-content\/uploads\/2015\/12\/melange-japonais.jpg?fit=600%2C600&resize=350%2C200","width":350,"height":200},"classes":[]},{"id":8366,"url":"http:\/\/www.passionfruits.fr\/index.php\/produit\/melange-exotique-barquette-200g-environ\/","url_meta":{"origin":6285,"position":3},"title":"M\u00e9lange exotique barquette 250g environ","date":"8 mars 2016","format":false,"excerpt":"M\u00e9lange de\u00a0 fruits secs et de fruits d\u00e9shydrat\u00e9s\u00a0: Conditionn\u00e9 en barquette refermable \u00e0 volont\u00e9 pour garder toute sa saveur. Ingr\u00e9dients :Ingr\u00e9dients : raisin sec golden (raisin, huile de tournesol, conservateur : anhydride sulfureux), papaye d\u00e9shydrat\u00e9e en cubes (papaye, sucre, conservateur : anhydride sulfureux), ananas d\u00e9shydrat\u00e9 en cubes (ananas, sucre, acidifiant\u2026","rel":"","context":"Article similaire","img":{"alt_text":"","src":"https:\/\/i2.wp.com\/www.passionfruits.fr\/wp-content\/uploads\/2016\/03\/Melange-Exotique.jpg?fit=601%2C600&resize=350%2C200","width":350,"height":200},"classes":[]},{"id":18327,"url":"http:\/\/www.passionfruits.fr\/index.php\/produit\/flutes-au-fromage-barquette-de-125-gr\/","url_meta":{"origin":6285,"position":4},"title":"Fl\u00fbtes au fromage barquette de 125 Gr","date":"16 septembre 2021","format":false,"excerpt":"Ingr\u00e9dients : Farine de bl\u00e9, beurre 23%, fromage 10%, levure, sel, lait \u00e9cr\u00e9m\u00e9 en poudre, farine de malt d'orge. Peut contenir des traces de s\u00e9same. Valeurs nutritionnelles moyennes pour 100 grs Energie 1992 kj-475 kcal Mati\u00e8res grasses 21.0 g Dont acides gras satur\u00e9s 15.0 g Glucides 58.0 g Dont sucres\u2026","rel":"","context":"Article similaire","img":{"alt_text":"","src":"https:\/\/i0.wp.com\/www.passionfruits.fr\/wp-content\/uploads\/2021\/09\/f_tes_au_fromage_2019_copier_copier_.jpg?fit=600%2C600&resize=350%2C200","width":350,"height":200},"classes":[]},{"id":18317,"url":"http:\/\/www.passionfruits.fr\/index.php\/produit\/ravioli-a-la-viande-barquettes-250-gr\/","url_meta":{"origin":6285,"position":5},"title":"RAVIOLI A LA VIANDE Barquettes 250 Gr","date":"16 septembre 2021","format":false,"excerpt":"ingr\u00e9dients de la p\u00e2te : farine de bl\u00e9 tendre, semoule de bl\u00e9 dur, \u0153ufs (10,8% sur le produit fini), eau. ingr\u00e9dients de la farce : pr\u00e9paration de viande (viande de b\u0153uf (9,5% sur le produit fini), viande de porc (9,5% sur le produit fini), sel, farine de bl\u00e9 tendre, ar\u00f4mes),\u2026","rel":"","context":"Article similaire","img":{"alt_text":"","src":"https:\/\/i0.wp.com\/www.passionfruits.fr\/wp-content\/uploads\/2021\/09\/raviolis_mg_5323_copier_copier_.jpg?fit=600%2C600&resize=350%2C200","width":350,"height":200},"classes":[]}],"_links":{"self":[{"href":"http:\/\/www.passionfruits.fr\/index.php\/wp-json\/wp\/v2\/product\/6285"}],"collection":[{"href":"http:\/\/www.passionfruits.fr\/index.php\/wp-json\/wp\/v2\/product"}],"about":[{"href":"http:\/\/www.passionfruits.fr\/index.php\/wp-json\/wp\/v2\/types\/product"}],"replies":[{"embeddable":true,"href":"http:\/\/www.passionfruits.fr\/index.php\/wp-json\/wp\/v2\/comments?post=6285"}],"wp:featuredmedia":[{"embeddable":true,"href":"http:\/\/www.passionfruits.fr\/index.php\/wp-json\/wp\/v2\/media\/10066"}],"wp:attachment":[{"href":"http:\/\/www.passionfruits.fr\/index.php\/wp-json\/wp\/v2\/media?parent=6285"}],"curies":[{"name":"wp","href":"https:\/\/api.w.org\/{rel}","templated":true}]}}