{"id":6350,"date":"2015-12-07T11:41:06","date_gmt":"2015-12-07T10:41:06","guid":{"rendered":"http:\/\/www.andreclaude.fr\/web\/index.php\/produit\/rapee-champignon-emince-barq-250-grs\/"},"modified":"2020-10-09T03:54:08","modified_gmt":"2020-10-09T02:54:08","slug":"rapee-champignon-emince-barq-250-grs","status":"publish","type":"product","link":"http:\/\/www.passionfruits.fr\/index.php\/produit\/rapee-champignon-emince-barq-250-grs\/","title":{"rendered":"Champignon Pologne Cat 1 \u00e9minc\u00e9 la barq 250g"},"content":{"rendered":"","protected":false},"excerpt":{"rendered":"<p>Champignon \u00e9minc\u00e9. L\u00e9gumes \u00e9pluch\u00e9s et coup\u00e9s, pr\u00eats \u00e0 consommer. Conditionn\u00e9 en barquette refermable \u00e0 volont\u00e9 pour garder toute sa saveur.<\/p>\n<p>100% Frais, 100% Pr\u00eat, sans conservateur.<\/p>\n","protected":false},"featured_media":7365,"comment_status":"closed","ping_status":"closed","template":"","meta":{"spay_email":"","jetpack_publicize_message":"","jetpack_is_tweetstorm":false},"jetpack_publicize_connections":[],"jetpack_sharing_enabled":true,"jetpack-related-posts":[{"id":18306,"url":"http:\/\/www.passionfruits.fr\/index.php\/produit\/poivron-emince-cat-1-hollande-barquette-200-grs\/","url_meta":{"origin":6350,"position":0},"title":"Poivron \u00e9minc\u00e9 cat 1 Belgique  barquette 200 grs","date":"16 septembre 2021","format":false,"excerpt":"","rel":"","context":"Article similaire","img":{"alt_text":"","src":"https:\/\/i1.wp.com\/www.passionfruits.fr\/wp-content\/uploads\/2021\/09\/gele-paprika-reepjes-per-kilo.jpg?fit=600%2C600&resize=350%2C200","width":350,"height":200},"classes":[]},{"id":18295,"url":"http:\/\/www.passionfruits.fr\/index.php\/produit\/oignon-emince-cat-1-hollande-barquette-200-grs\/","url_meta":{"origin":6350,"position":1},"title":"Oignon Jaune \u00e9minc\u00e9 cat 1 France barquette 200 grs","date":"16 septembre 2021","format":false,"excerpt":"","rel":"","context":"Article similaire","img":{"alt_text":"","src":"https:\/\/i2.wp.com\/www.passionfruits.fr\/wp-content\/uploads\/2021\/09\/vend-oignon-france-1253-2385-large.jpg?fit=600%2C600&resize=350%2C200","width":350,"height":200},"classes":[]},{"id":5269,"url":"http:\/\/www.passionfruits.fr\/index.php\/produit\/champignon-morille-sechee-les-100grs\/","url_meta":{"origin":6350,"position":2},"title":"Champignon Morille s\u00e9ch\u00e9e Canada Cat 1 les 100g","date":"7 d\u00e9cembre 2015","format":false,"excerpt":"La morille a une saveur de noisette aux riches ar\u00f4mes bois\u00e9s. Son bouquet et sa raret\u00e9 en font l'un des champignons les plus recherch\u00e9s des gastronomes. R\u00e9hydratez 2 heures dans de l'eau ti\u00e8de puis rincez abondamment. Puis la cuisiner comme une morille fra\u00eeche.","rel":"","context":"Article similaire","img":{"alt_text":"","src":"https:\/\/i1.wp.com\/www.passionfruits.fr\/wp-content\/uploads\/2015\/12\/morille.jpg?fit=600%2C600&resize=350%2C200","width":350,"height":200},"classes":[]},{"id":4903,"url":"http:\/\/www.passionfruits.fr\/index.php\/produit\/champignon-creme-les-500-grs\/","url_meta":{"origin":6350,"position":3},"title":"Champignon cr\u00e8me Pologne Cat 1 les 250g","date":"7 d\u00e9cembre 2015","format":false,"excerpt":"","rel":"","context":"Article similaire","img":{"alt_text":"","src":"https:\/\/i1.wp.com\/www.passionfruits.fr\/wp-content\/uploads\/2015\/12\/champignon.jpg?fit=600%2C600&resize=350%2C200","width":350,"height":200},"classes":[]},{"id":4898,"url":"http:\/\/www.passionfruits.fr\/index.php\/produit\/champignon-blanc-les-500-grs\/","url_meta":{"origin":6350,"position":4},"title":"Champignon blanc Pologne Cat 1 les 500 grs","date":"7 d\u00e9cembre 2015","format":false,"excerpt":"","rel":"","context":"Article similaire","img":{"alt_text":"","src":"https:\/\/i0.wp.com\/www.passionfruits.fr\/wp-content\/uploads\/2015\/12\/champignon-de-paris.jpg?fit=600%2C600&resize=350%2C200","width":350,"height":200},"classes":[]},{"id":6237,"url":"http:\/\/www.passionfruits.fr\/index.php\/produit\/bocal-champignons-garniture-forestiere\/","url_meta":{"origin":6350,"position":5},"title":"Garniture foresti\u00e8re le bocal 330g","date":"7 d\u00e9cembre 2015","format":false,"excerpt":"Un m\u00e9lange forestier compos\u00e9 de Bolets jaunes, Lactaires, Pleurotes, Foliotes.","rel":"","context":"Article similaire","img":{"alt_text":"","src":"https:\/\/i1.wp.com\/www.passionfruits.fr\/wp-content\/uploads\/2015\/12\/garniture-forestiere.jpg?fit=594%2C600&resize=350%2C200","width":350,"height":200},"classes":[]}],"_links":{"self":[{"href":"http:\/\/www.passionfruits.fr\/index.php\/wp-json\/wp\/v2\/product\/6350"}],"collection":[{"href":"http:\/\/www.passionfruits.fr\/index.php\/wp-json\/wp\/v2\/product"}],"about":[{"href":"http:\/\/www.passionfruits.fr\/index.php\/wp-json\/wp\/v2\/types\/product"}],"replies":[{"embeddable":true,"href":"http:\/\/www.passionfruits.fr\/index.php\/wp-json\/wp\/v2\/comments?post=6350"}],"wp:featuredmedia":[{"embeddable":true,"href":"http:\/\/www.passionfruits.fr\/index.php\/wp-json\/wp\/v2\/media\/7365"}],"wp:attachment":[{"href":"http:\/\/www.passionfruits.fr\/index.php\/wp-json\/wp\/v2\/media?parent=6350"}],"curies":[{"name":"wp","href":"https:\/\/api.w.org\/{rel}","templated":true}]}}