{"id":6352,"date":"2015-12-07T11:41:06","date_gmt":"2015-12-07T10:41:06","guid":{"rendered":"http:\/\/www.andreclaude.fr\/web\/index.php\/produit\/bourgogne-aligote-2013-la-chablisienne-bout-75-cl\/"},"modified":"2025-01-10T09:53:19","modified_gmt":"2025-01-10T08:53:19","slug":"bourgogne-aligote-2013-la-chablisienne-bout-75-cl","status":"publish","type":"product","link":"http:\/\/www.passionfruits.fr\/index.php\/produit\/bourgogne-aligote-2013-la-chablisienne-bout-75-cl\/","title":{"rendered":"Bourgogne Chardonnay 2022 la bouteille 75 cl"},"content":{"rendered":"","protected":false},"excerpt":{"rendered":"<p>La Chablisienne.<\/p>\n<p>Alcool 12.5 %. Contient des sulfites.<\/p>\n<p><span class=\"st\">La Chablisienne Boulevard Pasteur 89800 Chablis.<\/span><\/p>\n<p>La consommation de boissons alcoolis\u00e9es pendant la grossesse, m\u00eame en faible quantit\u00e9, peut avoir des cons\u00e9quences graves sur la sant\u00e9 de l\u2019enfant.<\/p>\n<p>LA VENTE D ALCOOL EST INTERDITE AUX MINEURS.<\/p>\n<p>L ABUS D ALCOOL EST DANGEREUX POUR LA SANTE. A CONSOMMER AVEC MODERATION.<\/p>\n","protected":false},"featured_media":7198,"comment_status":"closed","ping_status":"closed","template":"","meta":{"spay_email":"","jetpack_publicize_message":"","jetpack_is_tweetstorm":false},"jetpack_publicize_connections":[],"jetpack_sharing_enabled":true,"jetpack-related-posts":[{"id":5463,"url":"http:\/\/www.passionfruits.fr\/index.php\/produit\/chablis-cuvee-la-chablisienne-2009\/","url_meta":{"origin":6352,"position":0},"title":"Chablis la Chablisienne 75 cl 2019","date":"7 d\u00e9cembre 2015","format":false,"excerpt":"la Chablisienne, d\u00e9voile de magnifiques cuv\u00e9es depuis 1923. C'est clairement une r\u00e9f\u00e9rence pour les vins de Chablis. La robe de ce Chablis est intense et brillante, d'un jaune dor\u00e9. En bouche, ce Chablis est \u00e9l\u00e9gant et vif, avec des notes min\u00e9rales et une tr\u00e8s belle pr\u00e9cision. Alcool 12.5 %. Contient\u2026","rel":"","context":"Article similaire","img":{"alt_text":"","src":"https:\/\/i1.wp.com\/www.passionfruits.fr\/wp-content\/uploads\/2015\/12\/737.jpg?fit=600%2C600&resize=350%2C200","width":350,"height":200},"classes":[]},{"id":5478,"url":"http:\/\/www.passionfruits.fr\/index.php\/produit\/petit-chablis-37-5-cl\/","url_meta":{"origin":6352,"position":1},"title":"Bourgogne Aligot\u00e9 37,5 cl 2022","date":"7 d\u00e9cembre 2015","format":false,"excerpt":"Petit chablis la Chablisienne. C\u2019est le vin \u00e0 essayer pour d\u00e9couvrir cette appellation\u00a0: moins complexe qu'un Chablis, plus facile et agr\u00e9able \u00e0 d\u00e9guster... Textur\u00e9, \u00e9l\u00e9gant, simple et typ\u00e9, ce vin s\u00e9duit sans d\u00e9tour par sa min\u00e9ralit\u00e9 rafra\u00eechissante et ses ar\u00f4mes d'agrumes et de fleurs. Un chardonnay made in Chablis dans\u2026","rel":"","context":"Article similaire","img":{"alt_text":"","src":"https:\/\/i1.wp.com\/www.passionfruits.fr\/wp-content\/uploads\/2015\/12\/Petit-chablis.jpg?fit=600%2C600&resize=350%2C200","width":350,"height":200},"classes":[]},{"id":5470,"url":"http:\/\/www.passionfruits.fr\/index.php\/produit\/petit-chablis-2009\/","url_meta":{"origin":6352,"position":2},"title":"Petit chablis vibrant 75 cl 2022","date":"7 d\u00e9cembre 2015","format":false,"excerpt":"Vif & Fougueux Robe or tr\u00e8s p\u00e2le, vin limpide et brillant. 1er nez entrouvert pr\u00e9sentant les fruits blancs du verger. A l\u2019a\u00e9ration une \u00e9l\u00e9gante touche min\u00e9rale compl\u00e8te la pr\u00e9sentation. Persistant. Bouche fra\u00eeche, ample et tendue avec une belle palette de fruits blancs \u00a0bien pr\u00e9sent\u00e9s. Belle finale \u00e9clatante. Petit Chablis de\u2026","rel":"","context":"Article similaire","img":{"alt_text":"","src":"https:\/\/i1.wp.com\/www.passionfruits.fr\/wp-content\/uploads\/2015\/12\/Petit-chablis.jpg?fit=600%2C600&resize=350%2C200","width":350,"height":200},"classes":[]},{"id":15869,"url":"http:\/\/www.passionfruits.fr\/index.php\/produit\/sangria-75-cl\/","url_meta":{"origin":6352,"position":3},"title":"Sangria Rouge 75 cl","date":"21 avril 2020","format":false,"excerpt":"Alcool 10 % Contient des sulfites. La consommation de boissons alcoolis\u00e9es pendant la grossesse, m\u00eame en faible quantit\u00e9, peut avoir des cons\u00e9quences graves sur la sant\u00e9 de l\u2019enfant. L ABUS D ALCOOL EST DANGEREUX POUR LA SANTE. A CONSOMMER AVEC MODERATION. LA VENTE D ALCOOL EST INTERDITE AUX MINEURS.","rel":"","context":"Article similaire","img":{"alt_text":"","src":"https:\/\/i2.wp.com\/www.passionfruits.fr\/wp-content\/uploads\/2020\/04\/Sangria.jpg?fit=600%2C600&resize=350%2C200","width":350,"height":200},"classes":[]},{"id":12184,"url":"http:\/\/www.passionfruits.fr\/index.php\/produit\/rhum-vanille-coco-la-bouteille-de-70-cl\/","url_meta":{"origin":6352,"position":4},"title":"Rhum Noix de Coco la bouteille de 70 cl","date":"15 mai 2018","format":false,"excerpt":"Un arrang\u00e9 aux saveurs des \u00eeles\u2026. \u00c0 consommer bien frais Alcool 28,5 % La consommation de boissons alcoolis\u00e9es pendant la grossesse, m\u00eame en faible quantit\u00e9, peut avoir des cons\u00e9quences graves sur la sant\u00e9 de l\u2019enfant. L ABUS D ALCOOL EST DANGEREUX POUR LA SANTE. A CONSOMMER AVEC MODERATION. LA VENTE\u2026","rel":"","context":"Article similaire","img":{"alt_text":"","src":"https:\/\/i2.wp.com\/www.passionfruits.fr\/wp-content\/uploads\/2018\/05\/vanille-coco1.jpg?fit=600%2C600&resize=350%2C200","width":350,"height":200},"classes":[]},{"id":9572,"url":"http:\/\/www.passionfruits.fr\/index.php\/produit\/rhum-fraise-la-bouteille-70-cl\/","url_meta":{"origin":6352,"position":5},"title":"Rhum \u00e0 la Fraise - la bouteille 70 cl","date":"25 octobre 2016","format":false,"excerpt":"Avant-gardiste des beaux jours, ce punch\u00a0gourmand vous transportera aux pr\u00e9mices de la saison\u00a0estivale. A consommer frais de pr\u00e9f\u00e9rence. Alcool 22,8% La consommation de boissons alcoolis\u00e9es pendant la grossesse, m\u00eame en faible quantit\u00e9, peut avoir des cons\u00e9quences graves sur la sant\u00e9 de l\u2019enfant. L ABUS D ALCOOL EST DANGEREUX POUR LA\u2026","rel":"","context":"Article similaire","img":{"alt_text":"","src":"https:\/\/i0.wp.com\/www.passionfruits.fr\/wp-content\/uploads\/2016\/10\/Rhum-fraise.jpg?fit=387%2C580&resize=350%2C200","width":350,"height":200},"classes":[]}],"_links":{"self":[{"href":"http:\/\/www.passionfruits.fr\/index.php\/wp-json\/wp\/v2\/product\/6352"}],"collection":[{"href":"http:\/\/www.passionfruits.fr\/index.php\/wp-json\/wp\/v2\/product"}],"about":[{"href":"http:\/\/www.passionfruits.fr\/index.php\/wp-json\/wp\/v2\/types\/product"}],"replies":[{"embeddable":true,"href":"http:\/\/www.passionfruits.fr\/index.php\/wp-json\/wp\/v2\/comments?post=6352"}],"wp:featuredmedia":[{"embeddable":true,"href":"http:\/\/www.passionfruits.fr\/index.php\/wp-json\/wp\/v2\/media\/7198"}],"wp:attachment":[{"href":"http:\/\/www.passionfruits.fr\/index.php\/wp-json\/wp\/v2\/media?parent=6352"}],"curies":[{"name":"wp","href":"https:\/\/api.w.org\/{rel}","templated":true}]}}