{"id":6442,"date":"2015-12-07T11:42:42","date_gmt":"2015-12-07T10:42:42","guid":{"rendered":"http:\/\/www.andreclaude.fr\/web\/index.php\/produit\/l-nougat-aux-amandes-nature-part-180-grs-env\/"},"modified":"2021-03-19T15:51:17","modified_gmt":"2021-03-19T14:51:17","slug":"l-nougat-aux-amandes-nature-part-180-grs-env","status":"publish","type":"product","link":"http:\/\/www.passionfruits.fr\/index.php\/produit\/l-nougat-aux-amandes-nature-part-180-grs-env\/","title":{"rendered":"Nougat amandes nature part 180g env."},"content":{"rendered":"","protected":false},"excerpt":{"rendered":"<p>Il est tendre, moelleux et surtout\u00a0peu sucr\u00e9, gr\u00e2ce \u00e0 la\u00a0pectine de fruit\u00a0qui sert de\u00a0sucrant\u00a0et g\u00e9lifiant naturel.<\/p>\n","protected":false},"featured_media":9448,"comment_status":"closed","ping_status":"closed","template":"","meta":{"spay_email":"","jetpack_publicize_message":"","jetpack_is_tweetstorm":false},"jetpack_publicize_connections":[],"jetpack_sharing_enabled":true,"jetpack-related-posts":[{"id":6002,"url":"http:\/\/www.passionfruits.fr\/index.php\/produit\/speculos-le-paquet\/","url_meta":{"origin":6442,"position":0},"title":"Sp\u00e9culoos authentiques le paquet 225g","date":"7 d\u00e9cembre 2015","format":false,"excerpt":"Nos sp\u00e9culoos sont d'authentiques Sp\u00e9culoos de Belgique, ils sont pr\u00e9par\u00e9s selon une recette \u00e0 l'ancienne sans colorants et sans conservateurs chimiques. Paquet de 20 sp\u00e9culoos \u00e0 d\u00e9guster \u00e0 l'heure du th\u00e9 Ingr\u00e9dients : farine de froment, sucre candi, huiles et graisses v\u00e9g\u00e9tales (palme, colza), sucre de canne brut, farine de\u2026","rel":"","context":"Article similaire","img":{"alt_text":"","src":"https:\/\/i0.wp.com\/www.passionfruits.fr\/wp-content\/uploads\/2015\/12\/speculoos.jpg?fit=600%2C600&resize=350%2C200","width":350,"height":200},"classes":[]},{"id":6144,"url":"http:\/\/www.passionfruits.fr\/index.php\/produit\/limonade-la-bouteille\/","url_meta":{"origin":6442,"position":1},"title":"Limonade la Beauceronne bouteille 1 litre","date":"7 d\u00e9cembre 2015","format":false,"excerpt":"Sans colorant,Sans ar\u00f4me artificiel,Sans conservateur. Elle est con\u00e7ue avec des produits de notre terroir :Eau des nappes de Beauce,Sucre de betterave,Ar\u00f4me naturel d\u2019agrumes. Ingr\u00e9dients : Eau gaz\u00e9ifi\u00e9e, sucre de betterave, ar\u00f4mes naturels d'agrumes, acide citrique. D\u00e9claration nutritionnelle pour 100ml : Energie : 131kj \/ 31kcal Mati\u00e8res grasses : 0g dont\u2026","rel":"","context":"Article similaire","img":{"alt_text":"","src":"https:\/\/i0.wp.com\/www.passionfruits.fr\/wp-content\/uploads\/2015\/12\/limonade-la-beauceronne.jpg?fit=600%2C600&resize=350%2C200","width":350,"height":200},"classes":[]},{"id":6054,"url":"http:\/\/www.passionfruits.fr\/index.php\/produit\/confiture-fraise-le-pot\/","url_meta":{"origin":6442,"position":2},"title":"Confiture de fraise le pot de 370g","date":"7 d\u00e9cembre 2015","format":false,"excerpt":"Confiture Extra Daniel Boudet Pr\u00e9par\u00e9e avec 55g de fruit pour 100g de produit fini. Teneur totale en sucres : 60g pour 100g Ingr\u00e9dients : Fraise, sucre, g\u00e9lifiant : pectine. OGM : Garanti sans OGM IONISATION : Ce produit n'est pas trait\u00e9 par ionisation et ne contient aucun ingr\u00e9dient ou additif\u2026","rel":"","context":"Article similaire","img":{"alt_text":"","src":"https:\/\/i0.wp.com\/www.passionfruits.fr\/wp-content\/uploads\/2015\/12\/fraise1.jpg?fit=600%2C600&resize=350%2C200","width":350,"height":200},"classes":[]},{"id":6060,"url":"http:\/\/www.passionfruits.fr\/index.php\/produit\/confiture-figue-le-pot\/","url_meta":{"origin":6442,"position":3},"title":"Confiture de figue le pot de 370g","date":"7 d\u00e9cembre 2015","format":false,"excerpt":"Confiture Extra Daniel Boudet Pr\u00e9par\u00e9e avec 55g de fruit pour 100g de produit fini. Teneur totale en sucres : 60g pour 100g Ingr\u00e9dients : Figue, sucre, g\u00e9lifiant : pectine. OGM : Garanti sans OGM IONISATION : Ce produit n'est pas trait\u00e9 par ionisation et ne contient aucun ingr\u00e9dient ou additif\u2026","rel":"","context":"Article similaire","img":{"alt_text":"","src":"https:\/\/i0.wp.com\/www.passionfruits.fr\/wp-content\/uploads\/2015\/12\/figue11.jpg?fit=600%2C600&resize=350%2C200","width":350,"height":200},"classes":[]},{"id":6082,"url":"http:\/\/www.passionfruits.fr\/index.php\/produit\/confiture-abricot-le-pot\/","url_meta":{"origin":6442,"position":4},"title":"Confiture d'abricot le pot de 370g","date":"7 d\u00e9cembre 2015","format":false,"excerpt":"Confiture Extra Daniel Boudet Pr\u00e9par\u00e9e avec 55g de fruit pour 100g de produit fini. Teneur totale en sucres : 60g pour 100g Ingr\u00e9dients : Abricots, sucre, g\u00e9lifiant : pectine. OGM : Garanti sans OGM IONISATION : Ce produit n'est pas trait\u00e9 par ionisation et ne contient aucun ingr\u00e9dient ou additif\u2026","rel":"","context":"Article similaire","img":{"alt_text":"","src":"https:\/\/i0.wp.com\/www.passionfruits.fr\/wp-content\/uploads\/2015\/12\/Confitureabricot2.jpg?fit=600%2C600&resize=350%2C200","width":350,"height":200},"classes":[]},{"id":8366,"url":"http:\/\/www.passionfruits.fr\/index.php\/produit\/melange-exotique-barquette-200g-environ\/","url_meta":{"origin":6442,"position":5},"title":"M\u00e9lange exotique barquette 250g environ","date":"8 mars 2016","format":false,"excerpt":"M\u00e9lange de\u00a0 fruits secs et de fruits d\u00e9shydrat\u00e9s\u00a0: Conditionn\u00e9 en barquette refermable \u00e0 volont\u00e9 pour garder toute sa saveur. Ingr\u00e9dients :Ingr\u00e9dients : raisin sec golden (raisin, huile de tournesol, conservateur : anhydride sulfureux), papaye d\u00e9shydrat\u00e9e en cubes (papaye, sucre, conservateur : anhydride sulfureux), ananas d\u00e9shydrat\u00e9 en cubes (ananas, sucre, acidifiant\u2026","rel":"","context":"Article similaire","img":{"alt_text":"","src":"https:\/\/i2.wp.com\/www.passionfruits.fr\/wp-content\/uploads\/2016\/03\/Melange-Exotique.jpg?fit=601%2C600&resize=350%2C200","width":350,"height":200},"classes":[]}],"_links":{"self":[{"href":"http:\/\/www.passionfruits.fr\/index.php\/wp-json\/wp\/v2\/product\/6442"}],"collection":[{"href":"http:\/\/www.passionfruits.fr\/index.php\/wp-json\/wp\/v2\/product"}],"about":[{"href":"http:\/\/www.passionfruits.fr\/index.php\/wp-json\/wp\/v2\/types\/product"}],"replies":[{"embeddable":true,"href":"http:\/\/www.passionfruits.fr\/index.php\/wp-json\/wp\/v2\/comments?post=6442"}],"wp:featuredmedia":[{"embeddable":true,"href":"http:\/\/www.passionfruits.fr\/index.php\/wp-json\/wp\/v2\/media\/9448"}],"wp:attachment":[{"href":"http:\/\/www.passionfruits.fr\/index.php\/wp-json\/wp\/v2\/media?parent=6442"}],"curies":[{"name":"wp","href":"https:\/\/api.w.org\/{rel}","templated":true}]}}